{"id":9161,"date":"2022-07-15T09:12:59","date_gmt":"2022-07-15T09:12:59","guid":{"rendered":"https:\/\/www.unijoyswimwear.com\/?page_id=9161"},"modified":"2024-08-01T12:39:04","modified_gmt":"2024-08-01T12:39:04","slug":"calcao-de-banho-masculino-azul-liso","status":"publish","type":"page","link":"https:\/\/www.unijoyswimwear.com\/pt\/shorts-de-banho-azul-liso-masculino-brief_p315-html","title":{"rendered":"Cal\u00e7\u00f5es de banho personalizados para homem, cal\u00e7\u00f5es de banho azuis s\u00f3lidos"},"content":{"rendered":"","protected":false},"excerpt":{"rendered":"","protected":false},"author":1,"featured_media":0,"parent":5974,"menu_order":0,"comment_status":"closed","ping_status":"closed","template":"product-details7.php","meta":{"_acf_changed":false,"site-sidebar-layout":"no-sidebar","site-content-layout":"page-builder","ast-site-content-layout":"full-width-container","site-content-style":"unboxed","site-sidebar-style":"unboxed","ast-global-header-display":"","ast-banner-title-visibility":"","ast-main-header-display":"","ast-hfb-above-header-display":"","ast-hfb-below-header-display":"","ast-hfb-mobile-header-display":"","site-post-title":"disabled","ast-breadcrumbs-content":"disabled","ast-featured-img":"disabled","footer-sml-layout":"","ast-disable-related-posts":"","theme-transparent-header-meta":"default","adv-header-id-meta":"","stick-header-meta":"default","header-above-stick-meta":"","header-main-stick-meta":"","header-below-stick-meta":"","astra-migrate-meta-layouts":"set","ast-page-background-enabled":"default","ast-page-background-meta":{"desktop":{"background-color":"","background-image":"","background-repeat":"repeat","background-position":"center center","background-size":"auto","background-attachment":"scroll","background-type":"","background-media":"","overlay-type":"","overlay-color":"","overlay-opacity":"","overlay-gradient":""},"tablet":{"background-color":"","background-image":"","background-repeat":"repeat","background-position":"center center","background-size":"auto","background-attachment":"scroll","background-type":"","background-media":"","overlay-type":"","overlay-color":"","overlay-opacity":"","overlay-gradient":""},"mobile":{"background-color":"","background-image":"","background-repeat":"repeat","background-position":"center center","background-size":"auto","background-attachment":"scroll","background-type":"","background-media":"","overlay-type":"","overlay-color":"","overlay-opacity":"","overlay-gradient":""}},"ast-content-background-meta":{"desktop":{"background-color":"var(--ast-global-color-5)","background-image":"","background-repeat":"repeat","background-position":"center center","background-size":"auto","background-attachment":"scroll","background-type":"","background-media":"","overlay-type":"","overlay-color":"","overlay-opacity":"","overlay-gradient":""},"tablet":{"background-color":"var(--ast-global-color-5)","background-image":"","background-repeat":"repeat","background-position":"center center","background-size":"auto","background-attachment":"scroll","background-type":"","background-media":"","overlay-type":"","overlay-color":"","overlay-opacity":"","overlay-gradient":""},"mobile":{"background-color":"var(--ast-global-color-5)","background-image":"","background-repeat":"repeat","background-position":"center center","background-size":"auto","background-attachment":"scroll","background-type":"","background-media":"","overlay-type":"","overlay-color":"","overlay-opacity":"","overlay-gradient":""}},"footnotes":""},"class_list":["post-9161","page","type-page","status-publish","hentry"],"acf":[],"yoast_head":"<!-- This site is optimized with the Yoast SEO plugin v27.4 - https:\/\/yoast.com\/product\/yoast-seo-wordpress\/ -->\n<title>Custom Swim Shorts Men&#039;s Solid Blue Swimsuit Trunks<\/title>\n<meta name=\"description\" content=\"Unijoy is experienced in customing and manfacturing custom swim shorts. Give us your design, we&#039;ll handle the rest. Make your swimwear purchase cheaper and easier! Hand order to us, no worry! Send your design now!\" \/>\n<meta name=\"robots\" content=\"index, follow, max-snippet:-1, max-image-preview:large, max-video-preview:-1\" \/>\n<link rel=\"canonical\" href=\"https:\/\/www.unijoyswimwear.com\/pt\/shorts-de-banho-azul-liso-masculino-brief_p315-html\" \/>\n<meta property=\"og:locale\" content=\"pt_PT\" \/>\n<meta property=\"og:type\" content=\"article\" \/>\n<meta property=\"og:title\" content=\"Custom Swim Shorts Men&#039;s Solid Blue Swimsuit Trunks\" \/>\n<meta property=\"og:description\" content=\"Unijoy is experienced in customing and manfacturing custom swim shorts. Give us your design, we&#039;ll handle the rest. Make your swimwear purchase cheaper and easier! Hand order to us, no worry! Send your design now!\" \/>\n<meta property=\"og:url\" content=\"https:\/\/www.unijoyswimwear.com\/pt\/shorts-de-banho-azul-liso-masculino-brief_p315-html\" \/>\n<meta property=\"og:site_name\" content=\"Unijoy Reliable Swimwear &amp; Activewear Manufacturer\" \/>\n<meta property=\"article:modified_time\" content=\"2024-08-01T12:39:04+00:00\" \/>\n<meta name=\"twitter:card\" content=\"summary_large_image\" \/>\n<script type=\"application\/ld+json\" class=\"yoast-schema-graph\">{\"@context\":\"https:\\\/\\\/schema.org\",\"@graph\":[{\"@type\":\"WebPage\",\"@id\":\"https:\\\/\\\/www.unijoyswimwear.com\\\/men-s-solid-blue-swimsuit-shorts-brief_p315.html\",\"url\":\"https:\\\/\\\/www.unijoyswimwear.com\\\/men-s-solid-blue-swimsuit-shorts-brief_p315.html\",\"name\":\"Custom Swim Shorts Men's Solid Blue Swimsuit Trunks\",\"isPartOf\":{\"@id\":\"https:\\\/\\\/www.unijoyswimwear.com\\\/#website\"},\"datePublished\":\"2022-07-15T09:12:59+00:00\",\"dateModified\":\"2024-08-01T12:39:04+00:00\",\"description\":\"Unijoy is experienced in customing and manfacturing custom swim shorts. Give us your design, we'll handle the rest. Make your swimwear purchase cheaper and easier! Hand order to us, no worry! Send your design now!\",\"breadcrumb\":{\"@id\":\"https:\\\/\\\/www.unijoyswimwear.com\\\/men-s-solid-blue-swimsuit-shorts-brief_p315.html#breadcrumb\"},\"inLanguage\":\"pt-PT\",\"potentialAction\":[{\"@type\":\"ReadAction\",\"target\":[\"https:\\\/\\\/www.unijoyswimwear.com\\\/men-s-solid-blue-swimsuit-shorts-brief_p315.html\"]}]},{\"@type\":\"BreadcrumbList\",\"@id\":\"https:\\\/\\\/www.unijoyswimwear.com\\\/men-s-solid-blue-swimsuit-shorts-brief_p315.html#breadcrumb\",\"itemListElement\":[{\"@type\":\"ListItem\",\"position\":1,\"name\":\"Home\",\"item\":\"https:\\\/\\\/www.unijoyswimwear.com\\\/\"},{\"@type\":\"ListItem\",\"position\":2,\"name\":\"Men&#8217;s Swimwear\",\"item\":\"https:\\\/\\\/www.unijoyswimwear.com\\\/men-s-swimwear_c3\\\/\"},{\"@type\":\"ListItem\",\"position\":3,\"name\":\"Men&#8217;s Swim Shorts\",\"item\":\"https:\\\/\\\/www.unijoyswimwear.com\\\/men-s-swim-shorts_c20\\\/\"},{\"@type\":\"ListItem\",\"position\":4,\"name\":\"Custom Swim Shorts Men&#8217;s Solid Blue Swimsuit Trunks\"}]},{\"@type\":\"WebSite\",\"@id\":\"https:\\\/\\\/www.unijoyswimwear.com\\\/#website\",\"url\":\"https:\\\/\\\/www.unijoyswimwear.com\\\/\",\"name\":\"Unijoy Reliable Swimwear &amp; Activewear Manufacturer\",\"description\":\"\",\"publisher\":{\"@id\":\"https:\\\/\\\/www.unijoyswimwear.com\\\/#organization\"},\"potentialAction\":[{\"@type\":\"SearchAction\",\"target\":{\"@type\":\"EntryPoint\",\"urlTemplate\":\"https:\\\/\\\/www.unijoyswimwear.com\\\/?s={search_term_string}\"},\"query-input\":{\"@type\":\"PropertyValueSpecification\",\"valueRequired\":true,\"valueName\":\"search_term_string\"}}],\"inLanguage\":\"pt-PT\"},{\"@type\":\"Organization\",\"@id\":\"https:\\\/\\\/www.unijoyswimwear.com\\\/#organization\",\"name\":\"Unijoy Swimwear\",\"url\":\"https:\\\/\\\/www.unijoyswimwear.com\\\/\",\"logo\":{\"@type\":\"ImageObject\",\"inLanguage\":\"pt-PT\",\"@id\":\"https:\\\/\\\/www.unijoyswimwear.com\\\/#\\\/schema\\\/logo\\\/image\\\/\",\"url\":\"https:\\\/\\\/www.unijoyswimwear.com\\\/wp-content\\\/uploads\\\/2022\\\/05\\\/unijoy-logo.png\",\"contentUrl\":\"https:\\\/\\\/www.unijoyswimwear.com\\\/wp-content\\\/uploads\\\/2022\\\/05\\\/unijoy-logo.png\",\"width\":268,\"height\":47,\"caption\":\"Unijoy Swimwear\"},\"image\":{\"@id\":\"https:\\\/\\\/www.unijoyswimwear.com\\\/#\\\/schema\\\/logo\\\/image\\\/\"}}]}<\/script>\n<!-- \/ Yoast SEO plugin. -->","yoast_head_json":{"title":"Cal\u00e7\u00f5es de banho personalizados para homem, cal\u00e7\u00f5es de banho azuis s\u00f3lidos","description":"A Unijoy tem experi\u00eancia na personaliza\u00e7\u00e3o e fabrica\u00e7\u00e3o de shorts de banho personalizados. Envie-nos o seu design e n\u00f3s cuidamos do resto. Torne a sua compra de trajes de banho mais barata e f\u00e1cil! Encomende-nos pessoalmente, sem preocupa\u00e7\u00f5es! Envie o seu design agora mesmo!","robots":{"index":"index","follow":"follow","max-snippet":"max-snippet:-1","max-image-preview":"max-image-preview:large","max-video-preview":"max-video-preview:-1"},"canonical":"https:\/\/www.unijoyswimwear.com\/pt\/shorts-de-banho-azul-liso-masculino-brief_p315-html","og_locale":"pt_PT","og_type":"article","og_title":"Custom Swim Shorts Men's Solid Blue Swimsuit Trunks","og_description":"Unijoy is experienced in customing and manfacturing custom swim shorts. Give us your design, we'll handle the rest. Make your swimwear purchase cheaper and easier! Hand order to us, no worry! Send your design now!","og_url":"https:\/\/www.unijoyswimwear.com\/pt\/shorts-de-banho-azul-liso-masculino-brief_p315-html","og_site_name":"Unijoy Reliable Swimwear &amp; Activewear Manufacturer","article_modified_time":"2024-08-01T12:39:04+00:00","twitter_card":"summary_large_image","schema":{"@context":"https:\/\/schema.org","@graph":[{"@type":"WebPage","@id":"https:\/\/www.unijoyswimwear.com\/men-s-solid-blue-swimsuit-shorts-brief_p315.html","url":"https:\/\/www.unijoyswimwear.com\/men-s-solid-blue-swimsuit-shorts-brief_p315.html","name":"Cal\u00e7\u00f5es de banho personalizados para homem, cal\u00e7\u00f5es de banho azuis s\u00f3lidos","isPartOf":{"@id":"https:\/\/www.unijoyswimwear.com\/#website"},"datePublished":"2022-07-15T09:12:59+00:00","dateModified":"2024-08-01T12:39:04+00:00","description":"A Unijoy tem experi\u00eancia na personaliza\u00e7\u00e3o e fabrica\u00e7\u00e3o de shorts de banho personalizados. Envie-nos o seu design e n\u00f3s cuidamos do resto. Torne a sua compra de trajes de banho mais barata e f\u00e1cil! Encomende-nos pessoalmente, sem preocupa\u00e7\u00f5es! Envie o seu design agora mesmo!","breadcrumb":{"@id":"https:\/\/www.unijoyswimwear.com\/men-s-solid-blue-swimsuit-shorts-brief_p315.html#breadcrumb"},"inLanguage":"pt-PT","potentialAction":[{"@type":"ReadAction","target":["https:\/\/www.unijoyswimwear.com\/men-s-solid-blue-swimsuit-shorts-brief_p315.html"]}]},{"@type":"BreadcrumbList","@id":"https:\/\/www.unijoyswimwear.com\/men-s-solid-blue-swimsuit-shorts-brief_p315.html#breadcrumb","itemListElement":[{"@type":"ListItem","position":1,"name":"Home","item":"https:\/\/www.unijoyswimwear.com\/"},{"@type":"ListItem","position":2,"name":"Men&#8217;s Swimwear","item":"https:\/\/www.unijoyswimwear.com\/men-s-swimwear_c3\/"},{"@type":"ListItem","position":3,"name":"Men&#8217;s Swim Shorts","item":"https:\/\/www.unijoyswimwear.com\/men-s-swim-shorts_c20\/"},{"@type":"ListItem","position":4,"name":"Custom Swim Shorts Men&#8217;s Solid Blue Swimsuit Trunks"}]},{"@type":"WebSite","@id":"https:\/\/www.unijoyswimwear.com\/#website","url":"https:\/\/www.unijoyswimwear.com\/","name":"Unijoy, fabricante confi\u00e1vel de roupas de banho e esportivas","description":"","publisher":{"@id":"https:\/\/www.unijoyswimwear.com\/#organization"},"potentialAction":[{"@type":"SearchAction","target":{"@type":"EntryPoint","urlTemplate":"https:\/\/www.unijoyswimwear.com\/?s={search_term_string}"},"query-input":{"@type":"PropertyValueSpecification","valueRequired":true,"valueName":"search_term_string"}}],"inLanguage":"pt-PT"},{"@type":"Organization","@id":"https:\/\/www.unijoyswimwear.com\/#organization","name":"Unijoy Swimwear","url":"https:\/\/www.unijoyswimwear.com\/","logo":{"@type":"ImageObject","inLanguage":"pt-PT","@id":"https:\/\/www.unijoyswimwear.com\/#\/schema\/logo\/image\/","url":"https:\/\/www.unijoyswimwear.com\/wp-content\/uploads\/2022\/05\/unijoy-logo.png","contentUrl":"https:\/\/www.unijoyswimwear.com\/wp-content\/uploads\/2022\/05\/unijoy-logo.png","width":268,"height":47,"caption":"Unijoy Swimwear"},"image":{"@id":"https:\/\/www.unijoyswimwear.com\/#\/schema\/logo\/image\/"}}]}},"_links":{"self":[{"href":"https:\/\/www.unijoyswimwear.com\/pt\/wp-json\/wp\/v2\/pages\/9161","targetHints":{"allow":["GET"]}}],"collection":[{"href":"https:\/\/www.unijoyswimwear.com\/pt\/wp-json\/wp\/v2\/pages"}],"about":[{"href":"https:\/\/www.unijoyswimwear.com\/pt\/wp-json\/wp\/v2\/types\/page"}],"author":[{"embeddable":true,"href":"https:\/\/www.unijoyswimwear.com\/pt\/wp-json\/wp\/v2\/users\/1"}],"replies":[{"embeddable":true,"href":"https:\/\/www.unijoyswimwear.com\/pt\/wp-json\/wp\/v2\/comments?post=9161"}],"version-history":[{"count":5,"href":"https:\/\/www.unijoyswimwear.com\/pt\/wp-json\/wp\/v2\/pages\/9161\/revisions"}],"predecessor-version":[{"id":18462,"href":"https:\/\/www.unijoyswimwear.com\/pt\/wp-json\/wp\/v2\/pages\/9161\/revisions\/18462"}],"up":[{"embeddable":true,"href":"https:\/\/www.unijoyswimwear.com\/pt\/wp-json\/wp\/v2\/pages\/5974"}],"wp:attachment":[{"href":"https:\/\/www.unijoyswimwear.com\/pt\/wp-json\/wp\/v2\/media?parent=9161"}],"curies":[{"name":"wp","href":"https:\/\/api.w.org\/{rel}","templated":true}]}}