{"id":5954,"date":"2022-06-20T07:18:11","date_gmt":"2022-06-20T07:18:11","guid":{"rendered":"https:\/\/www.unijoyswimwear.com\/?page_id=5954"},"modified":"2025-08-22T07:13:17","modified_gmt":"2025-08-22T07:13:17","slug":"calcoes-de-banho-para-meninos","status":"publish","type":"page","link":"https:\/\/www.unijoyswimwear.com\/pt\/shorts-de-natacao-para-meninos_c17","title":{"rendered":"Shorts de banho para meninos"},"content":{"rendered":"","protected":false},"excerpt":{"rendered":"","protected":false},"author":1,"featured_media":0,"parent":5945,"menu_order":0,"comment_status":"closed","ping_status":"closed","template":"product-category3.php","meta":{"_acf_changed":false,"site-sidebar-layout":"default","site-content-layout":"page-builder","ast-site-content-layout":"full-width-container","site-content-style":"unboxed","site-sidebar-style":"unboxed","ast-global-header-display":"","ast-banner-title-visibility":"","ast-main-header-display":"","ast-hfb-above-header-display":"","ast-hfb-below-header-display":"","ast-hfb-mobile-header-display":"","site-post-title":"","ast-breadcrumbs-content":"","ast-featured-img":"","footer-sml-layout":"","ast-disable-related-posts":"","theme-transparent-header-meta":"default","adv-header-id-meta":"","stick-header-meta":"default","header-above-stick-meta":"","header-main-stick-meta":"","header-below-stick-meta":"","astra-migrate-meta-layouts":"set","ast-page-background-enabled":"default","ast-page-background-meta":{"desktop":{"background-color":"","background-image":"","background-repeat":"repeat","background-position":"center center","background-size":"auto","background-attachment":"scroll","background-type":"","background-media":"","overlay-type":"","overlay-color":"","overlay-opacity":"","overlay-gradient":""},"tablet":{"background-color":"","background-image":"","background-repeat":"repeat","background-position":"center center","background-size":"auto","background-attachment":"scroll","background-type":"","background-media":"","overlay-type":"","overlay-color":"","overlay-opacity":"","overlay-gradient":""},"mobile":{"background-color":"","background-image":"","background-repeat":"repeat","background-position":"center center","background-size":"auto","background-attachment":"scroll","background-type":"","background-media":"","overlay-type":"","overlay-color":"","overlay-opacity":"","overlay-gradient":""}},"ast-content-background-meta":{"desktop":{"background-color":"var(--ast-global-color-5)","background-image":"","background-repeat":"repeat","background-position":"center center","background-size":"auto","background-attachment":"scroll","background-type":"","background-media":"","overlay-type":"","overlay-color":"","overlay-opacity":"","overlay-gradient":""},"tablet":{"background-color":"var(--ast-global-color-5)","background-image":"","background-repeat":"repeat","background-position":"center center","background-size":"auto","background-attachment":"scroll","background-type":"","background-media":"","overlay-type":"","overlay-color":"","overlay-opacity":"","overlay-gradient":""},"mobile":{"background-color":"var(--ast-global-color-5)","background-image":"","background-repeat":"repeat","background-position":"center center","background-size":"auto","background-attachment":"scroll","background-type":"","background-media":"","overlay-type":"","overlay-color":"","overlay-opacity":"","overlay-gradient":""}},"footnotes":""},"class_list":["post-5954","page","type-page","status-publish","hentry"],"acf":[],"yoast_head":"<!-- This site is optimized with the Yoast SEO plugin v27.4 - https:\/\/yoast.com\/product\/yoast-seo-wordpress\/ -->\n<title>Custom Boys Board Swim Shorts Trunks Briefs Manufacturer<\/title>\n<meta name=\"description\" content=\"Unijoy is one of the world&#039;s leading OEM boys&#039; swim shorts manufacturer. All of baby boys swim trunks, toddler boys swim shorts, junior &amp; senior boys swim briefs and boxer can be customized, get a free sample service now.\" \/>\n<meta name=\"robots\" content=\"index, follow, max-snippet:-1, max-image-preview:large, max-video-preview:-1\" \/>\n<link rel=\"canonical\" href=\"https:\/\/www.unijoyswimwear.com\/pt\/shorts-de-natacao-para-meninos_c17\/\" \/>\n<meta property=\"og:locale\" content=\"pt_PT\" \/>\n<meta property=\"og:type\" content=\"article\" \/>\n<meta property=\"og:title\" content=\"Custom Boys Board Swim Shorts Trunks Briefs Manufacturer\" \/>\n<meta property=\"og:description\" content=\"Unijoy is one of the world&#039;s leading OEM boys&#039; swim shorts manufacturer. All of baby boys swim trunks, toddler boys swim shorts, junior &amp; senior boys swim briefs and boxer can be customized, get a free sample service now.\" \/>\n<meta property=\"og:url\" content=\"https:\/\/www.unijoyswimwear.com\/pt\/shorts-de-natacao-para-meninos_c17\/\" \/>\n<meta property=\"og:site_name\" content=\"Unijoy Reliable Swimwear &amp; Activewear Manufacturer\" \/>\n<meta property=\"article:modified_time\" content=\"2025-08-22T07:13:17+00:00\" \/>\n<meta name=\"twitter:card\" content=\"summary_large_image\" \/>\n<script type=\"application\/ld+json\" class=\"yoast-schema-graph\">{\"@context\":\"https:\\\/\\\/schema.org\",\"@graph\":[{\"@type\":\"WebPage\",\"@id\":\"https:\\\/\\\/www.unijoyswimwear.com\\\/boys-swim-shorts_c17\\\/\",\"url\":\"https:\\\/\\\/www.unijoyswimwear.com\\\/boys-swim-shorts_c17\\\/\",\"name\":\"Custom Boys Board Swim Shorts Trunks Briefs Manufacturer\",\"isPartOf\":{\"@id\":\"https:\\\/\\\/www.unijoyswimwear.com\\\/#website\"},\"datePublished\":\"2022-06-20T07:18:11+00:00\",\"dateModified\":\"2025-08-22T07:13:17+00:00\",\"description\":\"Unijoy is one of the world's leading OEM boys' swim shorts manufacturer. All of baby boys swim trunks, toddler boys swim shorts, junior & senior boys swim briefs and boxer can be customized, get a free sample service now.\",\"breadcrumb\":{\"@id\":\"https:\\\/\\\/www.unijoyswimwear.com\\\/boys-swim-shorts_c17\\\/#breadcrumb\"},\"inLanguage\":\"pt-PT\",\"potentialAction\":[{\"@type\":\"ReadAction\",\"target\":[\"https:\\\/\\\/www.unijoyswimwear.com\\\/boys-swim-shorts_c17\\\/\"]}]},{\"@type\":\"BreadcrumbList\",\"@id\":\"https:\\\/\\\/www.unijoyswimwear.com\\\/boys-swim-shorts_c17\\\/#breadcrumb\",\"itemListElement\":[{\"@type\":\"ListItem\",\"position\":1,\"name\":\"Home\",\"item\":\"https:\\\/\\\/www.unijoyswimwear.com\\\/\"},{\"@type\":\"ListItem\",\"position\":2,\"name\":\"Boys Swimwear\",\"item\":\"https:\\\/\\\/www.unijoyswimwear.com\\\/boys-swimwear_c1\\\/\"},{\"@type\":\"ListItem\",\"position\":3,\"name\":\"Boys Swim Shorts\"}]},{\"@type\":\"WebSite\",\"@id\":\"https:\\\/\\\/www.unijoyswimwear.com\\\/#website\",\"url\":\"https:\\\/\\\/www.unijoyswimwear.com\\\/\",\"name\":\"Unijoy Reliable Swimwear &amp; Activewear Manufacturer\",\"description\":\"\",\"publisher\":{\"@id\":\"https:\\\/\\\/www.unijoyswimwear.com\\\/#organization\"},\"potentialAction\":[{\"@type\":\"SearchAction\",\"target\":{\"@type\":\"EntryPoint\",\"urlTemplate\":\"https:\\\/\\\/www.unijoyswimwear.com\\\/?s={search_term_string}\"},\"query-input\":{\"@type\":\"PropertyValueSpecification\",\"valueRequired\":true,\"valueName\":\"search_term_string\"}}],\"inLanguage\":\"pt-PT\"},{\"@type\":\"Organization\",\"@id\":\"https:\\\/\\\/www.unijoyswimwear.com\\\/#organization\",\"name\":\"Unijoy Swimwear\",\"url\":\"https:\\\/\\\/www.unijoyswimwear.com\\\/\",\"logo\":{\"@type\":\"ImageObject\",\"inLanguage\":\"pt-PT\",\"@id\":\"https:\\\/\\\/www.unijoyswimwear.com\\\/#\\\/schema\\\/logo\\\/image\\\/\",\"url\":\"https:\\\/\\\/www.unijoyswimwear.com\\\/wp-content\\\/uploads\\\/2022\\\/05\\\/unijoy-logo.png\",\"contentUrl\":\"https:\\\/\\\/www.unijoyswimwear.com\\\/wp-content\\\/uploads\\\/2022\\\/05\\\/unijoy-logo.png\",\"width\":268,\"height\":47,\"caption\":\"Unijoy Swimwear\"},\"image\":{\"@id\":\"https:\\\/\\\/www.unijoyswimwear.com\\\/#\\\/schema\\\/logo\\\/image\\\/\"}}]}<\/script>\n<!-- \/ Yoast SEO plugin. -->","yoast_head_json":{"title":"Fabricante de shorts de banho personalizados para meninos","description":"A Unijoy \u00e9 uma das principais fabricantes OEM de shorts de banho masculinos do mundo. Todos os nossos sungas para beb\u00eas, shorts de banho para meninos pequenos, sungas e boxers para meninos j\u00fanior e s\u00eanior podem ser personalizados. Solicite um servi\u00e7o de amostra gr\u00e1tis agora mesmo.","robots":{"index":"index","follow":"follow","max-snippet":"max-snippet:-1","max-image-preview":"max-image-preview:large","max-video-preview":"max-video-preview:-1"},"canonical":"https:\/\/www.unijoyswimwear.com\/pt\/shorts-de-natacao-para-meninos_c17\/","og_locale":"pt_PT","og_type":"article","og_title":"Custom Boys Board Swim Shorts Trunks Briefs Manufacturer","og_description":"Unijoy is one of the world's leading OEM boys' swim shorts manufacturer. All of baby boys swim trunks, toddler boys swim shorts, junior & senior boys swim briefs and boxer can be customized, get a free sample service now.","og_url":"https:\/\/www.unijoyswimwear.com\/pt\/shorts-de-natacao-para-meninos_c17\/","og_site_name":"Unijoy Reliable Swimwear &amp; Activewear Manufacturer","article_modified_time":"2025-08-22T07:13:17+00:00","twitter_card":"summary_large_image","schema":{"@context":"https:\/\/schema.org","@graph":[{"@type":"WebPage","@id":"https:\/\/www.unijoyswimwear.com\/boys-swim-shorts_c17\/","url":"https:\/\/www.unijoyswimwear.com\/boys-swim-shorts_c17\/","name":"Fabricante de shorts de banho personalizados para meninos","isPartOf":{"@id":"https:\/\/www.unijoyswimwear.com\/#website"},"datePublished":"2022-06-20T07:18:11+00:00","dateModified":"2025-08-22T07:13:17+00:00","description":"A Unijoy \u00e9 uma das principais fabricantes OEM de shorts de banho masculinos do mundo. Todos os nossos sungas para beb\u00eas, shorts de banho para meninos pequenos, sungas e boxers para meninos j\u00fanior e s\u00eanior podem ser personalizados. Solicite um servi\u00e7o de amostra gr\u00e1tis agora mesmo.","breadcrumb":{"@id":"https:\/\/www.unijoyswimwear.com\/boys-swim-shorts_c17\/#breadcrumb"},"inLanguage":"pt-PT","potentialAction":[{"@type":"ReadAction","target":["https:\/\/www.unijoyswimwear.com\/boys-swim-shorts_c17\/"]}]},{"@type":"BreadcrumbList","@id":"https:\/\/www.unijoyswimwear.com\/boys-swim-shorts_c17\/#breadcrumb","itemListElement":[{"@type":"ListItem","position":1,"name":"Home","item":"https:\/\/www.unijoyswimwear.com\/"},{"@type":"ListItem","position":2,"name":"Boys Swimwear","item":"https:\/\/www.unijoyswimwear.com\/boys-swimwear_c1\/"},{"@type":"ListItem","position":3,"name":"Boys Swim Shorts"}]},{"@type":"WebSite","@id":"https:\/\/www.unijoyswimwear.com\/#website","url":"https:\/\/www.unijoyswimwear.com\/","name":"Unijoy, fabricante confi\u00e1vel de roupas de banho e esportivas","description":"","publisher":{"@id":"https:\/\/www.unijoyswimwear.com\/#organization"},"potentialAction":[{"@type":"SearchAction","target":{"@type":"EntryPoint","urlTemplate":"https:\/\/www.unijoyswimwear.com\/?s={search_term_string}"},"query-input":{"@type":"PropertyValueSpecification","valueRequired":true,"valueName":"search_term_string"}}],"inLanguage":"pt-PT"},{"@type":"Organization","@id":"https:\/\/www.unijoyswimwear.com\/#organization","name":"Unijoy Swimwear","url":"https:\/\/www.unijoyswimwear.com\/","logo":{"@type":"ImageObject","inLanguage":"pt-PT","@id":"https:\/\/www.unijoyswimwear.com\/#\/schema\/logo\/image\/","url":"https:\/\/www.unijoyswimwear.com\/wp-content\/uploads\/2022\/05\/unijoy-logo.png","contentUrl":"https:\/\/www.unijoyswimwear.com\/wp-content\/uploads\/2022\/05\/unijoy-logo.png","width":268,"height":47,"caption":"Unijoy Swimwear"},"image":{"@id":"https:\/\/www.unijoyswimwear.com\/#\/schema\/logo\/image\/"}}]}},"_links":{"self":[{"href":"https:\/\/www.unijoyswimwear.com\/pt\/wp-json\/wp\/v2\/pages\/5954","targetHints":{"allow":["GET"]}}],"collection":[{"href":"https:\/\/www.unijoyswimwear.com\/pt\/wp-json\/wp\/v2\/pages"}],"about":[{"href":"https:\/\/www.unijoyswimwear.com\/pt\/wp-json\/wp\/v2\/types\/page"}],"author":[{"embeddable":true,"href":"https:\/\/www.unijoyswimwear.com\/pt\/wp-json\/wp\/v2\/users\/1"}],"replies":[{"embeddable":true,"href":"https:\/\/www.unijoyswimwear.com\/pt\/wp-json\/wp\/v2\/comments?post=5954"}],"version-history":[{"count":15,"href":"https:\/\/www.unijoyswimwear.com\/pt\/wp-json\/wp\/v2\/pages\/5954\/revisions"}],"predecessor-version":[{"id":18848,"href":"https:\/\/www.unijoyswimwear.com\/pt\/wp-json\/wp\/v2\/pages\/5954\/revisions\/18848"}],"up":[{"embeddable":true,"href":"https:\/\/www.unijoyswimwear.com\/pt\/wp-json\/wp\/v2\/pages\/5945"}],"wp:attachment":[{"href":"https:\/\/www.unijoyswimwear.com\/pt\/wp-json\/wp\/v2\/media?parent=5954"}],"curies":[{"name":"wp","href":"https:\/\/api.w.org\/{rel}","templated":true}]}}