{"id":14313,"date":"2022-08-26T01:40:07","date_gmt":"2022-08-26T01:40:07","guid":{"rendered":"https:\/\/www.unijoyswimwear.com\/?page_id=14313"},"modified":"2022-10-09T07:04:25","modified_gmt":"2022-10-09T07:04:25","slug":"how-to-work-with-us","status":"publish","type":"page","link":"https:\/\/www.unijoyswimwear.com\/pt\/como-trabalhar-conosco_nc5","title":{"rendered":"Como trabalhar conosco"},"content":{"rendered":"<p><img loading=\"lazy\" decoding=\"async\" class=\"alignnone size-full wp-image-15406\" src=\"https:\/\/www.unijoyswimwear.com\/wp-content\/uploads\/2022\/10\/how-to-work-with-us.jpg\" alt=\"como trabalhar conosco\" width=\"1000\" height=\"645\" srcset=\"https:\/\/www.unijoyswimwear.com\/wp-content\/uploads\/2022\/10\/how-to-work-with-us.jpg 1000w, https:\/\/www.unijoyswimwear.com\/wp-content\/uploads\/2022\/10\/how-to-work-with-us-768x495.jpg 768w\" sizes=\"auto, (max-width: 1000px) 100vw, 1000px\" \/><\/p>\n<h5>1)<strong>P<\/strong><strong>Cota\u00e7\u00e3o de arroz<\/strong><\/h5>\n<p>Prepare os detalhes do seu arquivo t\u00e9cnico (desenho de design, tabela de tamanhos, especifica\u00e7\u00e3o do material, detalhes da embalagem), enviaremos o nosso melhor pre\u00e7o para sua verifica\u00e7\u00e3o<\/p>\n<h5>2)<strong>Fazendo amostras de contador<\/strong><\/h5>\n<p>Para confirmar a qualidade do nosso produto, qualidade de fabrica\u00e7\u00e3o, etc.<\/p>\n<h5>3)<strong>Confirma\u00e7\u00e3o do pedido<\/strong><\/h5>\n<p><b>\u00a0\u00a0 \u00a0\u00a0<\/b>Ap\u00f3s receber seu pedido de compra, criamos o PI para sua confirma\u00e7\u00e3o.<\/p>\n<h5>4\uff09\u00a0<strong>Confirma\u00e7\u00e3o de amostras de encaixe<\/strong><\/h5>\n<p>Ap\u00f3s receber o dep\u00f3sito ou carta de cr\u00e9dito, faremos amostras de encaixe, teste de laborat\u00f3rio, amostra de impress\u00e3o e acess\u00f3rios relacionados para sua confirma\u00e7\u00e3o.<\/p>\n<p>Se as amostras de encaixe\/amostras de laborat\u00f3rio\/amostras de pinta precisarem ser revisadas, faremos uma revisada para sua confirma\u00e7\u00e3o dupla.<\/p>\n<p>30 dias para finalizar a produ\u00e7\u00e3o de tecidos em massa.<\/p>\n<h5>5\uff09<strong>\u00a0Confirma\u00e7\u00e3o de amostras de PP<\/strong><\/h5>\n<p>7 dias para finalizar amostras PP e 7 dias para seus coment\u00e1rios sobre amostras PP.<\/p>\n<h5>6)\u00a0\u00a0<strong>Iniciar produ\u00e7\u00e3o em massa<\/strong><\/h5>\n<p>Ap\u00f3s a aprova\u00e7\u00e3o das amostras PP, organize a produ\u00e7\u00e3o em massa, que levar\u00e1 30 dias.<\/p>\n<h5>7\uff09<strong>Inspe\u00e7\u00e3o em linha e inspe\u00e7\u00e3o final<\/strong><\/h5>\n<p>Se voc\u00ea contratar uma empresa terceirizada ou um Centro de Controle de Qualidade para realizar a inspe\u00e7\u00e3o, cooperaremos plenamente. Caso contr\u00e1rio, contrataremos nosso pr\u00f3prio Centro de Controle de Qualidade para realizar a inspe\u00e7\u00e3o em linha e a inspe\u00e7\u00e3o final e enviaremos um relat\u00f3rio para voc\u00ea.<\/p>\n<h5>8)<strong>Confirma\u00e7\u00e3o de envio de amostras<\/strong><\/h5>\n<p>Enviaremos a voc\u00ea as amostras de remessa com a embalagem corrigida para sua confirma\u00e7\u00e3o.<\/p>\n<h5>9)<strong>Organizar envio:<\/strong><\/h5>\n<p>Depois de receber as informa\u00e7\u00f5es do seu despachante, providenciaremos tudo relacionado.<br data-filtered=\"filtered\" \/>Ao mesmo tempo, ofereceremos os documentos de embarque correspondentes, como fatura, lista de embalagem e C\/O. Se precisar de C\/O, Formul\u00e1rio, tamb\u00e9m podemos fornecer.<\/p>\n<h5>10)<strong>\u00a0Pagamento<\/strong><\/h5>\n<p>O pagamento dever\u00e1 ser efetuado ap\u00f3s a obten\u00e7\u00e3o da via do Conhecimento de Embarque e demais documentos de embarque. Ap\u00f3s a confirma\u00e7\u00e3o do pagamento, enviaremos os documentos de embarque em tempo h\u00e1bil, para que voc\u00ea possa retirar a mercadoria a tempo.<\/p>","protected":false},"excerpt":{"rendered":"<p>1) Cota\u00e7\u00e3o de pre\u00e7o Prepare os detalhes do seu arquivo t\u00e9cnico (desenho de design, tabela de tamanhos, especifica\u00e7\u00e3o de material, detalhes de embalagem), enviaremos nosso melhor pre\u00e7o para sua verifica\u00e7\u00e3o. 2) Fazendo amostras de balc\u00e3o para [\u2026]<\/p>","protected":false},"author":1,"featured_media":0,"parent":0,"menu_order":0,"comment_status":"closed","ping_status":"closed","template":"","meta":{"_acf_changed":false,"site-sidebar-layout":"default","site-content-layout":"default","ast-site-content-layout":"default","site-content-style":"default","site-sidebar-style":"default","ast-global-header-display":"","ast-banner-title-visibility":"","ast-main-header-display":"","ast-hfb-above-header-display":"","ast-hfb-below-header-display":"","ast-hfb-mobile-header-display":"","site-post-title":"","ast-breadcrumbs-content":"","ast-featured-img":"","footer-sml-layout":"","ast-disable-related-posts":"","theme-transparent-header-meta":"default","adv-header-id-meta":"","stick-header-meta":"default","header-above-stick-meta":"","header-main-stick-meta":"","header-below-stick-meta":"","astra-migrate-meta-layouts":"default","ast-page-background-enabled":"default","ast-page-background-meta":{"desktop":{"background-color":"","background-image":"","background-repeat":"repeat","background-position":"center center","background-size":"auto","background-attachment":"scroll","background-type":"","background-media":"","overlay-type":"","overlay-color":"","overlay-opacity":"","overlay-gradient":""},"tablet":{"background-color":"","background-image":"","background-repeat":"repeat","background-position":"center center","background-size":"auto","background-attachment":"scroll","background-type":"","background-media":"","overlay-type":"","overlay-color":"","overlay-opacity":"","overlay-gradient":""},"mobile":{"background-color":"","background-image":"","background-repeat":"repeat","background-position":"center center","background-size":"auto","background-attachment":"scroll","background-type":"","background-media":"","overlay-type":"","overlay-color":"","overlay-opacity":"","overlay-gradient":""}},"ast-content-background-meta":{"desktop":{"background-color":"var(--ast-global-color-5)","background-image":"","background-repeat":"repeat","background-position":"center center","background-size":"auto","background-attachment":"scroll","background-type":"","background-media":"","overlay-type":"","overlay-color":"","overlay-opacity":"","overlay-gradient":""},"tablet":{"background-color":"var(--ast-global-color-5)","background-image":"","background-repeat":"repeat","background-position":"center center","background-size":"auto","background-attachment":"scroll","background-type":"","background-media":"","overlay-type":"","overlay-color":"","overlay-opacity":"","overlay-gradient":""},"mobile":{"background-color":"var(--ast-global-color-5)","background-image":"","background-repeat":"repeat","background-position":"center center","background-size":"auto","background-attachment":"scroll","background-type":"","background-media":"","overlay-type":"","overlay-color":"","overlay-opacity":"","overlay-gradient":""}},"footnotes":""},"class_list":["post-14313","page","type-page","status-publish","hentry"],"acf":[],"yoast_head":"<!-- This site is optimized with the Yoast SEO plugin v27.4 - https:\/\/yoast.com\/product\/yoast-seo-wordpress\/ -->\n<title>How To Work With Us - Unijoy Reliable Swimwear &amp; Activewear Manufacturer<\/title>\n<meta name=\"robots\" content=\"index, follow, max-snippet:-1, max-image-preview:large, max-video-preview:-1\" \/>\n<link rel=\"canonical\" href=\"https:\/\/www.unijoyswimwear.com\/pt\/como-trabalhar-conosco_nc5\/\" \/>\n<meta property=\"og:locale\" content=\"pt_PT\" \/>\n<meta property=\"og:type\" content=\"article\" \/>\n<meta property=\"og:title\" content=\"How To Work With Us - Unijoy Reliable Swimwear &amp; Activewear Manufacturer\" \/>\n<meta property=\"og:description\" content=\"1\uff09Price Quotation Prepare your tech file details ( design drawing, size table, material specification, packing details), we will send you our best price for your checking 2\uff09Making Counter Samples To [&hellip;]\" \/>\n<meta property=\"og:url\" content=\"https:\/\/www.unijoyswimwear.com\/pt\/como-trabalhar-conosco_nc5\/\" \/>\n<meta property=\"og:site_name\" content=\"Unijoy Reliable Swimwear &amp; Activewear Manufacturer\" \/>\n<meta property=\"article:modified_time\" content=\"2022-10-09T07:04:25+00:00\" \/>\n<meta property=\"og:image\" content=\"https:\/\/www.unijoyswimwear.com\/wp-content\/uploads\/2022\/10\/how-to-work-with-us.jpg\" \/>\n<meta name=\"twitter:card\" content=\"summary_large_image\" \/>\n<meta name=\"twitter:label1\" content=\"Tempo estimado de leitura\" \/>\n\t<meta name=\"twitter:data1\" content=\"2 minutos\" \/>\n<script type=\"application\/ld+json\" class=\"yoast-schema-graph\">{\"@context\":\"https:\\\/\\\/schema.org\",\"@graph\":[{\"@type\":\"WebPage\",\"@id\":\"https:\\\/\\\/www.unijoyswimwear.com\\\/how-to-work-with-us_nc5\\\/\",\"url\":\"https:\\\/\\\/www.unijoyswimwear.com\\\/how-to-work-with-us_nc5\\\/\",\"name\":\"How To Work With Us - Unijoy Reliable Swimwear &amp; Activewear Manufacturer\",\"isPartOf\":{\"@id\":\"https:\\\/\\\/www.unijoyswimwear.com\\\/#website\"},\"primaryImageOfPage\":{\"@id\":\"https:\\\/\\\/www.unijoyswimwear.com\\\/how-to-work-with-us_nc5\\\/#primaryimage\"},\"image\":{\"@id\":\"https:\\\/\\\/www.unijoyswimwear.com\\\/how-to-work-with-us_nc5\\\/#primaryimage\"},\"thumbnailUrl\":\"https:\\\/\\\/www.unijoyswimwear.com\\\/wp-content\\\/uploads\\\/2022\\\/10\\\/how-to-work-with-us.jpg\",\"datePublished\":\"2022-08-26T01:40:07+00:00\",\"dateModified\":\"2022-10-09T07:04:25+00:00\",\"breadcrumb\":{\"@id\":\"https:\\\/\\\/www.unijoyswimwear.com\\\/how-to-work-with-us_nc5\\\/#breadcrumb\"},\"inLanguage\":\"pt-PT\",\"potentialAction\":[{\"@type\":\"ReadAction\",\"target\":[\"https:\\\/\\\/www.unijoyswimwear.com\\\/how-to-work-with-us_nc5\\\/\"]}]},{\"@type\":\"ImageObject\",\"inLanguage\":\"pt-PT\",\"@id\":\"https:\\\/\\\/www.unijoyswimwear.com\\\/how-to-work-with-us_nc5\\\/#primaryimage\",\"url\":\"https:\\\/\\\/www.unijoyswimwear.com\\\/wp-content\\\/uploads\\\/2022\\\/10\\\/how-to-work-with-us.jpg\",\"contentUrl\":\"https:\\\/\\\/www.unijoyswimwear.com\\\/wp-content\\\/uploads\\\/2022\\\/10\\\/how-to-work-with-us.jpg\"},{\"@type\":\"BreadcrumbList\",\"@id\":\"https:\\\/\\\/www.unijoyswimwear.com\\\/how-to-work-with-us_nc5\\\/#breadcrumb\",\"itemListElement\":[{\"@type\":\"ListItem\",\"position\":1,\"name\":\"Home\",\"item\":\"https:\\\/\\\/www.unijoyswimwear.com\\\/\"},{\"@type\":\"ListItem\",\"position\":2,\"name\":\"How To Work With Us\"}]},{\"@type\":\"WebSite\",\"@id\":\"https:\\\/\\\/www.unijoyswimwear.com\\\/#website\",\"url\":\"https:\\\/\\\/www.unijoyswimwear.com\\\/\",\"name\":\"Unijoy Reliable Swimwear &amp; Activewear Manufacturer\",\"description\":\"\",\"publisher\":{\"@id\":\"https:\\\/\\\/www.unijoyswimwear.com\\\/#organization\"},\"potentialAction\":[{\"@type\":\"SearchAction\",\"target\":{\"@type\":\"EntryPoint\",\"urlTemplate\":\"https:\\\/\\\/www.unijoyswimwear.com\\\/?s={search_term_string}\"},\"query-input\":{\"@type\":\"PropertyValueSpecification\",\"valueRequired\":true,\"valueName\":\"search_term_string\"}}],\"inLanguage\":\"pt-PT\"},{\"@type\":\"Organization\",\"@id\":\"https:\\\/\\\/www.unijoyswimwear.com\\\/#organization\",\"name\":\"Unijoy Swimwear\",\"url\":\"https:\\\/\\\/www.unijoyswimwear.com\\\/\",\"logo\":{\"@type\":\"ImageObject\",\"inLanguage\":\"pt-PT\",\"@id\":\"https:\\\/\\\/www.unijoyswimwear.com\\\/#\\\/schema\\\/logo\\\/image\\\/\",\"url\":\"https:\\\/\\\/www.unijoyswimwear.com\\\/wp-content\\\/uploads\\\/2022\\\/05\\\/unijoy-logo.png\",\"contentUrl\":\"https:\\\/\\\/www.unijoyswimwear.com\\\/wp-content\\\/uploads\\\/2022\\\/05\\\/unijoy-logo.png\",\"width\":268,\"height\":47,\"caption\":\"Unijoy Swimwear\"},\"image\":{\"@id\":\"https:\\\/\\\/www.unijoyswimwear.com\\\/#\\\/schema\\\/logo\\\/image\\\/\"}}]}<\/script>\n<!-- \/ Yoast SEO plugin. -->","yoast_head_json":{"title":"Como trabalhar conosco - Unijoy, fabricante confi\u00e1vel de roupas de banho e esportivas","robots":{"index":"index","follow":"follow","max-snippet":"max-snippet:-1","max-image-preview":"max-image-preview:large","max-video-preview":"max-video-preview:-1"},"canonical":"https:\/\/www.unijoyswimwear.com\/pt\/como-trabalhar-conosco_nc5\/","og_locale":"pt_PT","og_type":"article","og_title":"How To Work With Us - Unijoy Reliable Swimwear &amp; Activewear Manufacturer","og_description":"1\uff09Price Quotation Prepare your tech file details ( design drawing, size table, material specification, packing details), we will send you our best price for your checking 2\uff09Making Counter Samples To [&hellip;]","og_url":"https:\/\/www.unijoyswimwear.com\/pt\/como-trabalhar-conosco_nc5\/","og_site_name":"Unijoy Reliable Swimwear &amp; Activewear Manufacturer","article_modified_time":"2022-10-09T07:04:25+00:00","og_image":[{"url":"https:\/\/www.unijoyswimwear.com\/wp-content\/uploads\/2022\/10\/how-to-work-with-us.jpg","type":"","width":"","height":""}],"twitter_card":"summary_large_image","twitter_misc":{"Tempo estimado de leitura":"2 minutos"},"schema":{"@context":"https:\/\/schema.org","@graph":[{"@type":"WebPage","@id":"https:\/\/www.unijoyswimwear.com\/how-to-work-with-us_nc5\/","url":"https:\/\/www.unijoyswimwear.com\/how-to-work-with-us_nc5\/","name":"Como trabalhar conosco - Unijoy, fabricante confi\u00e1vel de roupas de banho e esportivas","isPartOf":{"@id":"https:\/\/www.unijoyswimwear.com\/#website"},"primaryImageOfPage":{"@id":"https:\/\/www.unijoyswimwear.com\/how-to-work-with-us_nc5\/#primaryimage"},"image":{"@id":"https:\/\/www.unijoyswimwear.com\/how-to-work-with-us_nc5\/#primaryimage"},"thumbnailUrl":"https:\/\/www.unijoyswimwear.com\/wp-content\/uploads\/2022\/10\/how-to-work-with-us.jpg","datePublished":"2022-08-26T01:40:07+00:00","dateModified":"2022-10-09T07:04:25+00:00","breadcrumb":{"@id":"https:\/\/www.unijoyswimwear.com\/how-to-work-with-us_nc5\/#breadcrumb"},"inLanguage":"pt-PT","potentialAction":[{"@type":"ReadAction","target":["https:\/\/www.unijoyswimwear.com\/how-to-work-with-us_nc5\/"]}]},{"@type":"ImageObject","inLanguage":"pt-PT","@id":"https:\/\/www.unijoyswimwear.com\/how-to-work-with-us_nc5\/#primaryimage","url":"https:\/\/www.unijoyswimwear.com\/wp-content\/uploads\/2022\/10\/how-to-work-with-us.jpg","contentUrl":"https:\/\/www.unijoyswimwear.com\/wp-content\/uploads\/2022\/10\/how-to-work-with-us.jpg"},{"@type":"BreadcrumbList","@id":"https:\/\/www.unijoyswimwear.com\/how-to-work-with-us_nc5\/#breadcrumb","itemListElement":[{"@type":"ListItem","position":1,"name":"Home","item":"https:\/\/www.unijoyswimwear.com\/"},{"@type":"ListItem","position":2,"name":"How To Work With Us"}]},{"@type":"WebSite","@id":"https:\/\/www.unijoyswimwear.com\/#website","url":"https:\/\/www.unijoyswimwear.com\/","name":"Unijoy, fabricante confi\u00e1vel de roupas de banho e esportivas","description":"","publisher":{"@id":"https:\/\/www.unijoyswimwear.com\/#organization"},"potentialAction":[{"@type":"SearchAction","target":{"@type":"EntryPoint","urlTemplate":"https:\/\/www.unijoyswimwear.com\/?s={search_term_string}"},"query-input":{"@type":"PropertyValueSpecification","valueRequired":true,"valueName":"search_term_string"}}],"inLanguage":"pt-PT"},{"@type":"Organization","@id":"https:\/\/www.unijoyswimwear.com\/#organization","name":"Unijoy Swimwear","url":"https:\/\/www.unijoyswimwear.com\/","logo":{"@type":"ImageObject","inLanguage":"pt-PT","@id":"https:\/\/www.unijoyswimwear.com\/#\/schema\/logo\/image\/","url":"https:\/\/www.unijoyswimwear.com\/wp-content\/uploads\/2022\/05\/unijoy-logo.png","contentUrl":"https:\/\/www.unijoyswimwear.com\/wp-content\/uploads\/2022\/05\/unijoy-logo.png","width":268,"height":47,"caption":"Unijoy Swimwear"},"image":{"@id":"https:\/\/www.unijoyswimwear.com\/#\/schema\/logo\/image\/"}}]}},"_links":{"self":[{"href":"https:\/\/www.unijoyswimwear.com\/pt\/wp-json\/wp\/v2\/pages\/14313","targetHints":{"allow":["GET"]}}],"collection":[{"href":"https:\/\/www.unijoyswimwear.com\/pt\/wp-json\/wp\/v2\/pages"}],"about":[{"href":"https:\/\/www.unijoyswimwear.com\/pt\/wp-json\/wp\/v2\/types\/page"}],"author":[{"embeddable":true,"href":"https:\/\/www.unijoyswimwear.com\/pt\/wp-json\/wp\/v2\/users\/1"}],"replies":[{"embeddable":true,"href":"https:\/\/www.unijoyswimwear.com\/pt\/wp-json\/wp\/v2\/comments?post=14313"}],"version-history":[{"count":1,"href":"https:\/\/www.unijoyswimwear.com\/pt\/wp-json\/wp\/v2\/pages\/14313\/revisions"}],"predecessor-version":[{"id":15407,"href":"https:\/\/www.unijoyswimwear.com\/pt\/wp-json\/wp\/v2\/pages\/14313\/revisions\/15407"}],"wp:attachment":[{"href":"https:\/\/www.unijoyswimwear.com\/pt\/wp-json\/wp\/v2\/media?parent=14313"}],"curies":[{"name":"wp","href":"https:\/\/api.w.org\/{rel}","templated":true}]}}