{"id":12696,"date":"2022-08-12T07:49:04","date_gmt":"2022-08-12T07:49:04","guid":{"rendered":"https:\/\/www.unijoyswimwear.com\/?page_id=12696"},"modified":"2022-09-07T02:07:32","modified_gmt":"2022-09-07T02:07:32","slug":"womens-activewear-yoga-pants-mesh-panels-gym-running-workout-exercise-fitness-tights-skinny-leggings-ankle-casual-trousers","status":"publish","type":"page","link":"https:\/\/www.unijoyswimwear.com\/pt\/calcas-de-ioga-femininas-para-atividades-fisicas-paineis-de-malha-academia-corrida-treino-exercicios-fitness-leggings-justas-calcas-casuais-com-tornozelo_p804-html","title":{"rendered":"Cal\u00e7as de ioga femininas com pain\u00e9is de malha, para academia, corrida, treino, exerc\u00edcios, fitness, leggings justas, cal\u00e7as casuais at\u00e9 o tornozelo"},"content":{"rendered":"","protected":false},"excerpt":{"rendered":"","protected":false},"author":1,"featured_media":0,"parent":6064,"menu_order":0,"comment_status":"closed","ping_status":"closed","template":"product-details7.php","meta":{"_acf_changed":false,"site-sidebar-layout":"no-sidebar","site-content-layout":"page-builder","ast-site-content-layout":"default","site-content-style":"default","site-sidebar-style":"default","ast-global-header-display":"","ast-banner-title-visibility":"","ast-main-header-display":"","ast-hfb-above-header-display":"","ast-hfb-below-header-display":"","ast-hfb-mobile-header-display":"","site-post-title":"disabled","ast-breadcrumbs-content":"disabled","ast-featured-img":"disabled","footer-sml-layout":"","ast-disable-related-posts":"","theme-transparent-header-meta":"default","adv-header-id-meta":"","stick-header-meta":"default","header-above-stick-meta":"","header-main-stick-meta":"","header-below-stick-meta":"","astra-migrate-meta-layouts":"default","ast-page-background-enabled":"default","ast-page-background-meta":{"desktop":{"background-color":"","background-image":"","background-repeat":"repeat","background-position":"center center","background-size":"auto","background-attachment":"scroll","background-type":"","background-media":"","overlay-type":"","overlay-color":"","overlay-opacity":"","overlay-gradient":""},"tablet":{"background-color":"","background-image":"","background-repeat":"repeat","background-position":"center center","background-size":"auto","background-attachment":"scroll","background-type":"","background-media":"","overlay-type":"","overlay-color":"","overlay-opacity":"","overlay-gradient":""},"mobile":{"background-color":"","background-image":"","background-repeat":"repeat","background-position":"center center","background-size":"auto","background-attachment":"scroll","background-type":"","background-media":"","overlay-type":"","overlay-color":"","overlay-opacity":"","overlay-gradient":""}},"ast-content-background-meta":{"desktop":{"background-color":"var(--ast-global-color-5)","background-image":"","background-repeat":"repeat","background-position":"center center","background-size":"auto","background-attachment":"scroll","background-type":"","background-media":"","overlay-type":"","overlay-color":"","overlay-opacity":"","overlay-gradient":""},"tablet":{"background-color":"var(--ast-global-color-5)","background-image":"","background-repeat":"repeat","background-position":"center center","background-size":"auto","background-attachment":"scroll","background-type":"","background-media":"","overlay-type":"","overlay-color":"","overlay-opacity":"","overlay-gradient":""},"mobile":{"background-color":"var(--ast-global-color-5)","background-image":"","background-repeat":"repeat","background-position":"center center","background-size":"auto","background-attachment":"scroll","background-type":"","background-media":"","overlay-type":"","overlay-color":"","overlay-opacity":"","overlay-gradient":""}},"footnotes":""},"class_list":["post-12696","page","type-page","status-publish","hentry"],"acf":[],"yoast_head":"<!-- This site is optimized with the Yoast SEO plugin v27.4 - https:\/\/yoast.com\/product\/yoast-seo-wordpress\/ -->\n<title>Women&#039;s Activewear Yoga Pants Mesh Panels Gym Running Workout Exercise Fitness Tights Skinny Leggings Ankle Casual Trousers Wholesale Activewear Suppliers - Your Reliable Swimsuit Supplier<\/title>\n<meta name=\"description\" content=\"UNIJOY SWIMWEAR Co.,Ltd is a manufacturer of Women&#039;s Activewear Yoga Pants Mesh Panels Gym Running Workout Exercise Fitness Tights Skinny Leggings Ankle Casual Trousers in China,We are committed to providing high quality wholesale activewear suppliers. We sincerely welcome your inquiries!\" \/>\n<meta name=\"robots\" content=\"index, follow, max-snippet:-1, max-image-preview:large, max-video-preview:-1\" \/>\n<link rel=\"canonical\" href=\"https:\/\/www.unijoyswimwear.com\/pt\/calcas-de-ioga-femininas-para-atividades-fisicas-paineis-de-malha-academia-corrida-treino-exercicios-fitness-leggings-justas-calcas-casuais-com-tornozelo_p804-html\" \/>\n<meta property=\"og:locale\" content=\"pt_PT\" \/>\n<meta property=\"og:type\" content=\"article\" \/>\n<meta property=\"og:title\" content=\"Women&#039;s Activewear Yoga Pants Mesh Panels Gym Running Workout Exercise Fitness Tights Skinny Leggings Ankle Casual Trousers Wholesale Activewear Suppliers - Your Reliable Swimsuit Supplier\" \/>\n<meta property=\"og:description\" content=\"UNIJOY SWIMWEAR Co.,Ltd is a manufacturer of Women&#039;s Activewear Yoga Pants Mesh Panels Gym Running Workout Exercise Fitness Tights Skinny Leggings Ankle Casual Trousers in China,We are committed to providing high quality wholesale activewear suppliers. We sincerely welcome your inquiries!\" \/>\n<meta property=\"og:url\" content=\"https:\/\/www.unijoyswimwear.com\/pt\/calcas-de-ioga-femininas-para-atividades-fisicas-paineis-de-malha-academia-corrida-treino-exercicios-fitness-leggings-justas-calcas-casuais-com-tornozelo_p804-html\" \/>\n<meta property=\"og:site_name\" content=\"Unijoy Reliable Swimwear &amp; Activewear Manufacturer\" \/>\n<meta property=\"article:modified_time\" content=\"2022-09-07T02:07:32+00:00\" \/>\n<meta name=\"twitter:card\" content=\"summary_large_image\" \/>\n<script type=\"application\/ld+json\" class=\"yoast-schema-graph\">{\"@context\":\"https:\\\/\\\/schema.org\",\"@graph\":[{\"@type\":\"WebPage\",\"@id\":\"https:\\\/\\\/www.unijoyswimwear.com\\\/women-s-activewear-yoga-pants-mesh-panels-gym-running-workout-exercise-fitness-tights-skinny-leggings-ankle-casual-trousers_p804.html\",\"url\":\"https:\\\/\\\/www.unijoyswimwear.com\\\/women-s-activewear-yoga-pants-mesh-panels-gym-running-workout-exercise-fitness-tights-skinny-leggings-ankle-casual-trousers_p804.html\",\"name\":\"Women's Activewear Yoga Pants Mesh Panels Gym Running Workout Exercise Fitness Tights Skinny Leggings Ankle Casual Trousers Wholesale Activewear Suppliers - Your Reliable Swimsuit Supplier\",\"isPartOf\":{\"@id\":\"https:\\\/\\\/www.unijoyswimwear.com\\\/#website\"},\"datePublished\":\"2022-08-12T07:49:04+00:00\",\"dateModified\":\"2022-09-07T02:07:32+00:00\",\"description\":\"UNIJOY SWIMWEAR Co.,Ltd is a manufacturer of Women's Activewear Yoga Pants Mesh Panels Gym Running Workout Exercise Fitness Tights Skinny Leggings Ankle Casual Trousers in China,We are committed to providing high quality wholesale activewear suppliers. We sincerely welcome your inquiries!\",\"breadcrumb\":{\"@id\":\"https:\\\/\\\/www.unijoyswimwear.com\\\/women-s-activewear-yoga-pants-mesh-panels-gym-running-workout-exercise-fitness-tights-skinny-leggings-ankle-casual-trousers_p804.html#breadcrumb\"},\"inLanguage\":\"pt-PT\",\"potentialAction\":[{\"@type\":\"ReadAction\",\"target\":[\"https:\\\/\\\/www.unijoyswimwear.com\\\/women-s-activewear-yoga-pants-mesh-panels-gym-running-workout-exercise-fitness-tights-skinny-leggings-ankle-casual-trousers_p804.html\"]}]},{\"@type\":\"BreadcrumbList\",\"@id\":\"https:\\\/\\\/www.unijoyswimwear.com\\\/women-s-activewear-yoga-pants-mesh-panels-gym-running-workout-exercise-fitness-tights-skinny-leggings-ankle-casual-trousers_p804.html#breadcrumb\",\"itemListElement\":[{\"@type\":\"ListItem\",\"position\":1,\"name\":\"Home\",\"item\":\"https:\\\/\\\/www.unijoyswimwear.com\\\/\"},{\"@type\":\"ListItem\",\"position\":2,\"name\":\"Active Wear Manufacturer\",\"item\":\"https:\\\/\\\/www.unijoyswimwear.com\\\/active-wear-manufacturer\\\/\"},{\"@type\":\"ListItem\",\"position\":3,\"name\":\"Whole Sale Yoga Wear\",\"item\":\"https:\\\/\\\/www.unijoyswimwear.com\\\/whole-sale-yoga-wear_c47\\\/\"},{\"@type\":\"ListItem\",\"position\":4,\"name\":\"Women&#8217;s Activewear Yoga Pants Mesh Panels Gym Running Workout Exercise Fitness Tights Skinny Leggings Ankle Casual Trousers\"}]},{\"@type\":\"WebSite\",\"@id\":\"https:\\\/\\\/www.unijoyswimwear.com\\\/#website\",\"url\":\"https:\\\/\\\/www.unijoyswimwear.com\\\/\",\"name\":\"Unijoy Reliable Swimwear &amp; Activewear Manufacturer\",\"description\":\"\",\"publisher\":{\"@id\":\"https:\\\/\\\/www.unijoyswimwear.com\\\/#organization\"},\"potentialAction\":[{\"@type\":\"SearchAction\",\"target\":{\"@type\":\"EntryPoint\",\"urlTemplate\":\"https:\\\/\\\/www.unijoyswimwear.com\\\/?s={search_term_string}\"},\"query-input\":{\"@type\":\"PropertyValueSpecification\",\"valueRequired\":true,\"valueName\":\"search_term_string\"}}],\"inLanguage\":\"pt-PT\"},{\"@type\":\"Organization\",\"@id\":\"https:\\\/\\\/www.unijoyswimwear.com\\\/#organization\",\"name\":\"Unijoy Swimwear\",\"url\":\"https:\\\/\\\/www.unijoyswimwear.com\\\/\",\"logo\":{\"@type\":\"ImageObject\",\"inLanguage\":\"pt-PT\",\"@id\":\"https:\\\/\\\/www.unijoyswimwear.com\\\/#\\\/schema\\\/logo\\\/image\\\/\",\"url\":\"https:\\\/\\\/www.unijoyswimwear.com\\\/wp-content\\\/uploads\\\/2022\\\/05\\\/unijoy-logo.png\",\"contentUrl\":\"https:\\\/\\\/www.unijoyswimwear.com\\\/wp-content\\\/uploads\\\/2022\\\/05\\\/unijoy-logo.png\",\"width\":268,\"height\":47,\"caption\":\"Unijoy Swimwear\"},\"image\":{\"@id\":\"https:\\\/\\\/www.unijoyswimwear.com\\\/#\\\/schema\\\/logo\\\/image\\\/\"}}]}<\/script>\n<!-- \/ Yoast SEO plugin. -->","yoast_head_json":{"title":"Cal\u00e7as de ioga femininas com pain\u00e9is de malha para academia, corrida, treino, exerc\u00edcios, fitness, leggings justas, cal\u00e7as casuais at\u00e9 o tornozelo, fornecedores de roupas esportivas no atacado - seu fornecedor confi\u00e1vel de trajes de banho","description":"A UNIJOY SWIMWEAR Co., Ltd. \u00e9 uma fabricante chinesa de Cal\u00e7as de Yoga para Mulheres, com Pain\u00e9is de Malha, para Academia, Corrida, Treino, Exerc\u00edcios, Meias-cal\u00e7as Justas e Cal\u00e7as Casuais com Tornozelo. Temos o compromisso de fornecer fornecedores de roupas esportivas por atacado de alta qualidade. Agradecemos suas perguntas!","robots":{"index":"index","follow":"follow","max-snippet":"max-snippet:-1","max-image-preview":"max-image-preview:large","max-video-preview":"max-video-preview:-1"},"canonical":"https:\/\/www.unijoyswimwear.com\/pt\/calcas-de-ioga-femininas-para-atividades-fisicas-paineis-de-malha-academia-corrida-treino-exercicios-fitness-leggings-justas-calcas-casuais-com-tornozelo_p804-html","og_locale":"pt_PT","og_type":"article","og_title":"Women's Activewear Yoga Pants Mesh Panels Gym Running Workout Exercise Fitness Tights Skinny Leggings Ankle Casual Trousers Wholesale Activewear Suppliers - Your Reliable Swimsuit Supplier","og_description":"UNIJOY SWIMWEAR Co.,Ltd is a manufacturer of Women's Activewear Yoga Pants Mesh Panels Gym Running Workout Exercise Fitness Tights Skinny Leggings Ankle Casual Trousers in China,We are committed to providing high quality wholesale activewear suppliers. We sincerely welcome your inquiries!","og_url":"https:\/\/www.unijoyswimwear.com\/pt\/calcas-de-ioga-femininas-para-atividades-fisicas-paineis-de-malha-academia-corrida-treino-exercicios-fitness-leggings-justas-calcas-casuais-com-tornozelo_p804-html","og_site_name":"Unijoy Reliable Swimwear &amp; Activewear Manufacturer","article_modified_time":"2022-09-07T02:07:32+00:00","twitter_card":"summary_large_image","schema":{"@context":"https:\/\/schema.org","@graph":[{"@type":"WebPage","@id":"https:\/\/www.unijoyswimwear.com\/women-s-activewear-yoga-pants-mesh-panels-gym-running-workout-exercise-fitness-tights-skinny-leggings-ankle-casual-trousers_p804.html","url":"https:\/\/www.unijoyswimwear.com\/women-s-activewear-yoga-pants-mesh-panels-gym-running-workout-exercise-fitness-tights-skinny-leggings-ankle-casual-trousers_p804.html","name":"Cal\u00e7as de ioga femininas com pain\u00e9is de malha para academia, corrida, treino, exerc\u00edcios, fitness, leggings justas, cal\u00e7as casuais at\u00e9 o tornozelo, fornecedores de roupas esportivas no atacado - seu fornecedor confi\u00e1vel de trajes de banho","isPartOf":{"@id":"https:\/\/www.unijoyswimwear.com\/#website"},"datePublished":"2022-08-12T07:49:04+00:00","dateModified":"2022-09-07T02:07:32+00:00","description":"A UNIJOY SWIMWEAR Co., Ltd. \u00e9 uma fabricante chinesa de Cal\u00e7as de Yoga para Mulheres, com Pain\u00e9is de Malha, para Academia, Corrida, Treino, Exerc\u00edcios, Meias-cal\u00e7as Justas e Cal\u00e7as Casuais com Tornozelo. Temos o compromisso de fornecer fornecedores de roupas esportivas por atacado de alta qualidade. Agradecemos suas perguntas!","breadcrumb":{"@id":"https:\/\/www.unijoyswimwear.com\/women-s-activewear-yoga-pants-mesh-panels-gym-running-workout-exercise-fitness-tights-skinny-leggings-ankle-casual-trousers_p804.html#breadcrumb"},"inLanguage":"pt-PT","potentialAction":[{"@type":"ReadAction","target":["https:\/\/www.unijoyswimwear.com\/women-s-activewear-yoga-pants-mesh-panels-gym-running-workout-exercise-fitness-tights-skinny-leggings-ankle-casual-trousers_p804.html"]}]},{"@type":"BreadcrumbList","@id":"https:\/\/www.unijoyswimwear.com\/women-s-activewear-yoga-pants-mesh-panels-gym-running-workout-exercise-fitness-tights-skinny-leggings-ankle-casual-trousers_p804.html#breadcrumb","itemListElement":[{"@type":"ListItem","position":1,"name":"Home","item":"https:\/\/www.unijoyswimwear.com\/"},{"@type":"ListItem","position":2,"name":"Active Wear Manufacturer","item":"https:\/\/www.unijoyswimwear.com\/active-wear-manufacturer\/"},{"@type":"ListItem","position":3,"name":"Whole Sale Yoga Wear","item":"https:\/\/www.unijoyswimwear.com\/whole-sale-yoga-wear_c47\/"},{"@type":"ListItem","position":4,"name":"Women&#8217;s Activewear Yoga Pants Mesh Panels Gym Running Workout Exercise Fitness Tights Skinny Leggings Ankle Casual Trousers"}]},{"@type":"WebSite","@id":"https:\/\/www.unijoyswimwear.com\/#website","url":"https:\/\/www.unijoyswimwear.com\/","name":"Unijoy, fabricante confi\u00e1vel de roupas de banho e esportivas","description":"","publisher":{"@id":"https:\/\/www.unijoyswimwear.com\/#organization"},"potentialAction":[{"@type":"SearchAction","target":{"@type":"EntryPoint","urlTemplate":"https:\/\/www.unijoyswimwear.com\/?s={search_term_string}"},"query-input":{"@type":"PropertyValueSpecification","valueRequired":true,"valueName":"search_term_string"}}],"inLanguage":"pt-PT"},{"@type":"Organization","@id":"https:\/\/www.unijoyswimwear.com\/#organization","name":"Unijoy Swimwear","url":"https:\/\/www.unijoyswimwear.com\/","logo":{"@type":"ImageObject","inLanguage":"pt-PT","@id":"https:\/\/www.unijoyswimwear.com\/#\/schema\/logo\/image\/","url":"https:\/\/www.unijoyswimwear.com\/wp-content\/uploads\/2022\/05\/unijoy-logo.png","contentUrl":"https:\/\/www.unijoyswimwear.com\/wp-content\/uploads\/2022\/05\/unijoy-logo.png","width":268,"height":47,"caption":"Unijoy Swimwear"},"image":{"@id":"https:\/\/www.unijoyswimwear.com\/#\/schema\/logo\/image\/"}}]}},"_links":{"self":[{"href":"https:\/\/www.unijoyswimwear.com\/pt\/wp-json\/wp\/v2\/pages\/12696","targetHints":{"allow":["GET"]}}],"collection":[{"href":"https:\/\/www.unijoyswimwear.com\/pt\/wp-json\/wp\/v2\/pages"}],"about":[{"href":"https:\/\/www.unijoyswimwear.com\/pt\/wp-json\/wp\/v2\/types\/page"}],"author":[{"embeddable":true,"href":"https:\/\/www.unijoyswimwear.com\/pt\/wp-json\/wp\/v2\/users\/1"}],"replies":[{"embeddable":true,"href":"https:\/\/www.unijoyswimwear.com\/pt\/wp-json\/wp\/v2\/comments?post=12696"}],"version-history":[{"count":0,"href":"https:\/\/www.unijoyswimwear.com\/pt\/wp-json\/wp\/v2\/pages\/12696\/revisions"}],"up":[{"embeddable":true,"href":"https:\/\/www.unijoyswimwear.com\/pt\/wp-json\/wp\/v2\/pages\/6064"}],"wp:attachment":[{"href":"https:\/\/www.unijoyswimwear.com\/pt\/wp-json\/wp\/v2\/media?parent=12696"}],"curies":[{"name":"wp","href":"https:\/\/api.w.org\/{rel}","templated":true}]}}