{"id":9965,"date":"2022-07-26T03:56:02","date_gmt":"2022-07-26T03:56:02","guid":{"rendered":"https:\/\/www.unijoyswimwear.com\/?page_id=9965"},"modified":"2022-09-06T08:15:34","modified_gmt":"2022-09-06T08:15:34","slug":"camo-printing-leggings-for-women-with-sexy-mesh-patches-fashionable-yoga-pants","status":"publish","type":"page","link":"https:\/\/www.unijoyswimwear.com\/fr\/leggings-a-imprime-camouflage-pour-femmes-avec-patchs-en-maille-sexy-pantalons-de-yoga-tendance_p906-html","title":{"rendered":"Leggings imprim\u00e9s camouflage pour femmes avec patchs en maille sexy, pantalons de yoga tendance"},"content":{"rendered":"","protected":false},"excerpt":{"rendered":"","protected":false},"author":1,"featured_media":0,"parent":5929,"menu_order":0,"comment_status":"closed","ping_status":"closed","template":"product-details7.php","meta":{"_acf_changed":false,"site-sidebar-layout":"no-sidebar","site-content-layout":"page-builder","ast-site-content-layout":"default","site-content-style":"default","site-sidebar-style":"default","ast-global-header-display":"","ast-banner-title-visibility":"","ast-main-header-display":"","ast-hfb-above-header-display":"","ast-hfb-below-header-display":"","ast-hfb-mobile-header-display":"","site-post-title":"disabled","ast-breadcrumbs-content":"disabled","ast-featured-img":"disabled","footer-sml-layout":"","ast-disable-related-posts":"","theme-transparent-header-meta":"default","adv-header-id-meta":"","stick-header-meta":"default","header-above-stick-meta":"","header-main-stick-meta":"","header-below-stick-meta":"","astra-migrate-meta-layouts":"default","ast-page-background-enabled":"default","ast-page-background-meta":{"desktop":{"background-color":"","background-image":"","background-repeat":"repeat","background-position":"center center","background-size":"auto","background-attachment":"scroll","background-type":"","background-media":"","overlay-type":"","overlay-color":"","overlay-opacity":"","overlay-gradient":""},"tablet":{"background-color":"","background-image":"","background-repeat":"repeat","background-position":"center center","background-size":"auto","background-attachment":"scroll","background-type":"","background-media":"","overlay-type":"","overlay-color":"","overlay-opacity":"","overlay-gradient":""},"mobile":{"background-color":"","background-image":"","background-repeat":"repeat","background-position":"center center","background-size":"auto","background-attachment":"scroll","background-type":"","background-media":"","overlay-type":"","overlay-color":"","overlay-opacity":"","overlay-gradient":""}},"ast-content-background-meta":{"desktop":{"background-color":"var(--ast-global-color-5)","background-image":"","background-repeat":"repeat","background-position":"center center","background-size":"auto","background-attachment":"scroll","background-type":"","background-media":"","overlay-type":"","overlay-color":"","overlay-opacity":"","overlay-gradient":""},"tablet":{"background-color":"var(--ast-global-color-5)","background-image":"","background-repeat":"repeat","background-position":"center center","background-size":"auto","background-attachment":"scroll","background-type":"","background-media":"","overlay-type":"","overlay-color":"","overlay-opacity":"","overlay-gradient":""},"mobile":{"background-color":"var(--ast-global-color-5)","background-image":"","background-repeat":"repeat","background-position":"center center","background-size":"auto","background-attachment":"scroll","background-type":"","background-media":"","overlay-type":"","overlay-color":"","overlay-opacity":"","overlay-gradient":""}},"footnotes":""},"class_list":["post-9965","page","type-page","status-publish","hentry"],"acf":[],"yoast_head":"<!-- This site is optimized with the Yoast SEO plugin v27.4 - https:\/\/yoast.com\/product\/yoast-seo-wordpress\/ -->\n<title>Camo Printing Leggings Yoga Wear For Women With Sexy Mesh Patches Fashionable Yoga Pants Swimwear Manufacturers - Your Reliable Swimsuit Supplier<\/title>\n<meta name=\"description\" content=\"UNIJOY SWIMWEAR Co.,Ltd is a manufacturer of Camo Printing Leggings For Women With Sexy Mesh Patches Fashionable Yoga Pants in China,We are committed to providing high quality yoga wear for women. We sincerely welcome your inquiries!\" \/>\n<meta name=\"robots\" content=\"index, follow, max-snippet:-1, max-image-preview:large, max-video-preview:-1\" \/>\n<link rel=\"canonical\" href=\"https:\/\/www.unijoyswimwear.com\/fr\/leggings-a-imprime-camouflage-pour-femmes-avec-patchs-en-maille-sexy-pantalons-de-yoga-tendance_p906-html\" \/>\n<meta property=\"og:locale\" content=\"fr_FR\" \/>\n<meta property=\"og:type\" content=\"article\" \/>\n<meta property=\"og:title\" content=\"Camo Printing Leggings Yoga Wear For Women With Sexy Mesh Patches Fashionable Yoga Pants Swimwear Manufacturers - Your Reliable Swimsuit Supplier\" \/>\n<meta property=\"og:description\" content=\"UNIJOY SWIMWEAR Co.,Ltd is a manufacturer of Camo Printing Leggings For Women With Sexy Mesh Patches Fashionable Yoga Pants in China,We are committed to providing high quality yoga wear for women. We sincerely welcome your inquiries!\" \/>\n<meta property=\"og:url\" content=\"https:\/\/www.unijoyswimwear.com\/fr\/leggings-a-imprime-camouflage-pour-femmes-avec-patchs-en-maille-sexy-pantalons-de-yoga-tendance_p906-html\" \/>\n<meta property=\"og:site_name\" content=\"Unijoy Reliable Swimwear &amp; Activewear Manufacturer\" \/>\n<meta property=\"article:modified_time\" content=\"2022-09-06T08:15:34+00:00\" \/>\n<meta name=\"twitter:card\" content=\"summary_large_image\" \/>\n<script type=\"application\/ld+json\" class=\"yoast-schema-graph\">{\"@context\":\"https:\\\/\\\/schema.org\",\"@graph\":[{\"@type\":\"WebPage\",\"@id\":\"https:\\\/\\\/www.unijoyswimwear.com\\\/camo-printing-leggings-for-women-with-sexy-mesh-patches-fashionable-yoga-pants_p906.html\",\"url\":\"https:\\\/\\\/www.unijoyswimwear.com\\\/camo-printing-leggings-for-women-with-sexy-mesh-patches-fashionable-yoga-pants_p906.html\",\"name\":\"Camo Printing Leggings Yoga Wear For Women With Sexy Mesh Patches Fashionable Yoga Pants Swimwear Manufacturers - Your Reliable Swimsuit Supplier\",\"isPartOf\":{\"@id\":\"https:\\\/\\\/www.unijoyswimwear.com\\\/#website\"},\"datePublished\":\"2022-07-26T03:56:02+00:00\",\"dateModified\":\"2022-09-06T08:15:34+00:00\",\"description\":\"UNIJOY SWIMWEAR Co.,Ltd is a manufacturer of Camo Printing Leggings For Women With Sexy Mesh Patches Fashionable Yoga Pants in China,We are committed to providing high quality yoga wear for women. We sincerely welcome your inquiries!\",\"breadcrumb\":{\"@id\":\"https:\\\/\\\/www.unijoyswimwear.com\\\/camo-printing-leggings-for-women-with-sexy-mesh-patches-fashionable-yoga-pants_p906.html#breadcrumb\"},\"inLanguage\":\"fr-FR\",\"potentialAction\":[{\"@type\":\"ReadAction\",\"target\":[\"https:\\\/\\\/www.unijoyswimwear.com\\\/camo-printing-leggings-for-women-with-sexy-mesh-patches-fashionable-yoga-pants_p906.html\"]}]},{\"@type\":\"BreadcrumbList\",\"@id\":\"https:\\\/\\\/www.unijoyswimwear.com\\\/camo-printing-leggings-for-women-with-sexy-mesh-patches-fashionable-yoga-pants_p906.html#breadcrumb\",\"itemListElement\":[{\"@type\":\"ListItem\",\"position\":1,\"name\":\"Home\",\"item\":\"https:\\\/\\\/www.unijoyswimwear.com\\\/\"},{\"@type\":\"ListItem\",\"position\":2,\"name\":\"Active Wear Manufacturer\",\"item\":\"https:\\\/\\\/www.unijoyswimwear.com\\\/active-wear-manufacturer\\\/\"},{\"@type\":\"ListItem\",\"position\":3,\"name\":\"Legging\",\"item\":\"https:\\\/\\\/www.unijoyswimwear.com\\\/legging_c41\\\/\"},{\"@type\":\"ListItem\",\"position\":4,\"name\":\"Camo Printing Leggings For Women With Sexy Mesh Patches Fashionable Yoga Pants\"}]},{\"@type\":\"WebSite\",\"@id\":\"https:\\\/\\\/www.unijoyswimwear.com\\\/#website\",\"url\":\"https:\\\/\\\/www.unijoyswimwear.com\\\/\",\"name\":\"Unijoy Reliable Swimwear &amp; Activewear Manufacturer\",\"description\":\"\",\"publisher\":{\"@id\":\"https:\\\/\\\/www.unijoyswimwear.com\\\/#organization\"},\"potentialAction\":[{\"@type\":\"SearchAction\",\"target\":{\"@type\":\"EntryPoint\",\"urlTemplate\":\"https:\\\/\\\/www.unijoyswimwear.com\\\/?s={search_term_string}\"},\"query-input\":{\"@type\":\"PropertyValueSpecification\",\"valueRequired\":true,\"valueName\":\"search_term_string\"}}],\"inLanguage\":\"fr-FR\"},{\"@type\":\"Organization\",\"@id\":\"https:\\\/\\\/www.unijoyswimwear.com\\\/#organization\",\"name\":\"Unijoy Swimwear\",\"url\":\"https:\\\/\\\/www.unijoyswimwear.com\\\/\",\"logo\":{\"@type\":\"ImageObject\",\"inLanguage\":\"fr-FR\",\"@id\":\"https:\\\/\\\/www.unijoyswimwear.com\\\/#\\\/schema\\\/logo\\\/image\\\/\",\"url\":\"https:\\\/\\\/www.unijoyswimwear.com\\\/wp-content\\\/uploads\\\/2022\\\/05\\\/unijoy-logo.png\",\"contentUrl\":\"https:\\\/\\\/www.unijoyswimwear.com\\\/wp-content\\\/uploads\\\/2022\\\/05\\\/unijoy-logo.png\",\"width\":268,\"height\":47,\"caption\":\"Unijoy Swimwear\"},\"image\":{\"@id\":\"https:\\\/\\\/www.unijoyswimwear.com\\\/#\\\/schema\\\/logo\\\/image\\\/\"}}]}<\/script>\n<!-- \/ Yoast SEO plugin. -->","yoast_head_json":{"title":"Leggings de yoga imprim\u00e9 camouflage pour femmes avec empi\u00e8cements en maille sexy. Pantalons de yoga tendance. Fabricants de maillots de bain - Votre fournisseur fiable de maillots de bain.","description":"UNIJOY SWIMWEAR Co., Ltd est un fabricant chinois de leggings \u00e0 imprim\u00e9 camouflage pour femmes, avec des empi\u00e8cements en maille sexy et des pantalons de yoga tendance. Nous nous engageons \u00e0 fournir des v\u00eatements de yoga de haute qualit\u00e9 pour femmes. N&#039;h\u00e9sitez pas \u00e0 nous contacter\u00a0!","robots":{"index":"index","follow":"follow","max-snippet":"max-snippet:-1","max-image-preview":"max-image-preview:large","max-video-preview":"max-video-preview:-1"},"canonical":"https:\/\/www.unijoyswimwear.com\/fr\/leggings-a-imprime-camouflage-pour-femmes-avec-patchs-en-maille-sexy-pantalons-de-yoga-tendance_p906-html","og_locale":"fr_FR","og_type":"article","og_title":"Camo Printing Leggings Yoga Wear For Women With Sexy Mesh Patches Fashionable Yoga Pants Swimwear Manufacturers - Your Reliable Swimsuit Supplier","og_description":"UNIJOY SWIMWEAR Co.,Ltd is a manufacturer of Camo Printing Leggings For Women With Sexy Mesh Patches Fashionable Yoga Pants in China,We are committed to providing high quality yoga wear for women. We sincerely welcome your inquiries!","og_url":"https:\/\/www.unijoyswimwear.com\/fr\/leggings-a-imprime-camouflage-pour-femmes-avec-patchs-en-maille-sexy-pantalons-de-yoga-tendance_p906-html","og_site_name":"Unijoy Reliable Swimwear &amp; Activewear Manufacturer","article_modified_time":"2022-09-06T08:15:34+00:00","twitter_card":"summary_large_image","schema":{"@context":"https:\/\/schema.org","@graph":[{"@type":"WebPage","@id":"https:\/\/www.unijoyswimwear.com\/camo-printing-leggings-for-women-with-sexy-mesh-patches-fashionable-yoga-pants_p906.html","url":"https:\/\/www.unijoyswimwear.com\/camo-printing-leggings-for-women-with-sexy-mesh-patches-fashionable-yoga-pants_p906.html","name":"Leggings de yoga imprim\u00e9 camouflage pour femmes avec empi\u00e8cements en maille sexy. Pantalons de yoga tendance. Fabricants de maillots de bain - Votre fournisseur fiable de maillots de bain.","isPartOf":{"@id":"https:\/\/www.unijoyswimwear.com\/#website"},"datePublished":"2022-07-26T03:56:02+00:00","dateModified":"2022-09-06T08:15:34+00:00","description":"UNIJOY SWIMWEAR Co., Ltd est un fabricant chinois de leggings \u00e0 imprim\u00e9 camouflage pour femmes, avec des empi\u00e8cements en maille sexy et des pantalons de yoga tendance. Nous nous engageons \u00e0 fournir des v\u00eatements de yoga de haute qualit\u00e9 pour femmes. N&#039;h\u00e9sitez pas \u00e0 nous contacter\u00a0!","breadcrumb":{"@id":"https:\/\/www.unijoyswimwear.com\/camo-printing-leggings-for-women-with-sexy-mesh-patches-fashionable-yoga-pants_p906.html#breadcrumb"},"inLanguage":"fr-FR","potentialAction":[{"@type":"ReadAction","target":["https:\/\/www.unijoyswimwear.com\/camo-printing-leggings-for-women-with-sexy-mesh-patches-fashionable-yoga-pants_p906.html"]}]},{"@type":"BreadcrumbList","@id":"https:\/\/www.unijoyswimwear.com\/camo-printing-leggings-for-women-with-sexy-mesh-patches-fashionable-yoga-pants_p906.html#breadcrumb","itemListElement":[{"@type":"ListItem","position":1,"name":"Home","item":"https:\/\/www.unijoyswimwear.com\/"},{"@type":"ListItem","position":2,"name":"Active Wear Manufacturer","item":"https:\/\/www.unijoyswimwear.com\/active-wear-manufacturer\/"},{"@type":"ListItem","position":3,"name":"Legging","item":"https:\/\/www.unijoyswimwear.com\/legging_c41\/"},{"@type":"ListItem","position":4,"name":"Camo Printing Leggings For Women With Sexy Mesh Patches Fashionable Yoga Pants"}]},{"@type":"WebSite","@id":"https:\/\/www.unijoyswimwear.com\/#website","url":"https:\/\/www.unijoyswimwear.com\/","name":"Unijoy, fabricant fiable de maillots de bain et de v\u00eatements de sport","description":"","publisher":{"@id":"https:\/\/www.unijoyswimwear.com\/#organization"},"potentialAction":[{"@type":"SearchAction","target":{"@type":"EntryPoint","urlTemplate":"https:\/\/www.unijoyswimwear.com\/?s={search_term_string}"},"query-input":{"@type":"PropertyValueSpecification","valueRequired":true,"valueName":"search_term_string"}}],"inLanguage":"fr-FR"},{"@type":"Organization","@id":"https:\/\/www.unijoyswimwear.com\/#organization","name":"Unijoy Swimwear","url":"https:\/\/www.unijoyswimwear.com\/","logo":{"@type":"ImageObject","inLanguage":"fr-FR","@id":"https:\/\/www.unijoyswimwear.com\/#\/schema\/logo\/image\/","url":"https:\/\/www.unijoyswimwear.com\/wp-content\/uploads\/2022\/05\/unijoy-logo.png","contentUrl":"https:\/\/www.unijoyswimwear.com\/wp-content\/uploads\/2022\/05\/unijoy-logo.png","width":268,"height":47,"caption":"Unijoy Swimwear"},"image":{"@id":"https:\/\/www.unijoyswimwear.com\/#\/schema\/logo\/image\/"}}]}},"_links":{"self":[{"href":"https:\/\/www.unijoyswimwear.com\/fr\/wp-json\/wp\/v2\/pages\/9965","targetHints":{"allow":["GET"]}}],"collection":[{"href":"https:\/\/www.unijoyswimwear.com\/fr\/wp-json\/wp\/v2\/pages"}],"about":[{"href":"https:\/\/www.unijoyswimwear.com\/fr\/wp-json\/wp\/v2\/types\/page"}],"author":[{"embeddable":true,"href":"https:\/\/www.unijoyswimwear.com\/fr\/wp-json\/wp\/v2\/users\/1"}],"replies":[{"embeddable":true,"href":"https:\/\/www.unijoyswimwear.com\/fr\/wp-json\/wp\/v2\/comments?post=9965"}],"version-history":[{"count":0,"href":"https:\/\/www.unijoyswimwear.com\/fr\/wp-json\/wp\/v2\/pages\/9965\/revisions"}],"up":[{"embeddable":true,"href":"https:\/\/www.unijoyswimwear.com\/fr\/wp-json\/wp\/v2\/pages\/5929"}],"wp:attachment":[{"href":"https:\/\/www.unijoyswimwear.com\/fr\/wp-json\/wp\/v2\/media?parent=9965"}],"curies":[{"name":"wp","href":"https:\/\/api.w.org\/{rel}","templated":true}]}}