{"id":7725,"date":"2022-07-11T08:12:57","date_gmt":"2022-07-11T08:12:57","guid":{"rendered":"https:\/\/www.unijoyswimwear.com\/?page_id=7725"},"modified":"2022-09-01T06:45:12","modified_gmt":"2022-09-01T06:45:12","slug":"contrast-twist-bandeau-bikini-with-twist-front-bikini-top-and-high-rise-briefs-from-best-swimwear-companies","status":"publish","type":"page","link":"https:\/\/www.unijoyswimwear.com\/fr\/bikini-bandeau-contraste-avec-haut-torsade-devant-et-culotte-taille-haute-des-meilleures-marques-de-maillots-de-bain_p872-html","title":{"rendered":"Bikini bandeau contrast\u00e9 avec haut torsad\u00e9 sur le devant et culotte taille haute, des meilleures marques de maillots de bain"},"content":{"rendered":"","protected":false},"excerpt":{"rendered":"","protected":false},"author":1,"featured_media":0,"parent":5868,"menu_order":0,"comment_status":"closed","ping_status":"closed","template":"product-details7.php","meta":{"_acf_changed":false,"site-sidebar-layout":"no-sidebar","site-content-layout":"page-builder","ast-site-content-layout":"default","site-content-style":"default","site-sidebar-style":"default","ast-global-header-display":"","ast-banner-title-visibility":"","ast-main-header-display":"","ast-hfb-above-header-display":"","ast-hfb-below-header-display":"","ast-hfb-mobile-header-display":"","site-post-title":"disabled","ast-breadcrumbs-content":"disabled","ast-featured-img":"disabled","footer-sml-layout":"","ast-disable-related-posts":"","theme-transparent-header-meta":"default","adv-header-id-meta":"","stick-header-meta":"default","header-above-stick-meta":"","header-main-stick-meta":"","header-below-stick-meta":"","astra-migrate-meta-layouts":"default","ast-page-background-enabled":"default","ast-page-background-meta":{"desktop":{"background-color":"","background-image":"","background-repeat":"repeat","background-position":"center center","background-size":"auto","background-attachment":"scroll","background-type":"","background-media":"","overlay-type":"","overlay-color":"","overlay-opacity":"","overlay-gradient":""},"tablet":{"background-color":"","background-image":"","background-repeat":"repeat","background-position":"center center","background-size":"auto","background-attachment":"scroll","background-type":"","background-media":"","overlay-type":"","overlay-color":"","overlay-opacity":"","overlay-gradient":""},"mobile":{"background-color":"","background-image":"","background-repeat":"repeat","background-position":"center center","background-size":"auto","background-attachment":"scroll","background-type":"","background-media":"","overlay-type":"","overlay-color":"","overlay-opacity":"","overlay-gradient":""}},"ast-content-background-meta":{"desktop":{"background-color":"var(--ast-global-color-5)","background-image":"","background-repeat":"repeat","background-position":"center center","background-size":"auto","background-attachment":"scroll","background-type":"","background-media":"","overlay-type":"","overlay-color":"","overlay-opacity":"","overlay-gradient":""},"tablet":{"background-color":"var(--ast-global-color-5)","background-image":"","background-repeat":"repeat","background-position":"center center","background-size":"auto","background-attachment":"scroll","background-type":"","background-media":"","overlay-type":"","overlay-color":"","overlay-opacity":"","overlay-gradient":""},"mobile":{"background-color":"var(--ast-global-color-5)","background-image":"","background-repeat":"repeat","background-position":"center center","background-size":"auto","background-attachment":"scroll","background-type":"","background-media":"","overlay-type":"","overlay-color":"","overlay-opacity":"","overlay-gradient":""}},"footnotes":""},"class_list":["post-7725","page","type-page","status-publish","hentry"],"acf":[],"yoast_head":"<!-- This site is optimized with the Yoast SEO plugin v27.4 - https:\/\/yoast.com\/product\/yoast-seo-wordpress\/ -->\n<title>Contrast Twist Bandeau Bikini With Twist Front Bikini Top And High Rise Briefs From Best Swimwear Companies<\/title>\n<meta name=\"description\" content=\"UNIJOY SWIMWEAR Co.,Ltd is a manufacturer of Contrast Twist Bandeau Bikini With Twist Front Bikini Top And High Rise Briefs From Best Swimwear Companies in China,We are committed to providing high quality Twist Bandeau Bikini. We sincerely welcome your inquiries!\" \/>\n<meta name=\"robots\" content=\"index, follow, max-snippet:-1, max-image-preview:large, max-video-preview:-1\" \/>\n<link rel=\"canonical\" href=\"https:\/\/www.unijoyswimwear.com\/fr\/bikini-bandeau-contraste-avec-haut-torsade-devant-et-culotte-taille-haute-des-meilleures-marques-de-maillots-de-bain_p872-html\" \/>\n<meta property=\"og:locale\" content=\"fr_FR\" \/>\n<meta property=\"og:type\" content=\"article\" \/>\n<meta property=\"og:title\" content=\"Contrast Twist Bandeau Bikini With Twist Front Bikini Top And High Rise Briefs From Best Swimwear Companies\" \/>\n<meta property=\"og:description\" content=\"UNIJOY SWIMWEAR Co.,Ltd is a manufacturer of Contrast Twist Bandeau Bikini With Twist Front Bikini Top And High Rise Briefs From Best Swimwear Companies in China,We are committed to providing high quality Twist Bandeau Bikini. We sincerely welcome your inquiries!\" \/>\n<meta property=\"og:url\" content=\"https:\/\/www.unijoyswimwear.com\/fr\/bikini-bandeau-contraste-avec-haut-torsade-devant-et-culotte-taille-haute-des-meilleures-marques-de-maillots-de-bain_p872-html\" \/>\n<meta property=\"og:site_name\" content=\"Unijoy Reliable Swimwear &amp; Activewear Manufacturer\" \/>\n<meta property=\"article:modified_time\" content=\"2022-09-01T06:45:12+00:00\" \/>\n<meta name=\"twitter:card\" content=\"summary_large_image\" \/>\n<script type=\"application\/ld+json\" class=\"yoast-schema-graph\">{\"@context\":\"https:\\\/\\\/schema.org\",\"@graph\":[{\"@type\":\"WebPage\",\"@id\":\"https:\\\/\\\/www.unijoyswimwear.com\\\/contrast-twist-bandeau-bikini-with-twist-front-bikini-top-and-high-rise-briefs-from-best-swimwear-companies_p872.html\",\"url\":\"https:\\\/\\\/www.unijoyswimwear.com\\\/contrast-twist-bandeau-bikini-with-twist-front-bikini-top-and-high-rise-briefs-from-best-swimwear-companies_p872.html\",\"name\":\"Contrast Twist Bandeau Bikini With Twist Front Bikini Top And High Rise Briefs From Best Swimwear Companies\",\"isPartOf\":{\"@id\":\"https:\\\/\\\/www.unijoyswimwear.com\\\/#website\"},\"datePublished\":\"2022-07-11T08:12:57+00:00\",\"dateModified\":\"2022-09-01T06:45:12+00:00\",\"description\":\"UNIJOY SWIMWEAR Co.,Ltd is a manufacturer of Contrast Twist Bandeau Bikini With Twist Front Bikini Top And High Rise Briefs From Best Swimwear Companies in China,We are committed to providing high quality Twist Bandeau Bikini. We sincerely welcome your inquiries!\",\"breadcrumb\":{\"@id\":\"https:\\\/\\\/www.unijoyswimwear.com\\\/contrast-twist-bandeau-bikini-with-twist-front-bikini-top-and-high-rise-briefs-from-best-swimwear-companies_p872.html#breadcrumb\"},\"inLanguage\":\"fr-FR\",\"potentialAction\":[{\"@type\":\"ReadAction\",\"target\":[\"https:\\\/\\\/www.unijoyswimwear.com\\\/contrast-twist-bandeau-bikini-with-twist-front-bikini-top-and-high-rise-briefs-from-best-swimwear-companies_p872.html\"]}]},{\"@type\":\"BreadcrumbList\",\"@id\":\"https:\\\/\\\/www.unijoyswimwear.com\\\/contrast-twist-bandeau-bikini-with-twist-front-bikini-top-and-high-rise-briefs-from-best-swimwear-companies_p872.html#breadcrumb\",\"itemListElement\":[{\"@type\":\"ListItem\",\"position\":1,\"name\":\"Home\",\"item\":\"https:\\\/\\\/www.unijoyswimwear.com\\\/\"},{\"@type\":\"ListItem\",\"position\":2,\"name\":\"Women&#8217;s Swimsuits\",\"item\":\"https:\\\/\\\/www.unijoyswimwear.com\\\/women-s-swimsuits_c2\\\/\"},{\"@type\":\"ListItem\",\"position\":3,\"name\":\"Women&#8217;s Bikinis\",\"item\":\"https:\\\/\\\/www.unijoyswimwear.com\\\/women-s-bikinis_c6\\\/\"},{\"@type\":\"ListItem\",\"position\":4,\"name\":\"Contrast Twist Bandeau Bikini With Twist Front Bikini Top And High Rise Briefs From Best Swimwear Companies\"}]},{\"@type\":\"WebSite\",\"@id\":\"https:\\\/\\\/www.unijoyswimwear.com\\\/#website\",\"url\":\"https:\\\/\\\/www.unijoyswimwear.com\\\/\",\"name\":\"Unijoy Reliable Swimwear &amp; Activewear Manufacturer\",\"description\":\"\",\"publisher\":{\"@id\":\"https:\\\/\\\/www.unijoyswimwear.com\\\/#organization\"},\"potentialAction\":[{\"@type\":\"SearchAction\",\"target\":{\"@type\":\"EntryPoint\",\"urlTemplate\":\"https:\\\/\\\/www.unijoyswimwear.com\\\/?s={search_term_string}\"},\"query-input\":{\"@type\":\"PropertyValueSpecification\",\"valueRequired\":true,\"valueName\":\"search_term_string\"}}],\"inLanguage\":\"fr-FR\"},{\"@type\":\"Organization\",\"@id\":\"https:\\\/\\\/www.unijoyswimwear.com\\\/#organization\",\"name\":\"Unijoy Swimwear\",\"url\":\"https:\\\/\\\/www.unijoyswimwear.com\\\/\",\"logo\":{\"@type\":\"ImageObject\",\"inLanguage\":\"fr-FR\",\"@id\":\"https:\\\/\\\/www.unijoyswimwear.com\\\/#\\\/schema\\\/logo\\\/image\\\/\",\"url\":\"https:\\\/\\\/www.unijoyswimwear.com\\\/wp-content\\\/uploads\\\/2022\\\/05\\\/unijoy-logo.png\",\"contentUrl\":\"https:\\\/\\\/www.unijoyswimwear.com\\\/wp-content\\\/uploads\\\/2022\\\/05\\\/unijoy-logo.png\",\"width\":268,\"height\":47,\"caption\":\"Unijoy Swimwear\"},\"image\":{\"@id\":\"https:\\\/\\\/www.unijoyswimwear.com\\\/#\\\/schema\\\/logo\\\/image\\\/\"}}]}<\/script>\n<!-- \/ Yoast SEO plugin. -->","yoast_head_json":{"title":"Bikini bandeau contrast\u00e9 avec haut torsad\u00e9 sur le devant et culotte taille haute, des meilleures marques de maillots de bain","description":"UNIJOY SWIMWEAR Co., Ltd est un fabricant de bikinis bandeau torsad\u00e9s contrast\u00e9s, avec haut torsad\u00e9 sur le devant et culotte taille haute, issus des meilleures marques de maillots de bain chinoises. Nous nous engageons \u00e0 fournir des bikinis bandeau torsad\u00e9s de haute qualit\u00e9. N&#039;h\u00e9sitez pas \u00e0 nous contacter\u00a0!","robots":{"index":"index","follow":"follow","max-snippet":"max-snippet:-1","max-image-preview":"max-image-preview:large","max-video-preview":"max-video-preview:-1"},"canonical":"https:\/\/www.unijoyswimwear.com\/fr\/bikini-bandeau-contraste-avec-haut-torsade-devant-et-culotte-taille-haute-des-meilleures-marques-de-maillots-de-bain_p872-html","og_locale":"fr_FR","og_type":"article","og_title":"Contrast Twist Bandeau Bikini With Twist Front Bikini Top And High Rise Briefs From Best Swimwear Companies","og_description":"UNIJOY SWIMWEAR Co.,Ltd is a manufacturer of Contrast Twist Bandeau Bikini With Twist Front Bikini Top And High Rise Briefs From Best Swimwear Companies in China,We are committed to providing high quality Twist Bandeau Bikini. We sincerely welcome your inquiries!","og_url":"https:\/\/www.unijoyswimwear.com\/fr\/bikini-bandeau-contraste-avec-haut-torsade-devant-et-culotte-taille-haute-des-meilleures-marques-de-maillots-de-bain_p872-html","og_site_name":"Unijoy Reliable Swimwear &amp; Activewear Manufacturer","article_modified_time":"2022-09-01T06:45:12+00:00","twitter_card":"summary_large_image","schema":{"@context":"https:\/\/schema.org","@graph":[{"@type":"WebPage","@id":"https:\/\/www.unijoyswimwear.com\/contrast-twist-bandeau-bikini-with-twist-front-bikini-top-and-high-rise-briefs-from-best-swimwear-companies_p872.html","url":"https:\/\/www.unijoyswimwear.com\/contrast-twist-bandeau-bikini-with-twist-front-bikini-top-and-high-rise-briefs-from-best-swimwear-companies_p872.html","name":"Bikini bandeau contrast\u00e9 avec haut torsad\u00e9 sur le devant et culotte taille haute, des meilleures marques de maillots de bain","isPartOf":{"@id":"https:\/\/www.unijoyswimwear.com\/#website"},"datePublished":"2022-07-11T08:12:57+00:00","dateModified":"2022-09-01T06:45:12+00:00","description":"UNIJOY SWIMWEAR Co., Ltd est un fabricant de bikinis bandeau torsad\u00e9s contrast\u00e9s, avec haut torsad\u00e9 sur le devant et culotte taille haute, issus des meilleures marques de maillots de bain chinoises. Nous nous engageons \u00e0 fournir des bikinis bandeau torsad\u00e9s de haute qualit\u00e9. N&#039;h\u00e9sitez pas \u00e0 nous contacter\u00a0!","breadcrumb":{"@id":"https:\/\/www.unijoyswimwear.com\/contrast-twist-bandeau-bikini-with-twist-front-bikini-top-and-high-rise-briefs-from-best-swimwear-companies_p872.html#breadcrumb"},"inLanguage":"fr-FR","potentialAction":[{"@type":"ReadAction","target":["https:\/\/www.unijoyswimwear.com\/contrast-twist-bandeau-bikini-with-twist-front-bikini-top-and-high-rise-briefs-from-best-swimwear-companies_p872.html"]}]},{"@type":"BreadcrumbList","@id":"https:\/\/www.unijoyswimwear.com\/contrast-twist-bandeau-bikini-with-twist-front-bikini-top-and-high-rise-briefs-from-best-swimwear-companies_p872.html#breadcrumb","itemListElement":[{"@type":"ListItem","position":1,"name":"Home","item":"https:\/\/www.unijoyswimwear.com\/"},{"@type":"ListItem","position":2,"name":"Women&#8217;s Swimsuits","item":"https:\/\/www.unijoyswimwear.com\/women-s-swimsuits_c2\/"},{"@type":"ListItem","position":3,"name":"Women&#8217;s Bikinis","item":"https:\/\/www.unijoyswimwear.com\/women-s-bikinis_c6\/"},{"@type":"ListItem","position":4,"name":"Contrast Twist Bandeau Bikini With Twist Front Bikini Top And High Rise Briefs From Best Swimwear Companies"}]},{"@type":"WebSite","@id":"https:\/\/www.unijoyswimwear.com\/#website","url":"https:\/\/www.unijoyswimwear.com\/","name":"Unijoy, fabricant fiable de maillots de bain et de v\u00eatements de sport","description":"","publisher":{"@id":"https:\/\/www.unijoyswimwear.com\/#organization"},"potentialAction":[{"@type":"SearchAction","target":{"@type":"EntryPoint","urlTemplate":"https:\/\/www.unijoyswimwear.com\/?s={search_term_string}"},"query-input":{"@type":"PropertyValueSpecification","valueRequired":true,"valueName":"search_term_string"}}],"inLanguage":"fr-FR"},{"@type":"Organization","@id":"https:\/\/www.unijoyswimwear.com\/#organization","name":"Unijoy Swimwear","url":"https:\/\/www.unijoyswimwear.com\/","logo":{"@type":"ImageObject","inLanguage":"fr-FR","@id":"https:\/\/www.unijoyswimwear.com\/#\/schema\/logo\/image\/","url":"https:\/\/www.unijoyswimwear.com\/wp-content\/uploads\/2022\/05\/unijoy-logo.png","contentUrl":"https:\/\/www.unijoyswimwear.com\/wp-content\/uploads\/2022\/05\/unijoy-logo.png","width":268,"height":47,"caption":"Unijoy Swimwear"},"image":{"@id":"https:\/\/www.unijoyswimwear.com\/#\/schema\/logo\/image\/"}}]}},"_links":{"self":[{"href":"https:\/\/www.unijoyswimwear.com\/fr\/wp-json\/wp\/v2\/pages\/7725","targetHints":{"allow":["GET"]}}],"collection":[{"href":"https:\/\/www.unijoyswimwear.com\/fr\/wp-json\/wp\/v2\/pages"}],"about":[{"href":"https:\/\/www.unijoyswimwear.com\/fr\/wp-json\/wp\/v2\/types\/page"}],"author":[{"embeddable":true,"href":"https:\/\/www.unijoyswimwear.com\/fr\/wp-json\/wp\/v2\/users\/1"}],"replies":[{"embeddable":true,"href":"https:\/\/www.unijoyswimwear.com\/fr\/wp-json\/wp\/v2\/comments?post=7725"}],"version-history":[{"count":0,"href":"https:\/\/www.unijoyswimwear.com\/fr\/wp-json\/wp\/v2\/pages\/7725\/revisions"}],"up":[{"embeddable":true,"href":"https:\/\/www.unijoyswimwear.com\/fr\/wp-json\/wp\/v2\/pages\/5868"}],"wp:attachment":[{"href":"https:\/\/www.unijoyswimwear.com\/fr\/wp-json\/wp\/v2\/media?parent=7725"}],"curies":[{"name":"wp","href":"https:\/\/api.w.org\/{rel}","templated":true}]}}