{"id":7069,"date":"2022-07-05T06:31:39","date_gmt":"2022-07-05T06:31:39","guid":{"rendered":"https:\/\/www.unijoyswimwear.com\/?page_id=7069"},"modified":"2022-09-05T06:17:11","modified_gmt":"2022-09-05T06:17:11","slug":"smart-lion-blue-rash-guard-swim-trunks","status":"publish","type":"page","link":"https:\/\/www.unijoyswimwear.com\/fr\/maillot-de-bain-rashguard-bleu-smart-lion_p72-html","title":{"rendered":"Maillot de bain et rashguard bleu Smart Lion"},"content":{"rendered":"","protected":false},"excerpt":{"rendered":"","protected":false},"author":1,"featured_media":0,"parent":5951,"menu_order":0,"comment_status":"closed","ping_status":"closed","template":"product-details7.php","meta":{"_acf_changed":false,"site-sidebar-layout":"no-sidebar","site-content-layout":"page-builder","ast-site-content-layout":"default","site-content-style":"default","site-sidebar-style":"default","ast-global-header-display":"","ast-banner-title-visibility":"","ast-main-header-display":"","ast-hfb-above-header-display":"","ast-hfb-below-header-display":"","ast-hfb-mobile-header-display":"","site-post-title":"disabled","ast-breadcrumbs-content":"disabled","ast-featured-img":"disabled","footer-sml-layout":"","ast-disable-related-posts":"","theme-transparent-header-meta":"default","adv-header-id-meta":"","stick-header-meta":"default","header-above-stick-meta":"","header-main-stick-meta":"","header-below-stick-meta":"","astra-migrate-meta-layouts":"default","ast-page-background-enabled":"default","ast-page-background-meta":{"desktop":{"background-color":"","background-image":"","background-repeat":"repeat","background-position":"center center","background-size":"auto","background-attachment":"scroll","background-type":"","background-media":"","overlay-type":"","overlay-color":"","overlay-opacity":"","overlay-gradient":""},"tablet":{"background-color":"","background-image":"","background-repeat":"repeat","background-position":"center center","background-size":"auto","background-attachment":"scroll","background-type":"","background-media":"","overlay-type":"","overlay-color":"","overlay-opacity":"","overlay-gradient":""},"mobile":{"background-color":"","background-image":"","background-repeat":"repeat","background-position":"center center","background-size":"auto","background-attachment":"scroll","background-type":"","background-media":"","overlay-type":"","overlay-color":"","overlay-opacity":"","overlay-gradient":""}},"ast-content-background-meta":{"desktop":{"background-color":"var(--ast-global-color-5)","background-image":"","background-repeat":"repeat","background-position":"center center","background-size":"auto","background-attachment":"scroll","background-type":"","background-media":"","overlay-type":"","overlay-color":"","overlay-opacity":"","overlay-gradient":""},"tablet":{"background-color":"var(--ast-global-color-5)","background-image":"","background-repeat":"repeat","background-position":"center center","background-size":"auto","background-attachment":"scroll","background-type":"","background-media":"","overlay-type":"","overlay-color":"","overlay-opacity":"","overlay-gradient":""},"mobile":{"background-color":"var(--ast-global-color-5)","background-image":"","background-repeat":"repeat","background-position":"center center","background-size":"auto","background-attachment":"scroll","background-type":"","background-media":"","overlay-type":"","overlay-color":"","overlay-opacity":"","overlay-gradient":""}},"footnotes":""},"class_list":["post-7069","page","type-page","status-publish","hentry"],"acf":[],"yoast_head":"<!-- This site is optimized with the Yoast SEO plugin v27.4 - https:\/\/yoast.com\/product\/yoast-seo-wordpress\/ -->\n<title>UNIJOY SWIMWEAR Co.,Ltd is a manufacturer of Smart Lion Blue Rash Guard &amp; Swim Trunks in China,We are committed to providing high quality boys rash guard set. We sincerely welcome your inquiries!<\/title>\n<meta name=\"description\" content=\"Rash guard swimwear China factory Since 2008, cheap Price with low MOQ. Custom design, quality committed, fabric as request, low cost. Apply Free Samples Now!\" \/>\n<meta name=\"robots\" content=\"index, follow, max-snippet:-1, max-image-preview:large, max-video-preview:-1\" \/>\n<link rel=\"canonical\" href=\"https:\/\/www.unijoyswimwear.com\/fr\/maillot-de-bain-rashguard-bleu-smart-lion_p72-html\" \/>\n<meta property=\"og:locale\" content=\"fr_FR\" \/>\n<meta property=\"og:type\" content=\"article\" \/>\n<meta property=\"og:title\" content=\"UNIJOY SWIMWEAR Co.,Ltd is a manufacturer of Smart Lion Blue Rash Guard &amp; Swim Trunks in China,We are committed to providing high quality boys rash guard set. We sincerely welcome your inquiries!\" \/>\n<meta property=\"og:description\" content=\"Rash guard swimwear China factory Since 2008, cheap Price with low MOQ. Custom design, quality committed, fabric as request, low cost. Apply Free Samples Now!\" \/>\n<meta property=\"og:url\" content=\"https:\/\/www.unijoyswimwear.com\/fr\/maillot-de-bain-rashguard-bleu-smart-lion_p72-html\" \/>\n<meta property=\"og:site_name\" content=\"Unijoy Reliable Swimwear &amp; Activewear Manufacturer\" \/>\n<meta property=\"article:modified_time\" content=\"2022-09-05T06:17:11+00:00\" \/>\n<meta name=\"twitter:card\" content=\"summary_large_image\" \/>\n<script type=\"application\/ld+json\" class=\"yoast-schema-graph\">{\"@context\":\"https:\\\/\\\/schema.org\",\"@graph\":[{\"@type\":\"WebPage\",\"@id\":\"https:\\\/\\\/www.unijoyswimwear.com\\\/smart-lion-blue-rash-guard-swim-trunks_p72.html\",\"url\":\"https:\\\/\\\/www.unijoyswimwear.com\\\/smart-lion-blue-rash-guard-swim-trunks_p72.html\",\"name\":\"UNIJOY SWIMWEAR Co.,Ltd is a manufacturer of Smart Lion Blue Rash Guard & Swim Trunks in China,We are committed to providing high quality boys rash guard set. We sincerely welcome your inquiries!\",\"isPartOf\":{\"@id\":\"https:\\\/\\\/www.unijoyswimwear.com\\\/#website\"},\"datePublished\":\"2022-07-05T06:31:39+00:00\",\"dateModified\":\"2022-09-05T06:17:11+00:00\",\"description\":\"Rash guard swimwear China factory Since 2008, cheap Price with low MOQ. Custom design, quality committed, fabric as request, low cost. Apply Free Samples Now!\",\"breadcrumb\":{\"@id\":\"https:\\\/\\\/www.unijoyswimwear.com\\\/smart-lion-blue-rash-guard-swim-trunks_p72.html#breadcrumb\"},\"inLanguage\":\"fr-FR\",\"potentialAction\":[{\"@type\":\"ReadAction\",\"target\":[\"https:\\\/\\\/www.unijoyswimwear.com\\\/smart-lion-blue-rash-guard-swim-trunks_p72.html\"]}]},{\"@type\":\"BreadcrumbList\",\"@id\":\"https:\\\/\\\/www.unijoyswimwear.com\\\/smart-lion-blue-rash-guard-swim-trunks_p72.html#breadcrumb\",\"itemListElement\":[{\"@type\":\"ListItem\",\"position\":1,\"name\":\"Home\",\"item\":\"https:\\\/\\\/www.unijoyswimwear.com\\\/\"},{\"@type\":\"ListItem\",\"position\":2,\"name\":\"Boys Swimwear\",\"item\":\"https:\\\/\\\/www.unijoyswimwear.com\\\/boys-swimwear_c1\\\/\"},{\"@type\":\"ListItem\",\"position\":3,\"name\":\"Boys Rash Guards\",\"item\":\"https:\\\/\\\/www.unijoyswimwear.com\\\/boys-rash-guards_c16\\\/\"},{\"@type\":\"ListItem\",\"position\":4,\"name\":\"Smart Lion Blue Rash Guard &#038; Swim Trunks\"}]},{\"@type\":\"WebSite\",\"@id\":\"https:\\\/\\\/www.unijoyswimwear.com\\\/#website\",\"url\":\"https:\\\/\\\/www.unijoyswimwear.com\\\/\",\"name\":\"Unijoy Reliable Swimwear &amp; Activewear Manufacturer\",\"description\":\"\",\"publisher\":{\"@id\":\"https:\\\/\\\/www.unijoyswimwear.com\\\/#organization\"},\"potentialAction\":[{\"@type\":\"SearchAction\",\"target\":{\"@type\":\"EntryPoint\",\"urlTemplate\":\"https:\\\/\\\/www.unijoyswimwear.com\\\/?s={search_term_string}\"},\"query-input\":{\"@type\":\"PropertyValueSpecification\",\"valueRequired\":true,\"valueName\":\"search_term_string\"}}],\"inLanguage\":\"fr-FR\"},{\"@type\":\"Organization\",\"@id\":\"https:\\\/\\\/www.unijoyswimwear.com\\\/#organization\",\"name\":\"Unijoy Swimwear\",\"url\":\"https:\\\/\\\/www.unijoyswimwear.com\\\/\",\"logo\":{\"@type\":\"ImageObject\",\"inLanguage\":\"fr-FR\",\"@id\":\"https:\\\/\\\/www.unijoyswimwear.com\\\/#\\\/schema\\\/logo\\\/image\\\/\",\"url\":\"https:\\\/\\\/www.unijoyswimwear.com\\\/wp-content\\\/uploads\\\/2022\\\/05\\\/unijoy-logo.png\",\"contentUrl\":\"https:\\\/\\\/www.unijoyswimwear.com\\\/wp-content\\\/uploads\\\/2022\\\/05\\\/unijoy-logo.png\",\"width\":268,\"height\":47,\"caption\":\"Unijoy Swimwear\"},\"image\":{\"@id\":\"https:\\\/\\\/www.unijoyswimwear.com\\\/#\\\/schema\\\/logo\\\/image\\\/\"}}]}<\/script>\n<!-- \/ Yoast SEO plugin. -->","yoast_head_json":{"title":"UNIJOY SWIMWEAR Co., Ltd est un fabricant chinois de rashguards et de maillots de bain Smart Lion Blue. Nous nous engageons \u00e0 fournir des rashguards de haute qualit\u00e9 pour gar\u00e7ons. N&#039;h\u00e9sitez pas \u00e0 nous contacter\u00a0!","description":"Maillots de bain rashguard fabriqu\u00e9s en Chine depuis 2008, \u00e0 prix abordables et avec un minimum de commande minimal. Conception sur mesure, engagement qualit\u00e9, tissu sur demande, faible co\u00fbt. Demandez des \u00e9chantillons gratuits d\u00e8s maintenant\u00a0!","robots":{"index":"index","follow":"follow","max-snippet":"max-snippet:-1","max-image-preview":"max-image-preview:large","max-video-preview":"max-video-preview:-1"},"canonical":"https:\/\/www.unijoyswimwear.com\/fr\/maillot-de-bain-rashguard-bleu-smart-lion_p72-html","og_locale":"fr_FR","og_type":"article","og_title":"UNIJOY SWIMWEAR Co.,Ltd is a manufacturer of Smart Lion Blue Rash Guard & Swim Trunks in China,We are committed to providing high quality boys rash guard set. We sincerely welcome your inquiries!","og_description":"Rash guard swimwear China factory Since 2008, cheap Price with low MOQ. Custom design, quality committed, fabric as request, low cost. Apply Free Samples Now!","og_url":"https:\/\/www.unijoyswimwear.com\/fr\/maillot-de-bain-rashguard-bleu-smart-lion_p72-html","og_site_name":"Unijoy Reliable Swimwear &amp; Activewear Manufacturer","article_modified_time":"2022-09-05T06:17:11+00:00","twitter_card":"summary_large_image","schema":{"@context":"https:\/\/schema.org","@graph":[{"@type":"WebPage","@id":"https:\/\/www.unijoyswimwear.com\/smart-lion-blue-rash-guard-swim-trunks_p72.html","url":"https:\/\/www.unijoyswimwear.com\/smart-lion-blue-rash-guard-swim-trunks_p72.html","name":"UNIJOY SWIMWEAR Co., Ltd est un fabricant chinois de rashguards et de maillots de bain Smart Lion Blue. Nous nous engageons \u00e0 fournir des rashguards de haute qualit\u00e9 pour gar\u00e7ons. N&#039;h\u00e9sitez pas \u00e0 nous contacter\u00a0!","isPartOf":{"@id":"https:\/\/www.unijoyswimwear.com\/#website"},"datePublished":"2022-07-05T06:31:39+00:00","dateModified":"2022-09-05T06:17:11+00:00","description":"Maillots de bain rashguard fabriqu\u00e9s en Chine depuis 2008, \u00e0 prix abordables et avec un minimum de commande minimal. Conception sur mesure, engagement qualit\u00e9, tissu sur demande, faible co\u00fbt. Demandez des \u00e9chantillons gratuits d\u00e8s maintenant\u00a0!","breadcrumb":{"@id":"https:\/\/www.unijoyswimwear.com\/smart-lion-blue-rash-guard-swim-trunks_p72.html#breadcrumb"},"inLanguage":"fr-FR","potentialAction":[{"@type":"ReadAction","target":["https:\/\/www.unijoyswimwear.com\/smart-lion-blue-rash-guard-swim-trunks_p72.html"]}]},{"@type":"BreadcrumbList","@id":"https:\/\/www.unijoyswimwear.com\/smart-lion-blue-rash-guard-swim-trunks_p72.html#breadcrumb","itemListElement":[{"@type":"ListItem","position":1,"name":"Home","item":"https:\/\/www.unijoyswimwear.com\/"},{"@type":"ListItem","position":2,"name":"Boys Swimwear","item":"https:\/\/www.unijoyswimwear.com\/boys-swimwear_c1\/"},{"@type":"ListItem","position":3,"name":"Boys Rash Guards","item":"https:\/\/www.unijoyswimwear.com\/boys-rash-guards_c16\/"},{"@type":"ListItem","position":4,"name":"Smart Lion Blue Rash Guard &#038; Swim Trunks"}]},{"@type":"WebSite","@id":"https:\/\/www.unijoyswimwear.com\/#website","url":"https:\/\/www.unijoyswimwear.com\/","name":"Unijoy, fabricant fiable de maillots de bain et de v\u00eatements de sport","description":"","publisher":{"@id":"https:\/\/www.unijoyswimwear.com\/#organization"},"potentialAction":[{"@type":"SearchAction","target":{"@type":"EntryPoint","urlTemplate":"https:\/\/www.unijoyswimwear.com\/?s={search_term_string}"},"query-input":{"@type":"PropertyValueSpecification","valueRequired":true,"valueName":"search_term_string"}}],"inLanguage":"fr-FR"},{"@type":"Organization","@id":"https:\/\/www.unijoyswimwear.com\/#organization","name":"Unijoy Swimwear","url":"https:\/\/www.unijoyswimwear.com\/","logo":{"@type":"ImageObject","inLanguage":"fr-FR","@id":"https:\/\/www.unijoyswimwear.com\/#\/schema\/logo\/image\/","url":"https:\/\/www.unijoyswimwear.com\/wp-content\/uploads\/2022\/05\/unijoy-logo.png","contentUrl":"https:\/\/www.unijoyswimwear.com\/wp-content\/uploads\/2022\/05\/unijoy-logo.png","width":268,"height":47,"caption":"Unijoy Swimwear"},"image":{"@id":"https:\/\/www.unijoyswimwear.com\/#\/schema\/logo\/image\/"}}]}},"_links":{"self":[{"href":"https:\/\/www.unijoyswimwear.com\/fr\/wp-json\/wp\/v2\/pages\/7069","targetHints":{"allow":["GET"]}}],"collection":[{"href":"https:\/\/www.unijoyswimwear.com\/fr\/wp-json\/wp\/v2\/pages"}],"about":[{"href":"https:\/\/www.unijoyswimwear.com\/fr\/wp-json\/wp\/v2\/types\/page"}],"author":[{"embeddable":true,"href":"https:\/\/www.unijoyswimwear.com\/fr\/wp-json\/wp\/v2\/users\/1"}],"replies":[{"embeddable":true,"href":"https:\/\/www.unijoyswimwear.com\/fr\/wp-json\/wp\/v2\/comments?post=7069"}],"version-history":[{"count":0,"href":"https:\/\/www.unijoyswimwear.com\/fr\/wp-json\/wp\/v2\/pages\/7069\/revisions"}],"up":[{"embeddable":true,"href":"https:\/\/www.unijoyswimwear.com\/fr\/wp-json\/wp\/v2\/pages\/5951"}],"wp:attachment":[{"href":"https:\/\/www.unijoyswimwear.com\/fr\/wp-json\/wp\/v2\/media?parent=7069"}],"curies":[{"name":"wp","href":"https:\/\/api.w.org\/{rel}","templated":true}]}}