{"id":14313,"date":"2022-08-26T01:40:07","date_gmt":"2022-08-26T01:40:07","guid":{"rendered":"https:\/\/www.unijoyswimwear.com\/?page_id=14313"},"modified":"2022-10-09T07:04:25","modified_gmt":"2022-10-09T07:04:25","slug":"how-to-work-with-us","status":"publish","type":"page","link":"https:\/\/www.unijoyswimwear.com\/fr\/comment-travailler-avec-nous_nc5","title":{"rendered":"Comment travailler avec nous"},"content":{"rendered":"<p><img loading=\"lazy\" decoding=\"async\" class=\"alignnone size-full wp-image-15406\" src=\"https:\/\/www.unijoyswimwear.com\/wp-content\/uploads\/2022\/10\/how-to-work-with-us.jpg\" alt=\"comment travailler avec nous\" width=\"1000\" height=\"645\" srcset=\"https:\/\/www.unijoyswimwear.com\/wp-content\/uploads\/2022\/10\/how-to-work-with-us.jpg 1000w, https:\/\/www.unijoyswimwear.com\/wp-content\/uploads\/2022\/10\/how-to-work-with-us-768x495.jpg 768w\" sizes=\"auto, (max-width: 1000px) 100vw, 1000px\" \/><\/p>\n<h5>1)<strong>P<\/strong><strong>Citation sur le riz<\/strong><\/h5>\n<p>Pr\u00e9parez les d\u00e9tails de votre fichier technique (dessin de conception, tableau des tailles, sp\u00e9cifications des mat\u00e9riaux, d\u00e9tails d&#039;emballage), nous vous enverrons notre meilleur prix pour votre v\u00e9rification<\/p>\n<h5>2)<strong>R\u00e9alisation d&#039;\u00e9chantillons de comptoir<\/strong><\/h5>\n<p>Pour confirmer la qualit\u00e9 de nos produits, la qualit\u00e9 de fabrication, etc.<\/p>\n<h5>3)<strong>Confirmation de commande<\/strong><\/h5>\n<p><b>\u00a0\u00a0 \u00a0\u00a0<\/b>Apr\u00e8s avoir re\u00e7u votre PO, nous r\u00e9alisons des PI pour votre confirmation.<\/p>\n<h5>4)\u00a0<strong>Confirmation des \u00e9chantillons d&#039;ajustement<\/strong><\/h5>\n<p>Apr\u00e8s avoir re\u00e7u l&#039;acompte ou la L\/C, nous r\u00e9aliserons des \u00e9chantillons d&#039;ajustement, un test en laboratoire, un \u00e9chantillon d&#039;impression et des accessoires associ\u00e9s pour votre confirmation.<\/p>\n<p>Si les \u00e9chantillons de montage \/ \u00e9chantillons de laboratoire \/ \u00e9chantillons de pinte doivent \u00eatre r\u00e9vis\u00e9s, nous en ferons un r\u00e9vis\u00e9 pour votre double confirmation.<\/p>\n<p>30 jours pour terminer la production de tissu en vrac.<\/p>\n<h5>5)<strong>\u00a0Confirmation des \u00e9chantillons PP<\/strong><\/h5>\n<p>7 jours pour terminer les \u00e9chantillons PP et 7 jours pour vos commentaires sur les \u00e9chantillons PP.<\/p>\n<h5>6)\u00a0\u00a0<strong>D\u00e9but de la production en vrac<\/strong><\/h5>\n<p>Apr\u00e8s l&#039;approbation des \u00e9chantillons PP, organisez la production en vrac, cela prendra 30 jours.<\/p>\n<h5>7)<strong>Inspection en ligne et inspection finale<\/strong><\/h5>\n<p>Si vous faites appel \u00e0 une entreprise tierce ou \u00e0 un service de contr\u00f4le qualit\u00e9 pour l&#039;inspection, nous coop\u00e9rerons pleinement. Dans le cas contraire, nous organiserons notre propre contr\u00f4le qualit\u00e9 pour l&#039;inspection en ligne et l&#039;inspection finale, et vous enverrons un rapport.<\/p>\n<h5>8)<strong>Confirmation d&#039;exp\u00e9dition des \u00e9chantillons<\/strong><\/h5>\n<p>Nous vous enverrons les \u00e9chantillons d&#039;exp\u00e9dition avec l&#039;emballage corrig\u00e9 pour votre confirmation.<\/p>\n<h5>9)<strong>Organiser l&#039;exp\u00e9dition :<\/strong><\/h5>\n<p>Apr\u00e8s avoir obtenu les informations de votre transitaire, nous organiserons toutes les choses li\u00e9es.<br data-filtered=\"filtered\" \/>Nous vous fournirons \u00e9galement les documents d&#039;exp\u00e9dition correspondants, tels que la facture, le bordereau de livraison et les bons de livraison. Si vous avez besoin de bons de livraison, nous pouvons \u00e9galement vous les fournir.<\/p>\n<h5>10)<strong>\u00a0Paiement<\/strong><\/h5>\n<p>Le paiement doit \u00eatre effectu\u00e9 apr\u00e8s r\u00e9ception du connaissement et des autres documents d&#039;exp\u00e9dition. Apr\u00e8s r\u00e9ception de votre paiement, nous vous enverrons les documents d&#039;exp\u00e9dition \u00e0 temps, afin que vous puissiez r\u00e9cup\u00e9rer vos marchandises \u00e0 temps.<\/p>","protected":false},"excerpt":{"rendered":"<p>1\uff09Price Quotation Prepare your tech file details ( design drawing, size table, material specification, packing details), we will send you our best price for your checking 2\uff09Making Counter Samples To [&hellip;]<\/p>","protected":false},"author":1,"featured_media":0,"parent":0,"menu_order":0,"comment_status":"closed","ping_status":"closed","template":"","meta":{"_acf_changed":false,"site-sidebar-layout":"default","site-content-layout":"default","ast-site-content-layout":"default","site-content-style":"default","site-sidebar-style":"default","ast-global-header-display":"","ast-banner-title-visibility":"","ast-main-header-display":"","ast-hfb-above-header-display":"","ast-hfb-below-header-display":"","ast-hfb-mobile-header-display":"","site-post-title":"","ast-breadcrumbs-content":"","ast-featured-img":"","footer-sml-layout":"","ast-disable-related-posts":"","theme-transparent-header-meta":"default","adv-header-id-meta":"","stick-header-meta":"default","header-above-stick-meta":"","header-main-stick-meta":"","header-below-stick-meta":"","astra-migrate-meta-layouts":"default","ast-page-background-enabled":"default","ast-page-background-meta":{"desktop":{"background-color":"","background-image":"","background-repeat":"repeat","background-position":"center center","background-size":"auto","background-attachment":"scroll","background-type":"","background-media":"","overlay-type":"","overlay-color":"","overlay-opacity":"","overlay-gradient":""},"tablet":{"background-color":"","background-image":"","background-repeat":"repeat","background-position":"center center","background-size":"auto","background-attachment":"scroll","background-type":"","background-media":"","overlay-type":"","overlay-color":"","overlay-opacity":"","overlay-gradient":""},"mobile":{"background-color":"","background-image":"","background-repeat":"repeat","background-position":"center center","background-size":"auto","background-attachment":"scroll","background-type":"","background-media":"","overlay-type":"","overlay-color":"","overlay-opacity":"","overlay-gradient":""}},"ast-content-background-meta":{"desktop":{"background-color":"var(--ast-global-color-5)","background-image":"","background-repeat":"repeat","background-position":"center center","background-size":"auto","background-attachment":"scroll","background-type":"","background-media":"","overlay-type":"","overlay-color":"","overlay-opacity":"","overlay-gradient":""},"tablet":{"background-color":"var(--ast-global-color-5)","background-image":"","background-repeat":"repeat","background-position":"center center","background-size":"auto","background-attachment":"scroll","background-type":"","background-media":"","overlay-type":"","overlay-color":"","overlay-opacity":"","overlay-gradient":""},"mobile":{"background-color":"var(--ast-global-color-5)","background-image":"","background-repeat":"repeat","background-position":"center center","background-size":"auto","background-attachment":"scroll","background-type":"","background-media":"","overlay-type":"","overlay-color":"","overlay-opacity":"","overlay-gradient":""}},"footnotes":""},"class_list":["post-14313","page","type-page","status-publish","hentry"],"acf":[],"yoast_head":"<!-- This site is optimized with the Yoast SEO plugin v27.4 - https:\/\/yoast.com\/product\/yoast-seo-wordpress\/ -->\n<title>How To Work With Us - Unijoy Reliable Swimwear &amp; Activewear Manufacturer<\/title>\n<meta name=\"robots\" content=\"index, follow, max-snippet:-1, max-image-preview:large, max-video-preview:-1\" \/>\n<link rel=\"canonical\" href=\"https:\/\/www.unijoyswimwear.com\/fr\/comment-travailler-avec-nous_nc5\/\" \/>\n<meta property=\"og:locale\" content=\"fr_FR\" \/>\n<meta property=\"og:type\" content=\"article\" \/>\n<meta property=\"og:title\" content=\"How To Work With Us - Unijoy Reliable Swimwear &amp; Activewear Manufacturer\" \/>\n<meta property=\"og:description\" content=\"1\uff09Price Quotation Prepare your tech file details ( design drawing, size table, material specification, packing details), we will send you our best price for your checking 2\uff09Making Counter Samples To [&hellip;]\" \/>\n<meta property=\"og:url\" content=\"https:\/\/www.unijoyswimwear.com\/fr\/comment-travailler-avec-nous_nc5\/\" \/>\n<meta property=\"og:site_name\" content=\"Unijoy Reliable Swimwear &amp; Activewear Manufacturer\" \/>\n<meta property=\"article:modified_time\" content=\"2022-10-09T07:04:25+00:00\" \/>\n<meta property=\"og:image\" content=\"https:\/\/www.unijoyswimwear.com\/wp-content\/uploads\/2022\/10\/how-to-work-with-us.jpg\" \/>\n<meta name=\"twitter:card\" content=\"summary_large_image\" \/>\n<meta name=\"twitter:label1\" content=\"Dur\u00e9e de lecture estim\u00e9e\" \/>\n\t<meta name=\"twitter:data1\" content=\"2 minutes\" \/>\n<script type=\"application\/ld+json\" class=\"yoast-schema-graph\">{\"@context\":\"https:\\\/\\\/schema.org\",\"@graph\":[{\"@type\":\"WebPage\",\"@id\":\"https:\\\/\\\/www.unijoyswimwear.com\\\/how-to-work-with-us_nc5\\\/\",\"url\":\"https:\\\/\\\/www.unijoyswimwear.com\\\/how-to-work-with-us_nc5\\\/\",\"name\":\"How To Work With Us - Unijoy Reliable Swimwear &amp; Activewear Manufacturer\",\"isPartOf\":{\"@id\":\"https:\\\/\\\/www.unijoyswimwear.com\\\/#website\"},\"primaryImageOfPage\":{\"@id\":\"https:\\\/\\\/www.unijoyswimwear.com\\\/how-to-work-with-us_nc5\\\/#primaryimage\"},\"image\":{\"@id\":\"https:\\\/\\\/www.unijoyswimwear.com\\\/how-to-work-with-us_nc5\\\/#primaryimage\"},\"thumbnailUrl\":\"https:\\\/\\\/www.unijoyswimwear.com\\\/wp-content\\\/uploads\\\/2022\\\/10\\\/how-to-work-with-us.jpg\",\"datePublished\":\"2022-08-26T01:40:07+00:00\",\"dateModified\":\"2022-10-09T07:04:25+00:00\",\"breadcrumb\":{\"@id\":\"https:\\\/\\\/www.unijoyswimwear.com\\\/how-to-work-with-us_nc5\\\/#breadcrumb\"},\"inLanguage\":\"fr-FR\",\"potentialAction\":[{\"@type\":\"ReadAction\",\"target\":[\"https:\\\/\\\/www.unijoyswimwear.com\\\/how-to-work-with-us_nc5\\\/\"]}]},{\"@type\":\"ImageObject\",\"inLanguage\":\"fr-FR\",\"@id\":\"https:\\\/\\\/www.unijoyswimwear.com\\\/how-to-work-with-us_nc5\\\/#primaryimage\",\"url\":\"https:\\\/\\\/www.unijoyswimwear.com\\\/wp-content\\\/uploads\\\/2022\\\/10\\\/how-to-work-with-us.jpg\",\"contentUrl\":\"https:\\\/\\\/www.unijoyswimwear.com\\\/wp-content\\\/uploads\\\/2022\\\/10\\\/how-to-work-with-us.jpg\"},{\"@type\":\"BreadcrumbList\",\"@id\":\"https:\\\/\\\/www.unijoyswimwear.com\\\/how-to-work-with-us_nc5\\\/#breadcrumb\",\"itemListElement\":[{\"@type\":\"ListItem\",\"position\":1,\"name\":\"Home\",\"item\":\"https:\\\/\\\/www.unijoyswimwear.com\\\/\"},{\"@type\":\"ListItem\",\"position\":2,\"name\":\"How To Work With Us\"}]},{\"@type\":\"WebSite\",\"@id\":\"https:\\\/\\\/www.unijoyswimwear.com\\\/#website\",\"url\":\"https:\\\/\\\/www.unijoyswimwear.com\\\/\",\"name\":\"Unijoy Reliable Swimwear &amp; Activewear Manufacturer\",\"description\":\"\",\"publisher\":{\"@id\":\"https:\\\/\\\/www.unijoyswimwear.com\\\/#organization\"},\"potentialAction\":[{\"@type\":\"SearchAction\",\"target\":{\"@type\":\"EntryPoint\",\"urlTemplate\":\"https:\\\/\\\/www.unijoyswimwear.com\\\/?s={search_term_string}\"},\"query-input\":{\"@type\":\"PropertyValueSpecification\",\"valueRequired\":true,\"valueName\":\"search_term_string\"}}],\"inLanguage\":\"fr-FR\"},{\"@type\":\"Organization\",\"@id\":\"https:\\\/\\\/www.unijoyswimwear.com\\\/#organization\",\"name\":\"Unijoy Swimwear\",\"url\":\"https:\\\/\\\/www.unijoyswimwear.com\\\/\",\"logo\":{\"@type\":\"ImageObject\",\"inLanguage\":\"fr-FR\",\"@id\":\"https:\\\/\\\/www.unijoyswimwear.com\\\/#\\\/schema\\\/logo\\\/image\\\/\",\"url\":\"https:\\\/\\\/www.unijoyswimwear.com\\\/wp-content\\\/uploads\\\/2022\\\/05\\\/unijoy-logo.png\",\"contentUrl\":\"https:\\\/\\\/www.unijoyswimwear.com\\\/wp-content\\\/uploads\\\/2022\\\/05\\\/unijoy-logo.png\",\"width\":268,\"height\":47,\"caption\":\"Unijoy Swimwear\"},\"image\":{\"@id\":\"https:\\\/\\\/www.unijoyswimwear.com\\\/#\\\/schema\\\/logo\\\/image\\\/\"}}]}<\/script>\n<!-- \/ Yoast SEO plugin. -->","yoast_head_json":{"title":"Comment travailler avec nous\u00a0? Unijoy, fabricant fiable de maillots de bain et de v\u00eatements de sport.","robots":{"index":"index","follow":"follow","max-snippet":"max-snippet:-1","max-image-preview":"max-image-preview:large","max-video-preview":"max-video-preview:-1"},"canonical":"https:\/\/www.unijoyswimwear.com\/fr\/comment-travailler-avec-nous_nc5\/","og_locale":"fr_FR","og_type":"article","og_title":"How To Work With Us - Unijoy Reliable Swimwear &amp; Activewear Manufacturer","og_description":"1\uff09Price Quotation Prepare your tech file details ( design drawing, size table, material specification, packing details), we will send you our best price for your checking 2\uff09Making Counter Samples To [&hellip;]","og_url":"https:\/\/www.unijoyswimwear.com\/fr\/comment-travailler-avec-nous_nc5\/","og_site_name":"Unijoy Reliable Swimwear &amp; Activewear Manufacturer","article_modified_time":"2022-10-09T07:04:25+00:00","og_image":[{"url":"https:\/\/www.unijoyswimwear.com\/wp-content\/uploads\/2022\/10\/how-to-work-with-us.jpg","type":"","width":"","height":""}],"twitter_card":"summary_large_image","twitter_misc":{"Dur\u00e9e de lecture estim\u00e9e":"2 minutes"},"schema":{"@context":"https:\/\/schema.org","@graph":[{"@type":"WebPage","@id":"https:\/\/www.unijoyswimwear.com\/how-to-work-with-us_nc5\/","url":"https:\/\/www.unijoyswimwear.com\/how-to-work-with-us_nc5\/","name":"Comment travailler avec nous\u00a0? Unijoy, fabricant fiable de maillots de bain et de v\u00eatements de sport.","isPartOf":{"@id":"https:\/\/www.unijoyswimwear.com\/#website"},"primaryImageOfPage":{"@id":"https:\/\/www.unijoyswimwear.com\/how-to-work-with-us_nc5\/#primaryimage"},"image":{"@id":"https:\/\/www.unijoyswimwear.com\/how-to-work-with-us_nc5\/#primaryimage"},"thumbnailUrl":"https:\/\/www.unijoyswimwear.com\/wp-content\/uploads\/2022\/10\/how-to-work-with-us.jpg","datePublished":"2022-08-26T01:40:07+00:00","dateModified":"2022-10-09T07:04:25+00:00","breadcrumb":{"@id":"https:\/\/www.unijoyswimwear.com\/how-to-work-with-us_nc5\/#breadcrumb"},"inLanguage":"fr-FR","potentialAction":[{"@type":"ReadAction","target":["https:\/\/www.unijoyswimwear.com\/how-to-work-with-us_nc5\/"]}]},{"@type":"ImageObject","inLanguage":"fr-FR","@id":"https:\/\/www.unijoyswimwear.com\/how-to-work-with-us_nc5\/#primaryimage","url":"https:\/\/www.unijoyswimwear.com\/wp-content\/uploads\/2022\/10\/how-to-work-with-us.jpg","contentUrl":"https:\/\/www.unijoyswimwear.com\/wp-content\/uploads\/2022\/10\/how-to-work-with-us.jpg"},{"@type":"BreadcrumbList","@id":"https:\/\/www.unijoyswimwear.com\/how-to-work-with-us_nc5\/#breadcrumb","itemListElement":[{"@type":"ListItem","position":1,"name":"Home","item":"https:\/\/www.unijoyswimwear.com\/"},{"@type":"ListItem","position":2,"name":"How To Work With Us"}]},{"@type":"WebSite","@id":"https:\/\/www.unijoyswimwear.com\/#website","url":"https:\/\/www.unijoyswimwear.com\/","name":"Unijoy, fabricant fiable de maillots de bain et de v\u00eatements de sport","description":"","publisher":{"@id":"https:\/\/www.unijoyswimwear.com\/#organization"},"potentialAction":[{"@type":"SearchAction","target":{"@type":"EntryPoint","urlTemplate":"https:\/\/www.unijoyswimwear.com\/?s={search_term_string}"},"query-input":{"@type":"PropertyValueSpecification","valueRequired":true,"valueName":"search_term_string"}}],"inLanguage":"fr-FR"},{"@type":"Organization","@id":"https:\/\/www.unijoyswimwear.com\/#organization","name":"Unijoy Swimwear","url":"https:\/\/www.unijoyswimwear.com\/","logo":{"@type":"ImageObject","inLanguage":"fr-FR","@id":"https:\/\/www.unijoyswimwear.com\/#\/schema\/logo\/image\/","url":"https:\/\/www.unijoyswimwear.com\/wp-content\/uploads\/2022\/05\/unijoy-logo.png","contentUrl":"https:\/\/www.unijoyswimwear.com\/wp-content\/uploads\/2022\/05\/unijoy-logo.png","width":268,"height":47,"caption":"Unijoy Swimwear"},"image":{"@id":"https:\/\/www.unijoyswimwear.com\/#\/schema\/logo\/image\/"}}]}},"_links":{"self":[{"href":"https:\/\/www.unijoyswimwear.com\/fr\/wp-json\/wp\/v2\/pages\/14313","targetHints":{"allow":["GET"]}}],"collection":[{"href":"https:\/\/www.unijoyswimwear.com\/fr\/wp-json\/wp\/v2\/pages"}],"about":[{"href":"https:\/\/www.unijoyswimwear.com\/fr\/wp-json\/wp\/v2\/types\/page"}],"author":[{"embeddable":true,"href":"https:\/\/www.unijoyswimwear.com\/fr\/wp-json\/wp\/v2\/users\/1"}],"replies":[{"embeddable":true,"href":"https:\/\/www.unijoyswimwear.com\/fr\/wp-json\/wp\/v2\/comments?post=14313"}],"version-history":[{"count":1,"href":"https:\/\/www.unijoyswimwear.com\/fr\/wp-json\/wp\/v2\/pages\/14313\/revisions"}],"predecessor-version":[{"id":15407,"href":"https:\/\/www.unijoyswimwear.com\/fr\/wp-json\/wp\/v2\/pages\/14313\/revisions\/15407"}],"wp:attachment":[{"href":"https:\/\/www.unijoyswimwear.com\/fr\/wp-json\/wp\/v2\/media?parent=14313"}],"curies":[{"name":"wp","href":"https:\/\/api.w.org\/{rel}","templated":true}]}}