{"id":12711,"date":"2022-08-12T07:58:34","date_gmt":"2022-08-12T07:58:34","guid":{"rendered":"https:\/\/www.unijoyswimwear.com\/?page_id=12711"},"modified":"2022-08-24T03:27:00","modified_gmt":"2022-08-24T03:27:00","slug":"yoga-pants-women-stretch-sport-high-waist-fitness-exercise-leggings-running-jogging-gym-printing-workout-tights-trousers","status":"publish","type":"page","link":"https:\/\/www.unijoyswimwear.com\/fr\/pantalon-de-yoga-extensible-pour-femme-taille-haute-pour-le-sport-le-fitness-la-course-a-pied-le-jogging-la-gym-imprime-collants-dentrainement_p803-html","title":{"rendered":"Pantalons de yoga extensibles pour femmes, leggings de sport taille haute, de fitness, de course \u00e0 pied, de jogging, de gym, imprim\u00e9s, collants d&#039;entra\u00eenement"},"content":{"rendered":"","protected":false},"excerpt":{"rendered":"","protected":false},"author":1,"featured_media":0,"parent":6064,"menu_order":0,"comment_status":"closed","ping_status":"closed","template":"product-details7.php","meta":{"_acf_changed":false,"site-sidebar-layout":"no-sidebar","site-content-layout":"page-builder","ast-site-content-layout":"default","site-content-style":"default","site-sidebar-style":"default","ast-global-header-display":"","ast-banner-title-visibility":"","ast-main-header-display":"","ast-hfb-above-header-display":"","ast-hfb-below-header-display":"","ast-hfb-mobile-header-display":"","site-post-title":"disabled","ast-breadcrumbs-content":"disabled","ast-featured-img":"disabled","footer-sml-layout":"","ast-disable-related-posts":"","theme-transparent-header-meta":"default","adv-header-id-meta":"","stick-header-meta":"default","header-above-stick-meta":"","header-main-stick-meta":"","header-below-stick-meta":"","astra-migrate-meta-layouts":"default","ast-page-background-enabled":"default","ast-page-background-meta":{"desktop":{"background-color":"","background-image":"","background-repeat":"repeat","background-position":"center center","background-size":"auto","background-attachment":"scroll","background-type":"","background-media":"","overlay-type":"","overlay-color":"","overlay-opacity":"","overlay-gradient":""},"tablet":{"background-color":"","background-image":"","background-repeat":"repeat","background-position":"center center","background-size":"auto","background-attachment":"scroll","background-type":"","background-media":"","overlay-type":"","overlay-color":"","overlay-opacity":"","overlay-gradient":""},"mobile":{"background-color":"","background-image":"","background-repeat":"repeat","background-position":"center center","background-size":"auto","background-attachment":"scroll","background-type":"","background-media":"","overlay-type":"","overlay-color":"","overlay-opacity":"","overlay-gradient":""}},"ast-content-background-meta":{"desktop":{"background-color":"var(--ast-global-color-5)","background-image":"","background-repeat":"repeat","background-position":"center center","background-size":"auto","background-attachment":"scroll","background-type":"","background-media":"","overlay-type":"","overlay-color":"","overlay-opacity":"","overlay-gradient":""},"tablet":{"background-color":"var(--ast-global-color-5)","background-image":"","background-repeat":"repeat","background-position":"center center","background-size":"auto","background-attachment":"scroll","background-type":"","background-media":"","overlay-type":"","overlay-color":"","overlay-opacity":"","overlay-gradient":""},"mobile":{"background-color":"var(--ast-global-color-5)","background-image":"","background-repeat":"repeat","background-position":"center center","background-size":"auto","background-attachment":"scroll","background-type":"","background-media":"","overlay-type":"","overlay-color":"","overlay-opacity":"","overlay-gradient":""}},"footnotes":""},"class_list":["post-12711","page","type-page","status-publish","hentry"],"acf":[],"yoast_head":"<!-- This site is optimized with the Yoast SEO plugin v27.4 - https:\/\/yoast.com\/product\/yoast-seo-wordpress\/ -->\n<title>Bulk Yoga Pants Women Stretch Sport High Waist Fitness Exercise Leggings Running Jogging Gym Printing Workout Tights Trousers Swimwear Manufacturers - Your Reliable Swimsuit Supplier<\/title>\n<meta name=\"description\" content=\"UNIJOY SWIMWEAR Co.,Ltd is a manufacturer of Bulk Yoga Pants Womens Flounce One Piece Swimsuit With Square Neck in China. We are committed to providing high quality plus size modest swimwear. We sincerely welcome your inquiries!\" \/>\n<meta name=\"robots\" content=\"index, follow, max-snippet:-1, max-image-preview:large, max-video-preview:-1\" \/>\n<link rel=\"canonical\" href=\"https:\/\/www.unijoyswimwear.com\/fr\/pantalon-de-yoga-extensible-pour-femme-taille-haute-pour-le-sport-le-fitness-la-course-a-pied-le-jogging-la-gym-imprime-collants-dentrainement_p803-html\" \/>\n<meta property=\"og:locale\" content=\"fr_FR\" \/>\n<meta property=\"og:type\" content=\"article\" \/>\n<meta property=\"og:title\" content=\"Bulk Yoga Pants Women Stretch Sport High Waist Fitness Exercise Leggings Running Jogging Gym Printing Workout Tights Trousers Swimwear Manufacturers - Your Reliable Swimsuit Supplier\" \/>\n<meta property=\"og:description\" content=\"UNIJOY SWIMWEAR Co.,Ltd is a manufacturer of Bulk Yoga Pants Womens Flounce One Piece Swimsuit With Square Neck in China. We are committed to providing high quality plus size modest swimwear. We sincerely welcome your inquiries!\" \/>\n<meta property=\"og:url\" content=\"https:\/\/www.unijoyswimwear.com\/fr\/pantalon-de-yoga-extensible-pour-femme-taille-haute-pour-le-sport-le-fitness-la-course-a-pied-le-jogging-la-gym-imprime-collants-dentrainement_p803-html\" \/>\n<meta property=\"og:site_name\" content=\"Unijoy Reliable Swimwear &amp; Activewear Manufacturer\" \/>\n<meta property=\"article:modified_time\" content=\"2022-08-24T03:27:00+00:00\" \/>\n<meta name=\"twitter:card\" content=\"summary_large_image\" \/>\n<script type=\"application\/ld+json\" class=\"yoast-schema-graph\">{\"@context\":\"https:\\\/\\\/schema.org\",\"@graph\":[{\"@type\":\"WebPage\",\"@id\":\"https:\\\/\\\/www.unijoyswimwear.com\\\/yoga-pants-women-stretch-sport-high-waist-fitness-exercise-leggings-running-jogging-gym-printing-workout-tights-trousers_p803.html\",\"url\":\"https:\\\/\\\/www.unijoyswimwear.com\\\/yoga-pants-women-stretch-sport-high-waist-fitness-exercise-leggings-running-jogging-gym-printing-workout-tights-trousers_p803.html\",\"name\":\"Bulk Yoga Pants Women Stretch Sport High Waist Fitness Exercise Leggings Running Jogging Gym Printing Workout Tights Trousers Swimwear Manufacturers - Your Reliable Swimsuit Supplier\",\"isPartOf\":{\"@id\":\"https:\\\/\\\/www.unijoyswimwear.com\\\/#website\"},\"datePublished\":\"2022-08-12T07:58:34+00:00\",\"dateModified\":\"2022-08-24T03:27:00+00:00\",\"description\":\"UNIJOY SWIMWEAR Co.,Ltd is a manufacturer of Bulk Yoga Pants Womens Flounce One Piece Swimsuit With Square Neck in China. We are committed to providing high quality plus size modest swimwear. We sincerely welcome your inquiries!\",\"breadcrumb\":{\"@id\":\"https:\\\/\\\/www.unijoyswimwear.com\\\/yoga-pants-women-stretch-sport-high-waist-fitness-exercise-leggings-running-jogging-gym-printing-workout-tights-trousers_p803.html#breadcrumb\"},\"inLanguage\":\"fr-FR\",\"potentialAction\":[{\"@type\":\"ReadAction\",\"target\":[\"https:\\\/\\\/www.unijoyswimwear.com\\\/yoga-pants-women-stretch-sport-high-waist-fitness-exercise-leggings-running-jogging-gym-printing-workout-tights-trousers_p803.html\"]}]},{\"@type\":\"BreadcrumbList\",\"@id\":\"https:\\\/\\\/www.unijoyswimwear.com\\\/yoga-pants-women-stretch-sport-high-waist-fitness-exercise-leggings-running-jogging-gym-printing-workout-tights-trousers_p803.html#breadcrumb\",\"itemListElement\":[{\"@type\":\"ListItem\",\"position\":1,\"name\":\"Home\",\"item\":\"https:\\\/\\\/www.unijoyswimwear.com\\\/\"},{\"@type\":\"ListItem\",\"position\":2,\"name\":\"Active Wear Manufacturer\",\"item\":\"https:\\\/\\\/www.unijoyswimwear.com\\\/active-wear-manufacturer\\\/\"},{\"@type\":\"ListItem\",\"position\":3,\"name\":\"Whole Sale Yoga Wear\",\"item\":\"https:\\\/\\\/www.unijoyswimwear.com\\\/whole-sale-yoga-wear_c47\\\/\"},{\"@type\":\"ListItem\",\"position\":4,\"name\":\"Yoga Pants Women Stretch Sport High Waist Fitness Exercise Leggings Running Jogging Gym Printing Workout Tights Trousers\"}]},{\"@type\":\"WebSite\",\"@id\":\"https:\\\/\\\/www.unijoyswimwear.com\\\/#website\",\"url\":\"https:\\\/\\\/www.unijoyswimwear.com\\\/\",\"name\":\"Unijoy Reliable Swimwear &amp; Activewear Manufacturer\",\"description\":\"\",\"publisher\":{\"@id\":\"https:\\\/\\\/www.unijoyswimwear.com\\\/#organization\"},\"potentialAction\":[{\"@type\":\"SearchAction\",\"target\":{\"@type\":\"EntryPoint\",\"urlTemplate\":\"https:\\\/\\\/www.unijoyswimwear.com\\\/?s={search_term_string}\"},\"query-input\":{\"@type\":\"PropertyValueSpecification\",\"valueRequired\":true,\"valueName\":\"search_term_string\"}}],\"inLanguage\":\"fr-FR\"},{\"@type\":\"Organization\",\"@id\":\"https:\\\/\\\/www.unijoyswimwear.com\\\/#organization\",\"name\":\"Unijoy Swimwear\",\"url\":\"https:\\\/\\\/www.unijoyswimwear.com\\\/\",\"logo\":{\"@type\":\"ImageObject\",\"inLanguage\":\"fr-FR\",\"@id\":\"https:\\\/\\\/www.unijoyswimwear.com\\\/#\\\/schema\\\/logo\\\/image\\\/\",\"url\":\"https:\\\/\\\/www.unijoyswimwear.com\\\/wp-content\\\/uploads\\\/2022\\\/05\\\/unijoy-logo.png\",\"contentUrl\":\"https:\\\/\\\/www.unijoyswimwear.com\\\/wp-content\\\/uploads\\\/2022\\\/05\\\/unijoy-logo.png\",\"width\":268,\"height\":47,\"caption\":\"Unijoy Swimwear\"},\"image\":{\"@id\":\"https:\\\/\\\/www.unijoyswimwear.com\\\/#\\\/schema\\\/logo\\\/image\\\/\"}}]}<\/script>\n<!-- \/ Yoast SEO plugin. -->","yoast_head_json":{"title":"Pantalons de yoga extensibles taille haute pour femmes, leggings de sport, de fitness, de course, de jogging, de gym, imprim\u00e9s, collants d&#039;entra\u00eenement, fabricants de maillots de bain - Votre fournisseur fiable de maillots de bain","description":"UNIJOY SWIMWEAR Co., Ltd est un fabricant chinois de maillots de bain une pi\u00e8ce \u00e0 volants et col carr\u00e9 pour femmes, fabriqu\u00e9s en Chine. Nous nous engageons \u00e0 fournir des maillots de bain grande taille de haute qualit\u00e9. N&#039;h\u00e9sitez pas \u00e0 nous contacter\u00a0!","robots":{"index":"index","follow":"follow","max-snippet":"max-snippet:-1","max-image-preview":"max-image-preview:large","max-video-preview":"max-video-preview:-1"},"canonical":"https:\/\/www.unijoyswimwear.com\/fr\/pantalon-de-yoga-extensible-pour-femme-taille-haute-pour-le-sport-le-fitness-la-course-a-pied-le-jogging-la-gym-imprime-collants-dentrainement_p803-html","og_locale":"fr_FR","og_type":"article","og_title":"Bulk Yoga Pants Women Stretch Sport High Waist Fitness Exercise Leggings Running Jogging Gym Printing Workout Tights Trousers Swimwear Manufacturers - Your Reliable Swimsuit Supplier","og_description":"UNIJOY SWIMWEAR Co.,Ltd is a manufacturer of Bulk Yoga Pants Womens Flounce One Piece Swimsuit With Square Neck in China. We are committed to providing high quality plus size modest swimwear. We sincerely welcome your inquiries!","og_url":"https:\/\/www.unijoyswimwear.com\/fr\/pantalon-de-yoga-extensible-pour-femme-taille-haute-pour-le-sport-le-fitness-la-course-a-pied-le-jogging-la-gym-imprime-collants-dentrainement_p803-html","og_site_name":"Unijoy Reliable Swimwear &amp; Activewear Manufacturer","article_modified_time":"2022-08-24T03:27:00+00:00","twitter_card":"summary_large_image","schema":{"@context":"https:\/\/schema.org","@graph":[{"@type":"WebPage","@id":"https:\/\/www.unijoyswimwear.com\/yoga-pants-women-stretch-sport-high-waist-fitness-exercise-leggings-running-jogging-gym-printing-workout-tights-trousers_p803.html","url":"https:\/\/www.unijoyswimwear.com\/yoga-pants-women-stretch-sport-high-waist-fitness-exercise-leggings-running-jogging-gym-printing-workout-tights-trousers_p803.html","name":"Pantalons de yoga extensibles taille haute pour femmes, leggings de sport, de fitness, de course, de jogging, de gym, imprim\u00e9s, collants d&#039;entra\u00eenement, fabricants de maillots de bain - Votre fournisseur fiable de maillots de bain","isPartOf":{"@id":"https:\/\/www.unijoyswimwear.com\/#website"},"datePublished":"2022-08-12T07:58:34+00:00","dateModified":"2022-08-24T03:27:00+00:00","description":"UNIJOY SWIMWEAR Co., Ltd est un fabricant chinois de maillots de bain une pi\u00e8ce \u00e0 volants et col carr\u00e9 pour femmes, fabriqu\u00e9s en Chine. Nous nous engageons \u00e0 fournir des maillots de bain grande taille de haute qualit\u00e9. N&#039;h\u00e9sitez pas \u00e0 nous contacter\u00a0!","breadcrumb":{"@id":"https:\/\/www.unijoyswimwear.com\/yoga-pants-women-stretch-sport-high-waist-fitness-exercise-leggings-running-jogging-gym-printing-workout-tights-trousers_p803.html#breadcrumb"},"inLanguage":"fr-FR","potentialAction":[{"@type":"ReadAction","target":["https:\/\/www.unijoyswimwear.com\/yoga-pants-women-stretch-sport-high-waist-fitness-exercise-leggings-running-jogging-gym-printing-workout-tights-trousers_p803.html"]}]},{"@type":"BreadcrumbList","@id":"https:\/\/www.unijoyswimwear.com\/yoga-pants-women-stretch-sport-high-waist-fitness-exercise-leggings-running-jogging-gym-printing-workout-tights-trousers_p803.html#breadcrumb","itemListElement":[{"@type":"ListItem","position":1,"name":"Home","item":"https:\/\/www.unijoyswimwear.com\/"},{"@type":"ListItem","position":2,"name":"Active Wear Manufacturer","item":"https:\/\/www.unijoyswimwear.com\/active-wear-manufacturer\/"},{"@type":"ListItem","position":3,"name":"Whole Sale Yoga Wear","item":"https:\/\/www.unijoyswimwear.com\/whole-sale-yoga-wear_c47\/"},{"@type":"ListItem","position":4,"name":"Yoga Pants Women Stretch Sport High Waist Fitness Exercise Leggings Running Jogging Gym Printing Workout Tights Trousers"}]},{"@type":"WebSite","@id":"https:\/\/www.unijoyswimwear.com\/#website","url":"https:\/\/www.unijoyswimwear.com\/","name":"Unijoy, fabricant fiable de maillots de bain et de v\u00eatements de sport","description":"","publisher":{"@id":"https:\/\/www.unijoyswimwear.com\/#organization"},"potentialAction":[{"@type":"SearchAction","target":{"@type":"EntryPoint","urlTemplate":"https:\/\/www.unijoyswimwear.com\/?s={search_term_string}"},"query-input":{"@type":"PropertyValueSpecification","valueRequired":true,"valueName":"search_term_string"}}],"inLanguage":"fr-FR"},{"@type":"Organization","@id":"https:\/\/www.unijoyswimwear.com\/#organization","name":"Unijoy Swimwear","url":"https:\/\/www.unijoyswimwear.com\/","logo":{"@type":"ImageObject","inLanguage":"fr-FR","@id":"https:\/\/www.unijoyswimwear.com\/#\/schema\/logo\/image\/","url":"https:\/\/www.unijoyswimwear.com\/wp-content\/uploads\/2022\/05\/unijoy-logo.png","contentUrl":"https:\/\/www.unijoyswimwear.com\/wp-content\/uploads\/2022\/05\/unijoy-logo.png","width":268,"height":47,"caption":"Unijoy Swimwear"},"image":{"@id":"https:\/\/www.unijoyswimwear.com\/#\/schema\/logo\/image\/"}}]}},"_links":{"self":[{"href":"https:\/\/www.unijoyswimwear.com\/fr\/wp-json\/wp\/v2\/pages\/12711","targetHints":{"allow":["GET"]}}],"collection":[{"href":"https:\/\/www.unijoyswimwear.com\/fr\/wp-json\/wp\/v2\/pages"}],"about":[{"href":"https:\/\/www.unijoyswimwear.com\/fr\/wp-json\/wp\/v2\/types\/page"}],"author":[{"embeddable":true,"href":"https:\/\/www.unijoyswimwear.com\/fr\/wp-json\/wp\/v2\/users\/1"}],"replies":[{"embeddable":true,"href":"https:\/\/www.unijoyswimwear.com\/fr\/wp-json\/wp\/v2\/comments?post=12711"}],"version-history":[{"count":0,"href":"https:\/\/www.unijoyswimwear.com\/fr\/wp-json\/wp\/v2\/pages\/12711\/revisions"}],"up":[{"embeddable":true,"href":"https:\/\/www.unijoyswimwear.com\/fr\/wp-json\/wp\/v2\/pages\/6064"}],"wp:attachment":[{"href":"https:\/\/www.unijoyswimwear.com\/fr\/wp-json\/wp\/v2\/media?parent=12711"}],"curies":[{"name":"wp","href":"https:\/\/api.w.org\/{rel}","templated":true}]}}