{"id":11826,"date":"2022-08-09T01:35:57","date_gmt":"2022-08-09T01:35:57","guid":{"rendered":"https:\/\/www.unijoyswimwear.com\/?page_id=11826"},"modified":"2022-08-30T06:35:56","modified_gmt":"2022-08-30T06:35:56","slug":"girls-long-sleeve-rash-guards-oem-swimwear-seersucker-ruffle-swim-suit","status":"publish","type":"page","link":"https:\/\/www.unijoyswimwear.com\/fr\/maillot-de-bain-a-manches-longues-et-a-volants-en-seersucker-pour-fille-protection-anti-eruption-oem_p989-html","title":{"rendered":"Maillot de bain \u00e0 manches longues et \u00e0 volants en seersucker pour fille"},"content":{"rendered":"","protected":false},"excerpt":{"rendered":"","protected":false},"author":1,"featured_media":0,"parent":5840,"menu_order":0,"comment_status":"closed","ping_status":"closed","template":"product-details7.php","meta":{"_acf_changed":false,"site-sidebar-layout":"no-sidebar","site-content-layout":"page-builder","ast-site-content-layout":"default","site-content-style":"default","site-sidebar-style":"default","ast-global-header-display":"","ast-banner-title-visibility":"","ast-main-header-display":"","ast-hfb-above-header-display":"","ast-hfb-below-header-display":"","ast-hfb-mobile-header-display":"","site-post-title":"disabled","ast-breadcrumbs-content":"disabled","ast-featured-img":"disabled","footer-sml-layout":"","ast-disable-related-posts":"","theme-transparent-header-meta":"default","adv-header-id-meta":"","stick-header-meta":"default","header-above-stick-meta":"","header-main-stick-meta":"","header-below-stick-meta":"","astra-migrate-meta-layouts":"default","ast-page-background-enabled":"default","ast-page-background-meta":{"desktop":{"background-color":"","background-image":"","background-repeat":"repeat","background-position":"center center","background-size":"auto","background-attachment":"scroll","background-type":"","background-media":"","overlay-type":"","overlay-color":"","overlay-opacity":"","overlay-gradient":""},"tablet":{"background-color":"","background-image":"","background-repeat":"repeat","background-position":"center center","background-size":"auto","background-attachment":"scroll","background-type":"","background-media":"","overlay-type":"","overlay-color":"","overlay-opacity":"","overlay-gradient":""},"mobile":{"background-color":"","background-image":"","background-repeat":"repeat","background-position":"center center","background-size":"auto","background-attachment":"scroll","background-type":"","background-media":"","overlay-type":"","overlay-color":"","overlay-opacity":"","overlay-gradient":""}},"ast-content-background-meta":{"desktop":{"background-color":"var(--ast-global-color-5)","background-image":"","background-repeat":"repeat","background-position":"center center","background-size":"auto","background-attachment":"scroll","background-type":"","background-media":"","overlay-type":"","overlay-color":"","overlay-opacity":"","overlay-gradient":""},"tablet":{"background-color":"var(--ast-global-color-5)","background-image":"","background-repeat":"repeat","background-position":"center center","background-size":"auto","background-attachment":"scroll","background-type":"","background-media":"","overlay-type":"","overlay-color":"","overlay-opacity":"","overlay-gradient":""},"mobile":{"background-color":"var(--ast-global-color-5)","background-image":"","background-repeat":"repeat","background-position":"center center","background-size":"auto","background-attachment":"scroll","background-type":"","background-media":"","overlay-type":"","overlay-color":"","overlay-opacity":"","overlay-gradient":""}},"footnotes":""},"class_list":["post-11826","page","type-page","status-publish","hentry"],"acf":[],"yoast_head":"<!-- This site is optimized with the Yoast SEO plugin v27.4 - https:\/\/yoast.com\/product\/yoast-seo-wordpress\/ -->\n<title>Custom Girls&#039; Long Sleeve Rash Guards OEM Swimwear Seersucker Ruffle Swim Suit<\/title>\n<meta name=\"description\" content=\"UNIJOY SWIMWEAR Co.,Ltd is a manufacturer of Girls&#039; Long Sleeve Rash Guards OEM Swimwear Seersucker Ruffle Swim Suit in China,We are committed to providing high quality OEM swimwear. We sincerely welcome your inquiries!\" \/>\n<meta name=\"robots\" content=\"index, follow, max-snippet:-1, max-image-preview:large, max-video-preview:-1\" \/>\n<link rel=\"canonical\" href=\"https:\/\/www.unijoyswimwear.com\/fr\/maillot-de-bain-a-manches-longues-et-a-volants-en-seersucker-pour-fille-protection-anti-eruption-oem_p989-html\" \/>\n<meta property=\"og:locale\" content=\"fr_FR\" \/>\n<meta property=\"og:type\" content=\"article\" \/>\n<meta property=\"og:title\" content=\"Custom Girls&#039; Long Sleeve Rash Guards OEM Swimwear Seersucker Ruffle Swim Suit\" \/>\n<meta property=\"og:description\" content=\"UNIJOY SWIMWEAR Co.,Ltd is a manufacturer of Girls&#039; Long Sleeve Rash Guards OEM Swimwear Seersucker Ruffle Swim Suit in China,We are committed to providing high quality OEM swimwear. We sincerely welcome your inquiries!\" \/>\n<meta property=\"og:url\" content=\"https:\/\/www.unijoyswimwear.com\/fr\/maillot-de-bain-a-manches-longues-et-a-volants-en-seersucker-pour-fille-protection-anti-eruption-oem_p989-html\" \/>\n<meta property=\"og:site_name\" content=\"Unijoy Reliable Swimwear &amp; Activewear Manufacturer\" \/>\n<meta property=\"article:modified_time\" content=\"2022-08-30T06:35:56+00:00\" \/>\n<meta name=\"twitter:card\" content=\"summary_large_image\" \/>\n<script type=\"application\/ld+json\" class=\"yoast-schema-graph\">{\"@context\":\"https:\\\/\\\/schema.org\",\"@graph\":[{\"@type\":\"WebPage\",\"@id\":\"https:\\\/\\\/www.unijoyswimwear.com\\\/girls-long-sleeve-rash-guards-oem-swimwear-seersucker-ruffle-swim-suit_p989.html\",\"url\":\"https:\\\/\\\/www.unijoyswimwear.com\\\/girls-long-sleeve-rash-guards-oem-swimwear-seersucker-ruffle-swim-suit_p989.html\",\"name\":\"Custom Girls' Long Sleeve Rash Guards OEM Swimwear Seersucker Ruffle Swim Suit\",\"isPartOf\":{\"@id\":\"https:\\\/\\\/www.unijoyswimwear.com\\\/#website\"},\"datePublished\":\"2022-08-09T01:35:57+00:00\",\"dateModified\":\"2022-08-30T06:35:56+00:00\",\"description\":\"UNIJOY SWIMWEAR Co.,Ltd is a manufacturer of Girls' Long Sleeve Rash Guards OEM Swimwear Seersucker Ruffle Swim Suit in China,We are committed to providing high quality OEM swimwear. We sincerely welcome your inquiries!\",\"breadcrumb\":{\"@id\":\"https:\\\/\\\/www.unijoyswimwear.com\\\/girls-long-sleeve-rash-guards-oem-swimwear-seersucker-ruffle-swim-suit_p989.html#breadcrumb\"},\"inLanguage\":\"fr-FR\",\"potentialAction\":[{\"@type\":\"ReadAction\",\"target\":[\"https:\\\/\\\/www.unijoyswimwear.com\\\/girls-long-sleeve-rash-guards-oem-swimwear-seersucker-ruffle-swim-suit_p989.html\"]}]},{\"@type\":\"BreadcrumbList\",\"@id\":\"https:\\\/\\\/www.unijoyswimwear.com\\\/girls-long-sleeve-rash-guards-oem-swimwear-seersucker-ruffle-swim-suit_p989.html#breadcrumb\",\"itemListElement\":[{\"@type\":\"ListItem\",\"position\":1,\"name\":\"Home\",\"item\":\"https:\\\/\\\/www.unijoyswimwear.com\\\/\"},{\"@type\":\"ListItem\",\"position\":2,\"name\":\"Girls Swimsuits\",\"item\":\"https:\\\/\\\/www.unijoyswimwear.com\\\/girls-swimsuits_c28\\\/\"},{\"@type\":\"ListItem\",\"position\":3,\"name\":\"Girls Rash Guards\",\"item\":\"https:\\\/\\\/www.unijoyswimwear.com\\\/girls-rash-guards_c14\\\/\"},{\"@type\":\"ListItem\",\"position\":4,\"name\":\"Girls&#8217; Long Sleeve Rash Guards OEM Swimwear Seersucker Ruffle Swim Suit\"}]},{\"@type\":\"WebSite\",\"@id\":\"https:\\\/\\\/www.unijoyswimwear.com\\\/#website\",\"url\":\"https:\\\/\\\/www.unijoyswimwear.com\\\/\",\"name\":\"Unijoy Reliable Swimwear &amp; Activewear Manufacturer\",\"description\":\"\",\"publisher\":{\"@id\":\"https:\\\/\\\/www.unijoyswimwear.com\\\/#organization\"},\"potentialAction\":[{\"@type\":\"SearchAction\",\"target\":{\"@type\":\"EntryPoint\",\"urlTemplate\":\"https:\\\/\\\/www.unijoyswimwear.com\\\/?s={search_term_string}\"},\"query-input\":{\"@type\":\"PropertyValueSpecification\",\"valueRequired\":true,\"valueName\":\"search_term_string\"}}],\"inLanguage\":\"fr-FR\"},{\"@type\":\"Organization\",\"@id\":\"https:\\\/\\\/www.unijoyswimwear.com\\\/#organization\",\"name\":\"Unijoy Swimwear\",\"url\":\"https:\\\/\\\/www.unijoyswimwear.com\\\/\",\"logo\":{\"@type\":\"ImageObject\",\"inLanguage\":\"fr-FR\",\"@id\":\"https:\\\/\\\/www.unijoyswimwear.com\\\/#\\\/schema\\\/logo\\\/image\\\/\",\"url\":\"https:\\\/\\\/www.unijoyswimwear.com\\\/wp-content\\\/uploads\\\/2022\\\/05\\\/unijoy-logo.png\",\"contentUrl\":\"https:\\\/\\\/www.unijoyswimwear.com\\\/wp-content\\\/uploads\\\/2022\\\/05\\\/unijoy-logo.png\",\"width\":268,\"height\":47,\"caption\":\"Unijoy Swimwear\"},\"image\":{\"@id\":\"https:\\\/\\\/www.unijoyswimwear.com\\\/#\\\/schema\\\/logo\\\/image\\\/\"}}]}<\/script>\n<!-- \/ Yoast SEO plugin. -->","yoast_head_json":{"title":"Maillot de bain personnalis\u00e9 \u00e0 manches longues pour fille, protection contre les \u00e9ruptions cutan\u00e9es, en seersucker, \u00e0 volants, OEM","description":"UNIJOY SWIMWEAR Co., Ltd est un fabricant chinois de maillots de bain \u00e0 manches longues et \u00e0 volants en seersucker pour filles. Nous nous engageons \u00e0 fournir des maillots de bain OEM de haute qualit\u00e9. N&#039;h\u00e9sitez pas \u00e0 nous contacter\u00a0!","robots":{"index":"index","follow":"follow","max-snippet":"max-snippet:-1","max-image-preview":"max-image-preview:large","max-video-preview":"max-video-preview:-1"},"canonical":"https:\/\/www.unijoyswimwear.com\/fr\/maillot-de-bain-a-manches-longues-et-a-volants-en-seersucker-pour-fille-protection-anti-eruption-oem_p989-html","og_locale":"fr_FR","og_type":"article","og_title":"Custom Girls' Long Sleeve Rash Guards OEM Swimwear Seersucker Ruffle Swim Suit","og_description":"UNIJOY SWIMWEAR Co.,Ltd is a manufacturer of Girls' Long Sleeve Rash Guards OEM Swimwear Seersucker Ruffle Swim Suit in China,We are committed to providing high quality OEM swimwear. We sincerely welcome your inquiries!","og_url":"https:\/\/www.unijoyswimwear.com\/fr\/maillot-de-bain-a-manches-longues-et-a-volants-en-seersucker-pour-fille-protection-anti-eruption-oem_p989-html","og_site_name":"Unijoy Reliable Swimwear &amp; Activewear Manufacturer","article_modified_time":"2022-08-30T06:35:56+00:00","twitter_card":"summary_large_image","schema":{"@context":"https:\/\/schema.org","@graph":[{"@type":"WebPage","@id":"https:\/\/www.unijoyswimwear.com\/girls-long-sleeve-rash-guards-oem-swimwear-seersucker-ruffle-swim-suit_p989.html","url":"https:\/\/www.unijoyswimwear.com\/girls-long-sleeve-rash-guards-oem-swimwear-seersucker-ruffle-swim-suit_p989.html","name":"Maillot de bain personnalis\u00e9 \u00e0 manches longues pour fille, protection contre les \u00e9ruptions cutan\u00e9es, en seersucker, \u00e0 volants, OEM","isPartOf":{"@id":"https:\/\/www.unijoyswimwear.com\/#website"},"datePublished":"2022-08-09T01:35:57+00:00","dateModified":"2022-08-30T06:35:56+00:00","description":"UNIJOY SWIMWEAR Co., Ltd est un fabricant chinois de maillots de bain \u00e0 manches longues et \u00e0 volants en seersucker pour filles. Nous nous engageons \u00e0 fournir des maillots de bain OEM de haute qualit\u00e9. N&#039;h\u00e9sitez pas \u00e0 nous contacter\u00a0!","breadcrumb":{"@id":"https:\/\/www.unijoyswimwear.com\/girls-long-sleeve-rash-guards-oem-swimwear-seersucker-ruffle-swim-suit_p989.html#breadcrumb"},"inLanguage":"fr-FR","potentialAction":[{"@type":"ReadAction","target":["https:\/\/www.unijoyswimwear.com\/girls-long-sleeve-rash-guards-oem-swimwear-seersucker-ruffle-swim-suit_p989.html"]}]},{"@type":"BreadcrumbList","@id":"https:\/\/www.unijoyswimwear.com\/girls-long-sleeve-rash-guards-oem-swimwear-seersucker-ruffle-swim-suit_p989.html#breadcrumb","itemListElement":[{"@type":"ListItem","position":1,"name":"Home","item":"https:\/\/www.unijoyswimwear.com\/"},{"@type":"ListItem","position":2,"name":"Girls Swimsuits","item":"https:\/\/www.unijoyswimwear.com\/girls-swimsuits_c28\/"},{"@type":"ListItem","position":3,"name":"Girls Rash Guards","item":"https:\/\/www.unijoyswimwear.com\/girls-rash-guards_c14\/"},{"@type":"ListItem","position":4,"name":"Girls&#8217; Long Sleeve Rash Guards OEM Swimwear Seersucker Ruffle Swim Suit"}]},{"@type":"WebSite","@id":"https:\/\/www.unijoyswimwear.com\/#website","url":"https:\/\/www.unijoyswimwear.com\/","name":"Unijoy, fabricant fiable de maillots de bain et de v\u00eatements de sport","description":"","publisher":{"@id":"https:\/\/www.unijoyswimwear.com\/#organization"},"potentialAction":[{"@type":"SearchAction","target":{"@type":"EntryPoint","urlTemplate":"https:\/\/www.unijoyswimwear.com\/?s={search_term_string}"},"query-input":{"@type":"PropertyValueSpecification","valueRequired":true,"valueName":"search_term_string"}}],"inLanguage":"fr-FR"},{"@type":"Organization","@id":"https:\/\/www.unijoyswimwear.com\/#organization","name":"Unijoy Swimwear","url":"https:\/\/www.unijoyswimwear.com\/","logo":{"@type":"ImageObject","inLanguage":"fr-FR","@id":"https:\/\/www.unijoyswimwear.com\/#\/schema\/logo\/image\/","url":"https:\/\/www.unijoyswimwear.com\/wp-content\/uploads\/2022\/05\/unijoy-logo.png","contentUrl":"https:\/\/www.unijoyswimwear.com\/wp-content\/uploads\/2022\/05\/unijoy-logo.png","width":268,"height":47,"caption":"Unijoy Swimwear"},"image":{"@id":"https:\/\/www.unijoyswimwear.com\/#\/schema\/logo\/image\/"}}]}},"_links":{"self":[{"href":"https:\/\/www.unijoyswimwear.com\/fr\/wp-json\/wp\/v2\/pages\/11826","targetHints":{"allow":["GET"]}}],"collection":[{"href":"https:\/\/www.unijoyswimwear.com\/fr\/wp-json\/wp\/v2\/pages"}],"about":[{"href":"https:\/\/www.unijoyswimwear.com\/fr\/wp-json\/wp\/v2\/types\/page"}],"author":[{"embeddable":true,"href":"https:\/\/www.unijoyswimwear.com\/fr\/wp-json\/wp\/v2\/users\/1"}],"replies":[{"embeddable":true,"href":"https:\/\/www.unijoyswimwear.com\/fr\/wp-json\/wp\/v2\/comments?post=11826"}],"version-history":[{"count":0,"href":"https:\/\/www.unijoyswimwear.com\/fr\/wp-json\/wp\/v2\/pages\/11826\/revisions"}],"up":[{"embeddable":true,"href":"https:\/\/www.unijoyswimwear.com\/fr\/wp-json\/wp\/v2\/pages\/5840"}],"wp:attachment":[{"href":"https:\/\/www.unijoyswimwear.com\/fr\/wp-json\/wp\/v2\/media?parent=11826"}],"curies":[{"name":"wp","href":"https:\/\/api.w.org\/{rel}","templated":true}]}}