{"id":10126,"date":"2022-07-26T08:40:29","date_gmt":"2022-07-26T08:40:29","guid":{"rendered":"https:\/\/www.unijoyswimwear.com\/?page_id=10126"},"modified":"2022-09-07T01:10:10","modified_gmt":"2022-09-07T01:10:10","slug":"ladies-active-wear-top-with-contrast-elastic-band-for-yoga-bra-top","status":"publish","type":"page","link":"https:\/\/www.unijoyswimwear.com\/fr\/haut-de-sport-pour-femme-avec-bande-elastique-contrastee-pour-soutien-gorge-de-yoga_p934-html","title":{"rendered":"Haut de sport pour femme avec bande \u00e9lastique contrast\u00e9e pour soutien-gorge de yoga"},"content":{"rendered":"","protected":false},"excerpt":{"rendered":"","protected":false},"author":1,"featured_media":0,"parent":5931,"menu_order":0,"comment_status":"closed","ping_status":"closed","template":"product-details7.php","meta":{"_acf_changed":false,"site-sidebar-layout":"no-sidebar","site-content-layout":"page-builder","ast-site-content-layout":"default","site-content-style":"default","site-sidebar-style":"default","ast-global-header-display":"","ast-banner-title-visibility":"","ast-main-header-display":"","ast-hfb-above-header-display":"","ast-hfb-below-header-display":"","ast-hfb-mobile-header-display":"","site-post-title":"disabled","ast-breadcrumbs-content":"disabled","ast-featured-img":"disabled","footer-sml-layout":"","ast-disable-related-posts":"","theme-transparent-header-meta":"default","adv-header-id-meta":"","stick-header-meta":"default","header-above-stick-meta":"","header-main-stick-meta":"","header-below-stick-meta":"","astra-migrate-meta-layouts":"default","ast-page-background-enabled":"default","ast-page-background-meta":{"desktop":{"background-color":"","background-image":"","background-repeat":"repeat","background-position":"center center","background-size":"auto","background-attachment":"scroll","background-type":"","background-media":"","overlay-type":"","overlay-color":"","overlay-opacity":"","overlay-gradient":""},"tablet":{"background-color":"","background-image":"","background-repeat":"repeat","background-position":"center center","background-size":"auto","background-attachment":"scroll","background-type":"","background-media":"","overlay-type":"","overlay-color":"","overlay-opacity":"","overlay-gradient":""},"mobile":{"background-color":"","background-image":"","background-repeat":"repeat","background-position":"center center","background-size":"auto","background-attachment":"scroll","background-type":"","background-media":"","overlay-type":"","overlay-color":"","overlay-opacity":"","overlay-gradient":""}},"ast-content-background-meta":{"desktop":{"background-color":"var(--ast-global-color-5)","background-image":"","background-repeat":"repeat","background-position":"center center","background-size":"auto","background-attachment":"scroll","background-type":"","background-media":"","overlay-type":"","overlay-color":"","overlay-opacity":"","overlay-gradient":""},"tablet":{"background-color":"var(--ast-global-color-5)","background-image":"","background-repeat":"repeat","background-position":"center center","background-size":"auto","background-attachment":"scroll","background-type":"","background-media":"","overlay-type":"","overlay-color":"","overlay-opacity":"","overlay-gradient":""},"mobile":{"background-color":"var(--ast-global-color-5)","background-image":"","background-repeat":"repeat","background-position":"center center","background-size":"auto","background-attachment":"scroll","background-type":"","background-media":"","overlay-type":"","overlay-color":"","overlay-opacity":"","overlay-gradient":""}},"footnotes":""},"class_list":["post-10126","page","type-page","status-publish","hentry"],"acf":[],"yoast_head":"<!-- This site is optimized with the Yoast SEO plugin v27.4 - https:\/\/yoast.com\/product\/yoast-seo-wordpress\/ -->\n<title>Ladies Active Wear Top With Contrast Elastic Band For Yoga Bra Top Swimwear Manufacturers - Your Reliable Swimsuit Supplier<\/title>\n<meta name=\"description\" content=\"UNIJOY SWIMWEAR Co.,Ltd is a manufacturer of Ladies Active Wear Top With Contrast Elastic Band For Yoga Bra Top in China,We are committed to providing high quality ladies active wear top. We sincerely welcome your inquiries!\" \/>\n<meta name=\"robots\" content=\"index, follow, max-snippet:-1, max-image-preview:large, max-video-preview:-1\" \/>\n<link rel=\"canonical\" href=\"https:\/\/www.unijoyswimwear.com\/fr\/haut-de-sport-pour-femme-avec-bande-elastique-contrastee-pour-soutien-gorge-de-yoga_p934-html\" \/>\n<meta property=\"og:locale\" content=\"fr_FR\" \/>\n<meta property=\"og:type\" content=\"article\" \/>\n<meta property=\"og:title\" content=\"Ladies Active Wear Top With Contrast Elastic Band For Yoga Bra Top Swimwear Manufacturers - Your Reliable Swimsuit Supplier\" \/>\n<meta property=\"og:description\" content=\"UNIJOY SWIMWEAR Co.,Ltd is a manufacturer of Ladies Active Wear Top With Contrast Elastic Band For Yoga Bra Top in China,We are committed to providing high quality ladies active wear top. We sincerely welcome your inquiries!\" \/>\n<meta property=\"og:url\" content=\"https:\/\/www.unijoyswimwear.com\/fr\/haut-de-sport-pour-femme-avec-bande-elastique-contrastee-pour-soutien-gorge-de-yoga_p934-html\" \/>\n<meta property=\"og:site_name\" content=\"Unijoy Reliable Swimwear &amp; Activewear Manufacturer\" \/>\n<meta property=\"article:modified_time\" content=\"2022-09-07T01:10:10+00:00\" \/>\n<meta name=\"twitter:card\" content=\"summary_large_image\" \/>\n<script type=\"application\/ld+json\" class=\"yoast-schema-graph\">{\"@context\":\"https:\\\/\\\/schema.org\",\"@graph\":[{\"@type\":\"WebPage\",\"@id\":\"https:\\\/\\\/www.unijoyswimwear.com\\\/ladies-active-wear-top-with-contrast-elastic-band-for-yoga-bra-top_p934.html\",\"url\":\"https:\\\/\\\/www.unijoyswimwear.com\\\/ladies-active-wear-top-with-contrast-elastic-band-for-yoga-bra-top_p934.html\",\"name\":\"Ladies Active Wear Top With Contrast Elastic Band For Yoga Bra Top Swimwear Manufacturers - Your Reliable Swimsuit Supplier\",\"isPartOf\":{\"@id\":\"https:\\\/\\\/www.unijoyswimwear.com\\\/#website\"},\"datePublished\":\"2022-07-26T08:40:29+00:00\",\"dateModified\":\"2022-09-07T01:10:10+00:00\",\"description\":\"UNIJOY SWIMWEAR Co.,Ltd is a manufacturer of Ladies Active Wear Top With Contrast Elastic Band For Yoga Bra Top in China,We are committed to providing high quality ladies active wear top. We sincerely welcome your inquiries!\",\"breadcrumb\":{\"@id\":\"https:\\\/\\\/www.unijoyswimwear.com\\\/ladies-active-wear-top-with-contrast-elastic-band-for-yoga-bra-top_p934.html#breadcrumb\"},\"inLanguage\":\"fr-FR\",\"potentialAction\":[{\"@type\":\"ReadAction\",\"target\":[\"https:\\\/\\\/www.unijoyswimwear.com\\\/ladies-active-wear-top-with-contrast-elastic-band-for-yoga-bra-top_p934.html\"]}]},{\"@type\":\"BreadcrumbList\",\"@id\":\"https:\\\/\\\/www.unijoyswimwear.com\\\/ladies-active-wear-top-with-contrast-elastic-band-for-yoga-bra-top_p934.html#breadcrumb\",\"itemListElement\":[{\"@type\":\"ListItem\",\"position\":1,\"name\":\"Home\",\"item\":\"https:\\\/\\\/www.unijoyswimwear.com\\\/\"},{\"@type\":\"ListItem\",\"position\":2,\"name\":\"Active Wear Manufacturer\",\"item\":\"https:\\\/\\\/www.unijoyswimwear.com\\\/active-wear-manufacturer\\\/\"},{\"@type\":\"ListItem\",\"position\":3,\"name\":\"Sports Bra\",\"item\":\"https:\\\/\\\/www.unijoyswimwear.com\\\/bra-tops_c42\\\/\"},{\"@type\":\"ListItem\",\"position\":4,\"name\":\"Ladies Active Wear Top With Contrast Elastic Band For Yoga Bra Top\"}]},{\"@type\":\"WebSite\",\"@id\":\"https:\\\/\\\/www.unijoyswimwear.com\\\/#website\",\"url\":\"https:\\\/\\\/www.unijoyswimwear.com\\\/\",\"name\":\"Unijoy Reliable Swimwear &amp; Activewear Manufacturer\",\"description\":\"\",\"publisher\":{\"@id\":\"https:\\\/\\\/www.unijoyswimwear.com\\\/#organization\"},\"potentialAction\":[{\"@type\":\"SearchAction\",\"target\":{\"@type\":\"EntryPoint\",\"urlTemplate\":\"https:\\\/\\\/www.unijoyswimwear.com\\\/?s={search_term_string}\"},\"query-input\":{\"@type\":\"PropertyValueSpecification\",\"valueRequired\":true,\"valueName\":\"search_term_string\"}}],\"inLanguage\":\"fr-FR\"},{\"@type\":\"Organization\",\"@id\":\"https:\\\/\\\/www.unijoyswimwear.com\\\/#organization\",\"name\":\"Unijoy Swimwear\",\"url\":\"https:\\\/\\\/www.unijoyswimwear.com\\\/\",\"logo\":{\"@type\":\"ImageObject\",\"inLanguage\":\"fr-FR\",\"@id\":\"https:\\\/\\\/www.unijoyswimwear.com\\\/#\\\/schema\\\/logo\\\/image\\\/\",\"url\":\"https:\\\/\\\/www.unijoyswimwear.com\\\/wp-content\\\/uploads\\\/2022\\\/05\\\/unijoy-logo.png\",\"contentUrl\":\"https:\\\/\\\/www.unijoyswimwear.com\\\/wp-content\\\/uploads\\\/2022\\\/05\\\/unijoy-logo.png\",\"width\":268,\"height\":47,\"caption\":\"Unijoy Swimwear\"},\"image\":{\"@id\":\"https:\\\/\\\/www.unijoyswimwear.com\\\/#\\\/schema\\\/logo\\\/image\\\/\"}}]}<\/script>\n<!-- \/ Yoast SEO plugin. -->","yoast_head_json":{"title":"Haut de sport pour femme avec bande \u00e9lastique contrast\u00e9e pour soutien-gorge de yoga et maillots de bain - Votre fournisseur de maillots de bain fiable","description":"UNIJOY SWIMWEAR Co., Ltd est un fabricant chinois de hauts de sport pour femmes avec bande \u00e9lastique contrast\u00e9e pour soutien-gorge de yoga. Nous nous engageons \u00e0 fournir des hauts de sport pour femmes de haute qualit\u00e9. N&#039;h\u00e9sitez pas \u00e0 nous contacter\u00a0!","robots":{"index":"index","follow":"follow","max-snippet":"max-snippet:-1","max-image-preview":"max-image-preview:large","max-video-preview":"max-video-preview:-1"},"canonical":"https:\/\/www.unijoyswimwear.com\/fr\/haut-de-sport-pour-femme-avec-bande-elastique-contrastee-pour-soutien-gorge-de-yoga_p934-html","og_locale":"fr_FR","og_type":"article","og_title":"Ladies Active Wear Top With Contrast Elastic Band For Yoga Bra Top Swimwear Manufacturers - Your Reliable Swimsuit Supplier","og_description":"UNIJOY SWIMWEAR Co.,Ltd is a manufacturer of Ladies Active Wear Top With Contrast Elastic Band For Yoga Bra Top in China,We are committed to providing high quality ladies active wear top. We sincerely welcome your inquiries!","og_url":"https:\/\/www.unijoyswimwear.com\/fr\/haut-de-sport-pour-femme-avec-bande-elastique-contrastee-pour-soutien-gorge-de-yoga_p934-html","og_site_name":"Unijoy Reliable Swimwear &amp; Activewear Manufacturer","article_modified_time":"2022-09-07T01:10:10+00:00","twitter_card":"summary_large_image","schema":{"@context":"https:\/\/schema.org","@graph":[{"@type":"WebPage","@id":"https:\/\/www.unijoyswimwear.com\/ladies-active-wear-top-with-contrast-elastic-band-for-yoga-bra-top_p934.html","url":"https:\/\/www.unijoyswimwear.com\/ladies-active-wear-top-with-contrast-elastic-band-for-yoga-bra-top_p934.html","name":"Haut de sport pour femme avec bande \u00e9lastique contrast\u00e9e pour soutien-gorge de yoga et maillots de bain - Votre fournisseur de maillots de bain fiable","isPartOf":{"@id":"https:\/\/www.unijoyswimwear.com\/#website"},"datePublished":"2022-07-26T08:40:29+00:00","dateModified":"2022-09-07T01:10:10+00:00","description":"UNIJOY SWIMWEAR Co., Ltd est un fabricant chinois de hauts de sport pour femmes avec bande \u00e9lastique contrast\u00e9e pour soutien-gorge de yoga. Nous nous engageons \u00e0 fournir des hauts de sport pour femmes de haute qualit\u00e9. N&#039;h\u00e9sitez pas \u00e0 nous contacter\u00a0!","breadcrumb":{"@id":"https:\/\/www.unijoyswimwear.com\/ladies-active-wear-top-with-contrast-elastic-band-for-yoga-bra-top_p934.html#breadcrumb"},"inLanguage":"fr-FR","potentialAction":[{"@type":"ReadAction","target":["https:\/\/www.unijoyswimwear.com\/ladies-active-wear-top-with-contrast-elastic-band-for-yoga-bra-top_p934.html"]}]},{"@type":"BreadcrumbList","@id":"https:\/\/www.unijoyswimwear.com\/ladies-active-wear-top-with-contrast-elastic-band-for-yoga-bra-top_p934.html#breadcrumb","itemListElement":[{"@type":"ListItem","position":1,"name":"Home","item":"https:\/\/www.unijoyswimwear.com\/"},{"@type":"ListItem","position":2,"name":"Active Wear Manufacturer","item":"https:\/\/www.unijoyswimwear.com\/active-wear-manufacturer\/"},{"@type":"ListItem","position":3,"name":"Sports Bra","item":"https:\/\/www.unijoyswimwear.com\/bra-tops_c42\/"},{"@type":"ListItem","position":4,"name":"Ladies Active Wear Top With Contrast Elastic Band For Yoga Bra Top"}]},{"@type":"WebSite","@id":"https:\/\/www.unijoyswimwear.com\/#website","url":"https:\/\/www.unijoyswimwear.com\/","name":"Unijoy, fabricant fiable de maillots de bain et de v\u00eatements de sport","description":"","publisher":{"@id":"https:\/\/www.unijoyswimwear.com\/#organization"},"potentialAction":[{"@type":"SearchAction","target":{"@type":"EntryPoint","urlTemplate":"https:\/\/www.unijoyswimwear.com\/?s={search_term_string}"},"query-input":{"@type":"PropertyValueSpecification","valueRequired":true,"valueName":"search_term_string"}}],"inLanguage":"fr-FR"},{"@type":"Organization","@id":"https:\/\/www.unijoyswimwear.com\/#organization","name":"Unijoy Swimwear","url":"https:\/\/www.unijoyswimwear.com\/","logo":{"@type":"ImageObject","inLanguage":"fr-FR","@id":"https:\/\/www.unijoyswimwear.com\/#\/schema\/logo\/image\/","url":"https:\/\/www.unijoyswimwear.com\/wp-content\/uploads\/2022\/05\/unijoy-logo.png","contentUrl":"https:\/\/www.unijoyswimwear.com\/wp-content\/uploads\/2022\/05\/unijoy-logo.png","width":268,"height":47,"caption":"Unijoy Swimwear"},"image":{"@id":"https:\/\/www.unijoyswimwear.com\/#\/schema\/logo\/image\/"}}]}},"_links":{"self":[{"href":"https:\/\/www.unijoyswimwear.com\/fr\/wp-json\/wp\/v2\/pages\/10126","targetHints":{"allow":["GET"]}}],"collection":[{"href":"https:\/\/www.unijoyswimwear.com\/fr\/wp-json\/wp\/v2\/pages"}],"about":[{"href":"https:\/\/www.unijoyswimwear.com\/fr\/wp-json\/wp\/v2\/types\/page"}],"author":[{"embeddable":true,"href":"https:\/\/www.unijoyswimwear.com\/fr\/wp-json\/wp\/v2\/users\/1"}],"replies":[{"embeddable":true,"href":"https:\/\/www.unijoyswimwear.com\/fr\/wp-json\/wp\/v2\/comments?post=10126"}],"version-history":[{"count":0,"href":"https:\/\/www.unijoyswimwear.com\/fr\/wp-json\/wp\/v2\/pages\/10126\/revisions"}],"up":[{"embeddable":true,"href":"https:\/\/www.unijoyswimwear.com\/fr\/wp-json\/wp\/v2\/pages\/5931"}],"wp:attachment":[{"href":"https:\/\/www.unijoyswimwear.com\/fr\/wp-json\/wp\/v2\/media?parent=10126"}],"curies":[{"name":"wp","href":"https:\/\/api.w.org\/{rel}","templated":true}]}}