{"id":7703,"date":"2022-07-11T08:01:07","date_gmt":"2022-07-11T08:01:07","guid":{"rendered":"https:\/\/www.unijoyswimwear.com\/?page_id=7703"},"modified":"2022-09-01T06:44:04","modified_gmt":"2022-09-01T06:44:04","slug":"womens-two-piece-swimwear-lurex-glitter-halter-top-swimsuits-and-side-tie-bikini-bottoms","status":"publish","type":"page","link":"https:\/\/www.unijoyswimwear.com\/es\/traje-de-bano-de-dos-piezas-para-mujer-con-top-halter-y-braguita-de-bikini-con-lazo-lateral-y-brillo-de-lurex_p884-html","title":{"rendered":"Traje de ba\u00f1o de dos piezas para mujer con top halter con brillo de l\u00farex y braguita de bikini con lazo lateral"},"content":{"rendered":"","protected":false},"excerpt":{"rendered":"","protected":false},"author":1,"featured_media":0,"parent":5868,"menu_order":0,"comment_status":"closed","ping_status":"closed","template":"product-details7.php","meta":{"_acf_changed":false,"site-sidebar-layout":"no-sidebar","site-content-layout":"page-builder","ast-site-content-layout":"default","site-content-style":"default","site-sidebar-style":"default","ast-global-header-display":"","ast-banner-title-visibility":"","ast-main-header-display":"","ast-hfb-above-header-display":"","ast-hfb-below-header-display":"","ast-hfb-mobile-header-display":"","site-post-title":"disabled","ast-breadcrumbs-content":"disabled","ast-featured-img":"disabled","footer-sml-layout":"","ast-disable-related-posts":"","theme-transparent-header-meta":"default","adv-header-id-meta":"","stick-header-meta":"default","header-above-stick-meta":"","header-main-stick-meta":"","header-below-stick-meta":"","astra-migrate-meta-layouts":"default","ast-page-background-enabled":"default","ast-page-background-meta":{"desktop":{"background-color":"","background-image":"","background-repeat":"repeat","background-position":"center center","background-size":"auto","background-attachment":"scroll","background-type":"","background-media":"","overlay-type":"","overlay-color":"","overlay-opacity":"","overlay-gradient":""},"tablet":{"background-color":"","background-image":"","background-repeat":"repeat","background-position":"center center","background-size":"auto","background-attachment":"scroll","background-type":"","background-media":"","overlay-type":"","overlay-color":"","overlay-opacity":"","overlay-gradient":""},"mobile":{"background-color":"","background-image":"","background-repeat":"repeat","background-position":"center center","background-size":"auto","background-attachment":"scroll","background-type":"","background-media":"","overlay-type":"","overlay-color":"","overlay-opacity":"","overlay-gradient":""}},"ast-content-background-meta":{"desktop":{"background-color":"var(--ast-global-color-5)","background-image":"","background-repeat":"repeat","background-position":"center center","background-size":"auto","background-attachment":"scroll","background-type":"","background-media":"","overlay-type":"","overlay-color":"","overlay-opacity":"","overlay-gradient":""},"tablet":{"background-color":"var(--ast-global-color-5)","background-image":"","background-repeat":"repeat","background-position":"center center","background-size":"auto","background-attachment":"scroll","background-type":"","background-media":"","overlay-type":"","overlay-color":"","overlay-opacity":"","overlay-gradient":""},"mobile":{"background-color":"var(--ast-global-color-5)","background-image":"","background-repeat":"repeat","background-position":"center center","background-size":"auto","background-attachment":"scroll","background-type":"","background-media":"","overlay-type":"","overlay-color":"","overlay-opacity":"","overlay-gradient":""}},"footnotes":""},"class_list":["post-7703","page","type-page","status-publish","hentry"],"acf":[],"yoast_head":"<!-- This site is optimized with the Yoast SEO plugin v27.4 - https:\/\/yoast.com\/product\/yoast-seo-wordpress\/ -->\n<title>Custom Women&#039;s Two Piece Swimwear Lurex Glitter Bikini Top Swimsuits And Side Tie Bikini Bottoms Manufacturer<\/title>\n<meta name=\"description\" content=\"UNIJOY SWIMWEAR Co.,Ltd is a manufacturer of Women&#039;s Two Piece Swimwear Lurex Glitter Halter Top Swimsuits And Side Tie Bikini Bottoms in China,We are committed to providing high quality glitter bikini top. We sincerely welcome your inquiries!\" \/>\n<meta name=\"robots\" content=\"index, follow, max-snippet:-1, max-image-preview:large, max-video-preview:-1\" \/>\n<link rel=\"canonical\" href=\"https:\/\/www.unijoyswimwear.com\/es\/traje-de-bano-de-dos-piezas-para-mujer-con-top-halter-y-braguita-de-bikini-con-lazo-lateral-y-brillo-de-lurex_p884-html\" \/>\n<meta property=\"og:locale\" content=\"es_ES\" \/>\n<meta property=\"og:type\" content=\"article\" \/>\n<meta property=\"og:title\" content=\"Custom Women&#039;s Two Piece Swimwear Lurex Glitter Bikini Top Swimsuits And Side Tie Bikini Bottoms Manufacturer\" \/>\n<meta property=\"og:description\" content=\"UNIJOY SWIMWEAR Co.,Ltd is a manufacturer of Women&#039;s Two Piece Swimwear Lurex Glitter Halter Top Swimsuits And Side Tie Bikini Bottoms in China,We are committed to providing high quality glitter bikini top. We sincerely welcome your inquiries!\" \/>\n<meta property=\"og:url\" content=\"https:\/\/www.unijoyswimwear.com\/es\/traje-de-bano-de-dos-piezas-para-mujer-con-top-halter-y-braguita-de-bikini-con-lazo-lateral-y-brillo-de-lurex_p884-html\" \/>\n<meta property=\"og:site_name\" content=\"Unijoy Reliable Swimwear &amp; Activewear Manufacturer\" \/>\n<meta property=\"article:modified_time\" content=\"2022-09-01T06:44:04+00:00\" \/>\n<meta name=\"twitter:card\" content=\"summary_large_image\" \/>\n<script type=\"application\/ld+json\" class=\"yoast-schema-graph\">{\"@context\":\"https:\\\/\\\/schema.org\",\"@graph\":[{\"@type\":\"WebPage\",\"@id\":\"https:\\\/\\\/www.unijoyswimwear.com\\\/women-s-two-piece-swimwear-lurex-glitter-halter-top-swimsuits-and-side-tie-bikini-bottoms_p884.html\",\"url\":\"https:\\\/\\\/www.unijoyswimwear.com\\\/women-s-two-piece-swimwear-lurex-glitter-halter-top-swimsuits-and-side-tie-bikini-bottoms_p884.html\",\"name\":\"Custom Women's Two Piece Swimwear Lurex Glitter Bikini Top Swimsuits And Side Tie Bikini Bottoms Manufacturer\",\"isPartOf\":{\"@id\":\"https:\\\/\\\/www.unijoyswimwear.com\\\/#website\"},\"datePublished\":\"2022-07-11T08:01:07+00:00\",\"dateModified\":\"2022-09-01T06:44:04+00:00\",\"description\":\"UNIJOY SWIMWEAR Co.,Ltd is a manufacturer of Women's Two Piece Swimwear Lurex Glitter Halter Top Swimsuits And Side Tie Bikini Bottoms in China,We are committed to providing high quality glitter bikini top. We sincerely welcome your inquiries!\",\"breadcrumb\":{\"@id\":\"https:\\\/\\\/www.unijoyswimwear.com\\\/women-s-two-piece-swimwear-lurex-glitter-halter-top-swimsuits-and-side-tie-bikini-bottoms_p884.html#breadcrumb\"},\"inLanguage\":\"es\",\"potentialAction\":[{\"@type\":\"ReadAction\",\"target\":[\"https:\\\/\\\/www.unijoyswimwear.com\\\/women-s-two-piece-swimwear-lurex-glitter-halter-top-swimsuits-and-side-tie-bikini-bottoms_p884.html\"]}]},{\"@type\":\"BreadcrumbList\",\"@id\":\"https:\\\/\\\/www.unijoyswimwear.com\\\/women-s-two-piece-swimwear-lurex-glitter-halter-top-swimsuits-and-side-tie-bikini-bottoms_p884.html#breadcrumb\",\"itemListElement\":[{\"@type\":\"ListItem\",\"position\":1,\"name\":\"Home\",\"item\":\"https:\\\/\\\/www.unijoyswimwear.com\\\/\"},{\"@type\":\"ListItem\",\"position\":2,\"name\":\"Women&#8217;s Swimsuits\",\"item\":\"https:\\\/\\\/www.unijoyswimwear.com\\\/women-s-swimsuits_c2\\\/\"},{\"@type\":\"ListItem\",\"position\":3,\"name\":\"Women&#8217;s Bikinis\",\"item\":\"https:\\\/\\\/www.unijoyswimwear.com\\\/women-s-bikinis_c6\\\/\"},{\"@type\":\"ListItem\",\"position\":4,\"name\":\"Women&#8217;s Two Piece Swimwear Lurex Glitter Halter Top Swimsuits And Side Tie Bikini Bottoms\"}]},{\"@type\":\"WebSite\",\"@id\":\"https:\\\/\\\/www.unijoyswimwear.com\\\/#website\",\"url\":\"https:\\\/\\\/www.unijoyswimwear.com\\\/\",\"name\":\"Unijoy Reliable Swimwear &amp; Activewear Manufacturer\",\"description\":\"\",\"publisher\":{\"@id\":\"https:\\\/\\\/www.unijoyswimwear.com\\\/#organization\"},\"potentialAction\":[{\"@type\":\"SearchAction\",\"target\":{\"@type\":\"EntryPoint\",\"urlTemplate\":\"https:\\\/\\\/www.unijoyswimwear.com\\\/?s={search_term_string}\"},\"query-input\":{\"@type\":\"PropertyValueSpecification\",\"valueRequired\":true,\"valueName\":\"search_term_string\"}}],\"inLanguage\":\"es\"},{\"@type\":\"Organization\",\"@id\":\"https:\\\/\\\/www.unijoyswimwear.com\\\/#organization\",\"name\":\"Unijoy Swimwear\",\"url\":\"https:\\\/\\\/www.unijoyswimwear.com\\\/\",\"logo\":{\"@type\":\"ImageObject\",\"inLanguage\":\"es\",\"@id\":\"https:\\\/\\\/www.unijoyswimwear.com\\\/#\\\/schema\\\/logo\\\/image\\\/\",\"url\":\"https:\\\/\\\/www.unijoyswimwear.com\\\/wp-content\\\/uploads\\\/2022\\\/05\\\/unijoy-logo.png\",\"contentUrl\":\"https:\\\/\\\/www.unijoyswimwear.com\\\/wp-content\\\/uploads\\\/2022\\\/05\\\/unijoy-logo.png\",\"width\":268,\"height\":47,\"caption\":\"Unijoy Swimwear\"},\"image\":{\"@id\":\"https:\\\/\\\/www.unijoyswimwear.com\\\/#\\\/schema\\\/logo\\\/image\\\/\"}}]}<\/script>\n<!-- \/ Yoast SEO plugin. -->","yoast_head_json":{"title":"Trajes de ba\u00f1o de dos piezas personalizados para mujer, top de bikini con purpurina de l\u00farex y braguitas de bikini con lazo lateral, fabricante.","description":"UNIJOY SWIMWEAR Co., Ltd. fabrica trajes de ba\u00f1o de dos piezas para mujer, tops halter con brillo de l\u00farex y braguitas de bikini con lazo lateral en China. Nos comprometemos a ofrecer tops de bikini con brillo de alta calidad. \u00a1Agradecemos sus consultas!","robots":{"index":"index","follow":"follow","max-snippet":"max-snippet:-1","max-image-preview":"max-image-preview:large","max-video-preview":"max-video-preview:-1"},"canonical":"https:\/\/www.unijoyswimwear.com\/es\/traje-de-bano-de-dos-piezas-para-mujer-con-top-halter-y-braguita-de-bikini-con-lazo-lateral-y-brillo-de-lurex_p884-html","og_locale":"es_ES","og_type":"article","og_title":"Custom Women's Two Piece Swimwear Lurex Glitter Bikini Top Swimsuits And Side Tie Bikini Bottoms Manufacturer","og_description":"UNIJOY SWIMWEAR Co.,Ltd is a manufacturer of Women's Two Piece Swimwear Lurex Glitter Halter Top Swimsuits And Side Tie Bikini Bottoms in China,We are committed to providing high quality glitter bikini top. We sincerely welcome your inquiries!","og_url":"https:\/\/www.unijoyswimwear.com\/es\/traje-de-bano-de-dos-piezas-para-mujer-con-top-halter-y-braguita-de-bikini-con-lazo-lateral-y-brillo-de-lurex_p884-html","og_site_name":"Unijoy Reliable Swimwear &amp; Activewear Manufacturer","article_modified_time":"2022-09-01T06:44:04+00:00","twitter_card":"summary_large_image","schema":{"@context":"https:\/\/schema.org","@graph":[{"@type":"WebPage","@id":"https:\/\/www.unijoyswimwear.com\/women-s-two-piece-swimwear-lurex-glitter-halter-top-swimsuits-and-side-tie-bikini-bottoms_p884.html","url":"https:\/\/www.unijoyswimwear.com\/women-s-two-piece-swimwear-lurex-glitter-halter-top-swimsuits-and-side-tie-bikini-bottoms_p884.html","name":"Trajes de ba\u00f1o de dos piezas personalizados para mujer, top de bikini con purpurina de l\u00farex y braguitas de bikini con lazo lateral, fabricante.","isPartOf":{"@id":"https:\/\/www.unijoyswimwear.com\/#website"},"datePublished":"2022-07-11T08:01:07+00:00","dateModified":"2022-09-01T06:44:04+00:00","description":"UNIJOY SWIMWEAR Co., Ltd. fabrica trajes de ba\u00f1o de dos piezas para mujer, tops halter con brillo de l\u00farex y braguitas de bikini con lazo lateral en China. Nos comprometemos a ofrecer tops de bikini con brillo de alta calidad. \u00a1Agradecemos sus consultas!","breadcrumb":{"@id":"https:\/\/www.unijoyswimwear.com\/women-s-two-piece-swimwear-lurex-glitter-halter-top-swimsuits-and-side-tie-bikini-bottoms_p884.html#breadcrumb"},"inLanguage":"es","potentialAction":[{"@type":"ReadAction","target":["https:\/\/www.unijoyswimwear.com\/women-s-two-piece-swimwear-lurex-glitter-halter-top-swimsuits-and-side-tie-bikini-bottoms_p884.html"]}]},{"@type":"BreadcrumbList","@id":"https:\/\/www.unijoyswimwear.com\/women-s-two-piece-swimwear-lurex-glitter-halter-top-swimsuits-and-side-tie-bikini-bottoms_p884.html#breadcrumb","itemListElement":[{"@type":"ListItem","position":1,"name":"Home","item":"https:\/\/www.unijoyswimwear.com\/"},{"@type":"ListItem","position":2,"name":"Women&#8217;s Swimsuits","item":"https:\/\/www.unijoyswimwear.com\/women-s-swimsuits_c2\/"},{"@type":"ListItem","position":3,"name":"Women&#8217;s Bikinis","item":"https:\/\/www.unijoyswimwear.com\/women-s-bikinis_c6\/"},{"@type":"ListItem","position":4,"name":"Women&#8217;s Two Piece Swimwear Lurex Glitter Halter Top Swimsuits And Side Tie Bikini Bottoms"}]},{"@type":"WebSite","@id":"https:\/\/www.unijoyswimwear.com\/#website","url":"https:\/\/www.unijoyswimwear.com\/","name":"Unijoy, fabricante confiable de trajes de ba\u00f1o y ropa deportiva","description":"","publisher":{"@id":"https:\/\/www.unijoyswimwear.com\/#organization"},"potentialAction":[{"@type":"SearchAction","target":{"@type":"EntryPoint","urlTemplate":"https:\/\/www.unijoyswimwear.com\/?s={search_term_string}"},"query-input":{"@type":"PropertyValueSpecification","valueRequired":true,"valueName":"search_term_string"}}],"inLanguage":"es"},{"@type":"Organization","@id":"https:\/\/www.unijoyswimwear.com\/#organization","name":"Unijoy Swimwear","url":"https:\/\/www.unijoyswimwear.com\/","logo":{"@type":"ImageObject","inLanguage":"es","@id":"https:\/\/www.unijoyswimwear.com\/#\/schema\/logo\/image\/","url":"https:\/\/www.unijoyswimwear.com\/wp-content\/uploads\/2022\/05\/unijoy-logo.png","contentUrl":"https:\/\/www.unijoyswimwear.com\/wp-content\/uploads\/2022\/05\/unijoy-logo.png","width":268,"height":47,"caption":"Unijoy Swimwear"},"image":{"@id":"https:\/\/www.unijoyswimwear.com\/#\/schema\/logo\/image\/"}}]}},"_links":{"self":[{"href":"https:\/\/www.unijoyswimwear.com\/es\/wp-json\/wp\/v2\/pages\/7703","targetHints":{"allow":["GET"]}}],"collection":[{"href":"https:\/\/www.unijoyswimwear.com\/es\/wp-json\/wp\/v2\/pages"}],"about":[{"href":"https:\/\/www.unijoyswimwear.com\/es\/wp-json\/wp\/v2\/types\/page"}],"author":[{"embeddable":true,"href":"https:\/\/www.unijoyswimwear.com\/es\/wp-json\/wp\/v2\/users\/1"}],"replies":[{"embeddable":true,"href":"https:\/\/www.unijoyswimwear.com\/es\/wp-json\/wp\/v2\/comments?post=7703"}],"version-history":[{"count":0,"href":"https:\/\/www.unijoyswimwear.com\/es\/wp-json\/wp\/v2\/pages\/7703\/revisions"}],"up":[{"embeddable":true,"href":"https:\/\/www.unijoyswimwear.com\/es\/wp-json\/wp\/v2\/pages\/5868"}],"wp:attachment":[{"href":"https:\/\/www.unijoyswimwear.com\/es\/wp-json\/wp\/v2\/media?parent=7703"}],"curies":[{"name":"wp","href":"https:\/\/api.w.org\/{rel}","templated":true}]}}