{"id":7612,"date":"2022-07-11T06:33:26","date_gmt":"2022-07-11T06:33:26","guid":{"rendered":"https:\/\/www.unijoyswimwear.com\/?page_id=7612"},"modified":"2022-09-06T01:33:28","modified_gmt":"2022-09-06T01:33:28","slug":"birds-boy-surf-recycle-beach-short-with-back-zipper-pocket-swim-trunk","status":"publish","type":"page","link":"https:\/\/www.unijoyswimwear.com\/es\/banador-corto-de-playa-reciclado-con-bolsillo-trasero-con-cremallera-diseno-de-pajaros-para-nino-p947-html","title":{"rendered":"Ba\u00f1ador de playa reciclado con bolsillo trasero con cremallera y pantalones cortos de surf Birds Boy"},"content":{"rendered":"","protected":false},"excerpt":{"rendered":"","protected":false},"author":1,"featured_media":0,"parent":5954,"menu_order":0,"comment_status":"closed","ping_status":"closed","template":"product-details7.php","meta":{"_acf_changed":false,"site-sidebar-layout":"no-sidebar","site-content-layout":"page-builder","ast-site-content-layout":"default","site-content-style":"default","site-sidebar-style":"default","ast-global-header-display":"","ast-banner-title-visibility":"","ast-main-header-display":"","ast-hfb-above-header-display":"","ast-hfb-below-header-display":"","ast-hfb-mobile-header-display":"","site-post-title":"disabled","ast-breadcrumbs-content":"disabled","ast-featured-img":"disabled","footer-sml-layout":"","ast-disable-related-posts":"","theme-transparent-header-meta":"default","adv-header-id-meta":"","stick-header-meta":"default","header-above-stick-meta":"","header-main-stick-meta":"","header-below-stick-meta":"","astra-migrate-meta-layouts":"default","ast-page-background-enabled":"default","ast-page-background-meta":{"desktop":{"background-color":"","background-image":"","background-repeat":"repeat","background-position":"center center","background-size":"auto","background-attachment":"scroll","background-type":"","background-media":"","overlay-type":"","overlay-color":"","overlay-opacity":"","overlay-gradient":""},"tablet":{"background-color":"","background-image":"","background-repeat":"repeat","background-position":"center center","background-size":"auto","background-attachment":"scroll","background-type":"","background-media":"","overlay-type":"","overlay-color":"","overlay-opacity":"","overlay-gradient":""},"mobile":{"background-color":"","background-image":"","background-repeat":"repeat","background-position":"center center","background-size":"auto","background-attachment":"scroll","background-type":"","background-media":"","overlay-type":"","overlay-color":"","overlay-opacity":"","overlay-gradient":""}},"ast-content-background-meta":{"desktop":{"background-color":"var(--ast-global-color-5)","background-image":"","background-repeat":"repeat","background-position":"center center","background-size":"auto","background-attachment":"scroll","background-type":"","background-media":"","overlay-type":"","overlay-color":"","overlay-opacity":"","overlay-gradient":""},"tablet":{"background-color":"var(--ast-global-color-5)","background-image":"","background-repeat":"repeat","background-position":"center center","background-size":"auto","background-attachment":"scroll","background-type":"","background-media":"","overlay-type":"","overlay-color":"","overlay-opacity":"","overlay-gradient":""},"mobile":{"background-color":"var(--ast-global-color-5)","background-image":"","background-repeat":"repeat","background-position":"center center","background-size":"auto","background-attachment":"scroll","background-type":"","background-media":"","overlay-type":"","overlay-color":"","overlay-opacity":"","overlay-gradient":""}},"footnotes":""},"class_list":["post-7612","page","type-page","status-publish","hentry"],"acf":[],"yoast_head":"<!-- This site is optimized with the Yoast SEO plugin v27.4 - https:\/\/yoast.com\/product\/yoast-seo-wordpress\/ -->\n<title>Custom Birds Swim Short China Swimwear Supplier Boy Surf Recycle Beach Short With Back Zipper Pocket Swim Trunk Swimwear Manufacturer - Your Reliable Swimsuit Supplier<\/title>\n<meta name=\"description\" content=\"UNIJOY SWIMWEAR Co.,Ltd is a manufacturer of Birds Boy Surf Recycle Beach Short With Back Zipper Pocket Swim Trunk in China,We are committed to providing high quality birds swim short China swimwear supplier. We sincerely welcome your inquiries!\" \/>\n<meta name=\"robots\" content=\"index, follow, max-snippet:-1, max-image-preview:large, max-video-preview:-1\" \/>\n<link rel=\"canonical\" href=\"https:\/\/www.unijoyswimwear.com\/es\/banador-corto-de-playa-reciclado-con-bolsillo-trasero-con-cremallera-diseno-de-pajaros-para-nino-p947-html\" \/>\n<meta property=\"og:locale\" content=\"es_ES\" \/>\n<meta property=\"og:type\" content=\"article\" \/>\n<meta property=\"og:title\" content=\"Custom Birds Swim Short China Swimwear Supplier Boy Surf Recycle Beach Short With Back Zipper Pocket Swim Trunk Swimwear Manufacturer - Your Reliable Swimsuit Supplier\" \/>\n<meta property=\"og:description\" content=\"UNIJOY SWIMWEAR Co.,Ltd is a manufacturer of Birds Boy Surf Recycle Beach Short With Back Zipper Pocket Swim Trunk in China,We are committed to providing high quality birds swim short China swimwear supplier. We sincerely welcome your inquiries!\" \/>\n<meta property=\"og:url\" content=\"https:\/\/www.unijoyswimwear.com\/es\/banador-corto-de-playa-reciclado-con-bolsillo-trasero-con-cremallera-diseno-de-pajaros-para-nino-p947-html\" \/>\n<meta property=\"og:site_name\" content=\"Unijoy Reliable Swimwear &amp; Activewear Manufacturer\" \/>\n<meta property=\"article:modified_time\" content=\"2022-09-06T01:33:28+00:00\" \/>\n<meta name=\"twitter:card\" content=\"summary_large_image\" \/>\n<script type=\"application\/ld+json\" class=\"yoast-schema-graph\">{\"@context\":\"https:\\\/\\\/schema.org\",\"@graph\":[{\"@type\":\"WebPage\",\"@id\":\"https:\\\/\\\/www.unijoyswimwear.com\\\/birds-boy-surf-recycle-beach-short-with-back-zipper-pocket-swim-trunk_p947.html\",\"url\":\"https:\\\/\\\/www.unijoyswimwear.com\\\/birds-boy-surf-recycle-beach-short-with-back-zipper-pocket-swim-trunk_p947.html\",\"name\":\"Custom Birds Swim Short China Swimwear Supplier Boy Surf Recycle Beach Short With Back Zipper Pocket Swim Trunk Swimwear Manufacturer - Your Reliable Swimsuit Supplier\",\"isPartOf\":{\"@id\":\"https:\\\/\\\/www.unijoyswimwear.com\\\/#website\"},\"datePublished\":\"2022-07-11T06:33:26+00:00\",\"dateModified\":\"2022-09-06T01:33:28+00:00\",\"description\":\"UNIJOY SWIMWEAR Co.,Ltd is a manufacturer of Birds Boy Surf Recycle Beach Short With Back Zipper Pocket Swim Trunk in China,We are committed to providing high quality birds swim short China swimwear supplier. We sincerely welcome your inquiries!\",\"breadcrumb\":{\"@id\":\"https:\\\/\\\/www.unijoyswimwear.com\\\/birds-boy-surf-recycle-beach-short-with-back-zipper-pocket-swim-trunk_p947.html#breadcrumb\"},\"inLanguage\":\"es\",\"potentialAction\":[{\"@type\":\"ReadAction\",\"target\":[\"https:\\\/\\\/www.unijoyswimwear.com\\\/birds-boy-surf-recycle-beach-short-with-back-zipper-pocket-swim-trunk_p947.html\"]}]},{\"@type\":\"BreadcrumbList\",\"@id\":\"https:\\\/\\\/www.unijoyswimwear.com\\\/birds-boy-surf-recycle-beach-short-with-back-zipper-pocket-swim-trunk_p947.html#breadcrumb\",\"itemListElement\":[{\"@type\":\"ListItem\",\"position\":1,\"name\":\"Home\",\"item\":\"https:\\\/\\\/www.unijoyswimwear.com\\\/\"},{\"@type\":\"ListItem\",\"position\":2,\"name\":\"Boys Swimwear\",\"item\":\"https:\\\/\\\/www.unijoyswimwear.com\\\/boys-swimwear_c1\\\/\"},{\"@type\":\"ListItem\",\"position\":3,\"name\":\"Boys Swim Shorts\",\"item\":\"https:\\\/\\\/www.unijoyswimwear.com\\\/boys-swim-shorts_c17\\\/\"},{\"@type\":\"ListItem\",\"position\":4,\"name\":\"Birds Boy Surf Recycle Beach Short With Back Zipper Pocket Swim Trunk\"}]},{\"@type\":\"WebSite\",\"@id\":\"https:\\\/\\\/www.unijoyswimwear.com\\\/#website\",\"url\":\"https:\\\/\\\/www.unijoyswimwear.com\\\/\",\"name\":\"Unijoy Reliable Swimwear &amp; Activewear Manufacturer\",\"description\":\"\",\"publisher\":{\"@id\":\"https:\\\/\\\/www.unijoyswimwear.com\\\/#organization\"},\"potentialAction\":[{\"@type\":\"SearchAction\",\"target\":{\"@type\":\"EntryPoint\",\"urlTemplate\":\"https:\\\/\\\/www.unijoyswimwear.com\\\/?s={search_term_string}\"},\"query-input\":{\"@type\":\"PropertyValueSpecification\",\"valueRequired\":true,\"valueName\":\"search_term_string\"}}],\"inLanguage\":\"es\"},{\"@type\":\"Organization\",\"@id\":\"https:\\\/\\\/www.unijoyswimwear.com\\\/#organization\",\"name\":\"Unijoy Swimwear\",\"url\":\"https:\\\/\\\/www.unijoyswimwear.com\\\/\",\"logo\":{\"@type\":\"ImageObject\",\"inLanguage\":\"es\",\"@id\":\"https:\\\/\\\/www.unijoyswimwear.com\\\/#\\\/schema\\\/logo\\\/image\\\/\",\"url\":\"https:\\\/\\\/www.unijoyswimwear.com\\\/wp-content\\\/uploads\\\/2022\\\/05\\\/unijoy-logo.png\",\"contentUrl\":\"https:\\\/\\\/www.unijoyswimwear.com\\\/wp-content\\\/uploads\\\/2022\\\/05\\\/unijoy-logo.png\",\"width\":268,\"height\":47,\"caption\":\"Unijoy Swimwear\"},\"image\":{\"@id\":\"https:\\\/\\\/www.unijoyswimwear.com\\\/#\\\/schema\\\/logo\\\/image\\\/\"}}]}<\/script>\n<!-- \/ Yoast SEO plugin. -->","yoast_head_json":{"title":"Ba\u00f1ador corto con dise\u00f1o de p\u00e1jaros personalizado, proveedor chino de trajes de ba\u00f1o. Ba\u00f1ador corto de playa reciclado para ni\u00f1o con bolsillo trasero con cremallera. Fabricante de trajes de ba\u00f1o: su proveedor confiable.","description":"UNIJOY SWIMWEAR Co., Ltd. fabrica en China shorts de playa reciclados Birds Boy Surf con bolsillo trasero con cremallera. Nos comprometemos a ofrecer shorts de ba\u00f1o Birds de alta calidad. \u00a1Agradecemos sus consultas!","robots":{"index":"index","follow":"follow","max-snippet":"max-snippet:-1","max-image-preview":"max-image-preview:large","max-video-preview":"max-video-preview:-1"},"canonical":"https:\/\/www.unijoyswimwear.com\/es\/banador-corto-de-playa-reciclado-con-bolsillo-trasero-con-cremallera-diseno-de-pajaros-para-nino-p947-html","og_locale":"es_ES","og_type":"article","og_title":"Custom Birds Swim Short China Swimwear Supplier Boy Surf Recycle Beach Short With Back Zipper Pocket Swim Trunk Swimwear Manufacturer - Your Reliable Swimsuit Supplier","og_description":"UNIJOY SWIMWEAR Co.,Ltd is a manufacturer of Birds Boy Surf Recycle Beach Short With Back Zipper Pocket Swim Trunk in China,We are committed to providing high quality birds swim short China swimwear supplier. We sincerely welcome your inquiries!","og_url":"https:\/\/www.unijoyswimwear.com\/es\/banador-corto-de-playa-reciclado-con-bolsillo-trasero-con-cremallera-diseno-de-pajaros-para-nino-p947-html","og_site_name":"Unijoy Reliable Swimwear &amp; Activewear Manufacturer","article_modified_time":"2022-09-06T01:33:28+00:00","twitter_card":"summary_large_image","schema":{"@context":"https:\/\/schema.org","@graph":[{"@type":"WebPage","@id":"https:\/\/www.unijoyswimwear.com\/birds-boy-surf-recycle-beach-short-with-back-zipper-pocket-swim-trunk_p947.html","url":"https:\/\/www.unijoyswimwear.com\/birds-boy-surf-recycle-beach-short-with-back-zipper-pocket-swim-trunk_p947.html","name":"Ba\u00f1ador corto con dise\u00f1o de p\u00e1jaros personalizado, proveedor chino de trajes de ba\u00f1o. Ba\u00f1ador corto de playa reciclado para ni\u00f1o con bolsillo trasero con cremallera. Fabricante de trajes de ba\u00f1o: su proveedor confiable.","isPartOf":{"@id":"https:\/\/www.unijoyswimwear.com\/#website"},"datePublished":"2022-07-11T06:33:26+00:00","dateModified":"2022-09-06T01:33:28+00:00","description":"UNIJOY SWIMWEAR Co., Ltd. fabrica en China shorts de playa reciclados Birds Boy Surf con bolsillo trasero con cremallera. Nos comprometemos a ofrecer shorts de ba\u00f1o Birds de alta calidad. \u00a1Agradecemos sus consultas!","breadcrumb":{"@id":"https:\/\/www.unijoyswimwear.com\/birds-boy-surf-recycle-beach-short-with-back-zipper-pocket-swim-trunk_p947.html#breadcrumb"},"inLanguage":"es","potentialAction":[{"@type":"ReadAction","target":["https:\/\/www.unijoyswimwear.com\/birds-boy-surf-recycle-beach-short-with-back-zipper-pocket-swim-trunk_p947.html"]}]},{"@type":"BreadcrumbList","@id":"https:\/\/www.unijoyswimwear.com\/birds-boy-surf-recycle-beach-short-with-back-zipper-pocket-swim-trunk_p947.html#breadcrumb","itemListElement":[{"@type":"ListItem","position":1,"name":"Home","item":"https:\/\/www.unijoyswimwear.com\/"},{"@type":"ListItem","position":2,"name":"Boys Swimwear","item":"https:\/\/www.unijoyswimwear.com\/boys-swimwear_c1\/"},{"@type":"ListItem","position":3,"name":"Boys Swim Shorts","item":"https:\/\/www.unijoyswimwear.com\/boys-swim-shorts_c17\/"},{"@type":"ListItem","position":4,"name":"Birds Boy Surf Recycle Beach Short With Back Zipper Pocket Swim Trunk"}]},{"@type":"WebSite","@id":"https:\/\/www.unijoyswimwear.com\/#website","url":"https:\/\/www.unijoyswimwear.com\/","name":"Unijoy, fabricante confiable de trajes de ba\u00f1o y ropa deportiva","description":"","publisher":{"@id":"https:\/\/www.unijoyswimwear.com\/#organization"},"potentialAction":[{"@type":"SearchAction","target":{"@type":"EntryPoint","urlTemplate":"https:\/\/www.unijoyswimwear.com\/?s={search_term_string}"},"query-input":{"@type":"PropertyValueSpecification","valueRequired":true,"valueName":"search_term_string"}}],"inLanguage":"es"},{"@type":"Organization","@id":"https:\/\/www.unijoyswimwear.com\/#organization","name":"Unijoy Swimwear","url":"https:\/\/www.unijoyswimwear.com\/","logo":{"@type":"ImageObject","inLanguage":"es","@id":"https:\/\/www.unijoyswimwear.com\/#\/schema\/logo\/image\/","url":"https:\/\/www.unijoyswimwear.com\/wp-content\/uploads\/2022\/05\/unijoy-logo.png","contentUrl":"https:\/\/www.unijoyswimwear.com\/wp-content\/uploads\/2022\/05\/unijoy-logo.png","width":268,"height":47,"caption":"Unijoy Swimwear"},"image":{"@id":"https:\/\/www.unijoyswimwear.com\/#\/schema\/logo\/image\/"}}]}},"_links":{"self":[{"href":"https:\/\/www.unijoyswimwear.com\/es\/wp-json\/wp\/v2\/pages\/7612","targetHints":{"allow":["GET"]}}],"collection":[{"href":"https:\/\/www.unijoyswimwear.com\/es\/wp-json\/wp\/v2\/pages"}],"about":[{"href":"https:\/\/www.unijoyswimwear.com\/es\/wp-json\/wp\/v2\/types\/page"}],"author":[{"embeddable":true,"href":"https:\/\/www.unijoyswimwear.com\/es\/wp-json\/wp\/v2\/users\/1"}],"replies":[{"embeddable":true,"href":"https:\/\/www.unijoyswimwear.com\/es\/wp-json\/wp\/v2\/comments?post=7612"}],"version-history":[{"count":0,"href":"https:\/\/www.unijoyswimwear.com\/es\/wp-json\/wp\/v2\/pages\/7612\/revisions"}],"up":[{"embeddable":true,"href":"https:\/\/www.unijoyswimwear.com\/es\/wp-json\/wp\/v2\/pages\/5954"}],"wp:attachment":[{"href":"https:\/\/www.unijoyswimwear.com\/es\/wp-json\/wp\/v2\/media?parent=7612"}],"curies":[{"name":"wp","href":"https:\/\/api.w.org\/{rel}","templated":true}]}}