{"id":14313,"date":"2022-08-26T01:40:07","date_gmt":"2022-08-26T01:40:07","guid":{"rendered":"https:\/\/www.unijoyswimwear.com\/?page_id=14313"},"modified":"2022-10-09T07:04:25","modified_gmt":"2022-10-09T07:04:25","slug":"how-to-work-with-us","status":"publish","type":"page","link":"https:\/\/www.unijoyswimwear.com\/es\/como-trabajar-con-nosotros_nc5","title":{"rendered":"C\u00f3mo trabajar con nosotros"},"content":{"rendered":"<p><img loading=\"lazy\" decoding=\"async\" class=\"alignnone size-full wp-image-15406\" src=\"https:\/\/www.unijoyswimwear.com\/wp-content\/uploads\/2022\/10\/how-to-work-with-us.jpg\" alt=\"C\u00f3mo trabajar con nosotros\" width=\"1000\" height=\"645\" srcset=\"https:\/\/www.unijoyswimwear.com\/wp-content\/uploads\/2022\/10\/how-to-work-with-us.jpg 1000w, https:\/\/www.unijoyswimwear.com\/wp-content\/uploads\/2022\/10\/how-to-work-with-us-768x495.jpg 768w\" sizes=\"auto, (max-width: 1000px) 100vw, 1000px\" \/><\/p>\n<h5>1\uff09<strong>PAG<\/strong><strong>Cita de arroz<\/strong><\/h5>\n<p>Prepare los detalles de su archivo t\u00e9cnico (dibujo de dise\u00f1o, tabla de tama\u00f1os, especificaci\u00f3n del material, detalles de embalaje), le enviaremos nuestro mejor precio para su verificaci\u00f3n.<\/p>\n<h5>2\uff09<strong>Fabricaci\u00f3n de muestras de contrapartida<\/strong><\/h5>\n<p>Para confirmar la calidad de nuestro producto, la calidad de la mano de obra, etc.<\/p>\n<h5>3\uff09<strong>Confirmaci\u00f3n del pedido<\/strong><\/h5>\n<p><b>\u00a0\u00a0 \u00a0\u00a0<\/b>Luego de recibir su orden de compra, generamos PI para su confirmaci\u00f3n.<\/p>\n<h5>4\uff09\u00a0<strong>Confirmaci\u00f3n de muestras de ajuste<\/strong><\/h5>\n<p>Despu\u00e9s de recibir el dep\u00f3sito o L\/C, haremos muestras adecuadas, inmersi\u00f3n en laboratorio, muestras de impresi\u00f3n y accesorios relacionados para su confirmaci\u00f3n.<\/p>\n<p>Si es necesario revisar las muestras de ajuste\/muestras de laboratorio\/muestras de pinta, haremos una revisi\u00f3n para su doble confirmaci\u00f3n.<\/p>\n<p>30 d\u00edas para finalizar la producci\u00f3n de tela en masa.<\/p>\n<h5>5\uff09<strong>\u00a0Confirmaci\u00f3n de muestras de PP<\/strong><\/h5>\n<p>7 d\u00edas para terminar las muestras de PP y 7 d\u00edas para sus comentarios de muestras de PP.<\/p>\n<h5>6)\u00a0\u00a0<strong>Comenzar la producci\u00f3n a gran escala<\/strong><\/h5>\n<p>Despu\u00e9s de la aprobaci\u00f3n de las muestras de PP, organice la producci\u00f3n a granel, que demorar\u00e1 30 d\u00edas.<\/p>\n<h5>7\uff09<strong>Inspecci\u00f3n en l\u00ednea e inspecci\u00f3n final<\/strong><\/h5>\n<p>Si contrata a una empresa externa o a un centro de control de calidad para realizar la inspecci\u00f3n, colaboraremos plenamente. De lo contrario, contrataremos a nuestro propio centro de control de calidad para realizar la inspecci\u00f3n en l\u00ednea y la inspecci\u00f3n final, y le enviaremos un informe.<\/p>\n<h5>8\uff09<strong>Confirmaci\u00f3n de env\u00edo de muestras<\/strong><\/h5>\n<p>Le enviaremos las muestras de env\u00edo con el embalaje corregido para su confirmaci\u00f3n.<\/p>\n<h5>9\uff09<strong>Organizar el env\u00edo:<\/strong><\/h5>\n<p>Despu\u00e9s de obtener la informaci\u00f3n de su transportista, organizaremos todos los asuntos relacionados.<br data-filtered=\"filtered\" \/>Al mismo tiempo, le proporcionaremos los documentos de env\u00edo necesarios, como factura, lista de empaque y orden de compra (C\/O). Si necesita C\/O o formulario, tambi\u00e9n podemos ofrecerle estos documentos.<\/p>\n<h5>10)<strong>\u00a0Pago<\/strong><\/h5>\n<p>El pago debe realizarse tras recibir el conocimiento de embarque y dem\u00e1s documentos de env\u00edo. Una vez recibido el pago, le enviaremos los documentos de env\u00edo a tiempo para que pueda recoger la mercanc\u00eda a tiempo.<\/p>","protected":false},"excerpt":{"rendered":"<p>1\uff09Price Quotation Prepare your tech file details ( design drawing, size table, material specification, packing details), we will send you our best price for your checking 2\uff09Making Counter Samples To [&hellip;]<\/p>","protected":false},"author":1,"featured_media":0,"parent":0,"menu_order":0,"comment_status":"closed","ping_status":"closed","template":"","meta":{"_acf_changed":false,"site-sidebar-layout":"default","site-content-layout":"default","ast-site-content-layout":"default","site-content-style":"default","site-sidebar-style":"default","ast-global-header-display":"","ast-banner-title-visibility":"","ast-main-header-display":"","ast-hfb-above-header-display":"","ast-hfb-below-header-display":"","ast-hfb-mobile-header-display":"","site-post-title":"","ast-breadcrumbs-content":"","ast-featured-img":"","footer-sml-layout":"","ast-disable-related-posts":"","theme-transparent-header-meta":"default","adv-header-id-meta":"","stick-header-meta":"default","header-above-stick-meta":"","header-main-stick-meta":"","header-below-stick-meta":"","astra-migrate-meta-layouts":"default","ast-page-background-enabled":"default","ast-page-background-meta":{"desktop":{"background-color":"","background-image":"","background-repeat":"repeat","background-position":"center center","background-size":"auto","background-attachment":"scroll","background-type":"","background-media":"","overlay-type":"","overlay-color":"","overlay-opacity":"","overlay-gradient":""},"tablet":{"background-color":"","background-image":"","background-repeat":"repeat","background-position":"center center","background-size":"auto","background-attachment":"scroll","background-type":"","background-media":"","overlay-type":"","overlay-color":"","overlay-opacity":"","overlay-gradient":""},"mobile":{"background-color":"","background-image":"","background-repeat":"repeat","background-position":"center center","background-size":"auto","background-attachment":"scroll","background-type":"","background-media":"","overlay-type":"","overlay-color":"","overlay-opacity":"","overlay-gradient":""}},"ast-content-background-meta":{"desktop":{"background-color":"var(--ast-global-color-5)","background-image":"","background-repeat":"repeat","background-position":"center center","background-size":"auto","background-attachment":"scroll","background-type":"","background-media":"","overlay-type":"","overlay-color":"","overlay-opacity":"","overlay-gradient":""},"tablet":{"background-color":"var(--ast-global-color-5)","background-image":"","background-repeat":"repeat","background-position":"center center","background-size":"auto","background-attachment":"scroll","background-type":"","background-media":"","overlay-type":"","overlay-color":"","overlay-opacity":"","overlay-gradient":""},"mobile":{"background-color":"var(--ast-global-color-5)","background-image":"","background-repeat":"repeat","background-position":"center center","background-size":"auto","background-attachment":"scroll","background-type":"","background-media":"","overlay-type":"","overlay-color":"","overlay-opacity":"","overlay-gradient":""}},"footnotes":""},"class_list":["post-14313","page","type-page","status-publish","hentry"],"acf":[],"yoast_head":"<!-- This site is optimized with the Yoast SEO plugin v27.4 - https:\/\/yoast.com\/product\/yoast-seo-wordpress\/ -->\n<title>How To Work With Us - Unijoy Reliable Swimwear &amp; Activewear Manufacturer<\/title>\n<meta name=\"robots\" content=\"index, follow, max-snippet:-1, max-image-preview:large, max-video-preview:-1\" \/>\n<link rel=\"canonical\" href=\"https:\/\/www.unijoyswimwear.com\/es\/como-trabajar-con-nosotros_nc5\/\" \/>\n<meta property=\"og:locale\" content=\"es_ES\" \/>\n<meta property=\"og:type\" content=\"article\" \/>\n<meta property=\"og:title\" content=\"How To Work With Us - Unijoy Reliable Swimwear &amp; Activewear Manufacturer\" \/>\n<meta property=\"og:description\" content=\"1\uff09Price Quotation Prepare your tech file details ( design drawing, size table, material specification, packing details), we will send you our best price for your checking 2\uff09Making Counter Samples To [&hellip;]\" \/>\n<meta property=\"og:url\" content=\"https:\/\/www.unijoyswimwear.com\/es\/como-trabajar-con-nosotros_nc5\/\" \/>\n<meta property=\"og:site_name\" content=\"Unijoy Reliable Swimwear &amp; Activewear Manufacturer\" \/>\n<meta property=\"article:modified_time\" content=\"2022-10-09T07:04:25+00:00\" \/>\n<meta property=\"og:image\" content=\"https:\/\/www.unijoyswimwear.com\/wp-content\/uploads\/2022\/10\/how-to-work-with-us.jpg\" \/>\n<meta name=\"twitter:card\" content=\"summary_large_image\" \/>\n<meta name=\"twitter:label1\" content=\"Tiempo de lectura\" \/>\n\t<meta name=\"twitter:data1\" content=\"2 minutos\" \/>\n<script type=\"application\/ld+json\" class=\"yoast-schema-graph\">{\"@context\":\"https:\\\/\\\/schema.org\",\"@graph\":[{\"@type\":\"WebPage\",\"@id\":\"https:\\\/\\\/www.unijoyswimwear.com\\\/how-to-work-with-us_nc5\\\/\",\"url\":\"https:\\\/\\\/www.unijoyswimwear.com\\\/how-to-work-with-us_nc5\\\/\",\"name\":\"How To Work With Us - Unijoy Reliable Swimwear &amp; Activewear Manufacturer\",\"isPartOf\":{\"@id\":\"https:\\\/\\\/www.unijoyswimwear.com\\\/#website\"},\"primaryImageOfPage\":{\"@id\":\"https:\\\/\\\/www.unijoyswimwear.com\\\/how-to-work-with-us_nc5\\\/#primaryimage\"},\"image\":{\"@id\":\"https:\\\/\\\/www.unijoyswimwear.com\\\/how-to-work-with-us_nc5\\\/#primaryimage\"},\"thumbnailUrl\":\"https:\\\/\\\/www.unijoyswimwear.com\\\/wp-content\\\/uploads\\\/2022\\\/10\\\/how-to-work-with-us.jpg\",\"datePublished\":\"2022-08-26T01:40:07+00:00\",\"dateModified\":\"2022-10-09T07:04:25+00:00\",\"breadcrumb\":{\"@id\":\"https:\\\/\\\/www.unijoyswimwear.com\\\/how-to-work-with-us_nc5\\\/#breadcrumb\"},\"inLanguage\":\"es\",\"potentialAction\":[{\"@type\":\"ReadAction\",\"target\":[\"https:\\\/\\\/www.unijoyswimwear.com\\\/how-to-work-with-us_nc5\\\/\"]}]},{\"@type\":\"ImageObject\",\"inLanguage\":\"es\",\"@id\":\"https:\\\/\\\/www.unijoyswimwear.com\\\/how-to-work-with-us_nc5\\\/#primaryimage\",\"url\":\"https:\\\/\\\/www.unijoyswimwear.com\\\/wp-content\\\/uploads\\\/2022\\\/10\\\/how-to-work-with-us.jpg\",\"contentUrl\":\"https:\\\/\\\/www.unijoyswimwear.com\\\/wp-content\\\/uploads\\\/2022\\\/10\\\/how-to-work-with-us.jpg\"},{\"@type\":\"BreadcrumbList\",\"@id\":\"https:\\\/\\\/www.unijoyswimwear.com\\\/how-to-work-with-us_nc5\\\/#breadcrumb\",\"itemListElement\":[{\"@type\":\"ListItem\",\"position\":1,\"name\":\"Home\",\"item\":\"https:\\\/\\\/www.unijoyswimwear.com\\\/\"},{\"@type\":\"ListItem\",\"position\":2,\"name\":\"How To Work With Us\"}]},{\"@type\":\"WebSite\",\"@id\":\"https:\\\/\\\/www.unijoyswimwear.com\\\/#website\",\"url\":\"https:\\\/\\\/www.unijoyswimwear.com\\\/\",\"name\":\"Unijoy Reliable Swimwear &amp; Activewear Manufacturer\",\"description\":\"\",\"publisher\":{\"@id\":\"https:\\\/\\\/www.unijoyswimwear.com\\\/#organization\"},\"potentialAction\":[{\"@type\":\"SearchAction\",\"target\":{\"@type\":\"EntryPoint\",\"urlTemplate\":\"https:\\\/\\\/www.unijoyswimwear.com\\\/?s={search_term_string}\"},\"query-input\":{\"@type\":\"PropertyValueSpecification\",\"valueRequired\":true,\"valueName\":\"search_term_string\"}}],\"inLanguage\":\"es\"},{\"@type\":\"Organization\",\"@id\":\"https:\\\/\\\/www.unijoyswimwear.com\\\/#organization\",\"name\":\"Unijoy Swimwear\",\"url\":\"https:\\\/\\\/www.unijoyswimwear.com\\\/\",\"logo\":{\"@type\":\"ImageObject\",\"inLanguage\":\"es\",\"@id\":\"https:\\\/\\\/www.unijoyswimwear.com\\\/#\\\/schema\\\/logo\\\/image\\\/\",\"url\":\"https:\\\/\\\/www.unijoyswimwear.com\\\/wp-content\\\/uploads\\\/2022\\\/05\\\/unijoy-logo.png\",\"contentUrl\":\"https:\\\/\\\/www.unijoyswimwear.com\\\/wp-content\\\/uploads\\\/2022\\\/05\\\/unijoy-logo.png\",\"width\":268,\"height\":47,\"caption\":\"Unijoy Swimwear\"},\"image\":{\"@id\":\"https:\\\/\\\/www.unijoyswimwear.com\\\/#\\\/schema\\\/logo\\\/image\\\/\"}}]}<\/script>\n<!-- \/ Yoast SEO plugin. -->","yoast_head_json":{"title":"C\u00f3mo trabajar con nosotros - Unijoy, fabricante confiable de trajes de ba\u00f1o y ropa deportiva","robots":{"index":"index","follow":"follow","max-snippet":"max-snippet:-1","max-image-preview":"max-image-preview:large","max-video-preview":"max-video-preview:-1"},"canonical":"https:\/\/www.unijoyswimwear.com\/es\/como-trabajar-con-nosotros_nc5\/","og_locale":"es_ES","og_type":"article","og_title":"How To Work With Us - Unijoy Reliable Swimwear &amp; Activewear Manufacturer","og_description":"1\uff09Price Quotation Prepare your tech file details ( design drawing, size table, material specification, packing details), we will send you our best price for your checking 2\uff09Making Counter Samples To [&hellip;]","og_url":"https:\/\/www.unijoyswimwear.com\/es\/como-trabajar-con-nosotros_nc5\/","og_site_name":"Unijoy Reliable Swimwear &amp; Activewear Manufacturer","article_modified_time":"2022-10-09T07:04:25+00:00","og_image":[{"url":"https:\/\/www.unijoyswimwear.com\/wp-content\/uploads\/2022\/10\/how-to-work-with-us.jpg","type":"","width":"","height":""}],"twitter_card":"summary_large_image","twitter_misc":{"Tiempo de lectura":"2 minutos"},"schema":{"@context":"https:\/\/schema.org","@graph":[{"@type":"WebPage","@id":"https:\/\/www.unijoyswimwear.com\/how-to-work-with-us_nc5\/","url":"https:\/\/www.unijoyswimwear.com\/how-to-work-with-us_nc5\/","name":"C\u00f3mo trabajar con nosotros - Unijoy, fabricante confiable de trajes de ba\u00f1o y ropa deportiva","isPartOf":{"@id":"https:\/\/www.unijoyswimwear.com\/#website"},"primaryImageOfPage":{"@id":"https:\/\/www.unijoyswimwear.com\/how-to-work-with-us_nc5\/#primaryimage"},"image":{"@id":"https:\/\/www.unijoyswimwear.com\/how-to-work-with-us_nc5\/#primaryimage"},"thumbnailUrl":"https:\/\/www.unijoyswimwear.com\/wp-content\/uploads\/2022\/10\/how-to-work-with-us.jpg","datePublished":"2022-08-26T01:40:07+00:00","dateModified":"2022-10-09T07:04:25+00:00","breadcrumb":{"@id":"https:\/\/www.unijoyswimwear.com\/how-to-work-with-us_nc5\/#breadcrumb"},"inLanguage":"es","potentialAction":[{"@type":"ReadAction","target":["https:\/\/www.unijoyswimwear.com\/how-to-work-with-us_nc5\/"]}]},{"@type":"ImageObject","inLanguage":"es","@id":"https:\/\/www.unijoyswimwear.com\/how-to-work-with-us_nc5\/#primaryimage","url":"https:\/\/www.unijoyswimwear.com\/wp-content\/uploads\/2022\/10\/how-to-work-with-us.jpg","contentUrl":"https:\/\/www.unijoyswimwear.com\/wp-content\/uploads\/2022\/10\/how-to-work-with-us.jpg"},{"@type":"BreadcrumbList","@id":"https:\/\/www.unijoyswimwear.com\/how-to-work-with-us_nc5\/#breadcrumb","itemListElement":[{"@type":"ListItem","position":1,"name":"Home","item":"https:\/\/www.unijoyswimwear.com\/"},{"@type":"ListItem","position":2,"name":"How To Work With Us"}]},{"@type":"WebSite","@id":"https:\/\/www.unijoyswimwear.com\/#website","url":"https:\/\/www.unijoyswimwear.com\/","name":"Unijoy, fabricante confiable de trajes de ba\u00f1o y ropa deportiva","description":"","publisher":{"@id":"https:\/\/www.unijoyswimwear.com\/#organization"},"potentialAction":[{"@type":"SearchAction","target":{"@type":"EntryPoint","urlTemplate":"https:\/\/www.unijoyswimwear.com\/?s={search_term_string}"},"query-input":{"@type":"PropertyValueSpecification","valueRequired":true,"valueName":"search_term_string"}}],"inLanguage":"es"},{"@type":"Organization","@id":"https:\/\/www.unijoyswimwear.com\/#organization","name":"Unijoy Swimwear","url":"https:\/\/www.unijoyswimwear.com\/","logo":{"@type":"ImageObject","inLanguage":"es","@id":"https:\/\/www.unijoyswimwear.com\/#\/schema\/logo\/image\/","url":"https:\/\/www.unijoyswimwear.com\/wp-content\/uploads\/2022\/05\/unijoy-logo.png","contentUrl":"https:\/\/www.unijoyswimwear.com\/wp-content\/uploads\/2022\/05\/unijoy-logo.png","width":268,"height":47,"caption":"Unijoy Swimwear"},"image":{"@id":"https:\/\/www.unijoyswimwear.com\/#\/schema\/logo\/image\/"}}]}},"_links":{"self":[{"href":"https:\/\/www.unijoyswimwear.com\/es\/wp-json\/wp\/v2\/pages\/14313","targetHints":{"allow":["GET"]}}],"collection":[{"href":"https:\/\/www.unijoyswimwear.com\/es\/wp-json\/wp\/v2\/pages"}],"about":[{"href":"https:\/\/www.unijoyswimwear.com\/es\/wp-json\/wp\/v2\/types\/page"}],"author":[{"embeddable":true,"href":"https:\/\/www.unijoyswimwear.com\/es\/wp-json\/wp\/v2\/users\/1"}],"replies":[{"embeddable":true,"href":"https:\/\/www.unijoyswimwear.com\/es\/wp-json\/wp\/v2\/comments?post=14313"}],"version-history":[{"count":1,"href":"https:\/\/www.unijoyswimwear.com\/es\/wp-json\/wp\/v2\/pages\/14313\/revisions"}],"predecessor-version":[{"id":15407,"href":"https:\/\/www.unijoyswimwear.com\/es\/wp-json\/wp\/v2\/pages\/14313\/revisions\/15407"}],"wp:attachment":[{"href":"https:\/\/www.unijoyswimwear.com\/es\/wp-json\/wp\/v2\/media?parent=14313"}],"curies":[{"name":"wp","href":"https:\/\/api.w.org\/{rel}","templated":true}]}}