{"id":13691,"date":"2022-08-16T09:15:00","date_gmt":"2022-08-16T09:15:00","guid":{"rendered":"https:\/\/www.unijoyswimwear.com\/?page_id=13691"},"modified":"2022-08-23T07:04:52","modified_gmt":"2022-08-23T07:04:52","slug":"ladies-one-piece-suit-swimwear-2","status":"publish","type":"page","link":"https:\/\/www.unijoyswimwear.com\/es\/traje-de-bano-de-una-pieza-para-mujer_p388-html","title":{"rendered":"Traje de ba\u00f1o de una pieza para mujer"},"content":{"rendered":"","protected":false},"excerpt":{"rendered":"","protected":false},"author":1,"featured_media":0,"parent":6060,"menu_order":0,"comment_status":"closed","ping_status":"closed","template":"product-details7.php","meta":{"_acf_changed":false,"site-sidebar-layout":"no-sidebar","site-content-layout":"page-builder","ast-site-content-layout":"default","site-content-style":"default","site-sidebar-style":"default","ast-global-header-display":"","ast-banner-title-visibility":"","ast-main-header-display":"","ast-hfb-above-header-display":"","ast-hfb-below-header-display":"","ast-hfb-mobile-header-display":"","site-post-title":"disabled","ast-breadcrumbs-content":"disabled","ast-featured-img":"disabled","footer-sml-layout":"","ast-disable-related-posts":"","theme-transparent-header-meta":"default","adv-header-id-meta":"","stick-header-meta":"default","header-above-stick-meta":"","header-main-stick-meta":"","header-below-stick-meta":"","astra-migrate-meta-layouts":"default","ast-page-background-enabled":"default","ast-page-background-meta":{"desktop":{"background-color":"","background-image":"","background-repeat":"repeat","background-position":"center center","background-size":"auto","background-attachment":"scroll","background-type":"","background-media":"","overlay-type":"","overlay-color":"","overlay-opacity":"","overlay-gradient":""},"tablet":{"background-color":"","background-image":"","background-repeat":"repeat","background-position":"center center","background-size":"auto","background-attachment":"scroll","background-type":"","background-media":"","overlay-type":"","overlay-color":"","overlay-opacity":"","overlay-gradient":""},"mobile":{"background-color":"","background-image":"","background-repeat":"repeat","background-position":"center center","background-size":"auto","background-attachment":"scroll","background-type":"","background-media":"","overlay-type":"","overlay-color":"","overlay-opacity":"","overlay-gradient":""}},"ast-content-background-meta":{"desktop":{"background-color":"var(--ast-global-color-5)","background-image":"","background-repeat":"repeat","background-position":"center center","background-size":"auto","background-attachment":"scroll","background-type":"","background-media":"","overlay-type":"","overlay-color":"","overlay-opacity":"","overlay-gradient":""},"tablet":{"background-color":"var(--ast-global-color-5)","background-image":"","background-repeat":"repeat","background-position":"center center","background-size":"auto","background-attachment":"scroll","background-type":"","background-media":"","overlay-type":"","overlay-color":"","overlay-opacity":"","overlay-gradient":""},"mobile":{"background-color":"var(--ast-global-color-5)","background-image":"","background-repeat":"repeat","background-position":"center center","background-size":"auto","background-attachment":"scroll","background-type":"","background-media":"","overlay-type":"","overlay-color":"","overlay-opacity":"","overlay-gradient":""}},"footnotes":""},"class_list":["post-13691","page","type-page","status-publish","hentry"],"acf":[],"yoast_head":"<!-- This site is optimized with the Yoast SEO plugin v27.4 - https:\/\/yoast.com\/product\/yoast-seo-wordpress\/ -->\n<title>Cheap Wholesale Swimsuits Ladies One Piece Suit Swimwear Swimwear Manufacturers - Your Reliable Swimsuit Supplier<\/title>\n<meta name=\"description\" content=\"UNIJOY SWIMWEAR Co.,Ltd is a Cheap Wholesale Swimsuits manufacturer of Womens Flounce One Piece Swimsuit With Square Neck in China. We are committed to providing high quality plus size modest swimwear. We sincerely welcome your inquiries!\" \/>\n<meta name=\"robots\" content=\"index, follow, max-snippet:-1, max-image-preview:large, max-video-preview:-1\" \/>\n<link rel=\"canonical\" href=\"https:\/\/www.unijoyswimwear.com\/es\/traje-de-bano-de-una-pieza-para-mujer_p388-html\" \/>\n<meta property=\"og:locale\" content=\"es_ES\" \/>\n<meta property=\"og:type\" content=\"article\" \/>\n<meta property=\"og:title\" content=\"Cheap Wholesale Swimsuits Ladies One Piece Suit Swimwear Swimwear Manufacturers - Your Reliable Swimsuit Supplier\" \/>\n<meta property=\"og:description\" content=\"UNIJOY SWIMWEAR Co.,Ltd is a Cheap Wholesale Swimsuits manufacturer of Womens Flounce One Piece Swimsuit With Square Neck in China. We are committed to providing high quality plus size modest swimwear. We sincerely welcome your inquiries!\" \/>\n<meta property=\"og:url\" content=\"https:\/\/www.unijoyswimwear.com\/es\/traje-de-bano-de-una-pieza-para-mujer_p388-html\" \/>\n<meta property=\"og:site_name\" content=\"Unijoy Reliable Swimwear &amp; Activewear Manufacturer\" \/>\n<meta property=\"article:modified_time\" content=\"2022-08-23T07:04:52+00:00\" \/>\n<meta name=\"twitter:card\" content=\"summary_large_image\" \/>\n<script type=\"application\/ld+json\" class=\"yoast-schema-graph\">{\"@context\":\"https:\\\/\\\/schema.org\",\"@graph\":[{\"@type\":\"WebPage\",\"@id\":\"https:\\\/\\\/www.unijoyswimwear.com\\\/ladies-one-piece-suit-swimwear_p388.html\",\"url\":\"https:\\\/\\\/www.unijoyswimwear.com\\\/ladies-one-piece-suit-swimwear_p388.html\",\"name\":\"Cheap Wholesale Swimsuits Ladies One Piece Suit Swimwear Swimwear Manufacturers - Your Reliable Swimsuit Supplier\",\"isPartOf\":{\"@id\":\"https:\\\/\\\/www.unijoyswimwear.com\\\/#website\"},\"datePublished\":\"2022-08-16T09:15:00+00:00\",\"dateModified\":\"2022-08-23T07:04:52+00:00\",\"description\":\"UNIJOY SWIMWEAR Co.,Ltd is a Cheap Wholesale Swimsuits manufacturer of Womens Flounce One Piece Swimsuit With Square Neck in China. We are committed to providing high quality plus size modest swimwear. We sincerely welcome your inquiries!\",\"breadcrumb\":{\"@id\":\"https:\\\/\\\/www.unijoyswimwear.com\\\/ladies-one-piece-suit-swimwear_p388.html#breadcrumb\"},\"inLanguage\":\"es\",\"potentialAction\":[{\"@type\":\"ReadAction\",\"target\":[\"https:\\\/\\\/www.unijoyswimwear.com\\\/ladies-one-piece-suit-swimwear_p388.html\"]}]},{\"@type\":\"BreadcrumbList\",\"@id\":\"https:\\\/\\\/www.unijoyswimwear.com\\\/ladies-one-piece-suit-swimwear_p388.html#breadcrumb\",\"itemListElement\":[{\"@type\":\"ListItem\",\"position\":1,\"name\":\"Home\",\"item\":\"https:\\\/\\\/www.unijoyswimwear.com\\\/\"},{\"@type\":\"ListItem\",\"position\":2,\"name\":\"Women&#8217;s Swimsuits\",\"item\":\"https:\\\/\\\/www.unijoyswimwear.com\\\/women-s-swimsuits_c2\\\/\"},{\"@type\":\"ListItem\",\"position\":3,\"name\":\"Wholesale Women&#8217;s Clothing\",\"item\":\"https:\\\/\\\/www.unijoyswimwear.com\\\/wholesale-women-s-clothing_c39\\\/\"},{\"@type\":\"ListItem\",\"position\":4,\"name\":\"Wholesale Swimwear\",\"item\":\"https:\\\/\\\/www.unijoyswimwear.com\\\/wholesale-swimwear_c55\\\/\"},{\"@type\":\"ListItem\",\"position\":5,\"name\":\"Ladies One Piece Suit Swimwear\"}]},{\"@type\":\"WebSite\",\"@id\":\"https:\\\/\\\/www.unijoyswimwear.com\\\/#website\",\"url\":\"https:\\\/\\\/www.unijoyswimwear.com\\\/\",\"name\":\"Unijoy Reliable Swimwear &amp; Activewear Manufacturer\",\"description\":\"\",\"publisher\":{\"@id\":\"https:\\\/\\\/www.unijoyswimwear.com\\\/#organization\"},\"potentialAction\":[{\"@type\":\"SearchAction\",\"target\":{\"@type\":\"EntryPoint\",\"urlTemplate\":\"https:\\\/\\\/www.unijoyswimwear.com\\\/?s={search_term_string}\"},\"query-input\":{\"@type\":\"PropertyValueSpecification\",\"valueRequired\":true,\"valueName\":\"search_term_string\"}}],\"inLanguage\":\"es\"},{\"@type\":\"Organization\",\"@id\":\"https:\\\/\\\/www.unijoyswimwear.com\\\/#organization\",\"name\":\"Unijoy Swimwear\",\"url\":\"https:\\\/\\\/www.unijoyswimwear.com\\\/\",\"logo\":{\"@type\":\"ImageObject\",\"inLanguage\":\"es\",\"@id\":\"https:\\\/\\\/www.unijoyswimwear.com\\\/#\\\/schema\\\/logo\\\/image\\\/\",\"url\":\"https:\\\/\\\/www.unijoyswimwear.com\\\/wp-content\\\/uploads\\\/2022\\\/05\\\/unijoy-logo.png\",\"contentUrl\":\"https:\\\/\\\/www.unijoyswimwear.com\\\/wp-content\\\/uploads\\\/2022\\\/05\\\/unijoy-logo.png\",\"width\":268,\"height\":47,\"caption\":\"Unijoy Swimwear\"},\"image\":{\"@id\":\"https:\\\/\\\/www.unijoyswimwear.com\\\/#\\\/schema\\\/logo\\\/image\\\/\"}}]}<\/script>\n<!-- \/ Yoast SEO plugin. -->","yoast_head_json":{"title":"Trajes de ba\u00f1o de una pieza para dama, al por mayor y a precios econ\u00f3micos. Fabricantes de trajes de ba\u00f1o: su proveedor confiable.","description":"UNIJOY SWIMWEAR Co., Ltd. es un fabricante al por mayor de trajes de ba\u00f1o de una pieza con volantes y escote cuadrado para mujer en China. Nos comprometemos a ofrecer trajes de ba\u00f1o modestos de alta calidad en tallas grandes. \u00a1Agradecemos sus consultas!","robots":{"index":"index","follow":"follow","max-snippet":"max-snippet:-1","max-image-preview":"max-image-preview:large","max-video-preview":"max-video-preview:-1"},"canonical":"https:\/\/www.unijoyswimwear.com\/es\/traje-de-bano-de-una-pieza-para-mujer_p388-html","og_locale":"es_ES","og_type":"article","og_title":"Cheap Wholesale Swimsuits Ladies One Piece Suit Swimwear Swimwear Manufacturers - Your Reliable Swimsuit Supplier","og_description":"UNIJOY SWIMWEAR Co.,Ltd is a Cheap Wholesale Swimsuits manufacturer of Womens Flounce One Piece Swimsuit With Square Neck in China. We are committed to providing high quality plus size modest swimwear. We sincerely welcome your inquiries!","og_url":"https:\/\/www.unijoyswimwear.com\/es\/traje-de-bano-de-una-pieza-para-mujer_p388-html","og_site_name":"Unijoy Reliable Swimwear &amp; Activewear Manufacturer","article_modified_time":"2022-08-23T07:04:52+00:00","twitter_card":"summary_large_image","schema":{"@context":"https:\/\/schema.org","@graph":[{"@type":"WebPage","@id":"https:\/\/www.unijoyswimwear.com\/ladies-one-piece-suit-swimwear_p388.html","url":"https:\/\/www.unijoyswimwear.com\/ladies-one-piece-suit-swimwear_p388.html","name":"Trajes de ba\u00f1o de una pieza para dama, al por mayor y a precios econ\u00f3micos. Fabricantes de trajes de ba\u00f1o: su proveedor confiable.","isPartOf":{"@id":"https:\/\/www.unijoyswimwear.com\/#website"},"datePublished":"2022-08-16T09:15:00+00:00","dateModified":"2022-08-23T07:04:52+00:00","description":"UNIJOY SWIMWEAR Co., Ltd. es un fabricante al por mayor de trajes de ba\u00f1o de una pieza con volantes y escote cuadrado para mujer en China. Nos comprometemos a ofrecer trajes de ba\u00f1o modestos de alta calidad en tallas grandes. \u00a1Agradecemos sus consultas!","breadcrumb":{"@id":"https:\/\/www.unijoyswimwear.com\/ladies-one-piece-suit-swimwear_p388.html#breadcrumb"},"inLanguage":"es","potentialAction":[{"@type":"ReadAction","target":["https:\/\/www.unijoyswimwear.com\/ladies-one-piece-suit-swimwear_p388.html"]}]},{"@type":"BreadcrumbList","@id":"https:\/\/www.unijoyswimwear.com\/ladies-one-piece-suit-swimwear_p388.html#breadcrumb","itemListElement":[{"@type":"ListItem","position":1,"name":"Home","item":"https:\/\/www.unijoyswimwear.com\/"},{"@type":"ListItem","position":2,"name":"Women&#8217;s Swimsuits","item":"https:\/\/www.unijoyswimwear.com\/women-s-swimsuits_c2\/"},{"@type":"ListItem","position":3,"name":"Wholesale Women&#8217;s Clothing","item":"https:\/\/www.unijoyswimwear.com\/wholesale-women-s-clothing_c39\/"},{"@type":"ListItem","position":4,"name":"Wholesale Swimwear","item":"https:\/\/www.unijoyswimwear.com\/wholesale-swimwear_c55\/"},{"@type":"ListItem","position":5,"name":"Ladies One Piece Suit Swimwear"}]},{"@type":"WebSite","@id":"https:\/\/www.unijoyswimwear.com\/#website","url":"https:\/\/www.unijoyswimwear.com\/","name":"Unijoy, fabricante confiable de trajes de ba\u00f1o y ropa deportiva","description":"","publisher":{"@id":"https:\/\/www.unijoyswimwear.com\/#organization"},"potentialAction":[{"@type":"SearchAction","target":{"@type":"EntryPoint","urlTemplate":"https:\/\/www.unijoyswimwear.com\/?s={search_term_string}"},"query-input":{"@type":"PropertyValueSpecification","valueRequired":true,"valueName":"search_term_string"}}],"inLanguage":"es"},{"@type":"Organization","@id":"https:\/\/www.unijoyswimwear.com\/#organization","name":"Unijoy Swimwear","url":"https:\/\/www.unijoyswimwear.com\/","logo":{"@type":"ImageObject","inLanguage":"es","@id":"https:\/\/www.unijoyswimwear.com\/#\/schema\/logo\/image\/","url":"https:\/\/www.unijoyswimwear.com\/wp-content\/uploads\/2022\/05\/unijoy-logo.png","contentUrl":"https:\/\/www.unijoyswimwear.com\/wp-content\/uploads\/2022\/05\/unijoy-logo.png","width":268,"height":47,"caption":"Unijoy Swimwear"},"image":{"@id":"https:\/\/www.unijoyswimwear.com\/#\/schema\/logo\/image\/"}}]}},"_links":{"self":[{"href":"https:\/\/www.unijoyswimwear.com\/es\/wp-json\/wp\/v2\/pages\/13691","targetHints":{"allow":["GET"]}}],"collection":[{"href":"https:\/\/www.unijoyswimwear.com\/es\/wp-json\/wp\/v2\/pages"}],"about":[{"href":"https:\/\/www.unijoyswimwear.com\/es\/wp-json\/wp\/v2\/types\/page"}],"author":[{"embeddable":true,"href":"https:\/\/www.unijoyswimwear.com\/es\/wp-json\/wp\/v2\/users\/1"}],"replies":[{"embeddable":true,"href":"https:\/\/www.unijoyswimwear.com\/es\/wp-json\/wp\/v2\/comments?post=13691"}],"version-history":[{"count":0,"href":"https:\/\/www.unijoyswimwear.com\/es\/wp-json\/wp\/v2\/pages\/13691\/revisions"}],"up":[{"embeddable":true,"href":"https:\/\/www.unijoyswimwear.com\/es\/wp-json\/wp\/v2\/pages\/6060"}],"wp:attachment":[{"href":"https:\/\/www.unijoyswimwear.com\/es\/wp-json\/wp\/v2\/media?parent=13691"}],"curies":[{"name":"wp","href":"https:\/\/api.w.org\/{rel}","templated":true}]}}