{"id":13135,"date":"2022-08-15T09:52:56","date_gmt":"2022-08-15T09:52:56","guid":{"rendered":"https:\/\/www.unijoyswimwear.com\/?page_id=13135"},"modified":"2022-09-02T06:25:18","modified_gmt":"2022-09-02T06:25:18","slug":"swimsuit-solid-color-sexy-one-piece-swimsuit-backless-one-piece-swimsuit-woman","status":"publish","type":"page","link":"https:\/\/www.unijoyswimwear.com\/es\/traje-de-bano-de-una-pieza-sexy-de-color-solido-traje-de-bano-de-una-pieza-sin-espalda-traje-de-bano-de-una-pieza-para-mujer_p489-html","title":{"rendered":"Traje de ba\u00f1o de una pieza sexy de color s\u00f3lido Traje de ba\u00f1o de una pieza sin espalda Traje de ba\u00f1o de una pieza para mujer"},"content":{"rendered":"","protected":false},"excerpt":{"rendered":"","protected":false},"author":1,"featured_media":0,"parent":6060,"menu_order":0,"comment_status":"closed","ping_status":"closed","template":"product-details7.php","meta":{"_acf_changed":false,"site-sidebar-layout":"no-sidebar","site-content-layout":"page-builder","ast-site-content-layout":"default","site-content-style":"default","site-sidebar-style":"default","ast-global-header-display":"","ast-banner-title-visibility":"","ast-main-header-display":"","ast-hfb-above-header-display":"","ast-hfb-below-header-display":"","ast-hfb-mobile-header-display":"","site-post-title":"disabled","ast-breadcrumbs-content":"disabled","ast-featured-img":"disabled","footer-sml-layout":"","ast-disable-related-posts":"","theme-transparent-header-meta":"default","adv-header-id-meta":"","stick-header-meta":"default","header-above-stick-meta":"","header-main-stick-meta":"","header-below-stick-meta":"","astra-migrate-meta-layouts":"default","ast-page-background-enabled":"default","ast-page-background-meta":{"desktop":{"background-color":"","background-image":"","background-repeat":"repeat","background-position":"center center","background-size":"auto","background-attachment":"scroll","background-type":"","background-media":"","overlay-type":"","overlay-color":"","overlay-opacity":"","overlay-gradient":""},"tablet":{"background-color":"","background-image":"","background-repeat":"repeat","background-position":"center center","background-size":"auto","background-attachment":"scroll","background-type":"","background-media":"","overlay-type":"","overlay-color":"","overlay-opacity":"","overlay-gradient":""},"mobile":{"background-color":"","background-image":"","background-repeat":"repeat","background-position":"center center","background-size":"auto","background-attachment":"scroll","background-type":"","background-media":"","overlay-type":"","overlay-color":"","overlay-opacity":"","overlay-gradient":""}},"ast-content-background-meta":{"desktop":{"background-color":"var(--ast-global-color-5)","background-image":"","background-repeat":"repeat","background-position":"center center","background-size":"auto","background-attachment":"scroll","background-type":"","background-media":"","overlay-type":"","overlay-color":"","overlay-opacity":"","overlay-gradient":""},"tablet":{"background-color":"var(--ast-global-color-5)","background-image":"","background-repeat":"repeat","background-position":"center center","background-size":"auto","background-attachment":"scroll","background-type":"","background-media":"","overlay-type":"","overlay-color":"","overlay-opacity":"","overlay-gradient":""},"mobile":{"background-color":"var(--ast-global-color-5)","background-image":"","background-repeat":"repeat","background-position":"center center","background-size":"auto","background-attachment":"scroll","background-type":"","background-media":"","overlay-type":"","overlay-color":"","overlay-opacity":"","overlay-gradient":""}},"footnotes":""},"class_list":["post-13135","page","type-page","status-publish","hentry"],"acf":[],"yoast_head":"<!-- This site is optimized with the Yoast SEO plugin v27.4 - https:\/\/yoast.com\/product\/yoast-seo-wordpress\/ -->\n<title>Swimsuit Solid Color Sexy One-Piece Swimsuit Backless One-Piece Swimsuit Woman Manufacturer Wholesale Swimwear- Your Reliable Swimsuit Supplier<\/title>\n<meta name=\"description\" content=\"UNIJOY SWIMWEAR Co.,Ltd is a manufacturer of Swimsuit Solid Color Sexy One-Piece Swimsuit Backless One-Piece Swimsuit Woman in China,We are committed to providing high quality Manufacturer Wholesale Swimwear. We sincerely welcome your inquiries!\" \/>\n<meta name=\"robots\" content=\"index, follow, max-snippet:-1, max-image-preview:large, max-video-preview:-1\" \/>\n<link rel=\"canonical\" href=\"https:\/\/www.unijoyswimwear.com\/es\/traje-de-bano-de-una-pieza-sexy-de-color-solido-traje-de-bano-de-una-pieza-sin-espalda-traje-de-bano-de-una-pieza-para-mujer_p489-html\" \/>\n<meta property=\"og:locale\" content=\"es_ES\" \/>\n<meta property=\"og:type\" content=\"article\" \/>\n<meta property=\"og:title\" content=\"Swimsuit Solid Color Sexy One-Piece Swimsuit Backless One-Piece Swimsuit Woman Manufacturer Wholesale Swimwear- Your Reliable Swimsuit Supplier\" \/>\n<meta property=\"og:description\" content=\"UNIJOY SWIMWEAR Co.,Ltd is a manufacturer of Swimsuit Solid Color Sexy One-Piece Swimsuit Backless One-Piece Swimsuit Woman in China,We are committed to providing high quality Manufacturer Wholesale Swimwear. We sincerely welcome your inquiries!\" \/>\n<meta property=\"og:url\" content=\"https:\/\/www.unijoyswimwear.com\/es\/traje-de-bano-de-una-pieza-sexy-de-color-solido-traje-de-bano-de-una-pieza-sin-espalda-traje-de-bano-de-una-pieza-para-mujer_p489-html\" \/>\n<meta property=\"og:site_name\" content=\"Unijoy Reliable Swimwear &amp; Activewear Manufacturer\" \/>\n<meta property=\"article:modified_time\" content=\"2022-09-02T06:25:18+00:00\" \/>\n<meta name=\"twitter:card\" content=\"summary_large_image\" \/>\n<script type=\"application\/ld+json\" class=\"yoast-schema-graph\">{\"@context\":\"https:\\\/\\\/schema.org\",\"@graph\":[{\"@type\":\"WebPage\",\"@id\":\"https:\\\/\\\/www.unijoyswimwear.com\\\/swimsuit-solid-color-sexy-one-piece-swimsuit-backless-one-piece-swimsuit-woman_p489.html\",\"url\":\"https:\\\/\\\/www.unijoyswimwear.com\\\/swimsuit-solid-color-sexy-one-piece-swimsuit-backless-one-piece-swimsuit-woman_p489.html\",\"name\":\"Swimsuit Solid Color Sexy One-Piece Swimsuit Backless One-Piece Swimsuit Woman Manufacturer Wholesale Swimwear- Your Reliable Swimsuit Supplier\",\"isPartOf\":{\"@id\":\"https:\\\/\\\/www.unijoyswimwear.com\\\/#website\"},\"datePublished\":\"2022-08-15T09:52:56+00:00\",\"dateModified\":\"2022-09-02T06:25:18+00:00\",\"description\":\"UNIJOY SWIMWEAR Co.,Ltd is a manufacturer of Swimsuit Solid Color Sexy One-Piece Swimsuit Backless One-Piece Swimsuit Woman in China,We are committed to providing high quality Manufacturer Wholesale Swimwear. We sincerely welcome your inquiries!\",\"breadcrumb\":{\"@id\":\"https:\\\/\\\/www.unijoyswimwear.com\\\/swimsuit-solid-color-sexy-one-piece-swimsuit-backless-one-piece-swimsuit-woman_p489.html#breadcrumb\"},\"inLanguage\":\"es\",\"potentialAction\":[{\"@type\":\"ReadAction\",\"target\":[\"https:\\\/\\\/www.unijoyswimwear.com\\\/swimsuit-solid-color-sexy-one-piece-swimsuit-backless-one-piece-swimsuit-woman_p489.html\"]}]},{\"@type\":\"BreadcrumbList\",\"@id\":\"https:\\\/\\\/www.unijoyswimwear.com\\\/swimsuit-solid-color-sexy-one-piece-swimsuit-backless-one-piece-swimsuit-woman_p489.html#breadcrumb\",\"itemListElement\":[{\"@type\":\"ListItem\",\"position\":1,\"name\":\"Home\",\"item\":\"https:\\\/\\\/www.unijoyswimwear.com\\\/\"},{\"@type\":\"ListItem\",\"position\":2,\"name\":\"Women&#8217;s Swimsuits\",\"item\":\"https:\\\/\\\/www.unijoyswimwear.com\\\/women-s-swimsuits_c2\\\/\"},{\"@type\":\"ListItem\",\"position\":3,\"name\":\"Wholesale Women&#8217;s Clothing\",\"item\":\"https:\\\/\\\/www.unijoyswimwear.com\\\/wholesale-women-s-clothing_c39\\\/\"},{\"@type\":\"ListItem\",\"position\":4,\"name\":\"Wholesale Swimwear\",\"item\":\"https:\\\/\\\/www.unijoyswimwear.com\\\/wholesale-swimwear_c55\\\/\"},{\"@type\":\"ListItem\",\"position\":5,\"name\":\"Swimsuit Solid Color Sexy One-Piece Swimsuit Backless One-Piece Swimsuit Woman\"}]},{\"@type\":\"WebSite\",\"@id\":\"https:\\\/\\\/www.unijoyswimwear.com\\\/#website\",\"url\":\"https:\\\/\\\/www.unijoyswimwear.com\\\/\",\"name\":\"Unijoy Reliable Swimwear &amp; Activewear Manufacturer\",\"description\":\"\",\"publisher\":{\"@id\":\"https:\\\/\\\/www.unijoyswimwear.com\\\/#organization\"},\"potentialAction\":[{\"@type\":\"SearchAction\",\"target\":{\"@type\":\"EntryPoint\",\"urlTemplate\":\"https:\\\/\\\/www.unijoyswimwear.com\\\/?s={search_term_string}\"},\"query-input\":{\"@type\":\"PropertyValueSpecification\",\"valueRequired\":true,\"valueName\":\"search_term_string\"}}],\"inLanguage\":\"es\"},{\"@type\":\"Organization\",\"@id\":\"https:\\\/\\\/www.unijoyswimwear.com\\\/#organization\",\"name\":\"Unijoy Swimwear\",\"url\":\"https:\\\/\\\/www.unijoyswimwear.com\\\/\",\"logo\":{\"@type\":\"ImageObject\",\"inLanguage\":\"es\",\"@id\":\"https:\\\/\\\/www.unijoyswimwear.com\\\/#\\\/schema\\\/logo\\\/image\\\/\",\"url\":\"https:\\\/\\\/www.unijoyswimwear.com\\\/wp-content\\\/uploads\\\/2022\\\/05\\\/unijoy-logo.png\",\"contentUrl\":\"https:\\\/\\\/www.unijoyswimwear.com\\\/wp-content\\\/uploads\\\/2022\\\/05\\\/unijoy-logo.png\",\"width\":268,\"height\":47,\"caption\":\"Unijoy Swimwear\"},\"image\":{\"@id\":\"https:\\\/\\\/www.unijoyswimwear.com\\\/#\\\/schema\\\/logo\\\/image\\\/\"}}]}<\/script>\n<!-- \/ Yoast SEO plugin. -->","yoast_head_json":{"title":"Traje de ba\u00f1o de una pieza sexy de color s\u00f3lido Traje de ba\u00f1o de una pieza sin espalda Traje de ba\u00f1o de una pieza Mujer Fabricante Trajes de ba\u00f1o al por mayor - Su proveedor confiable de trajes de ba\u00f1o","description":"UNIJOY SWIMWEAR Co., Ltd. es fabricante de trajes de ba\u00f1o de una pieza sexys de color liso y sin espalda para mujer en China. Nos comprometemos a ofrecer trajes de ba\u00f1o de alta calidad al por mayor. \u00a1Agradecemos sus consultas!","robots":{"index":"index","follow":"follow","max-snippet":"max-snippet:-1","max-image-preview":"max-image-preview:large","max-video-preview":"max-video-preview:-1"},"canonical":"https:\/\/www.unijoyswimwear.com\/es\/traje-de-bano-de-una-pieza-sexy-de-color-solido-traje-de-bano-de-una-pieza-sin-espalda-traje-de-bano-de-una-pieza-para-mujer_p489-html","og_locale":"es_ES","og_type":"article","og_title":"Swimsuit Solid Color Sexy One-Piece Swimsuit Backless One-Piece Swimsuit Woman Manufacturer Wholesale Swimwear- Your Reliable Swimsuit Supplier","og_description":"UNIJOY SWIMWEAR Co.,Ltd is a manufacturer of Swimsuit Solid Color Sexy One-Piece Swimsuit Backless One-Piece Swimsuit Woman in China,We are committed to providing high quality Manufacturer Wholesale Swimwear. We sincerely welcome your inquiries!","og_url":"https:\/\/www.unijoyswimwear.com\/es\/traje-de-bano-de-una-pieza-sexy-de-color-solido-traje-de-bano-de-una-pieza-sin-espalda-traje-de-bano-de-una-pieza-para-mujer_p489-html","og_site_name":"Unijoy Reliable Swimwear &amp; Activewear Manufacturer","article_modified_time":"2022-09-02T06:25:18+00:00","twitter_card":"summary_large_image","schema":{"@context":"https:\/\/schema.org","@graph":[{"@type":"WebPage","@id":"https:\/\/www.unijoyswimwear.com\/swimsuit-solid-color-sexy-one-piece-swimsuit-backless-one-piece-swimsuit-woman_p489.html","url":"https:\/\/www.unijoyswimwear.com\/swimsuit-solid-color-sexy-one-piece-swimsuit-backless-one-piece-swimsuit-woman_p489.html","name":"Traje de ba\u00f1o de una pieza sexy de color s\u00f3lido Traje de ba\u00f1o de una pieza sin espalda Traje de ba\u00f1o de una pieza Mujer Fabricante Trajes de ba\u00f1o al por mayor - Su proveedor confiable de trajes de ba\u00f1o","isPartOf":{"@id":"https:\/\/www.unijoyswimwear.com\/#website"},"datePublished":"2022-08-15T09:52:56+00:00","dateModified":"2022-09-02T06:25:18+00:00","description":"UNIJOY SWIMWEAR Co., Ltd. es fabricante de trajes de ba\u00f1o de una pieza sexys de color liso y sin espalda para mujer en China. Nos comprometemos a ofrecer trajes de ba\u00f1o de alta calidad al por mayor. \u00a1Agradecemos sus consultas!","breadcrumb":{"@id":"https:\/\/www.unijoyswimwear.com\/swimsuit-solid-color-sexy-one-piece-swimsuit-backless-one-piece-swimsuit-woman_p489.html#breadcrumb"},"inLanguage":"es","potentialAction":[{"@type":"ReadAction","target":["https:\/\/www.unijoyswimwear.com\/swimsuit-solid-color-sexy-one-piece-swimsuit-backless-one-piece-swimsuit-woman_p489.html"]}]},{"@type":"BreadcrumbList","@id":"https:\/\/www.unijoyswimwear.com\/swimsuit-solid-color-sexy-one-piece-swimsuit-backless-one-piece-swimsuit-woman_p489.html#breadcrumb","itemListElement":[{"@type":"ListItem","position":1,"name":"Home","item":"https:\/\/www.unijoyswimwear.com\/"},{"@type":"ListItem","position":2,"name":"Women&#8217;s Swimsuits","item":"https:\/\/www.unijoyswimwear.com\/women-s-swimsuits_c2\/"},{"@type":"ListItem","position":3,"name":"Wholesale Women&#8217;s Clothing","item":"https:\/\/www.unijoyswimwear.com\/wholesale-women-s-clothing_c39\/"},{"@type":"ListItem","position":4,"name":"Wholesale Swimwear","item":"https:\/\/www.unijoyswimwear.com\/wholesale-swimwear_c55\/"},{"@type":"ListItem","position":5,"name":"Swimsuit Solid Color Sexy One-Piece Swimsuit Backless One-Piece Swimsuit Woman"}]},{"@type":"WebSite","@id":"https:\/\/www.unijoyswimwear.com\/#website","url":"https:\/\/www.unijoyswimwear.com\/","name":"Unijoy, fabricante confiable de trajes de ba\u00f1o y ropa deportiva","description":"","publisher":{"@id":"https:\/\/www.unijoyswimwear.com\/#organization"},"potentialAction":[{"@type":"SearchAction","target":{"@type":"EntryPoint","urlTemplate":"https:\/\/www.unijoyswimwear.com\/?s={search_term_string}"},"query-input":{"@type":"PropertyValueSpecification","valueRequired":true,"valueName":"search_term_string"}}],"inLanguage":"es"},{"@type":"Organization","@id":"https:\/\/www.unijoyswimwear.com\/#organization","name":"Unijoy Swimwear","url":"https:\/\/www.unijoyswimwear.com\/","logo":{"@type":"ImageObject","inLanguage":"es","@id":"https:\/\/www.unijoyswimwear.com\/#\/schema\/logo\/image\/","url":"https:\/\/www.unijoyswimwear.com\/wp-content\/uploads\/2022\/05\/unijoy-logo.png","contentUrl":"https:\/\/www.unijoyswimwear.com\/wp-content\/uploads\/2022\/05\/unijoy-logo.png","width":268,"height":47,"caption":"Unijoy Swimwear"},"image":{"@id":"https:\/\/www.unijoyswimwear.com\/#\/schema\/logo\/image\/"}}]}},"_links":{"self":[{"href":"https:\/\/www.unijoyswimwear.com\/es\/wp-json\/wp\/v2\/pages\/13135","targetHints":{"allow":["GET"]}}],"collection":[{"href":"https:\/\/www.unijoyswimwear.com\/es\/wp-json\/wp\/v2\/pages"}],"about":[{"href":"https:\/\/www.unijoyswimwear.com\/es\/wp-json\/wp\/v2\/types\/page"}],"author":[{"embeddable":true,"href":"https:\/\/www.unijoyswimwear.com\/es\/wp-json\/wp\/v2\/users\/1"}],"replies":[{"embeddable":true,"href":"https:\/\/www.unijoyswimwear.com\/es\/wp-json\/wp\/v2\/comments?post=13135"}],"version-history":[{"count":0,"href":"https:\/\/www.unijoyswimwear.com\/es\/wp-json\/wp\/v2\/pages\/13135\/revisions"}],"up":[{"embeddable":true,"href":"https:\/\/www.unijoyswimwear.com\/es\/wp-json\/wp\/v2\/pages\/6060"}],"wp:attachment":[{"href":"https:\/\/www.unijoyswimwear.com\/es\/wp-json\/wp\/v2\/media?parent=13135"}],"curies":[{"name":"wp","href":"https:\/\/api.w.org\/{rel}","templated":true}]}}