{"id":12767,"date":"2022-08-12T08:44:15","date_gmt":"2022-08-12T08:44:15","guid":{"rendered":"https:\/\/www.unijoyswimwear.com\/?page_id=12767"},"modified":"2022-09-07T02:06:20","modified_gmt":"2022-09-07T02:06:20","slug":"fashion-womens-slim-yoga-pants-leggings-stitching-pocket-activewear-active-bottom-high-waist-tights-sportswear-stretchy-quick-dry-jogging-running-trousers","status":"publish","type":"page","link":"https:\/\/www.unijoyswimwear.com\/es\/pantalones-de-yoga-ajustados-para-mujer-leggings-con-costuras-y-bolsillos-ropa-deportiva-parte-inferior-activa-cintura-alta-elasticos-de-secado-rapido-para-correr-pantalones-para-correr_p797-h","title":{"rendered":"Leggings de yoga ajustados para mujer, con bolsillos cosidos, parte inferior activa, cintura alta, el\u00e1sticos, de secado r\u00e1pido, para correr."},"content":{"rendered":"","protected":false},"excerpt":{"rendered":"","protected":false},"author":1,"featured_media":0,"parent":6064,"menu_order":0,"comment_status":"closed","ping_status":"closed","template":"product-details7.php","meta":{"_acf_changed":false,"site-sidebar-layout":"no-sidebar","site-content-layout":"page-builder","ast-site-content-layout":"default","site-content-style":"default","site-sidebar-style":"default","ast-global-header-display":"","ast-banner-title-visibility":"","ast-main-header-display":"","ast-hfb-above-header-display":"","ast-hfb-below-header-display":"","ast-hfb-mobile-header-display":"","site-post-title":"disabled","ast-breadcrumbs-content":"disabled","ast-featured-img":"disabled","footer-sml-layout":"","ast-disable-related-posts":"","theme-transparent-header-meta":"default","adv-header-id-meta":"","stick-header-meta":"default","header-above-stick-meta":"","header-main-stick-meta":"","header-below-stick-meta":"","astra-migrate-meta-layouts":"default","ast-page-background-enabled":"default","ast-page-background-meta":{"desktop":{"background-color":"","background-image":"","background-repeat":"repeat","background-position":"center center","background-size":"auto","background-attachment":"scroll","background-type":"","background-media":"","overlay-type":"","overlay-color":"","overlay-opacity":"","overlay-gradient":""},"tablet":{"background-color":"","background-image":"","background-repeat":"repeat","background-position":"center center","background-size":"auto","background-attachment":"scroll","background-type":"","background-media":"","overlay-type":"","overlay-color":"","overlay-opacity":"","overlay-gradient":""},"mobile":{"background-color":"","background-image":"","background-repeat":"repeat","background-position":"center center","background-size":"auto","background-attachment":"scroll","background-type":"","background-media":"","overlay-type":"","overlay-color":"","overlay-opacity":"","overlay-gradient":""}},"ast-content-background-meta":{"desktop":{"background-color":"var(--ast-global-color-5)","background-image":"","background-repeat":"repeat","background-position":"center center","background-size":"auto","background-attachment":"scroll","background-type":"","background-media":"","overlay-type":"","overlay-color":"","overlay-opacity":"","overlay-gradient":""},"tablet":{"background-color":"var(--ast-global-color-5)","background-image":"","background-repeat":"repeat","background-position":"center center","background-size":"auto","background-attachment":"scroll","background-type":"","background-media":"","overlay-type":"","overlay-color":"","overlay-opacity":"","overlay-gradient":""},"mobile":{"background-color":"var(--ast-global-color-5)","background-image":"","background-repeat":"repeat","background-position":"center center","background-size":"auto","background-attachment":"scroll","background-type":"","background-media":"","overlay-type":"","overlay-color":"","overlay-opacity":"","overlay-gradient":""}},"footnotes":""},"class_list":["post-12767","page","type-page","status-publish","hentry"],"acf":[],"yoast_head":"<!-- This site is optimized with the Yoast SEO plugin v27.4 - https:\/\/yoast.com\/product\/yoast-seo-wordpress\/ -->\n<title>Fashion Womens Slim Yoga Pants Leggings, Stitching Pocket Activewear Active Bottom High Waist Tights Sportswear Stretchy Quick Dry Jogging Running Trousers Womens Activewear Leggings Manufacturers - Your Reliable Swimsuit Supplier<\/title>\n<meta name=\"description\" content=\"UNIJOY SWIMWEAR Co.,Ltd is a manufacturer of Fashion Womens Slim Yoga Pants Leggings,Stitching Pocket Activewear Active Bottom High Waist Tights Sportswear Stretchy Quick Dry Jogging Running Trousers in China,We are committed to providing high quality womens activewear leggings. We sincerely welcome your inquiries!\" \/>\n<meta name=\"robots\" content=\"index, follow, max-snippet:-1, max-image-preview:large, max-video-preview:-1\" \/>\n<link rel=\"canonical\" href=\"https:\/\/www.unijoyswimwear.com\/es\/pantalones-de-yoga-ajustados-para-mujer-leggings-con-costuras-y-bolsillos-ropa-deportiva-parte-inferior-activa-cintura-alta-elasticos-de-secado-rapido-para-correr-pantalones-para-correr_p797-h\" \/>\n<meta property=\"og:locale\" content=\"es_ES\" \/>\n<meta property=\"og:type\" content=\"article\" \/>\n<meta property=\"og:title\" content=\"Fashion Womens Slim Yoga Pants Leggings, Stitching Pocket Activewear Active Bottom High Waist Tights Sportswear Stretchy Quick Dry Jogging Running Trousers Womens Activewear Leggings Manufacturers - Your Reliable Swimsuit Supplier\" \/>\n<meta property=\"og:description\" content=\"UNIJOY SWIMWEAR Co.,Ltd is a manufacturer of Fashion Womens Slim Yoga Pants Leggings,Stitching Pocket Activewear Active Bottom High Waist Tights Sportswear Stretchy Quick Dry Jogging Running Trousers in China,We are committed to providing high quality womens activewear leggings. We sincerely welcome your inquiries!\" \/>\n<meta property=\"og:url\" content=\"https:\/\/www.unijoyswimwear.com\/es\/pantalones-de-yoga-ajustados-para-mujer-leggings-con-costuras-y-bolsillos-ropa-deportiva-parte-inferior-activa-cintura-alta-elasticos-de-secado-rapido-para-correr-pantalones-para-correr_p797-h\" \/>\n<meta property=\"og:site_name\" content=\"Unijoy Reliable Swimwear &amp; Activewear Manufacturer\" \/>\n<meta property=\"article:modified_time\" content=\"2022-09-07T02:06:20+00:00\" \/>\n<meta name=\"twitter:card\" content=\"summary_large_image\" \/>\n<script type=\"application\/ld+json\" class=\"yoast-schema-graph\">{\"@context\":\"https:\\\/\\\/schema.org\",\"@graph\":[{\"@type\":\"WebPage\",\"@id\":\"https:\\\/\\\/www.unijoyswimwear.com\\\/fashion-womens-slim-yoga-pants-leggings-stitching-pocket-activewear-active-bottom-high-waist-tights-sportswear-stretchy-quick-dry-jogging-running-trousers_p797.html\",\"url\":\"https:\\\/\\\/www.unijoyswimwear.com\\\/fashion-womens-slim-yoga-pants-leggings-stitching-pocket-activewear-active-bottom-high-waist-tights-sportswear-stretchy-quick-dry-jogging-running-trousers_p797.html\",\"name\":\"Fashion Womens Slim Yoga Pants Leggings, Stitching Pocket Activewear Active Bottom High Waist Tights Sportswear Stretchy Quick Dry Jogging Running Trousers Womens Activewear Leggings Manufacturers - Your Reliable Swimsuit Supplier\",\"isPartOf\":{\"@id\":\"https:\\\/\\\/www.unijoyswimwear.com\\\/#website\"},\"datePublished\":\"2022-08-12T08:44:15+00:00\",\"dateModified\":\"2022-09-07T02:06:20+00:00\",\"description\":\"UNIJOY SWIMWEAR Co.,Ltd is a manufacturer of Fashion Womens Slim Yoga Pants Leggings,Stitching Pocket Activewear Active Bottom High Waist Tights Sportswear Stretchy Quick Dry Jogging Running Trousers in China,We are committed to providing high quality womens activewear leggings. We sincerely welcome your inquiries!\",\"breadcrumb\":{\"@id\":\"https:\\\/\\\/www.unijoyswimwear.com\\\/fashion-womens-slim-yoga-pants-leggings-stitching-pocket-activewear-active-bottom-high-waist-tights-sportswear-stretchy-quick-dry-jogging-running-trousers_p797.html#breadcrumb\"},\"inLanguage\":\"es\",\"potentialAction\":[{\"@type\":\"ReadAction\",\"target\":[\"https:\\\/\\\/www.unijoyswimwear.com\\\/fashion-womens-slim-yoga-pants-leggings-stitching-pocket-activewear-active-bottom-high-waist-tights-sportswear-stretchy-quick-dry-jogging-running-trousers_p797.html\"]}]},{\"@type\":\"BreadcrumbList\",\"@id\":\"https:\\\/\\\/www.unijoyswimwear.com\\\/fashion-womens-slim-yoga-pants-leggings-stitching-pocket-activewear-active-bottom-high-waist-tights-sportswear-stretchy-quick-dry-jogging-running-trousers_p797.html#breadcrumb\",\"itemListElement\":[{\"@type\":\"ListItem\",\"position\":1,\"name\":\"Home\",\"item\":\"https:\\\/\\\/www.unijoyswimwear.com\\\/\"},{\"@type\":\"ListItem\",\"position\":2,\"name\":\"Active Wear Manufacturer\",\"item\":\"https:\\\/\\\/www.unijoyswimwear.com\\\/active-wear-manufacturer\\\/\"},{\"@type\":\"ListItem\",\"position\":3,\"name\":\"Whole Sale Yoga Wear\",\"item\":\"https:\\\/\\\/www.unijoyswimwear.com\\\/whole-sale-yoga-wear_c47\\\/\"},{\"@type\":\"ListItem\",\"position\":4,\"name\":\"Fashion Womens Slim Yoga Pants Leggings, Stitching Pocket Activewear Active Bottom High Waist Tights Sportswear Stretchy Quick Dry Jogging Running Trousers\"}]},{\"@type\":\"WebSite\",\"@id\":\"https:\\\/\\\/www.unijoyswimwear.com\\\/#website\",\"url\":\"https:\\\/\\\/www.unijoyswimwear.com\\\/\",\"name\":\"Unijoy Reliable Swimwear &amp; Activewear Manufacturer\",\"description\":\"\",\"publisher\":{\"@id\":\"https:\\\/\\\/www.unijoyswimwear.com\\\/#organization\"},\"potentialAction\":[{\"@type\":\"SearchAction\",\"target\":{\"@type\":\"EntryPoint\",\"urlTemplate\":\"https:\\\/\\\/www.unijoyswimwear.com\\\/?s={search_term_string}\"},\"query-input\":{\"@type\":\"PropertyValueSpecification\",\"valueRequired\":true,\"valueName\":\"search_term_string\"}}],\"inLanguage\":\"es\"},{\"@type\":\"Organization\",\"@id\":\"https:\\\/\\\/www.unijoyswimwear.com\\\/#organization\",\"name\":\"Unijoy Swimwear\",\"url\":\"https:\\\/\\\/www.unijoyswimwear.com\\\/\",\"logo\":{\"@type\":\"ImageObject\",\"inLanguage\":\"es\",\"@id\":\"https:\\\/\\\/www.unijoyswimwear.com\\\/#\\\/schema\\\/logo\\\/image\\\/\",\"url\":\"https:\\\/\\\/www.unijoyswimwear.com\\\/wp-content\\\/uploads\\\/2022\\\/05\\\/unijoy-logo.png\",\"contentUrl\":\"https:\\\/\\\/www.unijoyswimwear.com\\\/wp-content\\\/uploads\\\/2022\\\/05\\\/unijoy-logo.png\",\"width\":268,\"height\":47,\"caption\":\"Unijoy Swimwear\"},\"image\":{\"@id\":\"https:\\\/\\\/www.unijoyswimwear.com\\\/#\\\/schema\\\/logo\\\/image\\\/\"}}]}<\/script>\n<!-- \/ Yoast SEO plugin. -->","yoast_head_json":{"title":"Pantalones de yoga ajustados para mujer, mallas deportivas con bolsillos cosidos, cintura alta, el\u00e1sticos, de secado r\u00e1pido, para correr. Fabricantes de mallas deportivas para mujer: su proveedor confiable de trajes de ba\u00f1o.","description":"UNIJOY SWIMWEAR Co., Ltd. fabrica leggings de yoga ajustados y modernos para mujer, ropa deportiva con bolsillos cosidos, pantalones deportivos de cintura alta, el\u00e1sticos, de secado r\u00e1pido, para correr y trotar en China. Nos comprometemos a ofrecer leggings deportivos de alta calidad para mujer. \u00a1Agradecemos sus consultas!","robots":{"index":"index","follow":"follow","max-snippet":"max-snippet:-1","max-image-preview":"max-image-preview:large","max-video-preview":"max-video-preview:-1"},"canonical":"https:\/\/www.unijoyswimwear.com\/es\/pantalones-de-yoga-ajustados-para-mujer-leggings-con-costuras-y-bolsillos-ropa-deportiva-parte-inferior-activa-cintura-alta-elasticos-de-secado-rapido-para-correr-pantalones-para-correr_p797-h","og_locale":"es_ES","og_type":"article","og_title":"Fashion Womens Slim Yoga Pants Leggings, Stitching Pocket Activewear Active Bottom High Waist Tights Sportswear Stretchy Quick Dry Jogging Running Trousers Womens Activewear Leggings Manufacturers - Your Reliable Swimsuit Supplier","og_description":"UNIJOY SWIMWEAR Co.,Ltd is a manufacturer of Fashion Womens Slim Yoga Pants Leggings,Stitching Pocket Activewear Active Bottom High Waist Tights Sportswear Stretchy Quick Dry Jogging Running Trousers in China,We are committed to providing high quality womens activewear leggings. We sincerely welcome your inquiries!","og_url":"https:\/\/www.unijoyswimwear.com\/es\/pantalones-de-yoga-ajustados-para-mujer-leggings-con-costuras-y-bolsillos-ropa-deportiva-parte-inferior-activa-cintura-alta-elasticos-de-secado-rapido-para-correr-pantalones-para-correr_p797-h","og_site_name":"Unijoy Reliable Swimwear &amp; Activewear Manufacturer","article_modified_time":"2022-09-07T02:06:20+00:00","twitter_card":"summary_large_image","schema":{"@context":"https:\/\/schema.org","@graph":[{"@type":"WebPage","@id":"https:\/\/www.unijoyswimwear.com\/fashion-womens-slim-yoga-pants-leggings-stitching-pocket-activewear-active-bottom-high-waist-tights-sportswear-stretchy-quick-dry-jogging-running-trousers_p797.html","url":"https:\/\/www.unijoyswimwear.com\/fashion-womens-slim-yoga-pants-leggings-stitching-pocket-activewear-active-bottom-high-waist-tights-sportswear-stretchy-quick-dry-jogging-running-trousers_p797.html","name":"Pantalones de yoga ajustados para mujer, mallas deportivas con bolsillos cosidos, cintura alta, el\u00e1sticos, de secado r\u00e1pido, para correr. Fabricantes de mallas deportivas para mujer: su proveedor confiable de trajes de ba\u00f1o.","isPartOf":{"@id":"https:\/\/www.unijoyswimwear.com\/#website"},"datePublished":"2022-08-12T08:44:15+00:00","dateModified":"2022-09-07T02:06:20+00:00","description":"UNIJOY SWIMWEAR Co., Ltd. fabrica leggings de yoga ajustados y modernos para mujer, ropa deportiva con bolsillos cosidos, pantalones deportivos de cintura alta, el\u00e1sticos, de secado r\u00e1pido, para correr y trotar en China. Nos comprometemos a ofrecer leggings deportivos de alta calidad para mujer. \u00a1Agradecemos sus consultas!","breadcrumb":{"@id":"https:\/\/www.unijoyswimwear.com\/fashion-womens-slim-yoga-pants-leggings-stitching-pocket-activewear-active-bottom-high-waist-tights-sportswear-stretchy-quick-dry-jogging-running-trousers_p797.html#breadcrumb"},"inLanguage":"es","potentialAction":[{"@type":"ReadAction","target":["https:\/\/www.unijoyswimwear.com\/fashion-womens-slim-yoga-pants-leggings-stitching-pocket-activewear-active-bottom-high-waist-tights-sportswear-stretchy-quick-dry-jogging-running-trousers_p797.html"]}]},{"@type":"BreadcrumbList","@id":"https:\/\/www.unijoyswimwear.com\/fashion-womens-slim-yoga-pants-leggings-stitching-pocket-activewear-active-bottom-high-waist-tights-sportswear-stretchy-quick-dry-jogging-running-trousers_p797.html#breadcrumb","itemListElement":[{"@type":"ListItem","position":1,"name":"Home","item":"https:\/\/www.unijoyswimwear.com\/"},{"@type":"ListItem","position":2,"name":"Active Wear Manufacturer","item":"https:\/\/www.unijoyswimwear.com\/active-wear-manufacturer\/"},{"@type":"ListItem","position":3,"name":"Whole Sale Yoga Wear","item":"https:\/\/www.unijoyswimwear.com\/whole-sale-yoga-wear_c47\/"},{"@type":"ListItem","position":4,"name":"Fashion Womens Slim Yoga Pants Leggings, Stitching Pocket Activewear Active Bottom High Waist Tights Sportswear Stretchy Quick Dry Jogging Running Trousers"}]},{"@type":"WebSite","@id":"https:\/\/www.unijoyswimwear.com\/#website","url":"https:\/\/www.unijoyswimwear.com\/","name":"Unijoy, fabricante confiable de trajes de ba\u00f1o y ropa deportiva","description":"","publisher":{"@id":"https:\/\/www.unijoyswimwear.com\/#organization"},"potentialAction":[{"@type":"SearchAction","target":{"@type":"EntryPoint","urlTemplate":"https:\/\/www.unijoyswimwear.com\/?s={search_term_string}"},"query-input":{"@type":"PropertyValueSpecification","valueRequired":true,"valueName":"search_term_string"}}],"inLanguage":"es"},{"@type":"Organization","@id":"https:\/\/www.unijoyswimwear.com\/#organization","name":"Unijoy Swimwear","url":"https:\/\/www.unijoyswimwear.com\/","logo":{"@type":"ImageObject","inLanguage":"es","@id":"https:\/\/www.unijoyswimwear.com\/#\/schema\/logo\/image\/","url":"https:\/\/www.unijoyswimwear.com\/wp-content\/uploads\/2022\/05\/unijoy-logo.png","contentUrl":"https:\/\/www.unijoyswimwear.com\/wp-content\/uploads\/2022\/05\/unijoy-logo.png","width":268,"height":47,"caption":"Unijoy Swimwear"},"image":{"@id":"https:\/\/www.unijoyswimwear.com\/#\/schema\/logo\/image\/"}}]}},"_links":{"self":[{"href":"https:\/\/www.unijoyswimwear.com\/es\/wp-json\/wp\/v2\/pages\/12767","targetHints":{"allow":["GET"]}}],"collection":[{"href":"https:\/\/www.unijoyswimwear.com\/es\/wp-json\/wp\/v2\/pages"}],"about":[{"href":"https:\/\/www.unijoyswimwear.com\/es\/wp-json\/wp\/v2\/types\/page"}],"author":[{"embeddable":true,"href":"https:\/\/www.unijoyswimwear.com\/es\/wp-json\/wp\/v2\/users\/1"}],"replies":[{"embeddable":true,"href":"https:\/\/www.unijoyswimwear.com\/es\/wp-json\/wp\/v2\/comments?post=12767"}],"version-history":[{"count":0,"href":"https:\/\/www.unijoyswimwear.com\/es\/wp-json\/wp\/v2\/pages\/12767\/revisions"}],"up":[{"embeddable":true,"href":"https:\/\/www.unijoyswimwear.com\/es\/wp-json\/wp\/v2\/pages\/6064"}],"wp:attachment":[{"href":"https:\/\/www.unijoyswimwear.com\/es\/wp-json\/wp\/v2\/media?parent=12767"}],"curies":[{"name":"wp","href":"https:\/\/api.w.org\/{rel}","templated":true}]}}