{"id":10887,"date":"2022-07-29T02:32:56","date_gmt":"2022-07-29T02:32:56","guid":{"rendered":"https:\/\/www.unijoyswimwear.com\/?page_id=10887"},"modified":"2022-08-22T07:39:29","modified_gmt":"2022-08-22T07:39:29","slug":"toddler-girls-tankini-set-swimsuit-mermaid-tail-swimwear-with-3pcs","status":"publish","type":"page","link":"https:\/\/www.unijoyswimwear.com\/es\/conjunto-de-tankini-para-ninas-pequenas-traje-de-bano-con-cola-de-sirena-3-piezas_p757-html","title":{"rendered":"Conjunto de tankini para ni\u00f1as peque\u00f1as, traje de ba\u00f1o de cola de sirena con 3 piezas"},"content":{"rendered":"","protected":false},"excerpt":{"rendered":"","protected":false},"author":1,"featured_media":0,"parent":5848,"menu_order":0,"comment_status":"closed","ping_status":"closed","template":"product-details7.php","meta":{"_acf_changed":false,"site-sidebar-layout":"no-sidebar","site-content-layout":"page-builder","ast-site-content-layout":"default","site-content-style":"default","site-sidebar-style":"default","ast-global-header-display":"","ast-banner-title-visibility":"","ast-main-header-display":"","ast-hfb-above-header-display":"","ast-hfb-below-header-display":"","ast-hfb-mobile-header-display":"","site-post-title":"disabled","ast-breadcrumbs-content":"disabled","ast-featured-img":"disabled","footer-sml-layout":"","ast-disable-related-posts":"","theme-transparent-header-meta":"default","adv-header-id-meta":"","stick-header-meta":"default","header-above-stick-meta":"","header-main-stick-meta":"","header-below-stick-meta":"","astra-migrate-meta-layouts":"default","ast-page-background-enabled":"default","ast-page-background-meta":{"desktop":{"background-color":"","background-image":"","background-repeat":"repeat","background-position":"center center","background-size":"auto","background-attachment":"scroll","background-type":"","background-media":"","overlay-type":"","overlay-color":"","overlay-opacity":"","overlay-gradient":""},"tablet":{"background-color":"","background-image":"","background-repeat":"repeat","background-position":"center center","background-size":"auto","background-attachment":"scroll","background-type":"","background-media":"","overlay-type":"","overlay-color":"","overlay-opacity":"","overlay-gradient":""},"mobile":{"background-color":"","background-image":"","background-repeat":"repeat","background-position":"center center","background-size":"auto","background-attachment":"scroll","background-type":"","background-media":"","overlay-type":"","overlay-color":"","overlay-opacity":"","overlay-gradient":""}},"ast-content-background-meta":{"desktop":{"background-color":"var(--ast-global-color-5)","background-image":"","background-repeat":"repeat","background-position":"center center","background-size":"auto","background-attachment":"scroll","background-type":"","background-media":"","overlay-type":"","overlay-color":"","overlay-opacity":"","overlay-gradient":""},"tablet":{"background-color":"var(--ast-global-color-5)","background-image":"","background-repeat":"repeat","background-position":"center center","background-size":"auto","background-attachment":"scroll","background-type":"","background-media":"","overlay-type":"","overlay-color":"","overlay-opacity":"","overlay-gradient":""},"mobile":{"background-color":"var(--ast-global-color-5)","background-image":"","background-repeat":"repeat","background-position":"center center","background-size":"auto","background-attachment":"scroll","background-type":"","background-media":"","overlay-type":"","overlay-color":"","overlay-opacity":"","overlay-gradient":""}},"footnotes":""},"class_list":["post-10887","page","type-page","status-publish","hentry"],"acf":[],"yoast_head":"<!-- This site is optimized with the Yoast SEO plugin v27.4 - https:\/\/yoast.com\/product\/yoast-seo-wordpress\/ -->\n<title>Hot Topic Little Mermaid Bathing Suit Toddler Girls Tankini Set Swimsuit Mermaid Tail Swimwear\u200b With 3PCS Swimwear Manufacturers - Your Reliable Swimsuit Supplier<\/title>\n<meta name=\"description\" content=\"UNIJOY SWIMWEAR Co.,Ltd is a Hot Topic Little Mermaid Bathing Suit manufacturer of Toddler Girls Tankini Set Swimsuit Mermaid Tail Swimwear\u200b With 3PCS in China,We are committed to providing high quality mermaid bathing suit toddler. We sincerely welcome your inquiries!\" \/>\n<meta name=\"robots\" content=\"index, follow, max-snippet:-1, max-image-preview:large, max-video-preview:-1\" \/>\n<link rel=\"canonical\" href=\"https:\/\/www.unijoyswimwear.com\/es\/conjunto-de-tankini-para-ninas-pequenas-traje-de-bano-con-cola-de-sirena-3-piezas_p757-html\" \/>\n<meta property=\"og:locale\" content=\"es_ES\" \/>\n<meta property=\"og:type\" content=\"article\" \/>\n<meta property=\"og:title\" content=\"Hot Topic Little Mermaid Bathing Suit Toddler Girls Tankini Set Swimsuit Mermaid Tail Swimwear\u200b With 3PCS Swimwear Manufacturers - Your Reliable Swimsuit Supplier\" \/>\n<meta property=\"og:description\" content=\"UNIJOY SWIMWEAR Co.,Ltd is a Hot Topic Little Mermaid Bathing Suit manufacturer of Toddler Girls Tankini Set Swimsuit Mermaid Tail Swimwear\u200b With 3PCS in China,We are committed to providing high quality mermaid bathing suit toddler. We sincerely welcome your inquiries!\" \/>\n<meta property=\"og:url\" content=\"https:\/\/www.unijoyswimwear.com\/es\/conjunto-de-tankini-para-ninas-pequenas-traje-de-bano-con-cola-de-sirena-3-piezas_p757-html\" \/>\n<meta property=\"og:site_name\" content=\"Unijoy Reliable Swimwear &amp; Activewear Manufacturer\" \/>\n<meta property=\"article:modified_time\" content=\"2022-08-22T07:39:29+00:00\" \/>\n<meta name=\"twitter:card\" content=\"summary_large_image\" \/>\n<script type=\"application\/ld+json\" class=\"yoast-schema-graph\">{\"@context\":\"https:\\\/\\\/schema.org\",\"@graph\":[{\"@type\":\"WebPage\",\"@id\":\"https:\\\/\\\/www.unijoyswimwear.com\\\/toddler-girls-tankini-set-swimsuit-mermaid-tail-swimwear-with-3pcs_p757.html\",\"url\":\"https:\\\/\\\/www.unijoyswimwear.com\\\/toddler-girls-tankini-set-swimsuit-mermaid-tail-swimwear-with-3pcs_p757.html\",\"name\":\"Hot Topic Little Mermaid Bathing Suit Toddler Girls Tankini Set Swimsuit Mermaid Tail Swimwear\u200b With 3PCS Swimwear Manufacturers - Your Reliable Swimsuit Supplier\",\"isPartOf\":{\"@id\":\"https:\\\/\\\/www.unijoyswimwear.com\\\/#website\"},\"datePublished\":\"2022-07-29T02:32:56+00:00\",\"dateModified\":\"2022-08-22T07:39:29+00:00\",\"description\":\"UNIJOY SWIMWEAR Co.,Ltd is a Hot Topic Little Mermaid Bathing Suit manufacturer of Toddler Girls Tankini Set Swimsuit Mermaid Tail Swimwear\u200b With 3PCS in China,We are committed to providing high quality mermaid bathing suit toddler. We sincerely welcome your inquiries!\",\"breadcrumb\":{\"@id\":\"https:\\\/\\\/www.unijoyswimwear.com\\\/toddler-girls-tankini-set-swimsuit-mermaid-tail-swimwear-with-3pcs_p757.html#breadcrumb\"},\"inLanguage\":\"es\",\"potentialAction\":[{\"@type\":\"ReadAction\",\"target\":[\"https:\\\/\\\/www.unijoyswimwear.com\\\/toddler-girls-tankini-set-swimsuit-mermaid-tail-swimwear-with-3pcs_p757.html\"]}]},{\"@type\":\"BreadcrumbList\",\"@id\":\"https:\\\/\\\/www.unijoyswimwear.com\\\/toddler-girls-tankini-set-swimsuit-mermaid-tail-swimwear-with-3pcs_p757.html#breadcrumb\",\"itemListElement\":[{\"@type\":\"ListItem\",\"position\":1,\"name\":\"Home\",\"item\":\"https:\\\/\\\/www.unijoyswimwear.com\\\/\"},{\"@type\":\"ListItem\",\"position\":2,\"name\":\"Girls Swimsuits\",\"item\":\"https:\\\/\\\/www.unijoyswimwear.com\\\/girls-swimsuits_c28\\\/\"},{\"@type\":\"ListItem\",\"position\":3,\"name\":\"Girls Tankini\",\"item\":\"https:\\\/\\\/www.unijoyswimwear.com\\\/girls-tankini_c13\\\/\"},{\"@type\":\"ListItem\",\"position\":4,\"name\":\"Toddler Girls Tankini Set Swimsuit Mermaid Tail Swimwear\u200b With 3PCS\"}]},{\"@type\":\"WebSite\",\"@id\":\"https:\\\/\\\/www.unijoyswimwear.com\\\/#website\",\"url\":\"https:\\\/\\\/www.unijoyswimwear.com\\\/\",\"name\":\"Unijoy Reliable Swimwear &amp; Activewear Manufacturer\",\"description\":\"\",\"publisher\":{\"@id\":\"https:\\\/\\\/www.unijoyswimwear.com\\\/#organization\"},\"potentialAction\":[{\"@type\":\"SearchAction\",\"target\":{\"@type\":\"EntryPoint\",\"urlTemplate\":\"https:\\\/\\\/www.unijoyswimwear.com\\\/?s={search_term_string}\"},\"query-input\":{\"@type\":\"PropertyValueSpecification\",\"valueRequired\":true,\"valueName\":\"search_term_string\"}}],\"inLanguage\":\"es\"},{\"@type\":\"Organization\",\"@id\":\"https:\\\/\\\/www.unijoyswimwear.com\\\/#organization\",\"name\":\"Unijoy Swimwear\",\"url\":\"https:\\\/\\\/www.unijoyswimwear.com\\\/\",\"logo\":{\"@type\":\"ImageObject\",\"inLanguage\":\"es\",\"@id\":\"https:\\\/\\\/www.unijoyswimwear.com\\\/#\\\/schema\\\/logo\\\/image\\\/\",\"url\":\"https:\\\/\\\/www.unijoyswimwear.com\\\/wp-content\\\/uploads\\\/2022\\\/05\\\/unijoy-logo.png\",\"contentUrl\":\"https:\\\/\\\/www.unijoyswimwear.com\\\/wp-content\\\/uploads\\\/2022\\\/05\\\/unijoy-logo.png\",\"width\":268,\"height\":47,\"caption\":\"Unijoy Swimwear\"},\"image\":{\"@id\":\"https:\\\/\\\/www.unijoyswimwear.com\\\/#\\\/schema\\\/logo\\\/image\\\/\"}}]}<\/script>\n<!-- \/ Yoast SEO plugin. -->","yoast_head_json":{"title":"Traje de ba\u00f1o de sirena de moda, tankini para ni\u00f1as peque\u00f1as, traje de ba\u00f1o de cola de sirena con 3 piezas, fabricantes de trajes de ba\u00f1o: su proveedor confiable de trajes de ba\u00f1o.","description":"UNIJOY SWIMWEAR Co., Ltd. es un fabricante de trajes de ba\u00f1o de sirena de Hot Topic, que ofrece conjuntos de tankini con cola de sirena para ni\u00f1as peque\u00f1as (3 piezas) en China. Nos comprometemos a ofrecer trajes de ba\u00f1o de sirena de alta calidad para ni\u00f1as peque\u00f1as. \u00a1Agradecemos sus consultas!","robots":{"index":"index","follow":"follow","max-snippet":"max-snippet:-1","max-image-preview":"max-image-preview:large","max-video-preview":"max-video-preview:-1"},"canonical":"https:\/\/www.unijoyswimwear.com\/es\/conjunto-de-tankini-para-ninas-pequenas-traje-de-bano-con-cola-de-sirena-3-piezas_p757-html","og_locale":"es_ES","og_type":"article","og_title":"Hot Topic Little Mermaid Bathing Suit Toddler Girls Tankini Set Swimsuit Mermaid Tail Swimwear\u200b With 3PCS Swimwear Manufacturers - Your Reliable Swimsuit Supplier","og_description":"UNIJOY SWIMWEAR Co.,Ltd is a Hot Topic Little Mermaid Bathing Suit manufacturer of Toddler Girls Tankini Set Swimsuit Mermaid Tail Swimwear\u200b With 3PCS in China,We are committed to providing high quality mermaid bathing suit toddler. We sincerely welcome your inquiries!","og_url":"https:\/\/www.unijoyswimwear.com\/es\/conjunto-de-tankini-para-ninas-pequenas-traje-de-bano-con-cola-de-sirena-3-piezas_p757-html","og_site_name":"Unijoy Reliable Swimwear &amp; Activewear Manufacturer","article_modified_time":"2022-08-22T07:39:29+00:00","twitter_card":"summary_large_image","schema":{"@context":"https:\/\/schema.org","@graph":[{"@type":"WebPage","@id":"https:\/\/www.unijoyswimwear.com\/toddler-girls-tankini-set-swimsuit-mermaid-tail-swimwear-with-3pcs_p757.html","url":"https:\/\/www.unijoyswimwear.com\/toddler-girls-tankini-set-swimsuit-mermaid-tail-swimwear-with-3pcs_p757.html","name":"Traje de ba\u00f1o de sirena de moda, tankini para ni\u00f1as peque\u00f1as, traje de ba\u00f1o de cola de sirena con 3 piezas, fabricantes de trajes de ba\u00f1o: su proveedor confiable de trajes de ba\u00f1o.","isPartOf":{"@id":"https:\/\/www.unijoyswimwear.com\/#website"},"datePublished":"2022-07-29T02:32:56+00:00","dateModified":"2022-08-22T07:39:29+00:00","description":"UNIJOY SWIMWEAR Co., Ltd. es un fabricante de trajes de ba\u00f1o de sirena de Hot Topic, que ofrece conjuntos de tankini con cola de sirena para ni\u00f1as peque\u00f1as (3 piezas) en China. Nos comprometemos a ofrecer trajes de ba\u00f1o de sirena de alta calidad para ni\u00f1as peque\u00f1as. \u00a1Agradecemos sus consultas!","breadcrumb":{"@id":"https:\/\/www.unijoyswimwear.com\/toddler-girls-tankini-set-swimsuit-mermaid-tail-swimwear-with-3pcs_p757.html#breadcrumb"},"inLanguage":"es","potentialAction":[{"@type":"ReadAction","target":["https:\/\/www.unijoyswimwear.com\/toddler-girls-tankini-set-swimsuit-mermaid-tail-swimwear-with-3pcs_p757.html"]}]},{"@type":"BreadcrumbList","@id":"https:\/\/www.unijoyswimwear.com\/toddler-girls-tankini-set-swimsuit-mermaid-tail-swimwear-with-3pcs_p757.html#breadcrumb","itemListElement":[{"@type":"ListItem","position":1,"name":"Home","item":"https:\/\/www.unijoyswimwear.com\/"},{"@type":"ListItem","position":2,"name":"Girls Swimsuits","item":"https:\/\/www.unijoyswimwear.com\/girls-swimsuits_c28\/"},{"@type":"ListItem","position":3,"name":"Girls Tankini","item":"https:\/\/www.unijoyswimwear.com\/girls-tankini_c13\/"},{"@type":"ListItem","position":4,"name":"Toddler Girls Tankini Set Swimsuit Mermaid Tail Swimwear\u200b With 3PCS"}]},{"@type":"WebSite","@id":"https:\/\/www.unijoyswimwear.com\/#website","url":"https:\/\/www.unijoyswimwear.com\/","name":"Unijoy, fabricante confiable de trajes de ba\u00f1o y ropa deportiva","description":"","publisher":{"@id":"https:\/\/www.unijoyswimwear.com\/#organization"},"potentialAction":[{"@type":"SearchAction","target":{"@type":"EntryPoint","urlTemplate":"https:\/\/www.unijoyswimwear.com\/?s={search_term_string}"},"query-input":{"@type":"PropertyValueSpecification","valueRequired":true,"valueName":"search_term_string"}}],"inLanguage":"es"},{"@type":"Organization","@id":"https:\/\/www.unijoyswimwear.com\/#organization","name":"Unijoy Swimwear","url":"https:\/\/www.unijoyswimwear.com\/","logo":{"@type":"ImageObject","inLanguage":"es","@id":"https:\/\/www.unijoyswimwear.com\/#\/schema\/logo\/image\/","url":"https:\/\/www.unijoyswimwear.com\/wp-content\/uploads\/2022\/05\/unijoy-logo.png","contentUrl":"https:\/\/www.unijoyswimwear.com\/wp-content\/uploads\/2022\/05\/unijoy-logo.png","width":268,"height":47,"caption":"Unijoy Swimwear"},"image":{"@id":"https:\/\/www.unijoyswimwear.com\/#\/schema\/logo\/image\/"}}]}},"_links":{"self":[{"href":"https:\/\/www.unijoyswimwear.com\/es\/wp-json\/wp\/v2\/pages\/10887","targetHints":{"allow":["GET"]}}],"collection":[{"href":"https:\/\/www.unijoyswimwear.com\/es\/wp-json\/wp\/v2\/pages"}],"about":[{"href":"https:\/\/www.unijoyswimwear.com\/es\/wp-json\/wp\/v2\/types\/page"}],"author":[{"embeddable":true,"href":"https:\/\/www.unijoyswimwear.com\/es\/wp-json\/wp\/v2\/users\/1"}],"replies":[{"embeddable":true,"href":"https:\/\/www.unijoyswimwear.com\/es\/wp-json\/wp\/v2\/comments?post=10887"}],"version-history":[{"count":0,"href":"https:\/\/www.unijoyswimwear.com\/es\/wp-json\/wp\/v2\/pages\/10887\/revisions"}],"up":[{"embeddable":true,"href":"https:\/\/www.unijoyswimwear.com\/es\/wp-json\/wp\/v2\/pages\/5848"}],"wp:attachment":[{"href":"https:\/\/www.unijoyswimwear.com\/es\/wp-json\/wp\/v2\/media?parent=10887"}],"curies":[{"name":"wp","href":"https:\/\/api.w.org\/{rel}","templated":true}]}}