{"id":8992,"date":"2022-07-15T06:00:16","date_gmt":"2022-07-15T06:00:16","guid":{"rendered":"https:\/\/www.unijoyswimwear.com\/?page_id=8992"},"modified":"2022-09-06T03:58:50","modified_gmt":"2022-09-06T03:58:50","slug":"mens-designer-swim-briefs-most-comfortable-mens-briefs-best-swimsuit-for-mens","status":"publish","type":"page","link":"https:\/\/www.unijoyswimwear.com\/de\/herren-designer-badeslips-bequemste-herren-slips-beste-badeanzuge-fur-manner_p859-html","title":{"rendered":"Designer-Badeshorts f\u00fcr Herren \u2013 Bequemste Herren-Slips \u2013 Bester Badeanzug f\u00fcr Herren"},"content":{"rendered":"","protected":false},"excerpt":{"rendered":"","protected":false},"author":1,"featured_media":0,"parent":5974,"menu_order":0,"comment_status":"closed","ping_status":"closed","template":"product-details7.php","meta":{"_acf_changed":false,"site-sidebar-layout":"no-sidebar","site-content-layout":"page-builder","ast-site-content-layout":"default","site-content-style":"default","site-sidebar-style":"default","ast-global-header-display":"","ast-banner-title-visibility":"","ast-main-header-display":"","ast-hfb-above-header-display":"","ast-hfb-below-header-display":"","ast-hfb-mobile-header-display":"","site-post-title":"disabled","ast-breadcrumbs-content":"disabled","ast-featured-img":"disabled","footer-sml-layout":"","ast-disable-related-posts":"","theme-transparent-header-meta":"default","adv-header-id-meta":"","stick-header-meta":"default","header-above-stick-meta":"","header-main-stick-meta":"","header-below-stick-meta":"","astra-migrate-meta-layouts":"default","ast-page-background-enabled":"default","ast-page-background-meta":{"desktop":{"background-color":"","background-image":"","background-repeat":"repeat","background-position":"center center","background-size":"auto","background-attachment":"scroll","background-type":"","background-media":"","overlay-type":"","overlay-color":"","overlay-opacity":"","overlay-gradient":""},"tablet":{"background-color":"","background-image":"","background-repeat":"repeat","background-position":"center center","background-size":"auto","background-attachment":"scroll","background-type":"","background-media":"","overlay-type":"","overlay-color":"","overlay-opacity":"","overlay-gradient":""},"mobile":{"background-color":"","background-image":"","background-repeat":"repeat","background-position":"center center","background-size":"auto","background-attachment":"scroll","background-type":"","background-media":"","overlay-type":"","overlay-color":"","overlay-opacity":"","overlay-gradient":""}},"ast-content-background-meta":{"desktop":{"background-color":"var(--ast-global-color-5)","background-image":"","background-repeat":"repeat","background-position":"center center","background-size":"auto","background-attachment":"scroll","background-type":"","background-media":"","overlay-type":"","overlay-color":"","overlay-opacity":"","overlay-gradient":""},"tablet":{"background-color":"var(--ast-global-color-5)","background-image":"","background-repeat":"repeat","background-position":"center center","background-size":"auto","background-attachment":"scroll","background-type":"","background-media":"","overlay-type":"","overlay-color":"","overlay-opacity":"","overlay-gradient":""},"mobile":{"background-color":"var(--ast-global-color-5)","background-image":"","background-repeat":"repeat","background-position":"center center","background-size":"auto","background-attachment":"scroll","background-type":"","background-media":"","overlay-type":"","overlay-color":"","overlay-opacity":"","overlay-gradient":""}},"footnotes":""},"class_list":["post-8992","page","type-page","status-publish","hentry"],"acf":[],"yoast_head":"<!-- This site is optimized with the Yoast SEO plugin v27.4 - https:\/\/yoast.com\/product\/yoast-seo-wordpress\/ -->\n<title>Custom Mens Designer Swim Briefs Most Comfortable Mens Briefs Best Swimsuit For Mens - Your Reliable Swimwear Supplier<\/title>\n<meta name=\"description\" content=\"UUNIJOY SWIMWEAR Co.,Ltd is a manufacturer of Mens Designer Swim Briefs Most Comfortable Mens Briefs Best Swimsuit For Mens in China,We are committed to providing high quality mens designer swim briefs. We sincerely welcome your inquiries!\" \/>\n<meta name=\"robots\" content=\"index, follow, max-snippet:-1, max-image-preview:large, max-video-preview:-1\" \/>\n<link rel=\"canonical\" href=\"https:\/\/www.unijoyswimwear.com\/de\/herren-designer-badeslips-bequemste-herren-slips-beste-badeanzuge-fur-manner_p859-html\" \/>\n<meta property=\"og:locale\" content=\"de_DE\" \/>\n<meta property=\"og:type\" content=\"article\" \/>\n<meta property=\"og:title\" content=\"Custom Mens Designer Swim Briefs Most Comfortable Mens Briefs Best Swimsuit For Mens - Your Reliable Swimwear Supplier\" \/>\n<meta property=\"og:description\" content=\"UUNIJOY SWIMWEAR Co.,Ltd is a manufacturer of Mens Designer Swim Briefs Most Comfortable Mens Briefs Best Swimsuit For Mens in China,We are committed to providing high quality mens designer swim briefs. We sincerely welcome your inquiries!\" \/>\n<meta property=\"og:url\" content=\"https:\/\/www.unijoyswimwear.com\/de\/herren-designer-badeslips-bequemste-herren-slips-beste-badeanzuge-fur-manner_p859-html\" \/>\n<meta property=\"og:site_name\" content=\"Unijoy Reliable Swimwear &amp; Activewear Manufacturer\" \/>\n<meta property=\"article:modified_time\" content=\"2022-09-06T03:58:50+00:00\" \/>\n<meta name=\"twitter:card\" content=\"summary_large_image\" \/>\n<script type=\"application\/ld+json\" class=\"yoast-schema-graph\">{\"@context\":\"https:\\\/\\\/schema.org\",\"@graph\":[{\"@type\":\"WebPage\",\"@id\":\"https:\\\/\\\/www.unijoyswimwear.com\\\/mens-designer-swim-briefs-most-comfortable-mens-briefs-best-swimsuit-for-mens_p859.html\",\"url\":\"https:\\\/\\\/www.unijoyswimwear.com\\\/mens-designer-swim-briefs-most-comfortable-mens-briefs-best-swimsuit-for-mens_p859.html\",\"name\":\"Custom Mens Designer Swim Briefs Most Comfortable Mens Briefs Best Swimsuit For Mens - Your Reliable Swimwear Supplier\",\"isPartOf\":{\"@id\":\"https:\\\/\\\/www.unijoyswimwear.com\\\/#website\"},\"datePublished\":\"2022-07-15T06:00:16+00:00\",\"dateModified\":\"2022-09-06T03:58:50+00:00\",\"description\":\"UUNIJOY SWIMWEAR Co.,Ltd is a manufacturer of Mens Designer Swim Briefs Most Comfortable Mens Briefs Best Swimsuit For Mens in China,We are committed to providing high quality mens designer swim briefs. We sincerely welcome your inquiries!\",\"breadcrumb\":{\"@id\":\"https:\\\/\\\/www.unijoyswimwear.com\\\/mens-designer-swim-briefs-most-comfortable-mens-briefs-best-swimsuit-for-mens_p859.html#breadcrumb\"},\"inLanguage\":\"de\",\"potentialAction\":[{\"@type\":\"ReadAction\",\"target\":[\"https:\\\/\\\/www.unijoyswimwear.com\\\/mens-designer-swim-briefs-most-comfortable-mens-briefs-best-swimsuit-for-mens_p859.html\"]}]},{\"@type\":\"BreadcrumbList\",\"@id\":\"https:\\\/\\\/www.unijoyswimwear.com\\\/mens-designer-swim-briefs-most-comfortable-mens-briefs-best-swimsuit-for-mens_p859.html#breadcrumb\",\"itemListElement\":[{\"@type\":\"ListItem\",\"position\":1,\"name\":\"Home\",\"item\":\"https:\\\/\\\/www.unijoyswimwear.com\\\/\"},{\"@type\":\"ListItem\",\"position\":2,\"name\":\"Men&#8217;s Swimwear\",\"item\":\"https:\\\/\\\/www.unijoyswimwear.com\\\/men-s-swimwear_c3\\\/\"},{\"@type\":\"ListItem\",\"position\":3,\"name\":\"Men&#8217;s Swim Shorts\",\"item\":\"https:\\\/\\\/www.unijoyswimwear.com\\\/men-s-swim-shorts_c20\\\/\"},{\"@type\":\"ListItem\",\"position\":4,\"name\":\"Mens Designer Swim Briefs Most Comfortable Mens Briefs Best Swimsuit For Mens\"}]},{\"@type\":\"WebSite\",\"@id\":\"https:\\\/\\\/www.unijoyswimwear.com\\\/#website\",\"url\":\"https:\\\/\\\/www.unijoyswimwear.com\\\/\",\"name\":\"Unijoy Reliable Swimwear &amp; Activewear Manufacturer\",\"description\":\"\",\"publisher\":{\"@id\":\"https:\\\/\\\/www.unijoyswimwear.com\\\/#organization\"},\"potentialAction\":[{\"@type\":\"SearchAction\",\"target\":{\"@type\":\"EntryPoint\",\"urlTemplate\":\"https:\\\/\\\/www.unijoyswimwear.com\\\/?s={search_term_string}\"},\"query-input\":{\"@type\":\"PropertyValueSpecification\",\"valueRequired\":true,\"valueName\":\"search_term_string\"}}],\"inLanguage\":\"de\"},{\"@type\":\"Organization\",\"@id\":\"https:\\\/\\\/www.unijoyswimwear.com\\\/#organization\",\"name\":\"Unijoy Swimwear\",\"url\":\"https:\\\/\\\/www.unijoyswimwear.com\\\/\",\"logo\":{\"@type\":\"ImageObject\",\"inLanguage\":\"de\",\"@id\":\"https:\\\/\\\/www.unijoyswimwear.com\\\/#\\\/schema\\\/logo\\\/image\\\/\",\"url\":\"https:\\\/\\\/www.unijoyswimwear.com\\\/wp-content\\\/uploads\\\/2022\\\/05\\\/unijoy-logo.png\",\"contentUrl\":\"https:\\\/\\\/www.unijoyswimwear.com\\\/wp-content\\\/uploads\\\/2022\\\/05\\\/unijoy-logo.png\",\"width\":268,\"height\":47,\"caption\":\"Unijoy Swimwear\"},\"image\":{\"@id\":\"https:\\\/\\\/www.unijoyswimwear.com\\\/#\\\/schema\\\/logo\\\/image\\\/\"}}]}<\/script>\n<!-- \/ Yoast SEO plugin. -->","yoast_head_json":{"title":"Individuelle Designer-Badeshorts f\u00fcr Herren. Die bequemsten Herren-Slips. Der beste Badeanzug f\u00fcr Herren \u2013 Ihr zuverl\u00e4ssiger Bademodenlieferant.","description":"UUNIJOY SWIMWEAR Co., Ltd. ist Hersteller von Designer-Badehosen f\u00fcr Herren. Die bequemsten Herren-Badehosen und der beste Badeanzug f\u00fcr Herren in China. Wir sind bestrebt, hochwertige Designer-Badehosen f\u00fcr Herren anzubieten. Wir freuen uns auf Ihre Anfrage!","robots":{"index":"index","follow":"follow","max-snippet":"max-snippet:-1","max-image-preview":"max-image-preview:large","max-video-preview":"max-video-preview:-1"},"canonical":"https:\/\/www.unijoyswimwear.com\/de\/herren-designer-badeslips-bequemste-herren-slips-beste-badeanzuge-fur-manner_p859-html","og_locale":"de_DE","og_type":"article","og_title":"Custom Mens Designer Swim Briefs Most Comfortable Mens Briefs Best Swimsuit For Mens - Your Reliable Swimwear Supplier","og_description":"UUNIJOY SWIMWEAR Co.,Ltd is a manufacturer of Mens Designer Swim Briefs Most Comfortable Mens Briefs Best Swimsuit For Mens in China,We are committed to providing high quality mens designer swim briefs. We sincerely welcome your inquiries!","og_url":"https:\/\/www.unijoyswimwear.com\/de\/herren-designer-badeslips-bequemste-herren-slips-beste-badeanzuge-fur-manner_p859-html","og_site_name":"Unijoy Reliable Swimwear &amp; Activewear Manufacturer","article_modified_time":"2022-09-06T03:58:50+00:00","twitter_card":"summary_large_image","schema":{"@context":"https:\/\/schema.org","@graph":[{"@type":"WebPage","@id":"https:\/\/www.unijoyswimwear.com\/mens-designer-swim-briefs-most-comfortable-mens-briefs-best-swimsuit-for-mens_p859.html","url":"https:\/\/www.unijoyswimwear.com\/mens-designer-swim-briefs-most-comfortable-mens-briefs-best-swimsuit-for-mens_p859.html","name":"Individuelle Designer-Badeshorts f\u00fcr Herren. Die bequemsten Herren-Slips. Der beste Badeanzug f\u00fcr Herren \u2013 Ihr zuverl\u00e4ssiger Bademodenlieferant.","isPartOf":{"@id":"https:\/\/www.unijoyswimwear.com\/#website"},"datePublished":"2022-07-15T06:00:16+00:00","dateModified":"2022-09-06T03:58:50+00:00","description":"UUNIJOY SWIMWEAR Co., Ltd. ist Hersteller von Designer-Badehosen f\u00fcr Herren. Die bequemsten Herren-Badehosen und der beste Badeanzug f\u00fcr Herren in China. Wir sind bestrebt, hochwertige Designer-Badehosen f\u00fcr Herren anzubieten. Wir freuen uns auf Ihre Anfrage!","breadcrumb":{"@id":"https:\/\/www.unijoyswimwear.com\/mens-designer-swim-briefs-most-comfortable-mens-briefs-best-swimsuit-for-mens_p859.html#breadcrumb"},"inLanguage":"de","potentialAction":[{"@type":"ReadAction","target":["https:\/\/www.unijoyswimwear.com\/mens-designer-swim-briefs-most-comfortable-mens-briefs-best-swimsuit-for-mens_p859.html"]}]},{"@type":"BreadcrumbList","@id":"https:\/\/www.unijoyswimwear.com\/mens-designer-swim-briefs-most-comfortable-mens-briefs-best-swimsuit-for-mens_p859.html#breadcrumb","itemListElement":[{"@type":"ListItem","position":1,"name":"Home","item":"https:\/\/www.unijoyswimwear.com\/"},{"@type":"ListItem","position":2,"name":"Men&#8217;s Swimwear","item":"https:\/\/www.unijoyswimwear.com\/men-s-swimwear_c3\/"},{"@type":"ListItem","position":3,"name":"Men&#8217;s Swim Shorts","item":"https:\/\/www.unijoyswimwear.com\/men-s-swim-shorts_c20\/"},{"@type":"ListItem","position":4,"name":"Mens Designer Swim Briefs Most Comfortable Mens Briefs Best Swimsuit For Mens"}]},{"@type":"WebSite","@id":"https:\/\/www.unijoyswimwear.com\/#website","url":"https:\/\/www.unijoyswimwear.com\/","name":"Unijoy Zuverl\u00e4ssiger Hersteller von Bademode und Activewear","description":"","publisher":{"@id":"https:\/\/www.unijoyswimwear.com\/#organization"},"potentialAction":[{"@type":"SearchAction","target":{"@type":"EntryPoint","urlTemplate":"https:\/\/www.unijoyswimwear.com\/?s={search_term_string}"},"query-input":{"@type":"PropertyValueSpecification","valueRequired":true,"valueName":"search_term_string"}}],"inLanguage":"de"},{"@type":"Organization","@id":"https:\/\/www.unijoyswimwear.com\/#organization","name":"Unijoy Swimwear","url":"https:\/\/www.unijoyswimwear.com\/","logo":{"@type":"ImageObject","inLanguage":"de","@id":"https:\/\/www.unijoyswimwear.com\/#\/schema\/logo\/image\/","url":"https:\/\/www.unijoyswimwear.com\/wp-content\/uploads\/2022\/05\/unijoy-logo.png","contentUrl":"https:\/\/www.unijoyswimwear.com\/wp-content\/uploads\/2022\/05\/unijoy-logo.png","width":268,"height":47,"caption":"Unijoy Swimwear"},"image":{"@id":"https:\/\/www.unijoyswimwear.com\/#\/schema\/logo\/image\/"}}]}},"_links":{"self":[{"href":"https:\/\/www.unijoyswimwear.com\/de\/wp-json\/wp\/v2\/pages\/8992","targetHints":{"allow":["GET"]}}],"collection":[{"href":"https:\/\/www.unijoyswimwear.com\/de\/wp-json\/wp\/v2\/pages"}],"about":[{"href":"https:\/\/www.unijoyswimwear.com\/de\/wp-json\/wp\/v2\/types\/page"}],"author":[{"embeddable":true,"href":"https:\/\/www.unijoyswimwear.com\/de\/wp-json\/wp\/v2\/users\/1"}],"replies":[{"embeddable":true,"href":"https:\/\/www.unijoyswimwear.com\/de\/wp-json\/wp\/v2\/comments?post=8992"}],"version-history":[{"count":0,"href":"https:\/\/www.unijoyswimwear.com\/de\/wp-json\/wp\/v2\/pages\/8992\/revisions"}],"up":[{"embeddable":true,"href":"https:\/\/www.unijoyswimwear.com\/de\/wp-json\/wp\/v2\/pages\/5974"}],"wp:attachment":[{"href":"https:\/\/www.unijoyswimwear.com\/de\/wp-json\/wp\/v2\/media?parent=8992"}],"curies":[{"name":"wp","href":"https:\/\/api.w.org\/{rel}","templated":true}]}}