{"id":14313,"date":"2022-08-26T01:40:07","date_gmt":"2022-08-26T01:40:07","guid":{"rendered":"https:\/\/www.unijoyswimwear.com\/?page_id=14313"},"modified":"2022-10-09T07:04:25","modified_gmt":"2022-10-09T07:04:25","slug":"how-to-work-with-us","status":"publish","type":"page","link":"https:\/\/www.unijoyswimwear.com\/de\/so-arbeiten-sie-mit-uns-zusammen_nc5","title":{"rendered":"So arbeiten Sie mit uns"},"content":{"rendered":"<p><img loading=\"lazy\" decoding=\"async\" class=\"alignnone size-full wp-image-15406\" src=\"https:\/\/www.unijoyswimwear.com\/wp-content\/uploads\/2022\/10\/how-to-work-with-us.jpg\" alt=\"So arbeiten Sie mit uns\" width=\"1000\" height=\"645\" srcset=\"https:\/\/www.unijoyswimwear.com\/wp-content\/uploads\/2022\/10\/how-to-work-with-us.jpg 1000w, https:\/\/www.unijoyswimwear.com\/wp-content\/uploads\/2022\/10\/how-to-work-with-us-768x495.jpg 768w\" sizes=\"auto, (max-width: 1000px) 100vw, 1000px\" \/><\/p>\n<h5>1)<strong>P<\/strong><strong>Reisangebot<\/strong><\/h5>\n<p>Bereiten Sie die Details Ihrer technischen Datei vor (Konstruktionszeichnung, Gr\u00f6\u00dfentabelle, Materialspezifikation, Verpackungsdetails). Wir senden Ihnen zur Pr\u00fcfung unseren besten Preis zu.<\/p>\n<h5>2)<strong>Herstellung von Gegenproben<\/strong><\/h5>\n<p>Um die Qualit\u00e4t unserer Produkte, Verarbeitung usw. zu best\u00e4tigen.<\/p>\n<h5>3)<strong>Auftragsbest\u00e4tigung<\/strong><\/h5>\n<p><b>\u00a0\u00a0 \u00a0\u00a0<\/b>Nachdem wir Ihre Bestellung erhalten haben, erstellen wir eine PI zu Ihrer Best\u00e4tigung.<\/p>\n<h5>4)\u00a0<strong>Best\u00e4tigung passender Muster<\/strong><\/h5>\n<p>Nach Erhalt der Anzahlung oder des Akkreditivs stellen wir Ihnen passende Muster, Laborproben, Druckmuster und entsprechendes Zubeh\u00f6r zur Best\u00e4tigung bereit.<\/p>\n<p>Wenn die passenden Muster\/Lab-Dip-\/Pint-Farbmuster \u00fcberarbeitet werden m\u00fcssen, erstellen wir zur doppelten Best\u00e4tigung ein \u00fcberarbeitetes Muster.<\/p>\n<p>30 Tage bis zur Fertigstellung der Massenstoffproduktion.<\/p>\n<h5>5)<strong>\u00a0PP-Probenbest\u00e4tigung<\/strong><\/h5>\n<p>7 Tage zum Fertigstellen der PP-Muster und 7 Tage f\u00fcr Ihren Kommentar zu den PP-Mustern.<\/p>\n<h5>6)\u00a0\u00a0<strong>Beginnen Sie mit der Massenproduktion<\/strong><\/h5>\n<p>Nach der Genehmigung der PP-Muster wird die Massenproduktion organisiert. Dies dauert 30 Tage.<\/p>\n<h5>7)<strong>Inline-Inspektion und Endkontrolle<\/strong><\/h5>\n<p>Wenn Sie ein Drittunternehmen oder eine Qualit\u00e4tskontrolle zur Inspektion beauftragen, kooperieren wir uneingeschr\u00e4nkt. Andernfalls beauftragen wir unsere eigene Qualit\u00e4tskontrolle mit der Inline- und Endkontrolle und senden Ihnen einen Bericht zu.<\/p>\n<h5>8)<strong>Versandbest\u00e4tigung f\u00fcr Muster<\/strong><\/h5>\n<p>Zur Best\u00e4tigung senden wir Ihnen die Versandmuster mit der korrigierten Verpackung zu.<\/p>\n<h5>9)<strong>Versand vereinbaren:<\/strong><\/h5>\n<p>Nachdem wir Ihre Spediteurinformationen erhalten haben, werden wir alles Weitere arrangieren.<br data-filtered=\"filtered\" \/>Gleichzeitig stellen wir Ihnen die entsprechenden Versanddokumente zur Verf\u00fcgung. Dazu geh\u00f6ren Rechnung, Packliste und Lieferschein. Falls Sie Lieferscheine oder Forma ben\u00f6tigen, k\u00f6nnen wir Ihnen diese ebenfalls anbieten.<\/p>\n<h5>10)<strong>\u00a0Zahlung<\/strong><\/h5>\n<p>Die Zahlung sollte nach Erhalt der Kopie des Frachtbriefs und anderer Versanddokumente erfolgen. Nach Zahlungseingang senden wir Ihnen die Versanddokumente rechtzeitig zu. Damit Sie die Ware rechtzeitig abholen k\u00f6nnen.<\/p>","protected":false},"excerpt":{"rendered":"<p>1\uff09Price Quotation Prepare your tech file details ( design drawing, size table, material specification, packing details), we will send you our best price for your checking 2\uff09Making Counter Samples To [&hellip;]<\/p>","protected":false},"author":1,"featured_media":0,"parent":0,"menu_order":0,"comment_status":"closed","ping_status":"closed","template":"","meta":{"_acf_changed":false,"site-sidebar-layout":"default","site-content-layout":"default","ast-site-content-layout":"default","site-content-style":"default","site-sidebar-style":"default","ast-global-header-display":"","ast-banner-title-visibility":"","ast-main-header-display":"","ast-hfb-above-header-display":"","ast-hfb-below-header-display":"","ast-hfb-mobile-header-display":"","site-post-title":"","ast-breadcrumbs-content":"","ast-featured-img":"","footer-sml-layout":"","ast-disable-related-posts":"","theme-transparent-header-meta":"default","adv-header-id-meta":"","stick-header-meta":"default","header-above-stick-meta":"","header-main-stick-meta":"","header-below-stick-meta":"","astra-migrate-meta-layouts":"default","ast-page-background-enabled":"default","ast-page-background-meta":{"desktop":{"background-color":"","background-image":"","background-repeat":"repeat","background-position":"center center","background-size":"auto","background-attachment":"scroll","background-type":"","background-media":"","overlay-type":"","overlay-color":"","overlay-opacity":"","overlay-gradient":""},"tablet":{"background-color":"","background-image":"","background-repeat":"repeat","background-position":"center center","background-size":"auto","background-attachment":"scroll","background-type":"","background-media":"","overlay-type":"","overlay-color":"","overlay-opacity":"","overlay-gradient":""},"mobile":{"background-color":"","background-image":"","background-repeat":"repeat","background-position":"center center","background-size":"auto","background-attachment":"scroll","background-type":"","background-media":"","overlay-type":"","overlay-color":"","overlay-opacity":"","overlay-gradient":""}},"ast-content-background-meta":{"desktop":{"background-color":"var(--ast-global-color-5)","background-image":"","background-repeat":"repeat","background-position":"center center","background-size":"auto","background-attachment":"scroll","background-type":"","background-media":"","overlay-type":"","overlay-color":"","overlay-opacity":"","overlay-gradient":""},"tablet":{"background-color":"var(--ast-global-color-5)","background-image":"","background-repeat":"repeat","background-position":"center center","background-size":"auto","background-attachment":"scroll","background-type":"","background-media":"","overlay-type":"","overlay-color":"","overlay-opacity":"","overlay-gradient":""},"mobile":{"background-color":"var(--ast-global-color-5)","background-image":"","background-repeat":"repeat","background-position":"center center","background-size":"auto","background-attachment":"scroll","background-type":"","background-media":"","overlay-type":"","overlay-color":"","overlay-opacity":"","overlay-gradient":""}},"footnotes":""},"class_list":["post-14313","page","type-page","status-publish","hentry"],"acf":[],"yoast_head":"<!-- This site is optimized with the Yoast SEO plugin v27.4 - https:\/\/yoast.com\/product\/yoast-seo-wordpress\/ -->\n<title>How To Work With Us - Unijoy Reliable Swimwear &amp; Activewear Manufacturer<\/title>\n<meta name=\"robots\" content=\"index, follow, max-snippet:-1, max-image-preview:large, max-video-preview:-1\" \/>\n<link rel=\"canonical\" href=\"https:\/\/www.unijoyswimwear.com\/de\/so-arbeiten-sie-mit-uns-zusammen_nc5\/\" \/>\n<meta property=\"og:locale\" content=\"de_DE\" \/>\n<meta property=\"og:type\" content=\"article\" \/>\n<meta property=\"og:title\" content=\"How To Work With Us - Unijoy Reliable Swimwear &amp; Activewear Manufacturer\" \/>\n<meta property=\"og:description\" content=\"1\uff09Price Quotation Prepare your tech file details ( design drawing, size table, material specification, packing details), we will send you our best price for your checking 2\uff09Making Counter Samples To [&hellip;]\" \/>\n<meta property=\"og:url\" content=\"https:\/\/www.unijoyswimwear.com\/de\/so-arbeiten-sie-mit-uns-zusammen_nc5\/\" \/>\n<meta property=\"og:site_name\" content=\"Unijoy Reliable Swimwear &amp; Activewear Manufacturer\" \/>\n<meta property=\"article:modified_time\" content=\"2022-10-09T07:04:25+00:00\" \/>\n<meta property=\"og:image\" content=\"https:\/\/www.unijoyswimwear.com\/wp-content\/uploads\/2022\/10\/how-to-work-with-us.jpg\" \/>\n<meta name=\"twitter:card\" content=\"summary_large_image\" \/>\n<meta name=\"twitter:label1\" content=\"Gesch\u00e4tzte Lesezeit\" \/>\n\t<meta name=\"twitter:data1\" content=\"2\u00a0Minuten\" \/>\n<script type=\"application\/ld+json\" class=\"yoast-schema-graph\">{\"@context\":\"https:\\\/\\\/schema.org\",\"@graph\":[{\"@type\":\"WebPage\",\"@id\":\"https:\\\/\\\/www.unijoyswimwear.com\\\/how-to-work-with-us_nc5\\\/\",\"url\":\"https:\\\/\\\/www.unijoyswimwear.com\\\/how-to-work-with-us_nc5\\\/\",\"name\":\"How To Work With Us - Unijoy Reliable Swimwear &amp; Activewear Manufacturer\",\"isPartOf\":{\"@id\":\"https:\\\/\\\/www.unijoyswimwear.com\\\/#website\"},\"primaryImageOfPage\":{\"@id\":\"https:\\\/\\\/www.unijoyswimwear.com\\\/how-to-work-with-us_nc5\\\/#primaryimage\"},\"image\":{\"@id\":\"https:\\\/\\\/www.unijoyswimwear.com\\\/how-to-work-with-us_nc5\\\/#primaryimage\"},\"thumbnailUrl\":\"https:\\\/\\\/www.unijoyswimwear.com\\\/wp-content\\\/uploads\\\/2022\\\/10\\\/how-to-work-with-us.jpg\",\"datePublished\":\"2022-08-26T01:40:07+00:00\",\"dateModified\":\"2022-10-09T07:04:25+00:00\",\"breadcrumb\":{\"@id\":\"https:\\\/\\\/www.unijoyswimwear.com\\\/how-to-work-with-us_nc5\\\/#breadcrumb\"},\"inLanguage\":\"de\",\"potentialAction\":[{\"@type\":\"ReadAction\",\"target\":[\"https:\\\/\\\/www.unijoyswimwear.com\\\/how-to-work-with-us_nc5\\\/\"]}]},{\"@type\":\"ImageObject\",\"inLanguage\":\"de\",\"@id\":\"https:\\\/\\\/www.unijoyswimwear.com\\\/how-to-work-with-us_nc5\\\/#primaryimage\",\"url\":\"https:\\\/\\\/www.unijoyswimwear.com\\\/wp-content\\\/uploads\\\/2022\\\/10\\\/how-to-work-with-us.jpg\",\"contentUrl\":\"https:\\\/\\\/www.unijoyswimwear.com\\\/wp-content\\\/uploads\\\/2022\\\/10\\\/how-to-work-with-us.jpg\"},{\"@type\":\"BreadcrumbList\",\"@id\":\"https:\\\/\\\/www.unijoyswimwear.com\\\/how-to-work-with-us_nc5\\\/#breadcrumb\",\"itemListElement\":[{\"@type\":\"ListItem\",\"position\":1,\"name\":\"Home\",\"item\":\"https:\\\/\\\/www.unijoyswimwear.com\\\/\"},{\"@type\":\"ListItem\",\"position\":2,\"name\":\"How To Work With Us\"}]},{\"@type\":\"WebSite\",\"@id\":\"https:\\\/\\\/www.unijoyswimwear.com\\\/#website\",\"url\":\"https:\\\/\\\/www.unijoyswimwear.com\\\/\",\"name\":\"Unijoy Reliable Swimwear &amp; Activewear Manufacturer\",\"description\":\"\",\"publisher\":{\"@id\":\"https:\\\/\\\/www.unijoyswimwear.com\\\/#organization\"},\"potentialAction\":[{\"@type\":\"SearchAction\",\"target\":{\"@type\":\"EntryPoint\",\"urlTemplate\":\"https:\\\/\\\/www.unijoyswimwear.com\\\/?s={search_term_string}\"},\"query-input\":{\"@type\":\"PropertyValueSpecification\",\"valueRequired\":true,\"valueName\":\"search_term_string\"}}],\"inLanguage\":\"de\"},{\"@type\":\"Organization\",\"@id\":\"https:\\\/\\\/www.unijoyswimwear.com\\\/#organization\",\"name\":\"Unijoy Swimwear\",\"url\":\"https:\\\/\\\/www.unijoyswimwear.com\\\/\",\"logo\":{\"@type\":\"ImageObject\",\"inLanguage\":\"de\",\"@id\":\"https:\\\/\\\/www.unijoyswimwear.com\\\/#\\\/schema\\\/logo\\\/image\\\/\",\"url\":\"https:\\\/\\\/www.unijoyswimwear.com\\\/wp-content\\\/uploads\\\/2022\\\/05\\\/unijoy-logo.png\",\"contentUrl\":\"https:\\\/\\\/www.unijoyswimwear.com\\\/wp-content\\\/uploads\\\/2022\\\/05\\\/unijoy-logo.png\",\"width\":268,\"height\":47,\"caption\":\"Unijoy Swimwear\"},\"image\":{\"@id\":\"https:\\\/\\\/www.unijoyswimwear.com\\\/#\\\/schema\\\/logo\\\/image\\\/\"}}]}<\/script>\n<!-- \/ Yoast SEO plugin. -->","yoast_head_json":{"title":"So arbeiten Sie mit uns - Unijoy Zuverl\u00e4ssiger Hersteller von Bademode und Activewear","robots":{"index":"index","follow":"follow","max-snippet":"max-snippet:-1","max-image-preview":"max-image-preview:large","max-video-preview":"max-video-preview:-1"},"canonical":"https:\/\/www.unijoyswimwear.com\/de\/so-arbeiten-sie-mit-uns-zusammen_nc5\/","og_locale":"de_DE","og_type":"article","og_title":"How To Work With Us - Unijoy Reliable Swimwear &amp; Activewear Manufacturer","og_description":"1\uff09Price Quotation Prepare your tech file details ( design drawing, size table, material specification, packing details), we will send you our best price for your checking 2\uff09Making Counter Samples To [&hellip;]","og_url":"https:\/\/www.unijoyswimwear.com\/de\/so-arbeiten-sie-mit-uns-zusammen_nc5\/","og_site_name":"Unijoy Reliable Swimwear &amp; Activewear Manufacturer","article_modified_time":"2022-10-09T07:04:25+00:00","og_image":[{"url":"https:\/\/www.unijoyswimwear.com\/wp-content\/uploads\/2022\/10\/how-to-work-with-us.jpg","type":"","width":"","height":""}],"twitter_card":"summary_large_image","twitter_misc":{"Gesch\u00e4tzte Lesezeit":"2\u00a0Minuten"},"schema":{"@context":"https:\/\/schema.org","@graph":[{"@type":"WebPage","@id":"https:\/\/www.unijoyswimwear.com\/how-to-work-with-us_nc5\/","url":"https:\/\/www.unijoyswimwear.com\/how-to-work-with-us_nc5\/","name":"So arbeiten Sie mit uns - Unijoy Zuverl\u00e4ssiger Hersteller von Bademode und Activewear","isPartOf":{"@id":"https:\/\/www.unijoyswimwear.com\/#website"},"primaryImageOfPage":{"@id":"https:\/\/www.unijoyswimwear.com\/how-to-work-with-us_nc5\/#primaryimage"},"image":{"@id":"https:\/\/www.unijoyswimwear.com\/how-to-work-with-us_nc5\/#primaryimage"},"thumbnailUrl":"https:\/\/www.unijoyswimwear.com\/wp-content\/uploads\/2022\/10\/how-to-work-with-us.jpg","datePublished":"2022-08-26T01:40:07+00:00","dateModified":"2022-10-09T07:04:25+00:00","breadcrumb":{"@id":"https:\/\/www.unijoyswimwear.com\/how-to-work-with-us_nc5\/#breadcrumb"},"inLanguage":"de","potentialAction":[{"@type":"ReadAction","target":["https:\/\/www.unijoyswimwear.com\/how-to-work-with-us_nc5\/"]}]},{"@type":"ImageObject","inLanguage":"de","@id":"https:\/\/www.unijoyswimwear.com\/how-to-work-with-us_nc5\/#primaryimage","url":"https:\/\/www.unijoyswimwear.com\/wp-content\/uploads\/2022\/10\/how-to-work-with-us.jpg","contentUrl":"https:\/\/www.unijoyswimwear.com\/wp-content\/uploads\/2022\/10\/how-to-work-with-us.jpg"},{"@type":"BreadcrumbList","@id":"https:\/\/www.unijoyswimwear.com\/how-to-work-with-us_nc5\/#breadcrumb","itemListElement":[{"@type":"ListItem","position":1,"name":"Home","item":"https:\/\/www.unijoyswimwear.com\/"},{"@type":"ListItem","position":2,"name":"How To Work With Us"}]},{"@type":"WebSite","@id":"https:\/\/www.unijoyswimwear.com\/#website","url":"https:\/\/www.unijoyswimwear.com\/","name":"Unijoy Zuverl\u00e4ssiger Hersteller von Bademode und Activewear","description":"","publisher":{"@id":"https:\/\/www.unijoyswimwear.com\/#organization"},"potentialAction":[{"@type":"SearchAction","target":{"@type":"EntryPoint","urlTemplate":"https:\/\/www.unijoyswimwear.com\/?s={search_term_string}"},"query-input":{"@type":"PropertyValueSpecification","valueRequired":true,"valueName":"search_term_string"}}],"inLanguage":"de"},{"@type":"Organization","@id":"https:\/\/www.unijoyswimwear.com\/#organization","name":"Unijoy Swimwear","url":"https:\/\/www.unijoyswimwear.com\/","logo":{"@type":"ImageObject","inLanguage":"de","@id":"https:\/\/www.unijoyswimwear.com\/#\/schema\/logo\/image\/","url":"https:\/\/www.unijoyswimwear.com\/wp-content\/uploads\/2022\/05\/unijoy-logo.png","contentUrl":"https:\/\/www.unijoyswimwear.com\/wp-content\/uploads\/2022\/05\/unijoy-logo.png","width":268,"height":47,"caption":"Unijoy Swimwear"},"image":{"@id":"https:\/\/www.unijoyswimwear.com\/#\/schema\/logo\/image\/"}}]}},"_links":{"self":[{"href":"https:\/\/www.unijoyswimwear.com\/de\/wp-json\/wp\/v2\/pages\/14313","targetHints":{"allow":["GET"]}}],"collection":[{"href":"https:\/\/www.unijoyswimwear.com\/de\/wp-json\/wp\/v2\/pages"}],"about":[{"href":"https:\/\/www.unijoyswimwear.com\/de\/wp-json\/wp\/v2\/types\/page"}],"author":[{"embeddable":true,"href":"https:\/\/www.unijoyswimwear.com\/de\/wp-json\/wp\/v2\/users\/1"}],"replies":[{"embeddable":true,"href":"https:\/\/www.unijoyswimwear.com\/de\/wp-json\/wp\/v2\/comments?post=14313"}],"version-history":[{"count":1,"href":"https:\/\/www.unijoyswimwear.com\/de\/wp-json\/wp\/v2\/pages\/14313\/revisions"}],"predecessor-version":[{"id":15407,"href":"https:\/\/www.unijoyswimwear.com\/de\/wp-json\/wp\/v2\/pages\/14313\/revisions\/15407"}],"wp:attachment":[{"href":"https:\/\/www.unijoyswimwear.com\/de\/wp-json\/wp\/v2\/media?parent=14313"}],"curies":[{"name":"wp","href":"https:\/\/api.w.org\/{rel}","templated":true}]}}