{"id":13619,"date":"2022-08-16T08:12:48","date_gmt":"2022-08-16T08:12:48","guid":{"rendered":"https:\/\/www.unijoyswimwear.com\/?page_id=13619"},"modified":"2022-09-02T07:26:33","modified_gmt":"2022-09-02T07:26:33","slug":"new-european-and-american-bikini-amazon-swimsuit-women-feel-swimsuit-halter-print-split-high-waist-bikini","status":"publish","type":"page","link":"https:\/\/www.unijoyswimwear.com\/de\/neuer-europaischer-und-amerikanischer-bikini-badeanzug-von-amazon-fur-damen-badeanzug-mit-neckholder-print-geteilter-bikini-mit-hoher-taille_p443-html","title":{"rendered":"Neu Europ\u00e4ischen Und Amerikanischen Bikini Amazon Badeanzug Frauen F\u00fchlen Badeanzug Halter Print Split Hohe"},"content":{"rendered":"","protected":false},"excerpt":{"rendered":"","protected":false},"author":1,"featured_media":0,"parent":6060,"menu_order":0,"comment_status":"closed","ping_status":"closed","template":"product-details7.php","meta":{"_acf_changed":false,"site-sidebar-layout":"no-sidebar","site-content-layout":"page-builder","ast-site-content-layout":"default","site-content-style":"default","site-sidebar-style":"default","ast-global-header-display":"","ast-banner-title-visibility":"","ast-main-header-display":"","ast-hfb-above-header-display":"","ast-hfb-below-header-display":"","ast-hfb-mobile-header-display":"","site-post-title":"disabled","ast-breadcrumbs-content":"disabled","ast-featured-img":"disabled","footer-sml-layout":"","ast-disable-related-posts":"","theme-transparent-header-meta":"default","adv-header-id-meta":"","stick-header-meta":"default","header-above-stick-meta":"","header-main-stick-meta":"","header-below-stick-meta":"","astra-migrate-meta-layouts":"default","ast-page-background-enabled":"default","ast-page-background-meta":{"desktop":{"background-color":"","background-image":"","background-repeat":"repeat","background-position":"center center","background-size":"auto","background-attachment":"scroll","background-type":"","background-media":"","overlay-type":"","overlay-color":"","overlay-opacity":"","overlay-gradient":""},"tablet":{"background-color":"","background-image":"","background-repeat":"repeat","background-position":"center center","background-size":"auto","background-attachment":"scroll","background-type":"","background-media":"","overlay-type":"","overlay-color":"","overlay-opacity":"","overlay-gradient":""},"mobile":{"background-color":"","background-image":"","background-repeat":"repeat","background-position":"center center","background-size":"auto","background-attachment":"scroll","background-type":"","background-media":"","overlay-type":"","overlay-color":"","overlay-opacity":"","overlay-gradient":""}},"ast-content-background-meta":{"desktop":{"background-color":"var(--ast-global-color-5)","background-image":"","background-repeat":"repeat","background-position":"center center","background-size":"auto","background-attachment":"scroll","background-type":"","background-media":"","overlay-type":"","overlay-color":"","overlay-opacity":"","overlay-gradient":""},"tablet":{"background-color":"var(--ast-global-color-5)","background-image":"","background-repeat":"repeat","background-position":"center center","background-size":"auto","background-attachment":"scroll","background-type":"","background-media":"","overlay-type":"","overlay-color":"","overlay-opacity":"","overlay-gradient":""},"mobile":{"background-color":"var(--ast-global-color-5)","background-image":"","background-repeat":"repeat","background-position":"center center","background-size":"auto","background-attachment":"scroll","background-type":"","background-media":"","overlay-type":"","overlay-color":"","overlay-opacity":"","overlay-gradient":""}},"footnotes":""},"class_list":["post-13619","page","type-page","status-publish","hentry"],"acf":[],"yoast_head":"<!-- This site is optimized with the Yoast SEO plugin v27.4 - https:\/\/yoast.com\/product\/yoast-seo-wordpress\/ -->\n<title>New European And American Bikini Amazon Swimsuit Women Feel Swimsuit Halter Print Split High Waist Bikini Manufacturer Wholesale Swimwear- Your Reliable Swimsuit Supplier<\/title>\n<meta name=\"description\" content=\"UNIJOY SWIMWEAR Co.,Ltd is a manufacturer of New European And American Bikini Amazon Swimsuit Women Feel Swimsuit Halter Print Split High Waist Bikini in China,We are committed to providing high quality Manufacturer Wholesale Swimwear. We sincerely welcome your inquiries!\" \/>\n<meta name=\"robots\" content=\"index, follow, max-snippet:-1, max-image-preview:large, max-video-preview:-1\" \/>\n<link rel=\"canonical\" href=\"https:\/\/www.unijoyswimwear.com\/de\/neuer-europaischer-und-amerikanischer-bikini-badeanzug-von-amazon-fur-damen-badeanzug-mit-neckholder-print-geteilter-bikini-mit-hoher-taille_p443-html\" \/>\n<meta property=\"og:locale\" content=\"de_DE\" \/>\n<meta property=\"og:type\" content=\"article\" \/>\n<meta property=\"og:title\" content=\"New European And American Bikini Amazon Swimsuit Women Feel Swimsuit Halter Print Split High Waist Bikini Manufacturer Wholesale Swimwear- Your Reliable Swimsuit Supplier\" \/>\n<meta property=\"og:description\" content=\"UNIJOY SWIMWEAR Co.,Ltd is a manufacturer of New European And American Bikini Amazon Swimsuit Women Feel Swimsuit Halter Print Split High Waist Bikini in China,We are committed to providing high quality Manufacturer Wholesale Swimwear. We sincerely welcome your inquiries!\" \/>\n<meta property=\"og:url\" content=\"https:\/\/www.unijoyswimwear.com\/de\/neuer-europaischer-und-amerikanischer-bikini-badeanzug-von-amazon-fur-damen-badeanzug-mit-neckholder-print-geteilter-bikini-mit-hoher-taille_p443-html\" \/>\n<meta property=\"og:site_name\" content=\"Unijoy Reliable Swimwear &amp; Activewear Manufacturer\" \/>\n<meta property=\"article:modified_time\" content=\"2022-09-02T07:26:33+00:00\" \/>\n<meta name=\"twitter:card\" content=\"summary_large_image\" \/>\n<script type=\"application\/ld+json\" class=\"yoast-schema-graph\">{\"@context\":\"https:\\\/\\\/schema.org\",\"@graph\":[{\"@type\":\"WebPage\",\"@id\":\"https:\\\/\\\/www.unijoyswimwear.com\\\/new-european-and-american-bikini-amazon-swimsuit-women-feel-swimsuit-halter-print-split-high-waist-bikini_p443.html\",\"url\":\"https:\\\/\\\/www.unijoyswimwear.com\\\/new-european-and-american-bikini-amazon-swimsuit-women-feel-swimsuit-halter-print-split-high-waist-bikini_p443.html\",\"name\":\"New European And American Bikini Amazon Swimsuit Women Feel Swimsuit Halter Print Split High Waist Bikini Manufacturer Wholesale Swimwear- Your Reliable Swimsuit Supplier\",\"isPartOf\":{\"@id\":\"https:\\\/\\\/www.unijoyswimwear.com\\\/#website\"},\"datePublished\":\"2022-08-16T08:12:48+00:00\",\"dateModified\":\"2022-09-02T07:26:33+00:00\",\"description\":\"UNIJOY SWIMWEAR Co.,Ltd is a manufacturer of New European And American Bikini Amazon Swimsuit Women Feel Swimsuit Halter Print Split High Waist Bikini in China,We are committed to providing high quality Manufacturer Wholesale Swimwear. We sincerely welcome your inquiries!\",\"breadcrumb\":{\"@id\":\"https:\\\/\\\/www.unijoyswimwear.com\\\/new-european-and-american-bikini-amazon-swimsuit-women-feel-swimsuit-halter-print-split-high-waist-bikini_p443.html#breadcrumb\"},\"inLanguage\":\"de\",\"potentialAction\":[{\"@type\":\"ReadAction\",\"target\":[\"https:\\\/\\\/www.unijoyswimwear.com\\\/new-european-and-american-bikini-amazon-swimsuit-women-feel-swimsuit-halter-print-split-high-waist-bikini_p443.html\"]}]},{\"@type\":\"BreadcrumbList\",\"@id\":\"https:\\\/\\\/www.unijoyswimwear.com\\\/new-european-and-american-bikini-amazon-swimsuit-women-feel-swimsuit-halter-print-split-high-waist-bikini_p443.html#breadcrumb\",\"itemListElement\":[{\"@type\":\"ListItem\",\"position\":1,\"name\":\"Home\",\"item\":\"https:\\\/\\\/www.unijoyswimwear.com\\\/\"},{\"@type\":\"ListItem\",\"position\":2,\"name\":\"Women&#8217;s Swimsuits\",\"item\":\"https:\\\/\\\/www.unijoyswimwear.com\\\/women-s-swimsuits_c2\\\/\"},{\"@type\":\"ListItem\",\"position\":3,\"name\":\"Wholesale Women&#8217;s Clothing\",\"item\":\"https:\\\/\\\/www.unijoyswimwear.com\\\/wholesale-women-s-clothing_c39\\\/\"},{\"@type\":\"ListItem\",\"position\":4,\"name\":\"Wholesale Swimwear\",\"item\":\"https:\\\/\\\/www.unijoyswimwear.com\\\/wholesale-swimwear_c55\\\/\"},{\"@type\":\"ListItem\",\"position\":5,\"name\":\"New European And American Bikini Amazon Swimsuit Women Feel Swimsuit Halter Print Split High Waist Bikini\"}]},{\"@type\":\"WebSite\",\"@id\":\"https:\\\/\\\/www.unijoyswimwear.com\\\/#website\",\"url\":\"https:\\\/\\\/www.unijoyswimwear.com\\\/\",\"name\":\"Unijoy Reliable Swimwear &amp; Activewear Manufacturer\",\"description\":\"\",\"publisher\":{\"@id\":\"https:\\\/\\\/www.unijoyswimwear.com\\\/#organization\"},\"potentialAction\":[{\"@type\":\"SearchAction\",\"target\":{\"@type\":\"EntryPoint\",\"urlTemplate\":\"https:\\\/\\\/www.unijoyswimwear.com\\\/?s={search_term_string}\"},\"query-input\":{\"@type\":\"PropertyValueSpecification\",\"valueRequired\":true,\"valueName\":\"search_term_string\"}}],\"inLanguage\":\"de\"},{\"@type\":\"Organization\",\"@id\":\"https:\\\/\\\/www.unijoyswimwear.com\\\/#organization\",\"name\":\"Unijoy Swimwear\",\"url\":\"https:\\\/\\\/www.unijoyswimwear.com\\\/\",\"logo\":{\"@type\":\"ImageObject\",\"inLanguage\":\"de\",\"@id\":\"https:\\\/\\\/www.unijoyswimwear.com\\\/#\\\/schema\\\/logo\\\/image\\\/\",\"url\":\"https:\\\/\\\/www.unijoyswimwear.com\\\/wp-content\\\/uploads\\\/2022\\\/05\\\/unijoy-logo.png\",\"contentUrl\":\"https:\\\/\\\/www.unijoyswimwear.com\\\/wp-content\\\/uploads\\\/2022\\\/05\\\/unijoy-logo.png\",\"width\":268,\"height\":47,\"caption\":\"Unijoy Swimwear\"},\"image\":{\"@id\":\"https:\\\/\\\/www.unijoyswimwear.com\\\/#\\\/schema\\\/logo\\\/image\\\/\"}}]}<\/script>\n<!-- \/ Yoast SEO plugin. -->","yoast_head_json":{"title":"Neuer europ\u00e4ischer und amerikanischer Bikini Amazon Badeanzug Damen Feel Badeanzug Neckholder Print Split High Waist Bikini Hersteller Gro\u00dfhandel Bademode - Ihr zuverl\u00e4ssiger Badeanzug-Lieferant","description":"UNIJOY SWIMWEAR Co., Ltd. ist ein Hersteller von neuen europ\u00e4ischen und amerikanischen Bikinis. Amazon-Badeanz\u00fcge f\u00fcr Damen mit Neckholder-Print, geteiltem High-Waist-Bikini in China. Wir sind bestrebt, hochwertige Bademode f\u00fcr den Gro\u00dfhandel anzubieten. Wir freuen uns auf Ihre Anfragen!","robots":{"index":"index","follow":"follow","max-snippet":"max-snippet:-1","max-image-preview":"max-image-preview:large","max-video-preview":"max-video-preview:-1"},"canonical":"https:\/\/www.unijoyswimwear.com\/de\/neuer-europaischer-und-amerikanischer-bikini-badeanzug-von-amazon-fur-damen-badeanzug-mit-neckholder-print-geteilter-bikini-mit-hoher-taille_p443-html","og_locale":"de_DE","og_type":"article","og_title":"New European And American Bikini Amazon Swimsuit Women Feel Swimsuit Halter Print Split High Waist Bikini Manufacturer Wholesale Swimwear- Your Reliable Swimsuit Supplier","og_description":"UNIJOY SWIMWEAR Co.,Ltd is a manufacturer of New European And American Bikini Amazon Swimsuit Women Feel Swimsuit Halter Print Split High Waist Bikini in China,We are committed to providing high quality Manufacturer Wholesale Swimwear. We sincerely welcome your inquiries!","og_url":"https:\/\/www.unijoyswimwear.com\/de\/neuer-europaischer-und-amerikanischer-bikini-badeanzug-von-amazon-fur-damen-badeanzug-mit-neckholder-print-geteilter-bikini-mit-hoher-taille_p443-html","og_site_name":"Unijoy Reliable Swimwear &amp; Activewear Manufacturer","article_modified_time":"2022-09-02T07:26:33+00:00","twitter_card":"summary_large_image","schema":{"@context":"https:\/\/schema.org","@graph":[{"@type":"WebPage","@id":"https:\/\/www.unijoyswimwear.com\/new-european-and-american-bikini-amazon-swimsuit-women-feel-swimsuit-halter-print-split-high-waist-bikini_p443.html","url":"https:\/\/www.unijoyswimwear.com\/new-european-and-american-bikini-amazon-swimsuit-women-feel-swimsuit-halter-print-split-high-waist-bikini_p443.html","name":"Neuer europ\u00e4ischer und amerikanischer Bikini Amazon Badeanzug Damen Feel Badeanzug Neckholder Print Split High Waist Bikini Hersteller Gro\u00dfhandel Bademode - Ihr zuverl\u00e4ssiger Badeanzug-Lieferant","isPartOf":{"@id":"https:\/\/www.unijoyswimwear.com\/#website"},"datePublished":"2022-08-16T08:12:48+00:00","dateModified":"2022-09-02T07:26:33+00:00","description":"UNIJOY SWIMWEAR Co., Ltd. ist ein Hersteller von neuen europ\u00e4ischen und amerikanischen Bikinis. Amazon-Badeanz\u00fcge f\u00fcr Damen mit Neckholder-Print, geteiltem High-Waist-Bikini in China. Wir sind bestrebt, hochwertige Bademode f\u00fcr den Gro\u00dfhandel anzubieten. Wir freuen uns auf Ihre Anfragen!","breadcrumb":{"@id":"https:\/\/www.unijoyswimwear.com\/new-european-and-american-bikini-amazon-swimsuit-women-feel-swimsuit-halter-print-split-high-waist-bikini_p443.html#breadcrumb"},"inLanguage":"de","potentialAction":[{"@type":"ReadAction","target":["https:\/\/www.unijoyswimwear.com\/new-european-and-american-bikini-amazon-swimsuit-women-feel-swimsuit-halter-print-split-high-waist-bikini_p443.html"]}]},{"@type":"BreadcrumbList","@id":"https:\/\/www.unijoyswimwear.com\/new-european-and-american-bikini-amazon-swimsuit-women-feel-swimsuit-halter-print-split-high-waist-bikini_p443.html#breadcrumb","itemListElement":[{"@type":"ListItem","position":1,"name":"Home","item":"https:\/\/www.unijoyswimwear.com\/"},{"@type":"ListItem","position":2,"name":"Women&#8217;s Swimsuits","item":"https:\/\/www.unijoyswimwear.com\/women-s-swimsuits_c2\/"},{"@type":"ListItem","position":3,"name":"Wholesale Women&#8217;s Clothing","item":"https:\/\/www.unijoyswimwear.com\/wholesale-women-s-clothing_c39\/"},{"@type":"ListItem","position":4,"name":"Wholesale Swimwear","item":"https:\/\/www.unijoyswimwear.com\/wholesale-swimwear_c55\/"},{"@type":"ListItem","position":5,"name":"New European And American Bikini Amazon Swimsuit Women Feel Swimsuit Halter Print Split High Waist Bikini"}]},{"@type":"WebSite","@id":"https:\/\/www.unijoyswimwear.com\/#website","url":"https:\/\/www.unijoyswimwear.com\/","name":"Unijoy Zuverl\u00e4ssiger Hersteller von Bademode und Activewear","description":"","publisher":{"@id":"https:\/\/www.unijoyswimwear.com\/#organization"},"potentialAction":[{"@type":"SearchAction","target":{"@type":"EntryPoint","urlTemplate":"https:\/\/www.unijoyswimwear.com\/?s={search_term_string}"},"query-input":{"@type":"PropertyValueSpecification","valueRequired":true,"valueName":"search_term_string"}}],"inLanguage":"de"},{"@type":"Organization","@id":"https:\/\/www.unijoyswimwear.com\/#organization","name":"Unijoy Swimwear","url":"https:\/\/www.unijoyswimwear.com\/","logo":{"@type":"ImageObject","inLanguage":"de","@id":"https:\/\/www.unijoyswimwear.com\/#\/schema\/logo\/image\/","url":"https:\/\/www.unijoyswimwear.com\/wp-content\/uploads\/2022\/05\/unijoy-logo.png","contentUrl":"https:\/\/www.unijoyswimwear.com\/wp-content\/uploads\/2022\/05\/unijoy-logo.png","width":268,"height":47,"caption":"Unijoy Swimwear"},"image":{"@id":"https:\/\/www.unijoyswimwear.com\/#\/schema\/logo\/image\/"}}]}},"_links":{"self":[{"href":"https:\/\/www.unijoyswimwear.com\/de\/wp-json\/wp\/v2\/pages\/13619","targetHints":{"allow":["GET"]}}],"collection":[{"href":"https:\/\/www.unijoyswimwear.com\/de\/wp-json\/wp\/v2\/pages"}],"about":[{"href":"https:\/\/www.unijoyswimwear.com\/de\/wp-json\/wp\/v2\/types\/page"}],"author":[{"embeddable":true,"href":"https:\/\/www.unijoyswimwear.com\/de\/wp-json\/wp\/v2\/users\/1"}],"replies":[{"embeddable":true,"href":"https:\/\/www.unijoyswimwear.com\/de\/wp-json\/wp\/v2\/comments?post=13619"}],"version-history":[{"count":0,"href":"https:\/\/www.unijoyswimwear.com\/de\/wp-json\/wp\/v2\/pages\/13619\/revisions"}],"up":[{"embeddable":true,"href":"https:\/\/www.unijoyswimwear.com\/de\/wp-json\/wp\/v2\/pages\/6060"}],"wp:attachment":[{"href":"https:\/\/www.unijoyswimwear.com\/de\/wp-json\/wp\/v2\/media?parent=13619"}],"curies":[{"name":"wp","href":"https:\/\/api.w.org\/{rel}","templated":true}]}}