{"id":12633,"date":"2022-08-12T03:20:06","date_gmt":"2022-08-12T03:20:06","guid":{"rendered":"https:\/\/www.unijoyswimwear.com\/?page_id=12633"},"modified":"2022-09-07T02:00:53","modified_gmt":"2022-09-07T02:00:53","slug":"running-fitness-yoga-sports-bra-cheap-active-wear-breathable-beauty-back-wholesale-yoga-clothes-for-women","status":"publish","type":"page","link":"https:\/\/www.unijoyswimwear.com\/de\/laufen-fitness-yoga-sport-bh-billig-active-wear-atmungsaktiv-schonheit-zuruck-groshandel-yoga-kleidung-fur-frauen_p883-html","title":{"rendered":"Laufen Fitness Yoga Sport-BH G\u00fcnstige Active Wear Atmungsaktiv Beauty Zur\u00fcck Gro\u00dfhandel Yoga-Kleidung f\u00fcr Frauen"},"content":{"rendered":"","protected":false},"excerpt":{"rendered":"","protected":false},"author":1,"featured_media":0,"parent":6064,"menu_order":0,"comment_status":"closed","ping_status":"closed","template":"product-details7.php","meta":{"_acf_changed":false,"site-sidebar-layout":"no-sidebar","site-content-layout":"page-builder","ast-site-content-layout":"default","site-content-style":"default","site-sidebar-style":"default","ast-global-header-display":"","ast-banner-title-visibility":"","ast-main-header-display":"","ast-hfb-above-header-display":"","ast-hfb-below-header-display":"","ast-hfb-mobile-header-display":"","site-post-title":"disabled","ast-breadcrumbs-content":"disabled","ast-featured-img":"disabled","footer-sml-layout":"","ast-disable-related-posts":"","theme-transparent-header-meta":"default","adv-header-id-meta":"","stick-header-meta":"default","header-above-stick-meta":"","header-main-stick-meta":"","header-below-stick-meta":"","astra-migrate-meta-layouts":"default","ast-page-background-enabled":"default","ast-page-background-meta":{"desktop":{"background-color":"","background-image":"","background-repeat":"repeat","background-position":"center center","background-size":"auto","background-attachment":"scroll","background-type":"","background-media":"","overlay-type":"","overlay-color":"","overlay-opacity":"","overlay-gradient":""},"tablet":{"background-color":"","background-image":"","background-repeat":"repeat","background-position":"center center","background-size":"auto","background-attachment":"scroll","background-type":"","background-media":"","overlay-type":"","overlay-color":"","overlay-opacity":"","overlay-gradient":""},"mobile":{"background-color":"","background-image":"","background-repeat":"repeat","background-position":"center center","background-size":"auto","background-attachment":"scroll","background-type":"","background-media":"","overlay-type":"","overlay-color":"","overlay-opacity":"","overlay-gradient":""}},"ast-content-background-meta":{"desktop":{"background-color":"var(--ast-global-color-5)","background-image":"","background-repeat":"repeat","background-position":"center center","background-size":"auto","background-attachment":"scroll","background-type":"","background-media":"","overlay-type":"","overlay-color":"","overlay-opacity":"","overlay-gradient":""},"tablet":{"background-color":"var(--ast-global-color-5)","background-image":"","background-repeat":"repeat","background-position":"center center","background-size":"auto","background-attachment":"scroll","background-type":"","background-media":"","overlay-type":"","overlay-color":"","overlay-opacity":"","overlay-gradient":""},"mobile":{"background-color":"var(--ast-global-color-5)","background-image":"","background-repeat":"repeat","background-position":"center center","background-size":"auto","background-attachment":"scroll","background-type":"","background-media":"","overlay-type":"","overlay-color":"","overlay-opacity":"","overlay-gradient":""}},"footnotes":""},"class_list":["post-12633","page","type-page","status-publish","hentry"],"acf":[],"yoast_head":"<!-- This site is optimized with the Yoast SEO plugin v27.4 - https:\/\/yoast.com\/product\/yoast-seo-wordpress\/ -->\n<title>Running Fitness Yoga Sports Bra Cheap \u200bActive Wear Breathable \u200bBeauty Back Wholesale Yoga Clothes For Women Yoga Wear For Women Manufacturers - Your Reliable Swimsuit Supplier<\/title>\n<meta name=\"description\" content=\"UNIJOY SWIMWEAR Co.,Ltd is a manufacturer of Running Fitness Yoga Sports Bra Cheap \u200bActive Wear Breathable \u200bBeauty Back Wholesale Yoga Clothes For Women in China,We are committed to providing high quality yoga wear for women. We sincerely welcome your inquiries!\" \/>\n<meta name=\"robots\" content=\"index, follow, max-snippet:-1, max-image-preview:large, max-video-preview:-1\" \/>\n<link rel=\"canonical\" href=\"https:\/\/www.unijoyswimwear.com\/de\/laufen-fitness-yoga-sport-bh-billig-active-wear-atmungsaktiv-schonheit-zuruck-groshandel-yoga-kleidung-fur-frauen_p883-html\" \/>\n<meta property=\"og:locale\" content=\"de_DE\" \/>\n<meta property=\"og:type\" content=\"article\" \/>\n<meta property=\"og:title\" content=\"Running Fitness Yoga Sports Bra Cheap \u200bActive Wear Breathable \u200bBeauty Back Wholesale Yoga Clothes For Women Yoga Wear For Women Manufacturers - Your Reliable Swimsuit Supplier\" \/>\n<meta property=\"og:description\" content=\"UNIJOY SWIMWEAR Co.,Ltd is a manufacturer of Running Fitness Yoga Sports Bra Cheap \u200bActive Wear Breathable \u200bBeauty Back Wholesale Yoga Clothes For Women in China,We are committed to providing high quality yoga wear for women. We sincerely welcome your inquiries!\" \/>\n<meta property=\"og:url\" content=\"https:\/\/www.unijoyswimwear.com\/de\/laufen-fitness-yoga-sport-bh-billig-active-wear-atmungsaktiv-schonheit-zuruck-groshandel-yoga-kleidung-fur-frauen_p883-html\" \/>\n<meta property=\"og:site_name\" content=\"Unijoy Reliable Swimwear &amp; Activewear Manufacturer\" \/>\n<meta property=\"article:modified_time\" content=\"2022-09-07T02:00:53+00:00\" \/>\n<meta name=\"twitter:card\" content=\"summary_large_image\" \/>\n<script type=\"application\/ld+json\" class=\"yoast-schema-graph\">{\"@context\":\"https:\\\/\\\/schema.org\",\"@graph\":[{\"@type\":\"WebPage\",\"@id\":\"https:\\\/\\\/www.unijoyswimwear.com\\\/running-fitness-yoga-sports-bra-cheap-active-wear-breathable-beauty-back-wholesale-yoga-clothes-for-women_p883.html\",\"url\":\"https:\\\/\\\/www.unijoyswimwear.com\\\/running-fitness-yoga-sports-bra-cheap-active-wear-breathable-beauty-back-wholesale-yoga-clothes-for-women_p883.html\",\"name\":\"Running Fitness Yoga Sports Bra Cheap \u200bActive Wear Breathable \u200bBeauty Back Wholesale Yoga Clothes For Women Yoga Wear For Women Manufacturers - Your Reliable Swimsuit Supplier\",\"isPartOf\":{\"@id\":\"https:\\\/\\\/www.unijoyswimwear.com\\\/#website\"},\"datePublished\":\"2022-08-12T03:20:06+00:00\",\"dateModified\":\"2022-09-07T02:00:53+00:00\",\"description\":\"UNIJOY SWIMWEAR Co.,Ltd is a manufacturer of Running Fitness Yoga Sports Bra Cheap \u200bActive Wear Breathable \u200bBeauty Back Wholesale Yoga Clothes For Women in China,We are committed to providing high quality yoga wear for women. We sincerely welcome your inquiries!\",\"breadcrumb\":{\"@id\":\"https:\\\/\\\/www.unijoyswimwear.com\\\/running-fitness-yoga-sports-bra-cheap-active-wear-breathable-beauty-back-wholesale-yoga-clothes-for-women_p883.html#breadcrumb\"},\"inLanguage\":\"de\",\"potentialAction\":[{\"@type\":\"ReadAction\",\"target\":[\"https:\\\/\\\/www.unijoyswimwear.com\\\/running-fitness-yoga-sports-bra-cheap-active-wear-breathable-beauty-back-wholesale-yoga-clothes-for-women_p883.html\"]}]},{\"@type\":\"BreadcrumbList\",\"@id\":\"https:\\\/\\\/www.unijoyswimwear.com\\\/running-fitness-yoga-sports-bra-cheap-active-wear-breathable-beauty-back-wholesale-yoga-clothes-for-women_p883.html#breadcrumb\",\"itemListElement\":[{\"@type\":\"ListItem\",\"position\":1,\"name\":\"Home\",\"item\":\"https:\\\/\\\/www.unijoyswimwear.com\\\/\"},{\"@type\":\"ListItem\",\"position\":2,\"name\":\"Active Wear Manufacturer\",\"item\":\"https:\\\/\\\/www.unijoyswimwear.com\\\/active-wear-manufacturer\\\/\"},{\"@type\":\"ListItem\",\"position\":3,\"name\":\"Whole Sale Yoga Wear\",\"item\":\"https:\\\/\\\/www.unijoyswimwear.com\\\/whole-sale-yoga-wear_c47\\\/\"},{\"@type\":\"ListItem\",\"position\":4,\"name\":\"Running Fitness Yoga Sports Bra Cheap \u200bActive Wear Breathable \u200bBeauty Back Wholesale Yoga Clothes For Women\"}]},{\"@type\":\"WebSite\",\"@id\":\"https:\\\/\\\/www.unijoyswimwear.com\\\/#website\",\"url\":\"https:\\\/\\\/www.unijoyswimwear.com\\\/\",\"name\":\"Unijoy Reliable Swimwear &amp; Activewear Manufacturer\",\"description\":\"\",\"publisher\":{\"@id\":\"https:\\\/\\\/www.unijoyswimwear.com\\\/#organization\"},\"potentialAction\":[{\"@type\":\"SearchAction\",\"target\":{\"@type\":\"EntryPoint\",\"urlTemplate\":\"https:\\\/\\\/www.unijoyswimwear.com\\\/?s={search_term_string}\"},\"query-input\":{\"@type\":\"PropertyValueSpecification\",\"valueRequired\":true,\"valueName\":\"search_term_string\"}}],\"inLanguage\":\"de\"},{\"@type\":\"Organization\",\"@id\":\"https:\\\/\\\/www.unijoyswimwear.com\\\/#organization\",\"name\":\"Unijoy Swimwear\",\"url\":\"https:\\\/\\\/www.unijoyswimwear.com\\\/\",\"logo\":{\"@type\":\"ImageObject\",\"inLanguage\":\"de\",\"@id\":\"https:\\\/\\\/www.unijoyswimwear.com\\\/#\\\/schema\\\/logo\\\/image\\\/\",\"url\":\"https:\\\/\\\/www.unijoyswimwear.com\\\/wp-content\\\/uploads\\\/2022\\\/05\\\/unijoy-logo.png\",\"contentUrl\":\"https:\\\/\\\/www.unijoyswimwear.com\\\/wp-content\\\/uploads\\\/2022\\\/05\\\/unijoy-logo.png\",\"width\":268,\"height\":47,\"caption\":\"Unijoy Swimwear\"},\"image\":{\"@id\":\"https:\\\/\\\/www.unijoyswimwear.com\\\/#\\\/schema\\\/logo\\\/image\\\/\"}}]}<\/script>\n<!-- \/ Yoast SEO plugin. -->","yoast_head_json":{"title":"Laufen Fitness Yoga Sport-BH G\u00fcnstige Active Wear Atmungsaktive Sch\u00f6nheit Zur\u00fcck Gro\u00dfhandel Yoga-Kleidung f\u00fcr Frauen Yoga-Kleidung f\u00fcr Frauen Hersteller - Ihr zuverl\u00e4ssiger Badeanzug-Lieferant","description":"UNIJOY SWIMWEAR Co., Ltd. ist ein Hersteller von Lauf-Fitness-Yoga-Sport-BHs, g\u00fcnstiger Activewear, atmungsaktiver Beauty-Kleidung und Yoga-Kleidung f\u00fcr Damen in China. Wir bieten hochwertige Yoga-Kleidung f\u00fcr Damen an. Wir freuen uns auf Ihre Anfrage!","robots":{"index":"index","follow":"follow","max-snippet":"max-snippet:-1","max-image-preview":"max-image-preview:large","max-video-preview":"max-video-preview:-1"},"canonical":"https:\/\/www.unijoyswimwear.com\/de\/laufen-fitness-yoga-sport-bh-billig-active-wear-atmungsaktiv-schonheit-zuruck-groshandel-yoga-kleidung-fur-frauen_p883-html","og_locale":"de_DE","og_type":"article","og_title":"Running Fitness Yoga Sports Bra Cheap \u200bActive Wear Breathable \u200bBeauty Back Wholesale Yoga Clothes For Women Yoga Wear For Women Manufacturers - Your Reliable Swimsuit Supplier","og_description":"UNIJOY SWIMWEAR Co.,Ltd is a manufacturer of Running Fitness Yoga Sports Bra Cheap \u200bActive Wear Breathable \u200bBeauty Back Wholesale Yoga Clothes For Women in China,We are committed to providing high quality yoga wear for women. We sincerely welcome your inquiries!","og_url":"https:\/\/www.unijoyswimwear.com\/de\/laufen-fitness-yoga-sport-bh-billig-active-wear-atmungsaktiv-schonheit-zuruck-groshandel-yoga-kleidung-fur-frauen_p883-html","og_site_name":"Unijoy Reliable Swimwear &amp; Activewear Manufacturer","article_modified_time":"2022-09-07T02:00:53+00:00","twitter_card":"summary_large_image","schema":{"@context":"https:\/\/schema.org","@graph":[{"@type":"WebPage","@id":"https:\/\/www.unijoyswimwear.com\/running-fitness-yoga-sports-bra-cheap-active-wear-breathable-beauty-back-wholesale-yoga-clothes-for-women_p883.html","url":"https:\/\/www.unijoyswimwear.com\/running-fitness-yoga-sports-bra-cheap-active-wear-breathable-beauty-back-wholesale-yoga-clothes-for-women_p883.html","name":"Laufen Fitness Yoga Sport-BH G\u00fcnstige Active Wear Atmungsaktive Sch\u00f6nheit Zur\u00fcck Gro\u00dfhandel Yoga-Kleidung f\u00fcr Frauen Yoga-Kleidung f\u00fcr Frauen Hersteller - Ihr zuverl\u00e4ssiger Badeanzug-Lieferant","isPartOf":{"@id":"https:\/\/www.unijoyswimwear.com\/#website"},"datePublished":"2022-08-12T03:20:06+00:00","dateModified":"2022-09-07T02:00:53+00:00","description":"UNIJOY SWIMWEAR Co., Ltd. ist ein Hersteller von Lauf-Fitness-Yoga-Sport-BHs, g\u00fcnstiger Activewear, atmungsaktiver Beauty-Kleidung und Yoga-Kleidung f\u00fcr Damen in China. Wir bieten hochwertige Yoga-Kleidung f\u00fcr Damen an. Wir freuen uns auf Ihre Anfrage!","breadcrumb":{"@id":"https:\/\/www.unijoyswimwear.com\/running-fitness-yoga-sports-bra-cheap-active-wear-breathable-beauty-back-wholesale-yoga-clothes-for-women_p883.html#breadcrumb"},"inLanguage":"de","potentialAction":[{"@type":"ReadAction","target":["https:\/\/www.unijoyswimwear.com\/running-fitness-yoga-sports-bra-cheap-active-wear-breathable-beauty-back-wholesale-yoga-clothes-for-women_p883.html"]}]},{"@type":"BreadcrumbList","@id":"https:\/\/www.unijoyswimwear.com\/running-fitness-yoga-sports-bra-cheap-active-wear-breathable-beauty-back-wholesale-yoga-clothes-for-women_p883.html#breadcrumb","itemListElement":[{"@type":"ListItem","position":1,"name":"Home","item":"https:\/\/www.unijoyswimwear.com\/"},{"@type":"ListItem","position":2,"name":"Active Wear Manufacturer","item":"https:\/\/www.unijoyswimwear.com\/active-wear-manufacturer\/"},{"@type":"ListItem","position":3,"name":"Whole Sale Yoga Wear","item":"https:\/\/www.unijoyswimwear.com\/whole-sale-yoga-wear_c47\/"},{"@type":"ListItem","position":4,"name":"Running Fitness Yoga Sports Bra Cheap \u200bActive Wear Breathable \u200bBeauty Back Wholesale Yoga Clothes For Women"}]},{"@type":"WebSite","@id":"https:\/\/www.unijoyswimwear.com\/#website","url":"https:\/\/www.unijoyswimwear.com\/","name":"Unijoy Zuverl\u00e4ssiger Hersteller von Bademode und Activewear","description":"","publisher":{"@id":"https:\/\/www.unijoyswimwear.com\/#organization"},"potentialAction":[{"@type":"SearchAction","target":{"@type":"EntryPoint","urlTemplate":"https:\/\/www.unijoyswimwear.com\/?s={search_term_string}"},"query-input":{"@type":"PropertyValueSpecification","valueRequired":true,"valueName":"search_term_string"}}],"inLanguage":"de"},{"@type":"Organization","@id":"https:\/\/www.unijoyswimwear.com\/#organization","name":"Unijoy Swimwear","url":"https:\/\/www.unijoyswimwear.com\/","logo":{"@type":"ImageObject","inLanguage":"de","@id":"https:\/\/www.unijoyswimwear.com\/#\/schema\/logo\/image\/","url":"https:\/\/www.unijoyswimwear.com\/wp-content\/uploads\/2022\/05\/unijoy-logo.png","contentUrl":"https:\/\/www.unijoyswimwear.com\/wp-content\/uploads\/2022\/05\/unijoy-logo.png","width":268,"height":47,"caption":"Unijoy Swimwear"},"image":{"@id":"https:\/\/www.unijoyswimwear.com\/#\/schema\/logo\/image\/"}}]}},"_links":{"self":[{"href":"https:\/\/www.unijoyswimwear.com\/de\/wp-json\/wp\/v2\/pages\/12633","targetHints":{"allow":["GET"]}}],"collection":[{"href":"https:\/\/www.unijoyswimwear.com\/de\/wp-json\/wp\/v2\/pages"}],"about":[{"href":"https:\/\/www.unijoyswimwear.com\/de\/wp-json\/wp\/v2\/types\/page"}],"author":[{"embeddable":true,"href":"https:\/\/www.unijoyswimwear.com\/de\/wp-json\/wp\/v2\/users\/1"}],"replies":[{"embeddable":true,"href":"https:\/\/www.unijoyswimwear.com\/de\/wp-json\/wp\/v2\/comments?post=12633"}],"version-history":[{"count":0,"href":"https:\/\/www.unijoyswimwear.com\/de\/wp-json\/wp\/v2\/pages\/12633\/revisions"}],"up":[{"embeddable":true,"href":"https:\/\/www.unijoyswimwear.com\/de\/wp-json\/wp\/v2\/pages\/6064"}],"wp:attachment":[{"href":"https:\/\/www.unijoyswimwear.com\/de\/wp-json\/wp\/v2\/media?parent=12633"}],"curies":[{"name":"wp","href":"https:\/\/api.w.org\/{rel}","templated":true}]}}