{"id":10759,"date":"2022-07-28T08:42:57","date_gmt":"2022-07-28T08:42:57","guid":{"rendered":"https:\/\/www.unijoyswimwear.com\/?page_id=10759"},"modified":"2022-08-24T07:18:58","modified_gmt":"2022-08-24T07:18:58","slug":"fashion-swimsuit-skirt-design-pom-pom-swim-dress-for-big-girls","status":"publish","type":"page","link":"https:\/\/www.unijoyswimwear.com\/de\/madchen-flamingo-armelloses-badekleid-mit-innenshorts-kinder-badeanzug_p688-html","title":{"rendered":"M\u00e4dchen Flamingo \u00c4rmelloses Badekleid mit Innenshorts Kinder Badeanzug"},"content":{"rendered":"","protected":false},"excerpt":{"rendered":"","protected":false},"author":1,"featured_media":0,"parent":5850,"menu_order":0,"comment_status":"closed","ping_status":"closed","template":"product-details7.php","meta":{"_acf_changed":false,"site-sidebar-layout":"no-sidebar","site-content-layout":"page-builder","ast-site-content-layout":"default","site-content-style":"default","site-sidebar-style":"default","ast-global-header-display":"","ast-banner-title-visibility":"","ast-main-header-display":"","ast-hfb-above-header-display":"","ast-hfb-below-header-display":"","ast-hfb-mobile-header-display":"","site-post-title":"disabled","ast-breadcrumbs-content":"disabled","ast-featured-img":"disabled","footer-sml-layout":"","ast-disable-related-posts":"","theme-transparent-header-meta":"default","adv-header-id-meta":"","stick-header-meta":"default","header-above-stick-meta":"","header-main-stick-meta":"","header-below-stick-meta":"","astra-migrate-meta-layouts":"default","ast-page-background-enabled":"default","ast-page-background-meta":{"desktop":{"background-color":"","background-image":"","background-repeat":"repeat","background-position":"center center","background-size":"auto","background-attachment":"scroll","background-type":"","background-media":"","overlay-type":"","overlay-color":"","overlay-opacity":"","overlay-gradient":""},"tablet":{"background-color":"","background-image":"","background-repeat":"repeat","background-position":"center center","background-size":"auto","background-attachment":"scroll","background-type":"","background-media":"","overlay-type":"","overlay-color":"","overlay-opacity":"","overlay-gradient":""},"mobile":{"background-color":"","background-image":"","background-repeat":"repeat","background-position":"center center","background-size":"auto","background-attachment":"scroll","background-type":"","background-media":"","overlay-type":"","overlay-color":"","overlay-opacity":"","overlay-gradient":""}},"ast-content-background-meta":{"desktop":{"background-color":"var(--ast-global-color-5)","background-image":"","background-repeat":"repeat","background-position":"center center","background-size":"auto","background-attachment":"scroll","background-type":"","background-media":"","overlay-type":"","overlay-color":"","overlay-opacity":"","overlay-gradient":""},"tablet":{"background-color":"var(--ast-global-color-5)","background-image":"","background-repeat":"repeat","background-position":"center center","background-size":"auto","background-attachment":"scroll","background-type":"","background-media":"","overlay-type":"","overlay-color":"","overlay-opacity":"","overlay-gradient":""},"mobile":{"background-color":"var(--ast-global-color-5)","background-image":"","background-repeat":"repeat","background-position":"center center","background-size":"auto","background-attachment":"scroll","background-type":"","background-media":"","overlay-type":"","overlay-color":"","overlay-opacity":"","overlay-gradient":""}},"footnotes":""},"class_list":["post-10759","page","type-page","status-publish","hentry"],"acf":[],"yoast_head":"<!-- This site is optimized with the Yoast SEO plugin v27.4 - https:\/\/yoast.com\/product\/yoast-seo-wordpress\/ -->\n<title>Swimming Girl Dress Up Girls Flamingo Sleeveless Swim Dress With Inner Short Children Swimsuit Swimwear Manufacturers - Your Reliable Swimsuit Supplier<\/title>\n<meta name=\"description\" content=\"UNIJOY SWIMWEAR Co.,Ltd is a Swimming Girl Dress Up manufacturer of Girls Flamingo Sleeveless Swim Dress With Inner Short Children Swimsuit in China,We are committed to providing high quality children swimsuit. We sincerely welcome your inquiries!\" \/>\n<meta name=\"robots\" content=\"index, follow, max-snippet:-1, max-image-preview:large, max-video-preview:-1\" \/>\n<link rel=\"canonical\" href=\"https:\/\/www.unijoyswimwear.com\/de\/madchen-flamingo-armelloses-badekleid-mit-innenshorts-kinder-badeanzug_p688-html\" \/>\n<meta property=\"og:locale\" content=\"de_DE\" \/>\n<meta property=\"og:type\" content=\"article\" \/>\n<meta property=\"og:title\" content=\"Swimming Girl Dress Up Girls Flamingo Sleeveless Swim Dress With Inner Short Children Swimsuit Swimwear Manufacturers - Your Reliable Swimsuit Supplier\" \/>\n<meta property=\"og:description\" content=\"UNIJOY SWIMWEAR Co.,Ltd is a Swimming Girl Dress Up manufacturer of Girls Flamingo Sleeveless Swim Dress With Inner Short Children Swimsuit in China,We are committed to providing high quality children swimsuit. We sincerely welcome your inquiries!\" \/>\n<meta property=\"og:url\" content=\"https:\/\/www.unijoyswimwear.com\/de\/madchen-flamingo-armelloses-badekleid-mit-innenshorts-kinder-badeanzug_p688-html\" \/>\n<meta property=\"og:site_name\" content=\"Unijoy Reliable Swimwear &amp; Activewear Manufacturer\" \/>\n<meta property=\"article:modified_time\" content=\"2022-08-24T07:18:58+00:00\" \/>\n<meta name=\"twitter:card\" content=\"summary_large_image\" \/>\n<script type=\"application\/ld+json\" class=\"yoast-schema-graph\">{\"@context\":\"https:\\\/\\\/schema.org\",\"@graph\":[{\"@type\":\"WebPage\",\"@id\":\"https:\\\/\\\/www.unijoyswimwear.com\\\/girls-flamingo-sleeveless-swim-dress-with-inner-short-children-swimsuit_p688.html\",\"url\":\"https:\\\/\\\/www.unijoyswimwear.com\\\/girls-flamingo-sleeveless-swim-dress-with-inner-short-children-swimsuit_p688.html\",\"name\":\"Swimming Girl Dress Up Girls Flamingo Sleeveless Swim Dress With Inner Short Children Swimsuit Swimwear Manufacturers - Your Reliable Swimsuit Supplier\",\"isPartOf\":{\"@id\":\"https:\\\/\\\/www.unijoyswimwear.com\\\/#website\"},\"datePublished\":\"2022-07-28T08:42:57+00:00\",\"dateModified\":\"2022-08-24T07:18:58+00:00\",\"description\":\"UNIJOY SWIMWEAR Co.,Ltd is a Swimming Girl Dress Up manufacturer of Girls Flamingo Sleeveless Swim Dress With Inner Short Children Swimsuit in China,We are committed to providing high quality children swimsuit. We sincerely welcome your inquiries!\",\"breadcrumb\":{\"@id\":\"https:\\\/\\\/www.unijoyswimwear.com\\\/girls-flamingo-sleeveless-swim-dress-with-inner-short-children-swimsuit_p688.html#breadcrumb\"},\"inLanguage\":\"de\",\"potentialAction\":[{\"@type\":\"ReadAction\",\"target\":[\"https:\\\/\\\/www.unijoyswimwear.com\\\/girls-flamingo-sleeveless-swim-dress-with-inner-short-children-swimsuit_p688.html\"]}]},{\"@type\":\"BreadcrumbList\",\"@id\":\"https:\\\/\\\/www.unijoyswimwear.com\\\/girls-flamingo-sleeveless-swim-dress-with-inner-short-children-swimsuit_p688.html#breadcrumb\",\"itemListElement\":[{\"@type\":\"ListItem\",\"position\":1,\"name\":\"Home\",\"item\":\"https:\\\/\\\/www.unijoyswimwear.com\\\/\"},{\"@type\":\"ListItem\",\"position\":2,\"name\":\"Girls Swimsuits\",\"item\":\"https:\\\/\\\/www.unijoyswimwear.com\\\/girls-swimsuits_c28\\\/\"},{\"@type\":\"ListItem\",\"position\":3,\"name\":\"Girls Swim Dress\",\"item\":\"https:\\\/\\\/www.unijoyswimwear.com\\\/girls-swim-dress_c29\\\/\"},{\"@type\":\"ListItem\",\"position\":4,\"name\":\"Girls Flamingo Sleeveless Swim Dress With Inner Short Children Swimsuit\"}]},{\"@type\":\"WebSite\",\"@id\":\"https:\\\/\\\/www.unijoyswimwear.com\\\/#website\",\"url\":\"https:\\\/\\\/www.unijoyswimwear.com\\\/\",\"name\":\"Unijoy Reliable Swimwear &amp; Activewear Manufacturer\",\"description\":\"\",\"publisher\":{\"@id\":\"https:\\\/\\\/www.unijoyswimwear.com\\\/#organization\"},\"potentialAction\":[{\"@type\":\"SearchAction\",\"target\":{\"@type\":\"EntryPoint\",\"urlTemplate\":\"https:\\\/\\\/www.unijoyswimwear.com\\\/?s={search_term_string}\"},\"query-input\":{\"@type\":\"PropertyValueSpecification\",\"valueRequired\":true,\"valueName\":\"search_term_string\"}}],\"inLanguage\":\"de\"},{\"@type\":\"Organization\",\"@id\":\"https:\\\/\\\/www.unijoyswimwear.com\\\/#organization\",\"name\":\"Unijoy Swimwear\",\"url\":\"https:\\\/\\\/www.unijoyswimwear.com\\\/\",\"logo\":{\"@type\":\"ImageObject\",\"inLanguage\":\"de\",\"@id\":\"https:\\\/\\\/www.unijoyswimwear.com\\\/#\\\/schema\\\/logo\\\/image\\\/\",\"url\":\"https:\\\/\\\/www.unijoyswimwear.com\\\/wp-content\\\/uploads\\\/2022\\\/05\\\/unijoy-logo.png\",\"contentUrl\":\"https:\\\/\\\/www.unijoyswimwear.com\\\/wp-content\\\/uploads\\\/2022\\\/05\\\/unijoy-logo.png\",\"width\":268,\"height\":47,\"caption\":\"Unijoy Swimwear\"},\"image\":{\"@id\":\"https:\\\/\\\/www.unijoyswimwear.com\\\/#\\\/schema\\\/logo\\\/image\\\/\"}}]}<\/script>\n<!-- \/ Yoast SEO plugin. -->","yoast_head_json":{"title":"Schwimmen M\u00e4dchen Dress Up M\u00e4dchen Flamingo \u00c4rmelloses Badekleid mit Innenshorts Kinder Badeanzug Bademode Hersteller - Ihr zuverl\u00e4ssiger Badeanzug Lieferant","description":"UNIJOY SWIMWEAR Co., Ltd. ist ein Hersteller von \u00e4rmellosen Flamingo-Badeanz\u00fcgen f\u00fcr M\u00e4dchen mit kurzen Innenshorts in China. Wir legen Wert auf hochwertige Kinderbadeanz\u00fcge. Wir freuen uns auf Ihre Anfrage!","robots":{"index":"index","follow":"follow","max-snippet":"max-snippet:-1","max-image-preview":"max-image-preview:large","max-video-preview":"max-video-preview:-1"},"canonical":"https:\/\/www.unijoyswimwear.com\/de\/madchen-flamingo-armelloses-badekleid-mit-innenshorts-kinder-badeanzug_p688-html","og_locale":"de_DE","og_type":"article","og_title":"Swimming Girl Dress Up Girls Flamingo Sleeveless Swim Dress With Inner Short Children Swimsuit Swimwear Manufacturers - Your Reliable Swimsuit Supplier","og_description":"UNIJOY SWIMWEAR Co.,Ltd is a Swimming Girl Dress Up manufacturer of Girls Flamingo Sleeveless Swim Dress With Inner Short Children Swimsuit in China,We are committed to providing high quality children swimsuit. We sincerely welcome your inquiries!","og_url":"https:\/\/www.unijoyswimwear.com\/de\/madchen-flamingo-armelloses-badekleid-mit-innenshorts-kinder-badeanzug_p688-html","og_site_name":"Unijoy Reliable Swimwear &amp; Activewear Manufacturer","article_modified_time":"2022-08-24T07:18:58+00:00","twitter_card":"summary_large_image","schema":{"@context":"https:\/\/schema.org","@graph":[{"@type":"WebPage","@id":"https:\/\/www.unijoyswimwear.com\/girls-flamingo-sleeveless-swim-dress-with-inner-short-children-swimsuit_p688.html","url":"https:\/\/www.unijoyswimwear.com\/girls-flamingo-sleeveless-swim-dress-with-inner-short-children-swimsuit_p688.html","name":"Schwimmen M\u00e4dchen Dress Up M\u00e4dchen Flamingo \u00c4rmelloses Badekleid mit Innenshorts Kinder Badeanzug Bademode Hersteller - Ihr zuverl\u00e4ssiger Badeanzug Lieferant","isPartOf":{"@id":"https:\/\/www.unijoyswimwear.com\/#website"},"datePublished":"2022-07-28T08:42:57+00:00","dateModified":"2022-08-24T07:18:58+00:00","description":"UNIJOY SWIMWEAR Co., Ltd. ist ein Hersteller von \u00e4rmellosen Flamingo-Badeanz\u00fcgen f\u00fcr M\u00e4dchen mit kurzen Innenshorts in China. Wir legen Wert auf hochwertige Kinderbadeanz\u00fcge. Wir freuen uns auf Ihre Anfrage!","breadcrumb":{"@id":"https:\/\/www.unijoyswimwear.com\/girls-flamingo-sleeveless-swim-dress-with-inner-short-children-swimsuit_p688.html#breadcrumb"},"inLanguage":"de","potentialAction":[{"@type":"ReadAction","target":["https:\/\/www.unijoyswimwear.com\/girls-flamingo-sleeveless-swim-dress-with-inner-short-children-swimsuit_p688.html"]}]},{"@type":"BreadcrumbList","@id":"https:\/\/www.unijoyswimwear.com\/girls-flamingo-sleeveless-swim-dress-with-inner-short-children-swimsuit_p688.html#breadcrumb","itemListElement":[{"@type":"ListItem","position":1,"name":"Home","item":"https:\/\/www.unijoyswimwear.com\/"},{"@type":"ListItem","position":2,"name":"Girls Swimsuits","item":"https:\/\/www.unijoyswimwear.com\/girls-swimsuits_c28\/"},{"@type":"ListItem","position":3,"name":"Girls Swim Dress","item":"https:\/\/www.unijoyswimwear.com\/girls-swim-dress_c29\/"},{"@type":"ListItem","position":4,"name":"Girls Flamingo Sleeveless Swim Dress With Inner Short Children Swimsuit"}]},{"@type":"WebSite","@id":"https:\/\/www.unijoyswimwear.com\/#website","url":"https:\/\/www.unijoyswimwear.com\/","name":"Unijoy Zuverl\u00e4ssiger Hersteller von Bademode und Activewear","description":"","publisher":{"@id":"https:\/\/www.unijoyswimwear.com\/#organization"},"potentialAction":[{"@type":"SearchAction","target":{"@type":"EntryPoint","urlTemplate":"https:\/\/www.unijoyswimwear.com\/?s={search_term_string}"},"query-input":{"@type":"PropertyValueSpecification","valueRequired":true,"valueName":"search_term_string"}}],"inLanguage":"de"},{"@type":"Organization","@id":"https:\/\/www.unijoyswimwear.com\/#organization","name":"Unijoy Swimwear","url":"https:\/\/www.unijoyswimwear.com\/","logo":{"@type":"ImageObject","inLanguage":"de","@id":"https:\/\/www.unijoyswimwear.com\/#\/schema\/logo\/image\/","url":"https:\/\/www.unijoyswimwear.com\/wp-content\/uploads\/2022\/05\/unijoy-logo.png","contentUrl":"https:\/\/www.unijoyswimwear.com\/wp-content\/uploads\/2022\/05\/unijoy-logo.png","width":268,"height":47,"caption":"Unijoy Swimwear"},"image":{"@id":"https:\/\/www.unijoyswimwear.com\/#\/schema\/logo\/image\/"}}]}},"_links":{"self":[{"href":"https:\/\/www.unijoyswimwear.com\/de\/wp-json\/wp\/v2\/pages\/10759","targetHints":{"allow":["GET"]}}],"collection":[{"href":"https:\/\/www.unijoyswimwear.com\/de\/wp-json\/wp\/v2\/pages"}],"about":[{"href":"https:\/\/www.unijoyswimwear.com\/de\/wp-json\/wp\/v2\/types\/page"}],"author":[{"embeddable":true,"href":"https:\/\/www.unijoyswimwear.com\/de\/wp-json\/wp\/v2\/users\/1"}],"replies":[{"embeddable":true,"href":"https:\/\/www.unijoyswimwear.com\/de\/wp-json\/wp\/v2\/comments?post=10759"}],"version-history":[{"count":0,"href":"https:\/\/www.unijoyswimwear.com\/de\/wp-json\/wp\/v2\/pages\/10759\/revisions"}],"up":[{"embeddable":true,"href":"https:\/\/www.unijoyswimwear.com\/de\/wp-json\/wp\/v2\/pages\/5850"}],"wp:attachment":[{"href":"https:\/\/www.unijoyswimwear.com\/de\/wp-json\/wp\/v2\/media?parent=10759"}],"curies":[{"name":"wp","href":"https:\/\/api.w.org\/{rel}","templated":true}]}}